{"id":6520,"date":"2023-07-19T01:14:45","date_gmt":"2023-07-19T01:14:45","guid":{"rendered":"https:\/\/digistar.ma\/?post_type=product&#038;p=6520"},"modified":"2024-02-25T15:00:07","modified_gmt":"2024-02-25T15:00:07","slug":"hp-smart-tank-585-imprimante-multifonction-a-reservoirs-rechargeables","status":"publish","type":"product","link":"https:\/\/digistar.ma\/?product=hp-smart-tank-585-imprimante-multifonction-a-reservoirs-rechargeables","title":{"rendered":"HP Smart Tank 585 Imprimante multifonction \u00e0 r\u00e9servoirs rechargeables"},"content":{"rendered":"<p><strong>HP Smart Tank 585 Imprimante multifonction \u00e0 r\u00e9servoirs rechargeables<\/strong><\/p>\n<p>Profitez d\u2019une fiabilit\u00e9 au quotidien avec l\u2019imprimante Tout-en-un HP Smart Tank 585 qui vous offre une qualit\u00e9 HP \u00e9prouv\u00e9e et des \u00e9conomies\u00a0<span class=\"m-text-nowrap\">r\u00e9elles\u00a0<\/span><\/p>\n<div class=\"c-column-module-feature\">\n<h4 class=\"c-column-module-feature__title h4\">Configuration mobile simple<\/h4>\n<div class=\"c-column-module-feature__description h5\">\n<p>Laissez vous guider par les animations pour configurer rapidement votre imprimante HP Smart Tank 585.<\/p>\n<\/div>\n<\/div>\n<div class=\"c-column-module-feature\">\n<h4 class=\"c-column-module-feature__title h4\">Boutons intelligents<\/h4>\n<div class=\"c-column-module-feature__description h5\">\n<p>G\u00e9rez facilement vos t\u00e2ches gr\u00e2ce \u00e0 des boutons intelligents qui s\u2019allument et vous guident tout au long du processus d\u2019impression.<\/p>\n<\/div>\n<\/div>\n<div class=\"c-column-module-feature\">\n<h4 class=\"c-column-module-feature__title h4\">Capteurs de niveau d\u2019encre<\/h4>\n<div class=\"c-column-module-feature__description h5\">\n<p>Contr\u00f4lez votre consommation d\u2019encre en toute facilit\u00e9 gr\u00e2ce aux capteurs de niveaux d\u2019encre int\u00e9gr\u00e9s<\/p>\n<\/div>\n<\/div>\n<div class=\"c-column-module-feature\">\n<h4 class=\"c-column-module-feature__title h4\">Fonction Wi-Fi\u00ae auto-r\u00e9paratrice<\/h4>\n<div class=\"c-column-module-feature__description h5\">\n<p>Profitez d\u2019une connexion rapide et fiable gr\u00e2ce \u00e0 la fonction Wi-Fi\u00ae auto-r\u00e9paratrice avec HP Smart Tank 585 Imprimante multifonction \u00e0 r\u00e9servoirs rechargeables.<\/p>\n<h4>Sp\u00e9cifications Techniques de HP Smart Tank 585 Imprimante multifonction \u00e0 r\u00e9servoirs rechargeables<\/h4>\n<p>Impression, copie, scan<br \/>\nLivr\u00e9 avec :<br \/>\n3 x HP GT53XL Bouteilles d&#8217;encre noire authentique de 135 ml (1VV24A)<br \/>\nHP GT52 Bouteille d&#8217;encre cyan authentique de 50 ml (6ZE03A)<br \/>\nHP GT52 Bouteille d&#8217;encre magenta authentique de 50 ml (6ZE04A)<br \/>\nHP GT52 Bouteille d&#8217;encre jaune authentique de 50 ml (6ZE05A)<br \/>\nVitesse d&#8217;impression noir: 22 pages\/min (12 pages\/min en norme ISO)<br \/>\nVitesse d&#8217;impression couleur: 16 pages\/min (5 pages\/min en norme ISO)<br \/>\nQualit\u00e9 d&#8217;impression noire: Jusqu&#8217;\u00e0 1 200 x 1 200 ppp rendusQualit\u00e9 d&#8217;impression couleur: Jusqu&#8217;\u00e0 4 800 x 1 200 ppp optimis\u00e9s en couleurs (pour l&#8217;impression depuis un ordinateur et 1 200 ppp en entr\u00e9e)<br \/>\nVolume de pages mensuel recommand\u00e9: 400 \u00e0 800<\/p>\n<\/div>\n<\/div>\n<h4><a href=\"https:\/\/www.hp.com\/emea_africa-fr\/products\/printers\/product-details\/product-features\/2100426106\" target=\"_blank\" rel=\"noopener\"><strong>FICHE TECHNIQUE ICI<\/strong><\/a><\/h4>\n","protected":false},"excerpt":{"rendered":"<p>Impression, copie, scan<br \/>\nLivr\u00e9 avec :<br \/>\n3 x HP GT53XL Bouteilles d&#8217;encre noire authentique de 135 ml (1VV24A)<br \/>\nHP GT52 Bouteille d&#8217;encre cyan authentique de 50 ml (6ZE03A)<br \/>\nHP GT52 Bouteille d&#8217;encre magenta authentique de 50 ml (6ZE04A)<br \/>\nHP GT52 Bouteille d&#8217;encre jaune authentique de 50 ml (6ZE05A)<br \/>\nVitesse d&#8217;impression noir: 22 pages\/min (12 pages\/min en norme ISO)<br \/>\nVitesse d&#8217;impression couleur: 16 pages\/min (5 pages\/min en norme ISO)<br \/>\nQualit\u00e9 d&#8217;impression noire: Jusqu&#8217;\u00e0 1 200 x 1 200 ppp rendus<br \/>\nQualit\u00e9 d&#8217;impression couleur: Jusqu&#8217;\u00e0 4 800 x 1 200 ppp optimis\u00e9s en couleurs (pour l&#8217;impression depuis un ordinateur et 1 200 ppp en entr\u00e9e)<br \/>\nVolume de pages mensuel recommand\u00e9: 400 \u00e0 800<br \/>\nImpression recto\/verso: Manuel \u00a0(avec prise en charge des pilotes)<br \/>\nFonctionne avec: 4 (1 bouteille d&#8217;encre noire, jeu de 3 bouteilles d&#8217;encre de couleur)<br \/>\nConnectivit\u00e9: 1 port USB 2.0 haut d\u00e9bit (p\u00e9riph\u00e9rique); 1 port Bluetooth Low Energy; 1 Wi-Fi 802.11b\/g\/n; 1 port Wi-Fi Direct<\/p>\n","protected":false},"featured_media":10679,"comment_status":"open","ping_status":"closed","template":"","meta":{"_acf_changed":false,"_monsterinsights_skip_tracking":false,"_monsterinsights_sitenote_active":false,"_monsterinsights_sitenote_note":"","_monsterinsights_sitenote_category":0,"_uf_show_specific_survey":0,"_uf_disable_surveys":false,"_joinchat":[]},"product_brand":[],"product_cat":[15,253,265,290,266],"product_tag":[],"class_list":{"0":"post-6520","1":"product","2":"type-product","3":"status-publish","4":"has-post-thumbnail","6":"product_cat-imprimante-scanner","7":"product_cat-imprimante","8":"product_cat-imprimante-a-reservoirs-rechargeables","9":"product_cat-meilleures-ventes","10":"product_cat-multifonction-jet-dencre","12":"first","13":"instock","14":"sale","15":"shipping-taxable","16":"purchasable","17":"product-type-simple"},"acf":[],"jetpack_sharing_enabled":true,"_links":{"self":[{"href":"https:\/\/digistar.ma\/index.php?rest_route=\/wp\/v2\/product\/6520","targetHints":{"allow":["GET"]}}],"collection":[{"href":"https:\/\/digistar.ma\/index.php?rest_route=\/wp\/v2\/product"}],"about":[{"href":"https:\/\/digistar.ma\/index.php?rest_route=\/wp\/v2\/types\/product"}],"replies":[{"embeddable":true,"href":"https:\/\/digistar.ma\/index.php?rest_route=%2Fwp%2Fv2%2Fcomments&post=6520"}],"version-history":[{"count":3,"href":"https:\/\/digistar.ma\/index.php?rest_route=\/wp\/v2\/product\/6520\/revisions"}],"predecessor-version":[{"id":10680,"href":"https:\/\/digistar.ma\/index.php?rest_route=\/wp\/v2\/product\/6520\/revisions\/10680"}],"wp:featuredmedia":[{"embeddable":true,"href":"https:\/\/digistar.ma\/index.php?rest_route=\/wp\/v2\/media\/10679"}],"wp:attachment":[{"href":"https:\/\/digistar.ma\/index.php?rest_route=%2Fwp%2Fv2%2Fmedia&parent=6520"}],"wp:term":[{"taxonomy":"product_brand","embeddable":true,"href":"https:\/\/digistar.ma\/index.php?rest_route=%2Fwp%2Fv2%2Fproduct_brand&post=6520"},{"taxonomy":"product_cat","embeddable":true,"href":"https:\/\/digistar.ma\/index.php?rest_route=%2Fwp%2Fv2%2Fproduct_cat&post=6520"},{"taxonomy":"product_tag","embeddable":true,"href":"https:\/\/digistar.ma\/index.php?rest_route=%2Fwp%2Fv2%2Fproduct_tag&post=6520"}],"curies":[{"name":"wp","href":"https:\/\/api.w.org\/{rel}","templated":true}]}}