{"id":6567,"date":"2023-07-20T23:29:00","date_gmt":"2023-07-20T23:29:00","guid":{"rendered":"https:\/\/digistar.ma\/?post_type=product&#038;p=6567"},"modified":"2023-07-20T23:29:43","modified_gmt":"2023-07-20T23:29:43","slug":"hp-laserjet-pro-m283fdn-imprimante-multifonction-laser-couleur","status":"publish","type":"product","link":"https:\/\/digistar.ma\/?product=hp-laserjet-pro-m283fdn-imprimante-multifonction-laser-couleur","title":{"rendered":"HP LaserJet Pro M283fdn Imprimante Multifonction Laser Couleur"},"content":{"rendered":"<p><strong>HP LaserJet Pro M283fdn Imprimante Multifonction Laser Couleur<\/strong><\/p>\n<h4 class=\"h2-master\">Une imprimante laser couleur multifonction\u00a0performante pour une meilleure productivit\u00e9<\/h4>\n<section>Avec la\u00a0<strong>HP Color LaserJet Pro MFP M283fdn<\/strong>, obtenez des couleurs de haute qualit\u00e9 et une productivit\u00e9 accrue qui feront forte impression ! Polyvalente, cette\u00a0<strong>imprimante couleur multifonction avec USB 2.0 et connexion Ethernet<\/strong>, vous offre une qualit\u00e9 d\u2019impression de 600 ppp, une r\u00e9solution de num\u00e9risation de 1200 x 1200 ppp, une vitesse d\u2019impression recto verso de 12 ppm, l\u2019imprimante assure toutes les fonctions essentielles de fa\u00e7on compl\u00e8te.De plus, avec l&#8217;<strong>application HP Smart<\/strong>, vous allez m\u00eame pouvoir imprimer ou num\u00e9riser \u00e0 partir de votre smartphone.<\/p>\n<section>\n<div class=\"desc-image\"><img decoding=\"async\" src=\"https:\/\/media.ldlc.com\/bo\/images\/fiches\/imprimante\/hp\/m281fdw\/m281fdw-800_1.jpg\" alt=\"\" \/><\/div>\n<div class=\"desc-text\">\n<h4>DE VRAIES PERFORMANCES<\/h4>\n<p>Avec la HP LaserJet Pro M283fdn Imprimante Multifonction Laser Couleur, imprimez des documents couleur de grande qualit\u00e9, page apr\u00e8s page, et effectuez des t\u00e2ches d\u2019impression en toute confiance afin d&#8217;augmenter votre productivit\u00e9.<\/p>\n<ul>\n<li>Offrez-vous l&#8217;impression recto-verso automatique, et traitez les t\u00e2ches en un clin d&#8217;\u0153il avec le chargeur automatique de documents (ADF) de 50 pages<\/li>\n<li>Num\u00e9risez des fichiers num\u00e9riques directement vers un e-mail, des dossiers r\u00e9seau, et plus encore. Prot\u00e9gez vos donn\u00e9es, vos p\u00e9riph\u00e9riques et vos documents<\/li>\n<li>Restez productif et ajoutez du papier moins souvent gr\u00e2ce \u00e0 un bac de 250 feuilles<\/li>\n<li>Rapidit\u00e9 gr\u00e2ce \u00e0 des documents de plusieurs pages avec impression recto-verso automatique<\/li>\n<\/ul>\n<\/div>\n<\/section>\n<section>\n<div class=\"desc-text\">\n<h4>IMPRIMEZ ET NUM\u00c9RISEZ \u00c0 PARTIR DE VOTRE SMARTPHONE<\/h4>\n<p>Gr\u00e2ce \u00e0 l&#8217;<strong>application HP Smar<\/strong>t, imprimez vos documents ou vos photos directement depuis votre smartphone, sans passer par un ordinateur.<\/p>\n<ul>\n<li>Imprimez et num\u00e9risez \u00e0 partir de votre smartphone et commandez un nouveau toner en toute simplicit\u00e9 avec l&#8217;application\u00a0<strong>HP Smart<\/strong><\/li>\n<li>Connectez votre smartphone ou votre tablette directement \u00e0 votre imprimante et imprimez facilement m\u00eame sans acc\u00e8s au r\u00e9seau<\/li>\n<li>Il vous suffit d&#8217;appuyer sur le bouton d&#8217;impression de votre smartphone ou votre tablette pour imprimer.<\/li>\n<\/ul>\n<\/div>\n<div class=\"desc-image\"><img decoding=\"async\" src=\"https:\/\/media.ldlc.com\/bo\/images\/fiches\/imprimante\/hp\/m281fdw\/m281fdw-800_2.jpg\" alt=\"\" \/><\/div>\n<\/section>\n<section class=\"list\">\n<h4>CARACT\u00c9RISTIQUES PRINCIPALES :<\/h4>\n<ul>\n<li>Imprimante multifonction 4-en-1<\/li>\n<li>Impression, copie, scan, t\u00e9l\u00e9copie<\/li>\n<li>Technologie Laser<\/li>\n<li>\u00c9cran tactile graphique couleur 6,8 cm (2,7 pouces) avec 3 boutons<\/li>\n<li>Capacit\u00e9 maximale (feuilles) : jusqu&#8217;\u00e0 250 feuilles<\/li>\n<li>Capacit\u00e9 du bac d&#8217;alimentation automatique du scanner : 50 feuilles<\/li>\n<li>Formats : A4 ; A5 ;\u00a0A6 ; B5\u00a0; B6 ; A5-R ; 10 x 15 cm ; Enveloppes ; Carte postale<\/li>\n<li>Port USB 2.0 haut d\u00e9bit, Port r\u00e9seau Fast Ethernet 10\/100\/1000 Base-TX int\u00e9gr\u00e9, Port USB h\u00f4te avant<\/li>\n<li>Vitesse d&#8217;impression\u00a0: jusqu&#8217;\u00e0 37 ppm (noir et blanc), jusqu&#8217;\u00e0 12 ppm (recto verso), jusqu&#8217;\u00e0 21 ppm (couleur)<\/li>\n<li>R\u00e9solution d&#8217;impression noire : jusqu&#8217;\u00e0 600 x 600 ppp<\/li>\n<li>R\u00e9solution d&#8217;impression couleur : jusqu&#8217;\u00e0 600 x 600 ppp<\/li>\n<li>R\u00e9solution de copie : jusqu&#8217;\u00e0 600 x 600 ppp<\/li>\n<li>Copie max. : jusqu&#8217;\u00e0 99 copies<\/li>\n<li>R\u00e9solution de num\u00e9risation : jusqu&#8217;\u00e0 1200 x 1200 ppp<\/li>\n<li>D\u00e9lai d&#8217;impression de la premi\u00e8re page noire (A4, pr\u00eat) : 10,6 secondes seulement<\/li>\n<li>Sortie de la premi\u00e8re page en noir (A4, veille) : 12,9 secondes seulement<\/li>\n<li>D\u00e9lai d&#8217;impression de la premi\u00e8re page couleur (A4, pr\u00eat) Vitesse : jusqu&#8217;\u00e0 12,3 secondes<\/li>\n<li>Sortie de la premi\u00e8re page en couleur (A4, veille) : 13,2 secondes seulement<\/li>\n<li>ePrint HP ; Apple AirPrint ; Applications mobiles ; Certifi\u00e9 Mopria<\/li>\n<li>Consommation \u00e9lectrique : 361 W (impression active), 7,8 W (pr\u00eat), 0,8 W (veille), 0,05 W (arr\u00eat manuel)<\/li>\n<li>Dimensions : 420 x 421.7 x 334.1 mm<\/li>\n<li>Poids : 18.7 Kg<\/li>\n<\/ul>\n<h3><a href=\"https:\/\/www.hp.com\/emea_africa-fr\/products\/printers\/product-details\/product-specifications\/29448717\" target=\"_blank\" rel=\"noopener\"><strong>FICHE TECHNIQUE ICI\u00a0<\/strong><\/a><\/h3>\n<\/section>\n<\/section>\n","protected":false},"excerpt":{"rendered":"<p>Impression, copie, scan et fax<br \/>\nVitesse d&#8217;impression noir: 21 pages par minute (norme ISO)<br \/>\nVitesse d&#8217;impression couleur: 21 pages par minute (norme ISO)<br \/>\nQualit\u00e9 d&#8217;impression noire: Jusqu&#8217;\u00e0 600 x 600 ppp<br \/>\nQualit\u00e9 d&#8217;impression couleur: Jusqu&#8217;\u00e0 600 x 600 ppp<br \/>\nVolume de pages mensuel recommand\u00e9: 150 \u00e0 2\u00a0500<br \/>\nImpression recto\/verso: Automatique (standard)<br \/>\nFonctionne avec: HP 207A \/ HP 207X<br \/>\nConnectivit\u00e9: 1 Port USB 2.0 haut d\u00e9bit<br \/>\n1 Port h\u00f4te USB avant<br \/>\n1 Port de\u00a0t\u00e9l\u00e9copie<br \/>\nPort r\u00e9seau Fast Ethernet 10\/100\/1000 Base-TX int\u00e9gr\u00e9<\/p>\n","protected":false},"featured_media":6568,"comment_status":"open","ping_status":"closed","template":"","meta":{"_acf_changed":false,"_monsterinsights_skip_tracking":false,"_monsterinsights_sitenote_active":false,"_monsterinsights_sitenote_note":"","_monsterinsights_sitenote_category":0,"_uf_show_specific_survey":0,"_uf_disable_surveys":false,"_joinchat":[]},"product_brand":[],"product_cat":[15,253,290,268],"product_tag":[],"class_list":{"0":"post-6567","1":"product","2":"type-product","3":"status-publish","4":"has-post-thumbnail","6":"product_cat-imprimante-scanner","7":"product_cat-imprimante","8":"product_cat-meilleures-ventes","9":"product_cat-multifonction-laser-couleur","11":"first","12":"instock","13":"sale","14":"shipping-taxable","15":"purchasable","16":"product-type-simple"},"acf":[],"jetpack_sharing_enabled":true,"_links":{"self":[{"href":"https:\/\/digistar.ma\/index.php?rest_route=\/wp\/v2\/product\/6567","targetHints":{"allow":["GET"]}}],"collection":[{"href":"https:\/\/digistar.ma\/index.php?rest_route=\/wp\/v2\/product"}],"about":[{"href":"https:\/\/digistar.ma\/index.php?rest_route=\/wp\/v2\/types\/product"}],"replies":[{"embeddable":true,"href":"https:\/\/digistar.ma\/index.php?rest_route=%2Fwp%2Fv2%2Fcomments&post=6567"}],"version-history":[{"count":2,"href":"https:\/\/digistar.ma\/index.php?rest_route=\/wp\/v2\/product\/6567\/revisions"}],"predecessor-version":[{"id":6574,"href":"https:\/\/digistar.ma\/index.php?rest_route=\/wp\/v2\/product\/6567\/revisions\/6574"}],"wp:featuredmedia":[{"embeddable":true,"href":"https:\/\/digistar.ma\/index.php?rest_route=\/wp\/v2\/media\/6568"}],"wp:attachment":[{"href":"https:\/\/digistar.ma\/index.php?rest_route=%2Fwp%2Fv2%2Fmedia&parent=6567"}],"wp:term":[{"taxonomy":"product_brand","embeddable":true,"href":"https:\/\/digistar.ma\/index.php?rest_route=%2Fwp%2Fv2%2Fproduct_brand&post=6567"},{"taxonomy":"product_cat","embeddable":true,"href":"https:\/\/digistar.ma\/index.php?rest_route=%2Fwp%2Fv2%2Fproduct_cat&post=6567"},{"taxonomy":"product_tag","embeddable":true,"href":"https:\/\/digistar.ma\/index.php?rest_route=%2Fwp%2Fv2%2Fproduct_tag&post=6567"}],"curies":[{"name":"wp","href":"https:\/\/api.w.org\/{rel}","templated":true}]}}