{"id":6582,"date":"2023-07-21T00:06:52","date_gmt":"2023-07-21T00:06:52","guid":{"rendered":"https:\/\/digistar.ma\/?post_type=product&#038;p=6582"},"modified":"2023-07-21T00:06:52","modified_gmt":"2023-07-21T00:06:52","slug":"hp-179fnw-imprimante-multifonction-laser-couleur","status":"publish","type":"product","link":"https:\/\/digistar.ma\/?product=hp-179fnw-imprimante-multifonction-laser-couleur","title":{"rendered":"HP 179fnw Imprimante Multifonction Laser Couleur"},"content":{"rendered":"<p><strong>HP 179fnw Imprimante Multifonction Laser Couleur<\/strong><\/p>\n<h4 class=\"h2-master\">B\u00e9n\u00e9ficiez de la performance et de la productivit\u00e9 d&#8217;une imprimante multifonction compacte<\/h4>\n<section>B\u00e9n\u00e9ficiez de la performance et de la productivit\u00e9 de cette <strong>imprimante multifonction HP Laser 179fnw<\/strong>, la plus compacte au monde dans sa cat\u00e9gorie. Gr\u00e2ce \u00e0 elle,\u00a0imprimez, num\u00e9risez, copiez, t\u00e9l\u00e9copiez et obtenez des r\u00e9sultats couleur de haute qualit\u00e9. De plus, effectuez vos impressions et num\u00e9risations directement sur votre t\u00e9l\u00e9phone.<\/p>\n<\/section>\n<section>\n<div class=\"desc-image\"><img decoding=\"async\" src=\"https:\/\/media.ldlc.com\/bo\/images\/fiches\/imprimante\/hp\/hp%20179fnw\/179fnw_800_1.jpg\" alt=\"\" \/><\/div>\n<div class=\"desc-text\">\n<h4>QUALIT\u00c9 L\u00c9GENDAIRE POUR UNE IMPRIMANTE QUI S&#8217;ADAPTE \u00c0 VOTRE ESPACE<\/h4>\n<p>Cette imprimante HP 179fnw Imprimante Multifonction Laser Couleur \u00e9tonnamment compacte offre une qualit\u00e9 exceptionnelle, page apr\u00e8s page. Imprimez du texte pr\u00e9cis, des noirs profonds et des graphismes couleur \u00e9clatants. Vous pouvez compter sur une imprimante laser haute performance \u00e0 un prix abordable. Avec elle, vous ne subirez plus d&#8217;interruptions de connexion Wi-Fi gr\u00e2ce \u00e0 sa fonction auto-r\u00e9paratrice qui maintient votre connexion.<\/p>\n<p>Travaillez efficacement avec une imprimante multifonction petite et compacte, la plus petite au monde dans sa cat\u00e9gorie. B\u00e9n\u00e9ficiez de vitesses d&#8217;impression allant jusqu&#8217;\u00e0 18\/4 ppm. Gardez les mains libres pour imprimer, num\u00e9riser, copier et t\u00e9l\u00e9copier, gr\u00e2ce au chargeur automatique de documents de 40 pages. Imprimez et t\u00e9l\u00e9copiez facilement et rapidement, directement depuis le panneau de commande.<\/p>\n<\/div>\n<\/section>\n<section>\n<div class=\"desc-text\">\n<h4>UNE IMPRESSION ET UNE NUM\u00c9RISATION MOBILES FACILIT\u00c9ES GR\u00c2CE \u00c0 L&#8217;APPLICATION HP SMART.<\/h4>\n<p>B\u00e9n\u00e9ficiez d&#8217;une configuration ais\u00e9e pour imprimer et num\u00e9riser depuis votre t\u00e9l\u00e9phone, gr\u00e2ce \u00e0 l&#8217;application HP Smart. Imprimez facilement depuis de nombreux smartphones et tablettes. Partagez facilement les ressources : acc\u00e8s et impression gr\u00e2ce \u00e0 la mise en r\u00e9seau Ethernet et sans fil. Connectez votre smartphone ou votre tablette directement \u00e0 votre imprimante et imprimez facilement m\u00eame sans acc\u00e8s au r\u00e9seau.<\/p>\n<\/div>\n<div class=\"desc-image\"><img decoding=\"async\" src=\"https:\/\/media.ldlc.com\/bo\/images\/fiches\/imprimante\/hp\/hp137fnw\/hp137fnw_800_2.jpg\" alt=\"\" \/><\/div>\n<\/section>\n<section class=\"list\">\n<h4>CARACT\u00c9RISTIQUES PRINCIPALES :<\/h4>\n<ul>\n<li>Tout-en-un Laser couleur<\/li>\n<li>Impression, copie, scan, fax<\/li>\n<li>Formats : A4 ; A5 ; A6 ; B5 ; \u00e9tiquettes ; cartes postales ; enveloppes<\/li>\n<li>Capacit\u00e9 maximale feuilles (entr\u00e9e\/sortie) : Jusqu&#8217;\u00e0 150\/50<\/li>\n<li>Chargeur automatique de documents de 40 pages<\/li>\n<li>Capacit\u00e9 maximale enveloppes\u00a0: Jusqu&#8217;\u00e0 10<\/li>\n<li><strong>Connectivit\u00e9 : Port USB 2.0 haut d\u00e9bit, Port r\u00e9seau Fast Ethernet 10\/100Base-TX, Sans fil 802.11 b\/g\/n<\/strong><\/li>\n<li>Ecran LCD 2 lignes (16 caract\u00e8res par ligne) : 65.5 x 14.8 cm<\/li>\n<li>Impression mobile : Apple AirPrint, Google Cloud Print, Applications mobiles, Certifi\u00e9 Mopria, Impression Wi-Fi Direct<\/li>\n<li>Vitesse d&#8217;impression noir : Jusqu&#8217;\u00e0 18 ppm<\/li>\n<li>Vitesse d&#8217;impression couleur : Jusqu&#8217;\u00e0 4 ppm<\/li>\n<li>R\u00e9solution d&#8217;impression :\u00a0jusqu&#8217;\u00e0 600 x 600 ppp (optimale)<\/li>\n<li>R\u00e9solution de num\u00e9risation optimis\u00e9e : jusqu&#8217;\u00e0 600 x 600 ppp (optique)<\/li>\n<li>R\u00e9solution noire de la t\u00e9l\u00e9copie (meilleur) : jusqu&#8217;\u00e0 600 x 600 ppp<\/li>\n<li>Vitesse de num\u00e9risation\u00a0(normal, A4) : jusqu&#8217;\u00e0 15 ipm (monochrome), jusqu&#8217;\u00e0 6 ipm (couleur)<\/li>\n<li>Vitesse de copie (qualit\u00e9 normale, A4) : jusqu&#8217;\u00e0 14 cpm (noir) et jusqu&#8217;\u00e0 4 cpm (couleur)<\/li>\n<li>Vitesse de transmission de la t\u00e9l\u00e9copie : 33,6 kbps<\/li>\n<li>Recto-verso manuel<\/li>\n<\/ul>\n<h4><a href=\"https:\/\/support.hp.com\/ca-fr\/document\/c06271561\" target=\"_blank\" rel=\"noopener\">FICHE TECHNIQUE ICI<\/a><\/h4>\n<\/section>\n","protected":false},"excerpt":{"rendered":"<p>Impression, copie, scan, fax<br \/>\nVitesse d&#8217;impression noir: 18 pages par minute (norme ISO)<br \/>\nVitesse d&#8217;impression couleur: 4 pages par minute (norme ISO)<br \/>\nQualit\u00e9 d&#8217;impression noire: Jusqu&#8217;\u00e0 600 x 600 ppp 4\u00a0bits<br \/>\nQualit\u00e9 d&#8217;impression couleur: Jusqu&#8217;\u00e0 600 x 600 ppp 4 bits<br \/>\nVolume de pages mensuel recommand\u00e9: 100 \u00e0 500<br \/>\nImpression recto\/verso: Manuel (avec prise en charge des pilotes)<br \/>\nFonctionne avec: 4 (noire, cyan, magenta, jaune)<br \/>\nConnectivit\u00e9: Port USB 2.0 haut d\u00e9bit; Port de r\u00e9seau Fast Ethernet 10\/100Base-TX; Sans fil 802.11 b\/g\/n<\/p>\n","protected":false},"featured_media":6583,"comment_status":"open","ping_status":"closed","template":"","meta":{"_acf_changed":false,"_monsterinsights_skip_tracking":false,"_monsterinsights_sitenote_active":false,"_monsterinsights_sitenote_note":"","_monsterinsights_sitenote_category":0,"_uf_show_specific_survey":0,"_uf_disable_surveys":false,"_joinchat":[]},"product_brand":[],"product_cat":[15,253,290,268],"product_tag":[],"class_list":{"0":"post-6582","1":"product","2":"type-product","3":"status-publish","4":"has-post-thumbnail","6":"product_cat-imprimante-scanner","7":"product_cat-imprimante","8":"product_cat-meilleures-ventes","9":"product_cat-multifonction-laser-couleur","11":"first","12":"instock","13":"sale","14":"shipping-taxable","15":"purchasable","16":"product-type-simple"},"acf":[],"jetpack_sharing_enabled":true,"_links":{"self":[{"href":"https:\/\/digistar.ma\/index.php?rest_route=\/wp\/v2\/product\/6582","targetHints":{"allow":["GET"]}}],"collection":[{"href":"https:\/\/digistar.ma\/index.php?rest_route=\/wp\/v2\/product"}],"about":[{"href":"https:\/\/digistar.ma\/index.php?rest_route=\/wp\/v2\/types\/product"}],"replies":[{"embeddable":true,"href":"https:\/\/digistar.ma\/index.php?rest_route=%2Fwp%2Fv2%2Fcomments&post=6582"}],"version-history":[{"count":1,"href":"https:\/\/digistar.ma\/index.php?rest_route=\/wp\/v2\/product\/6582\/revisions"}],"predecessor-version":[{"id":6586,"href":"https:\/\/digistar.ma\/index.php?rest_route=\/wp\/v2\/product\/6582\/revisions\/6586"}],"wp:featuredmedia":[{"embeddable":true,"href":"https:\/\/digistar.ma\/index.php?rest_route=\/wp\/v2\/media\/6583"}],"wp:attachment":[{"href":"https:\/\/digistar.ma\/index.php?rest_route=%2Fwp%2Fv2%2Fmedia&parent=6582"}],"wp:term":[{"taxonomy":"product_brand","embeddable":true,"href":"https:\/\/digistar.ma\/index.php?rest_route=%2Fwp%2Fv2%2Fproduct_brand&post=6582"},{"taxonomy":"product_cat","embeddable":true,"href":"https:\/\/digistar.ma\/index.php?rest_route=%2Fwp%2Fv2%2Fproduct_cat&post=6582"},{"taxonomy":"product_tag","embeddable":true,"href":"https:\/\/digistar.ma\/index.php?rest_route=%2Fwp%2Fv2%2Fproduct_tag&post=6582"}],"curies":[{"name":"wp","href":"https:\/\/api.w.org\/{rel}","templated":true}]}}