{"id":6587,"date":"2023-07-21T00:20:08","date_gmt":"2023-07-21T00:20:08","guid":{"rendered":"https:\/\/digistar.ma\/?post_type=product&#038;p=6587"},"modified":"2023-07-21T00:20:08","modified_gmt":"2023-07-21T00:20:08","slug":"hp-178nw-imprimante-multifonction-laser-couleur","status":"publish","type":"product","link":"https:\/\/digistar.ma\/?product=hp-178nw-imprimante-multifonction-laser-couleur","title":{"rendered":"HP 178nw Imprimante Multifonction Laser Couleur"},"content":{"rendered":"<h3><strong>HP 178nw Imprimante Multifonction Laser Couleur<\/strong><\/h3>\n<h2 class=\"h2-master\">Un partenaire majeur de votre quotidien<\/h2>\n<section>En int\u00e9grant l&#8217;imprimante multifonction\u00a0<strong>HP Color Laser MFP 178nw<\/strong>\u00a0dans votre quotidien, vous profiterez d&#8217;une solution performante et compl\u00e8te pour atteindre vos objectifs ! Simplicit\u00e9 d&#8217;utilisation, format compact, num\u00e9risation, impression et copie vous attendent pour gagner en productivit\u00e9.<br \/>\n<\/section>\n<section>\n<div class=\"desc-image\"><img decoding=\"async\" src=\"https:\/\/media.ldlc.com\/bo\/images\/fiches\/imprimante\/hp\/178nw\/multifonction.jpg\" alt=\"\" \/><\/div>\n<div class=\"desc-text\">\n<h2>PERFORMANCES AU RENDEZ-VOUS<\/h2>\n<p>R\u00e9pondez \u00e0 tous vos besoins quotidiens avec l&#8217;<strong>imprimante 3-en-1<\/strong>\u00a0HP Color Laser 178nw ! Imprimez en couleur ou en noir et blanc, num\u00e9risez en toute simplicit\u00e9 et copiez vos documents dans les meilleures conditions. Ce mod\u00e8le prend en charge le format A4, dispose d&#8217;un \u00e9cran LCD confortable\u00a0et de boutons de commande intuitifs.<\/p>\n<\/div>\n<\/section>\n<section>\n<div class=\"desc-text\">\n<h2>FONCTIONNALIT\u00c9S CONNECT\u00c9ES<\/h2>\n<p>Cette imprimante multifonction HP int\u00e8gre un port\u00a0<strong>Fast Ethernet<\/strong>\u00a0ainsi que la\u00a0<strong>technologie sans fil Wi-Fi<\/strong>\u00a0! De plus, l&#8217;impression mobile est \u00e9galement disponible pour imprimer vos fichiers ais\u00e9ment depuis votre smartphone !<\/p>\n<p>Compacte, l&#8217;imprimante Color Laser MFP 178nw s&#8217;invitera naturellement dans votre environnement professionnel.<\/p>\n<\/div>\n<div class=\"desc-image\"><img decoding=\"async\" src=\"https:\/\/media.ldlc.com\/bo\/images\/fiches\/imprimante\/hp\/178nw\/impression_mobile.jpg\" alt=\"\" \/><\/div>\n<\/section>\n<section class=\"list\">\n<h2>CARACT\u00c9RISTIQUES PRINCIPALES :<\/h2>\n<ul>\n<li><strong>Imprimante multifonction laser couleur A4<\/strong><\/li>\n<li><strong>Fonctions 3-en-1<\/strong>\u00a0: impression, num\u00e9risation, copie<\/li>\n<li>Vitesse d&#8217;impression : jusqu&#8217;\u00e0 18 ppm (noir) \/ jusqu&#8217;\u00e0 4 ppm (couleur)<\/li>\n<li>Recto\/verso manuel<\/li>\n<li><strong>Capacit\u00e9<\/strong>\u00a0: 150 feuilles (entr\u00e9e) \/ 50 feuilles (sortie)<\/li>\n<li>USB 2.0 \/ Fast Ethernet \/ Wi-Fi<\/li>\n<li>Ecran LCD 2 lignes<\/li>\n<li><strong>Impression mobile<\/strong>\u00a0: Apple AirPrint, Google Cloud Print, Mopria, Applications mobiles<\/li>\n<\/ul>\n<h3><a href=\"https:\/\/www.hp.com\/emea_africa-fr\/products\/printers\/product-details\/product-specifications\/24494375\" target=\"_blank\" rel=\"noopener\">FICHE TECHNIQUE ICI<\/a><\/h3>\n<\/section>\n","protected":false},"excerpt":{"rendered":"<p>Impression, copie, num\u00e9risation<br \/>\nVitesse d&#8217;impression noir: 18 pages par minute (norme ISO)<br \/>\nVitesse d&#8217;impression couleur: 4 pages par minute (norme ISO)<br \/>\nQualit\u00e9 d&#8217;impression noire: Jusqu&#8217;\u00e0 600 x 600 ppp 4 bits<br \/>\nQualit\u00e9 d&#8217;impression couleur: Jusqu&#8217;\u00e0 600 x 600 ppp 4 bits<br \/>\nVolume de pages mensuel recommand\u00e9: 100 \u00e0 500<br \/>\nImpression recto\/verso: Manuelle (prise en charge des pilotes fournie)<br \/>\nFonctionne avec: 4 (noire, cyan,\u00a0magenta, jaune)<br \/>\nConnectivit\u00e9: Port USB 2.0 haut d\u00e9bit; Port de r\u00e9seau Fast Ethernet 10\/100Base-TX; Sans fil 802.11 b\/g\/n<\/p>\n","protected":false},"featured_media":6588,"comment_status":"open","ping_status":"closed","template":"","meta":{"_acf_changed":false,"_monsterinsights_skip_tracking":false,"_monsterinsights_sitenote_active":false,"_monsterinsights_sitenote_note":"","_monsterinsights_sitenote_category":0,"_uf_show_specific_survey":0,"_uf_disable_surveys":false,"_joinchat":[]},"product_brand":[],"product_cat":[15,253,290,268],"product_tag":[],"class_list":{"0":"post-6587","1":"product","2":"type-product","3":"status-publish","4":"has-post-thumbnail","6":"product_cat-imprimante-scanner","7":"product_cat-imprimante","8":"product_cat-meilleures-ventes","9":"product_cat-multifonction-laser-couleur","11":"first","12":"instock","13":"sale","14":"shipping-taxable","15":"purchasable","16":"product-type-simple"},"acf":[],"jetpack_sharing_enabled":true,"_links":{"self":[{"href":"https:\/\/digistar.ma\/index.php?rest_route=\/wp\/v2\/product\/6587","targetHints":{"allow":["GET"]}}],"collection":[{"href":"https:\/\/digistar.ma\/index.php?rest_route=\/wp\/v2\/product"}],"about":[{"href":"https:\/\/digistar.ma\/index.php?rest_route=\/wp\/v2\/types\/product"}],"replies":[{"embeddable":true,"href":"https:\/\/digistar.ma\/index.php?rest_route=%2Fwp%2Fv2%2Fcomments&post=6587"}],"version-history":[{"count":1,"href":"https:\/\/digistar.ma\/index.php?rest_route=\/wp\/v2\/product\/6587\/revisions"}],"predecessor-version":[{"id":6592,"href":"https:\/\/digistar.ma\/index.php?rest_route=\/wp\/v2\/product\/6587\/revisions\/6592"}],"wp:featuredmedia":[{"embeddable":true,"href":"https:\/\/digistar.ma\/index.php?rest_route=\/wp\/v2\/media\/6588"}],"wp:attachment":[{"href":"https:\/\/digistar.ma\/index.php?rest_route=%2Fwp%2Fv2%2Fmedia&parent=6587"}],"wp:term":[{"taxonomy":"product_brand","embeddable":true,"href":"https:\/\/digistar.ma\/index.php?rest_route=%2Fwp%2Fv2%2Fproduct_brand&post=6587"},{"taxonomy":"product_cat","embeddable":true,"href":"https:\/\/digistar.ma\/index.php?rest_route=%2Fwp%2Fv2%2Fproduct_cat&post=6587"},{"taxonomy":"product_tag","embeddable":true,"href":"https:\/\/digistar.ma\/index.php?rest_route=%2Fwp%2Fv2%2Fproduct_tag&post=6587"}],"curies":[{"name":"wp","href":"https:\/\/api.w.org\/{rel}","templated":true}]}}