{"id":6593,"date":"2023-07-21T00:31:34","date_gmt":"2023-07-21T00:31:34","guid":{"rendered":"https:\/\/digistar.ma\/?post_type=product&#038;p=6593"},"modified":"2023-07-21T00:33:10","modified_gmt":"2023-07-21T00:33:10","slug":"hp-laserjet-pro-m183fw-imprimante-multifonction-laser-couleur","status":"publish","type":"product","link":"https:\/\/digistar.ma\/?product=hp-laserjet-pro-m183fw-imprimante-multifonction-laser-couleur","title":{"rendered":"HP LaserJet Pro M183fw Imprimante Multifonction Laser Couleur"},"content":{"rendered":"<p><strong>HP LaserJet Pro M183fw Imprimante Multifonction Laser Couleur<\/strong><\/p>\n<h2 class=\"h2-master\">Profitez des avantages d&#8217;une imprimante multifonction laser, couleur, 4-en-1, compacte et puissante<\/h2>\n<section>L\u2019<strong>imprimante multifonction HP LaserJet Pro M183fw<\/strong>\u00a0vous offre vitesse et praticit\u00e9 afin de faciliter votre vie quotidienne professionnelle. Couleur, avec une\u00a0vitesse d&#8217;impression pouvant atteindre\u00a011.8 ppm, une r\u00e9solution maximale de\u00a0600 x 600 dpi\u00a0et une\u00a0connectivit\u00e9 compl\u00e8te, \u00e0 la fois\u00a0filaire et sans fil\u00a0(USB, Fast Ethernet et Wi-Fi), elle sera pour vous, un atout consid\u00e9rable pour nettement augmenter votre productivit\u00e9 et celle de vos collaborateurs. Compacte, elle trouvera facilement sa place dans votre bureau pour vous permettre d\u2019imprimer, de copier, de num\u00e9riser et de faxer tous les documents importants qui feront de vous le maillon essentiel de votre entreprise.<\/section>\n<section>\n<div class=\"desc-image\"><img decoding=\"async\" src=\"https:\/\/media.ldlc.com\/bo\/images\/fiches\/imprimante\/hp\/m183fw\/m183fw_8001.jpg\" alt=\"\" \/><\/div>\n<div class=\"desc-text\">\n<h2>PRENEZ LA MAIN ET GARDEZ UNE LONGUEUR D&#8217;AVANCE<\/h2>\n<p>Travaillez en toute simplicit\u00e9 avec cette\u00a0<strong>imprimante couleur multifonction LaserJet\u00a0<\/strong>optimis\u00e9e par des\u00a0<strong>toners JetIntelligence<\/strong>. Imprimez des documents de qualit\u00e9 professionnelle \u00e0 partir d\u2019une large gamme de p\u00e9riph\u00e9riques portables, et num\u00e9risez, copiez, t\u00e9l\u00e9copiez tout en \u00e9conomisant de l\u2019\u00e9nergie gr\u00e2ce \u00e0 une imprimante multifonction sans fil con\u00e7ue pour une efficacit\u00e9 optimale.<\/p>\n<ul>\n<li>Imprimez, num\u00e9risez et copiez gr\u00e2ce \u00e0 une imprimante multifonction LaserJet con\u00e7ue pour s\u2019adapter aux espaces r\u00e9duits.<\/li>\n<li>Attendez moins ! Imprimez rapidement avec une sortie de votre\u00a0premi\u00e8re\u00a0page\u00a0en 11.3 secondes seulement.<\/li>\n<li>Imprimez depuis votre iPhone et iPad avec AirPrint, qui adapte automatiquement les t\u00e2ches d&#8217;impression \u00e0 la taille de papier correcte.<\/li>\n<li>Imprimez en envoyant un simple e-mail directement depuis un smartphone, une tablette ou un ordinateur portable gr\u00e2ce \u00e0 HP ePrint.<\/li>\n<li>Imprimez directement \u00e0 partir de votre p\u00e9riph\u00e9rique portable vers votre imprimante Wi-Fi Direct, sans acc\u00e9der au r\u00e9seau d&#8217;entreprise.<\/li>\n<li>Envoyez des t\u00e2ches depuis votre smartphone, tablette ou ordinateur vers n\u2019importe quelle imprimante professionnelle \u00e0 l\u2019aide de Google Cloud Print 2.0.<\/li>\n<\/ul>\n<\/div>\n<\/section>\n<section class=\"list\">\n<h2>CARACT\u00c9RISTIQUES PRINCIPALES :<\/h2>\n<ul>\n<li>Imprimante multifonction laser couleur (4-en-1)<\/li>\n<li>Impression, copie, scan et fax<\/li>\n<li>Formats : A4 ; A5 ; A6 ; B5 ; \u00e9tiquettes ; cartes postales ; enveloppes<\/li>\n<li>Port USB 2.0 haut d\u00e9bit (p\u00e9riph\u00e9rique); Port r\u00e9seau Fast Ethernet 10\/100Base-TX int\u00e9gr\u00e9 + Wi-Fi 802.11b\/g\/n<\/li>\n<li>Impression mobile : Apple AirPrint; HP ePrint; Google Cloud Print 2.0; Certification Mopria; Wi-Fi Direct<\/li>\n<li>Vitesse d&#8217;impression\u00a0: jusqu&#8217;\u00e0 13.8 ppm en mode normal<\/li>\n<li>R\u00e9solution d&#8217;impression : Jusqu\u2019\u00e0 600 x 600\u00a0ppp<\/li>\n<li>R\u00e9solution de copie (texte noir) : jusqu&#8217;\u00e0 600 x 600 ppp<\/li>\n<li>Vitesse de copie\u00a0: jusqu&#8217;\u00e0 16 ppm<\/li>\n<li>Recto-verso manuel<\/li>\n<li>Dimensions : 420 x 380 x 341.2 mm<\/li>\n<li>Poids : 16.3 Kg<\/li>\n<\/ul>\n<h4><a href=\"https:\/\/www.hp.com\/emea_africa-fr\/products\/printers\/product-details\/product-specifications\/29448704\" target=\"_blank\" rel=\"noopener\">FICHE TECHNIQUE ICI<\/a><\/h4>\n<\/section>\n","protected":false},"excerpt":{"rendered":"<p>HP LaserJet Pro M183fw Imprimante Multifonction Laser Couleur Profitez des avantages d&#8217;une imprimante multifonction laser, couleur, 4-en-1, compacte et puissante L\u2019imprimante multifonction HP LaserJet Pro M183fw\u00a0vous offre vitesse et praticit\u00e9<\/p>\n","protected":false},"featured_media":6594,"comment_status":"open","ping_status":"closed","template":"","meta":{"_acf_changed":false,"_monsterinsights_skip_tracking":false,"_monsterinsights_sitenote_active":false,"_monsterinsights_sitenote_note":"","_monsterinsights_sitenote_category":0,"_uf_show_specific_survey":0,"_uf_disable_surveys":false,"_joinchat":[]},"product_brand":[],"product_cat":[15,253,268],"product_tag":[],"class_list":{"0":"post-6593","1":"product","2":"type-product","3":"status-publish","4":"has-post-thumbnail","6":"product_cat-imprimante-scanner","7":"product_cat-imprimante","8":"product_cat-multifonction-laser-couleur","10":"first","11":"instock","12":"sale","13":"shipping-taxable","14":"purchasable","15":"product-type-simple"},"acf":[],"jetpack_sharing_enabled":true,"_links":{"self":[{"href":"https:\/\/digistar.ma\/index.php?rest_route=\/wp\/v2\/product\/6593","targetHints":{"allow":["GET"]}}],"collection":[{"href":"https:\/\/digistar.ma\/index.php?rest_route=\/wp\/v2\/product"}],"about":[{"href":"https:\/\/digistar.ma\/index.php?rest_route=\/wp\/v2\/types\/product"}],"replies":[{"embeddable":true,"href":"https:\/\/digistar.ma\/index.php?rest_route=%2Fwp%2Fv2%2Fcomments&post=6593"}],"version-history":[{"count":3,"href":"https:\/\/digistar.ma\/index.php?rest_route=\/wp\/v2\/product\/6593\/revisions"}],"predecessor-version":[{"id":6600,"href":"https:\/\/digistar.ma\/index.php?rest_route=\/wp\/v2\/product\/6593\/revisions\/6600"}],"wp:featuredmedia":[{"embeddable":true,"href":"https:\/\/digistar.ma\/index.php?rest_route=\/wp\/v2\/media\/6594"}],"wp:attachment":[{"href":"https:\/\/digistar.ma\/index.php?rest_route=%2Fwp%2Fv2%2Fmedia&parent=6593"}],"wp:term":[{"taxonomy":"product_brand","embeddable":true,"href":"https:\/\/digistar.ma\/index.php?rest_route=%2Fwp%2Fv2%2Fproduct_brand&post=6593"},{"taxonomy":"product_cat","embeddable":true,"href":"https:\/\/digistar.ma\/index.php?rest_route=%2Fwp%2Fv2%2Fproduct_cat&post=6593"},{"taxonomy":"product_tag","embeddable":true,"href":"https:\/\/digistar.ma\/index.php?rest_route=%2Fwp%2Fv2%2Fproduct_tag&post=6593"}],"curies":[{"name":"wp","href":"https:\/\/api.w.org\/{rel}","templated":true}]}}