{"id":6601,"date":"2023-07-21T00:54:42","date_gmt":"2023-07-21T00:54:42","guid":{"rendered":"https:\/\/digistar.ma\/?post_type=product&#038;p=6601"},"modified":"2023-07-21T00:54:42","modified_gmt":"2023-07-21T00:54:42","slug":"hp-4303dw-imprimante-multifonction-laser-couleur","status":"publish","type":"product","link":"https:\/\/digistar.ma\/?product=hp-4303dw-imprimante-multifonction-laser-couleur","title":{"rendered":"HP 4303dw Imprimante Multifonction Laser Couleur"},"content":{"rendered":"<p><strong>HP 4303dw Imprimante Multifonction Laser Couleur<\/strong><\/p>\n<p>B\u00e9n\u00e9ficiez d&#8217;une impression couleur ultra-rapide, d&#8217;un mat\u00e9riel fiable et d&#8217;une gestion \u00e0 distance simple et s\u00e9curis\u00e9e.<\/p>\n<div class=\"c-split-module__image\">\n<div class=\"c-image-container hp-image-37f6-d95c with-ratio\"><img decoding=\"async\" class=\"inner-image\" src=\"https:\/\/ssl-product-images.www8-hp.com\/digmedialib\/prodimg\/lowres\/c08538744.png\" alt=\"HP Color LaserJet Pro MFP 4303dw (Exosphere), face avant\" \/><\/div>\n<\/div>\n<div class=\"c-split-module__text\">\n<h3 class=\"h2 c-split-module__title\">Performances couleur maximales pour les grandes \u00e9quipes de travail<\/h3>\n<p class=\"h4 c-split-module__description\">Imprimez en couleur o\u00f9 que vous soyez avec une vitesse fulgurante et\u00a0<span class=\"m-text-nowrap\">une connexion Wi-Fi auto-r\u00e9paratrice\u00a0.<\/span><\/p>\n<div class=\"c-split-module__image\">\n<div class=\"c-image-container hp-image-d105-3165 with-ratio\"><img decoding=\"async\" class=\"inner-image\" src=\"https:\/\/ssl-product-images.www8-hp.com\/digmedialib\/prodimg\/lowres\/c08538834.png\" alt=\"Imprimante multifonction HP Color LaserJet Pro 4303dw (Exosphere), orient\u00e9e vers la gauche\" data-wec-listener-initialized=\"true\" \/><\/div>\n<\/div>\n<div class=\"c-split-module__text\">\n<h3 class=\"h2 c-split-module__title\">Faites-en plus avec\u00a0<span class=\"m-text-nowrap\">des fonctionnalit\u00e9s de productivit\u00e9 intelligentes<span class=\"c-footnote-container\">\u00a0<\/span><\/span><\/h3>\n<p class=\"h4 c-split-module__description\">Faites-en plus avec des fonctionnalit\u00e9s de productivit\u00e9 intelligentes et des raccourcis simples, disponibles de n&#8217;importe o\u00f9 et \u00e0 tout\u00a0<span class=\"m-text-nowrap\">moment.<span class=\"c-footnote-container\">\u00a0<\/span><\/span><\/p>\n<div class=\"c-column-module-feature\">\n<h4 class=\"c-column-module-feature__title h4\"><span>Vitesse fulgurante<\/span><\/h4>\n<div class=\"c-column-module-feature__description h5\">\n<p><span>Am\u00e9liorez votre flux de travail avec une vitesse fulgurante pour r\u00e9pondre aux environnements \u00e0 forte demande.<\/span><\/p>\n<\/div>\n<\/div>\n<div class=\"c-column-module-feature\">\n<h4 class=\"c-column-module-feature__title h4\"><span><span class=\"m-text-nowrap\">Connectivit\u00e9<\/span>\u00a0flexible .<\/span><\/h4>\n<div class=\"c-column-module-feature__description h5\">\n<p><span>Connectez-vous \u00e0 votre fa\u00e7on avec HP 4303dw Imprimante Multifonction Laser Couleur . Choisissez entre Ethernet ou le Wi-Fi bi-bande autor\u00e9g\u00e9n\u00e9rant qui vous aide \u00e0 rester\u00a0<\/span><span class=\"m-text-nowrap\"><span>en ligne.<\/span><\/span><\/p>\n<\/div>\n<\/div>\n<div class=\"c-column-module-feature\">\n<h4 class=\"c-column-module-feature__title h4\"><span><span class=\"m-text-nowrap\">Couleurs<\/span>\u00a0fid\u00e8les \u00e0 la r\u00e9alit\u00e9<\/span><\/h4>\n<div class=\"c-column-module-feature__description h5\">\n<p><span>Ayez l&#8217;air professionnel sur chaque page avec une impression de haute qualit\u00e9, des couleurs r\u00e9alistes et\u00a0<\/span><span class=\"m-text-nowrap\"><span>des d\u00e9tails nets.<\/span><\/span><\/p>\n<\/div>\n<\/div>\n<div class=\"c-column-module-feature\">\n<h4 class=\"c-column-module-feature__title h4\"><span>HP Web\u00a0<\/span><span class=\"m-text-nowrap\"><span>Jetadmin<\/span><\/span><\/h4>\n<div class=\"c-column-module-feature__description h5\">\n<p><span>Centralisez la gestion de votre imprimante.\u00a0HP Web Jetadmin ajoute et met \u00e0 jour facilement des p\u00e9riph\u00e9riques et\u00a0<\/span><span class=\"m-text-nowrap\"><span>des solutions.<\/span><\/span><\/p>\n<h4>Sp\u00e9cifications :<\/h4>\n<p>1. Impression recto verso automatique<br \/>\n2. Vitesses d\u2019impression jusqu\u2019\u00e0 33 ppm A4, capacit\u00e9 papier standard de 300 feuilles<br \/>\n3. Ecran couleur tactile de 4,3 pouces<br \/>\n4. Wi-Fi\u00ae double bande auto-r\u00e9parateur, USB et Ethernet<br \/>\n5. Param\u00e8tres de s\u00e9curit\u00e9 pr\u00e9-configur\u00e9s<br \/>\n6. Application HP Smart pour une productivit\u00e9 \u00e0 port\u00e9e de main<br \/>\n7. Con\u00e7u pour des \u00e9quipes de travail jusqu\u2019\u00e0 10 utilisateurs<br \/>\n8. Plus de couleurs r\u00e9alistes avec le toner HP TerraJet<br \/>\n9. Impression et num\u00e9risation par USB<\/p>\n<h3><a href=\"https:\/\/www.hp.com\/emea_africa-en\/products\/printers\/product-details\/product-specifications\/38348040\" target=\"_blank\" rel=\"noopener\">FICHE TECHNIQUE ICI<\/a><\/h3>\n<\/div>\n<\/div>\n<\/div>\n<\/div>\n","protected":false},"excerpt":{"rendered":"<p>Impression, copie, num\u00e9risation<br \/>\nVitesse d&#8217;impression noir: 33 pages par minute (norme ISO)<br \/>\nVitesse d&#8217;impression couleur: 33 pages par minute (norme ISO)<br \/>\nQualit\u00e9 d&#8217;impression\u00a0noire: Jusqu&#8217;\u00e0 600 x 600 ppp, r\u00e9solution optimis\u00e9e jusqu&#8217;\u00e0 38 400 x 600 ppp<br \/>\nQualit\u00e9 d&#8217;impression couleur: Jusqu&#8217;\u00e0 600 x 600 ppp<br \/>\nVolume de pages mensuel recommand\u00e9: 750 \u00e0 4 000<br \/>\nImpression recto\/verso: Automatique<br \/>\nFonctionne avec: 4 (noire, cyan, magenta, jaune)<br \/>\nConnectivit\u00e9: 1 port USB 2.0 haut d\u00e9bit (p\u00e9riph\u00e9rique); 1 port USB 2.0 haut d\u00e9bit (h\u00f4te); 1 port USB \u00e0 l\u2019avant; 1 Wi-Fi 802.11b\/g\/n; 1 port Bluetooth Low Energy; 1 port r\u00e9seau Gigabit Ethernet 10\/100\/1000 Base-TX<br \/>\nEncres fournies avec l&#8217;imprimante: 4 toners HP LaserJet pr\u00e9install\u00e9s (noir : 2 000 pages cartouches \u00e9chantillon cyan, magenta et jaune : 1 000 pages)<\/p>\n","protected":false},"featured_media":6602,"comment_status":"open","ping_status":"closed","template":"","meta":{"_acf_changed":false,"_monsterinsights_skip_tracking":false,"_monsterinsights_sitenote_active":false,"_monsterinsights_sitenote_note":"","_monsterinsights_sitenote_category":0,"_uf_show_specific_survey":0,"_uf_disable_surveys":false,"_joinchat":[]},"product_brand":[],"product_cat":[15,253,268],"product_tag":[],"class_list":{"0":"post-6601","1":"product","2":"type-product","3":"status-publish","4":"has-post-thumbnail","6":"product_cat-imprimante-scanner","7":"product_cat-imprimante","8":"product_cat-multifonction-laser-couleur","10":"first","11":"instock","12":"sale","13":"shipping-taxable","14":"purchasable","15":"product-type-simple"},"acf":[],"jetpack_sharing_enabled":true,"_links":{"self":[{"href":"https:\/\/digistar.ma\/index.php?rest_route=\/wp\/v2\/product\/6601","targetHints":{"allow":["GET"]}}],"collection":[{"href":"https:\/\/digistar.ma\/index.php?rest_route=\/wp\/v2\/product"}],"about":[{"href":"https:\/\/digistar.ma\/index.php?rest_route=\/wp\/v2\/types\/product"}],"replies":[{"embeddable":true,"href":"https:\/\/digistar.ma\/index.php?rest_route=%2Fwp%2Fv2%2Fcomments&post=6601"}],"version-history":[{"count":1,"href":"https:\/\/digistar.ma\/index.php?rest_route=\/wp\/v2\/product\/6601\/revisions"}],"predecessor-version":[{"id":6607,"href":"https:\/\/digistar.ma\/index.php?rest_route=\/wp\/v2\/product\/6601\/revisions\/6607"}],"wp:featuredmedia":[{"embeddable":true,"href":"https:\/\/digistar.ma\/index.php?rest_route=\/wp\/v2\/media\/6602"}],"wp:attachment":[{"href":"https:\/\/digistar.ma\/index.php?rest_route=%2Fwp%2Fv2%2Fmedia&parent=6601"}],"wp:term":[{"taxonomy":"product_brand","embeddable":true,"href":"https:\/\/digistar.ma\/index.php?rest_route=%2Fwp%2Fv2%2Fproduct_brand&post=6601"},{"taxonomy":"product_cat","embeddable":true,"href":"https:\/\/digistar.ma\/index.php?rest_route=%2Fwp%2Fv2%2Fproduct_cat&post=6601"},{"taxonomy":"product_tag","embeddable":true,"href":"https:\/\/digistar.ma\/index.php?rest_route=%2Fwp%2Fv2%2Fproduct_tag&post=6601"}],"curies":[{"name":"wp","href":"https:\/\/api.w.org\/{rel}","templated":true}]}}