{"id":6608,"date":"2023-07-21T01:18:40","date_gmt":"2023-07-21T01:18:40","guid":{"rendered":"https:\/\/digistar.ma\/?post_type=product&#038;p=6608"},"modified":"2023-11-22T12:02:04","modified_gmt":"2023-11-22T12:02:04","slug":"hp-laserjet-enterprise-m776dn-imprimante-multifonction-laser-couleur-a3","status":"publish","type":"product","link":"https:\/\/digistar.ma\/?product=hp-laserjet-enterprise-m776dn-imprimante-multifonction-laser-couleur-a3","title":{"rendered":"HP LaserJet Enterprise M776dn Imprimante Multifonction Laser Couleur A3"},"content":{"rendered":"<p><strong>HP LaserJet Enterprise M776dn Imprimante Multifonction Laser Couleur A3<\/strong><\/p>\n<p>Cette imprimante a \u00e9t\u00e9 con\u00e7ue pour fonctionner uniquement avec des cartouches disposant d&#8217;une puce HP neuve ou r\u00e9utilis\u00e9e. Elle est \u00e9quip\u00e9e d&#8217;un dispositif de s\u00e9curit\u00e9 dynamique pour bloquer les cartouches int\u00e9grant une puce non-HP.<\/p>\n<p>Les mises \u00e0 jour p\u00e9riodiques du micrologiciel permettent d&#8217;assurer l&#8217;efficacit\u00e9 de ces mesures et bloquent les cartouches qui fonctionnaient auparavant. Une puce HP r\u00e9utilis\u00e9e permet d&#8217;utiliser des cartouches r\u00e9utilis\u00e9es, reconditionn\u00e9es ou recycl\u00e9es. Plus d&#8217;informations sur:\u00a0<a href=\"http:\/\/www.hp.com\/learn\/ds\" target=\"_blank\" rel=\"noopener\">http:\/\/www.hp.com\/learn\/ds<\/a><\/p>\n<p>Vous pouvez compter sur des impressions aux couleurs \u00e9clatantes gr\u00e2ce aux imprimantes multifonction avanc\u00e9es, \u00e9quip\u00e9es de la technologie JetIntelligence. Profitez de l&#8217;impression la mieux s\u00e9curis\u00e9e de <strong>HP LaserJet Enterprise M776dn <\/strong> et d&#8217;une large gamme de fonctionnalit\u00e9s de gestion du papier, enfin une impression qui fait gagner du temps et rationalise les flux de travail.<\/p>\n<h4 class=\"ProductKeySellingPoints_title__EfldW\">Les couleurs exceptionnelles mettent votre travail en valeur<\/h4>\n<div class=\"ProductKeySellingPoints_description__1LCVX\">Mode d\u2019impression sp\u00e9cial pour une gamme plus \u00e9tendue de couleurs et un niveau suppl\u00e9mentaire de brillance pour vos documents et vos supports marketing. Faites bonne impression avec des documents couleur exceptionnels de haute qualit\u00e9 \u00e0 l\u2019\u00e9preuve du temps.<\/div>\n<div><\/div>\n<div class=\"ProductKeySellingPoints_description__1LCVX\">Profitez d\u2019une qualit\u00e9 professionnelle et de performances constantes gr\u00e2ce aux cartouches de toner avec JetIntelligence et les tambours HP authentiques de <strong>HP LaserJet Enterprise M776dn Imprimante Multifonction Laser Couleur A3<\/strong>. Faites bonne impression en offrant des documents marketing A3 aux couleurs \u00e9clatantes sur du papier SRA 3 en pleine page.<\/div>\n<h4>Caract\u00e9ristiques de HP LaserJet Enterprise M776dn Imprimante Multifonction Laser Couleur A3<\/h4>\n<p>Impression, copie, num\u00e9risation<br \/>\nVitesse d&#8217;impression noir: 45 pages par minute (norme ISO)<br \/>\nVitesse d&#8217;impression couleur: 45 pages par minute (norme ISO)<br \/>\nQualit\u00e9 d&#8217;impression noire: Jusqu&#8217;\u00e0 1200 x 1200 ppp<br \/>\nQualit\u00e9 d&#8217;impression couleur: Jusqu&#8217;\u00e0 1200 x 1200 ppp<br \/>\nVolume de pages mensuel recommand\u00e9: Jusqu&#8217;\u00e0 40 000 pages<\/p>\n<p>Impression recto\/verso: Automatique<br \/>\nFonctionne avec: 4 cartouches de toner (1 de chaque noir, cyan, magenta, jaune); 4 unit\u00e9s de tambour (1 de chaque noir, cyan, magenta, jaune)<br \/>\nConnectivit\u00e9: 1 port p\u00e9riph\u00e9rique USB 2.0 haut d\u00e9bit, 2 ports USB 2.0 haut d\u00e9bit \u00e0 l&#8217;arri\u00e8re (h\u00f4te), 1 port libre USB 2.0 (h\u00f4te), 1 port r\u00e9seau Gigabit\/Fast Ethernet 10\/100\/1000 Base-TX, 1 compartiment d&#8217;int\u00e9gration mat\u00e9rielle de 2e g\u00e9n\u00e9ration (HIP2)<\/p>\n<h3><a href=\"https:\/\/www.hp.com\/fr-fr\/shop\/product.aspx?id=t3u55a&amp;opt=b19&amp;sel=prn#technical-details\" target=\"_blank\" rel=\"noopener\">SPECIFICATIONS TECHNIQUES HP M776dn <\/a><a href=\"https:\/\/www.hp.com\/fr-fr\/shop\/product.aspx?id=t3u55a&amp;opt=b19&amp;sel=prn#technical-details\" target=\"_blank\" rel=\"noopener\">ICI<\/a><\/h3>\n<p>&nbsp;<\/p>\n","protected":false},"excerpt":{"rendered":"<p>Impression, copie, num\u00e9risation<br \/>\nVitesse d&#8217;impression noir: 45 pages par minute (norme ISO)<br \/>\nVitesse d&#8217;impression couleur: 45 pages par minute (norme ISO)<br \/>\nQualit\u00e9 d&#8217;impression noire: Jusqu&#8217;\u00e0 1200 x 1200 ppp<br \/>\nQualit\u00e9 d&#8217;impression couleur: Jusqu&#8217;\u00e0 1200 x 1200 ppp<br \/>\nVolume de pages mensuel recommand\u00e9: Jusqu&#8217;\u00e0 40 000 pages<br \/>\nImpression recto\/verso: Automatique<br \/>\nFonctionne avec: 4 cartouches de toner (1 de chaque noir, cyan, magenta, jaune); 4 unit\u00e9s de tambour (1 de chaque noir, cyan, magenta, jaune)<br \/>\nConnectivit\u00e9: 1 port p\u00e9riph\u00e9rique USB 2.0 haut d\u00e9bit, 2 ports USB 2.0 haut d\u00e9bit \u00e0 l&#8217;arri\u00e8re (h\u00f4te), 1 port libre USB 2.0 (h\u00f4te), 1 port r\u00e9seau Gigabit\/Fast Ethernet 10\/100\/1000 Base-TX, 1 compartiment d&#8217;int\u00e9gration mat\u00e9rielle de 2e g\u00e9n\u00e9ration (HIP2)<br \/>\nEncres<\/p>\n<p>fournies avec l&#8217;imprimante: Cartouche de toner noir HP LaserJet authentique (16 000 pages), cartouches de toner HP LaserJet cyan, magenta et jaune authentiques (13 000 pages chacune); 4 tambours d\u2019imagerie HP LaserJet authentiques (65 000 pages par\u00a0couleur)<\/p>\n","protected":false},"featured_media":6609,"comment_status":"open","ping_status":"closed","template":"","meta":{"_acf_changed":false,"_monsterinsights_skip_tracking":false,"_monsterinsights_sitenote_active":false,"_monsterinsights_sitenote_note":"","_monsterinsights_sitenote_category":0,"_uf_show_specific_survey":0,"_uf_disable_surveys":false,"_joinchat":[]},"product_brand":[],"product_cat":[15,253,268],"product_tag":[],"class_list":{"0":"post-6608","1":"product","2":"type-product","3":"status-publish","4":"has-post-thumbnail","6":"product_cat-imprimante-scanner","7":"product_cat-imprimante","8":"product_cat-multifonction-laser-couleur","10":"first","11":"instock","12":"sale","13":"shipping-taxable","14":"purchasable","15":"product-type-simple"},"acf":[],"jetpack_sharing_enabled":true,"_links":{"self":[{"href":"https:\/\/digistar.ma\/index.php?rest_route=\/wp\/v2\/product\/6608","targetHints":{"allow":["GET"]}}],"collection":[{"href":"https:\/\/digistar.ma\/index.php?rest_route=\/wp\/v2\/product"}],"about":[{"href":"https:\/\/digistar.ma\/index.php?rest_route=\/wp\/v2\/types\/product"}],"replies":[{"embeddable":true,"href":"https:\/\/digistar.ma\/index.php?rest_route=%2Fwp%2Fv2%2Fcomments&post=6608"}],"version-history":[{"count":7,"href":"https:\/\/digistar.ma\/index.php?rest_route=\/wp\/v2\/product\/6608\/revisions"}],"predecessor-version":[{"id":6618,"href":"https:\/\/digistar.ma\/index.php?rest_route=\/wp\/v2\/product\/6608\/revisions\/6618"}],"wp:featuredmedia":[{"embeddable":true,"href":"https:\/\/digistar.ma\/index.php?rest_route=\/wp\/v2\/media\/6609"}],"wp:attachment":[{"href":"https:\/\/digistar.ma\/index.php?rest_route=%2Fwp%2Fv2%2Fmedia&parent=6608"}],"wp:term":[{"taxonomy":"product_brand","embeddable":true,"href":"https:\/\/digistar.ma\/index.php?rest_route=%2Fwp%2Fv2%2Fproduct_brand&post=6608"},{"taxonomy":"product_cat","embeddable":true,"href":"https:\/\/digistar.ma\/index.php?rest_route=%2Fwp%2Fv2%2Fproduct_cat&post=6608"},{"taxonomy":"product_tag","embeddable":true,"href":"https:\/\/digistar.ma\/index.php?rest_route=%2Fwp%2Fv2%2Fproduct_tag&post=6608"}],"curies":[{"name":"wp","href":"https:\/\/api.w.org\/{rel}","templated":true}]}}