{"id":6627,"date":"2023-07-21T01:54:40","date_gmt":"2023-07-21T01:54:40","guid":{"rendered":"https:\/\/digistar.ma\/?post_type=product&#038;p=6627"},"modified":"2023-07-21T01:55:42","modified_gmt":"2023-07-21T01:55:42","slug":"canon-i-sensys-mf752cdw-imprimante-multifonction-laser-couleur","status":"publish","type":"product","link":"https:\/\/digistar.ma\/?product=canon-i-sensys-mf752cdw-imprimante-multifonction-laser-couleur","title":{"rendered":"Canon i-SENSYS MF752Cdw Imprimante Multifonction Laser Couleur"},"content":{"rendered":"<p><strong>Canon i-SENSYS MF752Cdw Imprimante Multifonction Laser Couleur<\/strong><\/p>\n<h4 class=\"h2-master\">Pour profiter d&#8217;un environnement d&#8217;impression performant<\/h4>\n<section>Rationalisez vos t\u00e2ches professionnelles du quotidien avec la\u00a0<strong>Canon i-SENSYS\u00a0MF752Cdw<\/strong>. Dot\u00e9e d&#8217;une\u00a0<strong>connectivit\u00e9 avanc\u00e9e<\/strong>, cette\u00a0<strong>imprimante laser couleur multifonction\u00a0<\/strong>(Impression \/ Num\u00e9risation \/ Copieur) facilite la collaboration dans le cloud, en proposant un acc\u00e8s aux services Google\u00a0Drive, Dropbox et OneDrive. Traitez vos t\u00e2ches plus rapidement, avec des vitesses d&#8217;impression et de num\u00e9risation \u00e9lev\u00e9es, des fonctionnalit\u00e9s de copie et de t\u00e9l\u00e9copie, et un \u00e9cran personnalisable offrant une exp\u00e9rience utilisateur simplifi\u00e9e.<\/section>\n<section>\n<div class=\"desc-image\"><img decoding=\"async\" src=\"https:\/\/media.ldlc.com\/bo\/images\/fiches\/imprimante\/canon\/i-SENSYS%20MF754Cdw\/i-sensys-mf754cdw_800_1.jpg\" alt=\"\" \/><\/div>\n<div class=\"desc-text\">\n<h2>UNE IMPRIMANTE EFFICACE POUR LES TPE ET PME<\/h2>\n<p>Gr\u00e2ce \u00e0 la num\u00e9risation recto verso en un seul passage standard, travaillez plus rapidement avec des\u00a0<strong>vitesses maximales de 33 ppm (au format A4) en impression et de 100 ipm en num\u00e9risation<\/strong>.<\/p>\n<p>Optimisez votre efficacit\u00e9 en imprimant jusqu&#8217;\u00e0\u00a0<strong>7600\/5500 pages \u00e0 partir d&#8217;un ensemble de cartouches de toner \u00e0 haut rendement (noir \/ cyan, magenta et jaune)<\/strong>. Centralisez la gestion de l&#8217;impression gr\u00e2ce \u00e0 la solution d&#8217;impression universelle bas\u00e9e dans le cloud de Microsoft et \u00e0 la\u00a0<strong>connectivit\u00e9 cloud int\u00e9gr\u00e9e avec les services Google Drive, Dropbox et OneDrive<\/strong>.<\/p>\n<p>Profitez d&#8217;une exp\u00e9rience utilisateur intuitive, avec un\u00a0<strong>\u00e9cran personnalisable et une Biblioth\u00e8que d&#8217;applications<\/strong>\u00a0vous permettant de configurer des raccourcis en une touche.<\/p>\n<p>Prot\u00e9gez vos documents et appareils, gr\u00e2ce \u00e0 des fonctionnalit\u00e9s de s\u00e9curit\u00e9 fiables, dont une fonction de v\u00e9rification avanc\u00e9e du syst\u00e8me emp\u00eachant les piratages et un\u00a0<strong>code PIN s\u00e9curis\u00e9<\/strong>\u00a0limitant l&#8217;acc\u00e8s aux documents sensibles.<\/p>\n<\/div>\n<\/section>\n<section class=\"list\">\n<h4>CARACT\u00c9RISTIQUES PRINCIPALES DE Canon i-SENSYS MF752Cdw Imprimante Multifonction Laser Couleur<\/h4>\n<ul>\n<li><strong>Multifonction laser couleur A4 3-en-1<\/strong><\/li>\n<li>Impression \/ Num\u00e9risation \/ Copieur<\/li>\n<li>Vitesse d&#8217;impression : jusqu&#8217;\u00e0 29\u00a0ppm (A4) \/\u00a0jusqu&#8217;\u00e0 33 ppm (A4 &#8211; Recto verso)<\/li>\n<li>Qualit\u00e9 d&#8217;impression :\u00a0<strong>Jusqu&#8217;\u00e0 1200 x 1200 ppp<\/strong><\/li>\n<li>R\u00e9solution d&#8217;impression : 600 x 600 ppp<\/li>\n<li><strong>Fonctions d&#8217;impression avanc\u00e9es<\/strong>\u00a0: Impression s\u00e9curis\u00e9e crypt\u00e9e, impression s\u00e9curis\u00e9e, impression \u00e0 partir d&#8217;une cl\u00e9 USB (JPEG\/TIFF\/PDF), impression depuis le Cloud (Dropbox, GoogleDrive, OneDrive)3 (PDF\/JPEG)<\/li>\n<li>Prise en charge de la solution d&#8217;impression universelle Microsoft<\/li>\n<li>iOS : AirPrint, application Canon PRINT Business<\/li>\n<li>Android : certifi\u00e9 Mopria, plug-in de service d&#8217;impression Canon, application Canon PRINT Business<\/li>\n<li>Vitesse de copie : Recto (A4) jusqu&#8217;\u00e0 33 ppm et 29 ppm en Recto verso<\/li>\n<li>R\u00e9solution de copie : Jusqu&#8217;\u00e0 600 x 600 ppp<\/li>\n<li>Vitesse de num\u00e9risation : Recto noir et blanc : 50 ipm (300 x 600 ppp), Recto couleur : 40 ipm (300 x 300 ppp)<\/li>\n<li>Type de scanner : Vitre, Chargeur automatique recto verso (en un seul passage)<\/li>\n<li>Chargeur papier (standard) : Cassette 250 feuilles + Bac multifonctions de 50 feuilles + Chargeur automatique de documents de 50 feuilles<\/li>\n<li>Sortie papier : 150 feuilles<\/li>\n<li>Connectivit\u00e9 :\u00a0<strong>USB 2.0 Haute Vitesse, Gigabit Ethernet, Wi-Fi b\/g\/n, connexion directe sans fil<\/strong><\/li>\n<\/ul>\n<h4><a href=\"https:\/\/digistar.ma\/wp-content\/uploads\/2023\/07\/i-sensys-mf752cdw_i-sensys-mf754cdw_datasheet_fr_final_forweb_f96fb8d545334843be915ccda4eabb60.pdf\">FICHE TECHNIQUE DE Canon i-SENSYS MF752Cdw Imprimante Multifonction Laser Couleur<\/a><\/h4>\n<\/section>\n","protected":false},"excerpt":{"rendered":"<p>Impression, copie et num\u00e9risation<br \/>\nVitesse d&#8217;impression noir: 33 ppm<br \/>\nVitesse d&#8217;impression\u00a0couleur: 33 ppm<br \/>\nQualit\u00e9 d&#8217;impression couleur: Jusqu&#8217;\u00e0 1200 \u00d7 1200 ppp<br \/>\nVolume de pages mensuel recommand\u00e9: 750 \u00e0 4000 pages par mois<br \/>\nImpression recto\/verso: Automatique<br \/>\nFonctionne avec: 4 Cartouches ( Noir, Cyan, Magenta, Jaune)<br \/>\nConnectivit\u00e9: USB 2.0 Haute Vitesse, 10BASE-T\/100BASE-TX\/1000Base-T, 802.11b\/g\/n sans fil, connexion directe sans fil<\/p>\n","protected":false},"featured_media":6628,"comment_status":"open","ping_status":"closed","template":"","meta":{"_acf_changed":false,"_monsterinsights_skip_tracking":false,"_monsterinsights_sitenote_active":false,"_monsterinsights_sitenote_note":"","_monsterinsights_sitenote_category":0,"_uf_show_specific_survey":0,"_uf_disable_surveys":false,"_joinchat":[]},"product_brand":[],"product_cat":[15,253,268],"product_tag":[],"class_list":{"0":"post-6627","1":"product","2":"type-product","3":"status-publish","4":"has-post-thumbnail","6":"product_cat-imprimante-scanner","7":"product_cat-imprimante","8":"product_cat-multifonction-laser-couleur","10":"first","11":"instock","12":"sale","13":"shipping-taxable","14":"purchasable","15":"product-type-simple"},"acf":[],"jetpack_sharing_enabled":true,"_links":{"self":[{"href":"https:\/\/digistar.ma\/index.php?rest_route=\/wp\/v2\/product\/6627","targetHints":{"allow":["GET"]}}],"collection":[{"href":"https:\/\/digistar.ma\/index.php?rest_route=\/wp\/v2\/product"}],"about":[{"href":"https:\/\/digistar.ma\/index.php?rest_route=\/wp\/v2\/types\/product"}],"replies":[{"embeddable":true,"href":"https:\/\/digistar.ma\/index.php?rest_route=%2Fwp%2Fv2%2Fcomments&post=6627"}],"version-history":[{"count":2,"href":"https:\/\/digistar.ma\/index.php?rest_route=\/wp\/v2\/product\/6627\/revisions"}],"predecessor-version":[{"id":6634,"href":"https:\/\/digistar.ma\/index.php?rest_route=\/wp\/v2\/product\/6627\/revisions\/6634"}],"wp:featuredmedia":[{"embeddable":true,"href":"https:\/\/digistar.ma\/index.php?rest_route=\/wp\/v2\/media\/6628"}],"wp:attachment":[{"href":"https:\/\/digistar.ma\/index.php?rest_route=%2Fwp%2Fv2%2Fmedia&parent=6627"}],"wp:term":[{"taxonomy":"product_brand","embeddable":true,"href":"https:\/\/digistar.ma\/index.php?rest_route=%2Fwp%2Fv2%2Fproduct_brand&post=6627"},{"taxonomy":"product_cat","embeddable":true,"href":"https:\/\/digistar.ma\/index.php?rest_route=%2Fwp%2Fv2%2Fproduct_cat&post=6627"},{"taxonomy":"product_tag","embeddable":true,"href":"https:\/\/digistar.ma\/index.php?rest_route=%2Fwp%2Fv2%2Fproduct_tag&post=6627"}],"curies":[{"name":"wp","href":"https:\/\/api.w.org\/{rel}","templated":true}]}}