{"id":6658,"date":"2023-07-21T21:53:58","date_gmt":"2023-07-21T21:53:58","guid":{"rendered":"https:\/\/digistar.ma\/?post_type=product&#038;p=6658"},"modified":"2023-07-21T21:53:59","modified_gmt":"2023-07-21T21:53:59","slug":"hp-color-laserjet-pro-m479fnw-imprimante-multifonction-laser","status":"publish","type":"product","link":"https:\/\/digistar.ma\/?product=hp-color-laserjet-pro-m479fnw-imprimante-multifonction-laser","title":{"rendered":"HP Color LaserJet Pro M479fnw Imprimante Multifonction Laser"},"content":{"rendered":"<p><strong>HP Color LaserJet Pro M479fnw Imprimante Multifonction Laser<\/strong><\/p>\n<h4 class=\"h2-master\">Une imprimante couleur compl\u00e8te et professionnelle<\/h4>\n<section>R\u00e9alisez toutes vos t\u00e2ches quotidiennes avec l&#8217;imprimante\u00a0<strong>HP Color LaserJet Pro MFP M479fnw\u00a0<\/strong>! Id\u00e9ale pour les petites et moyennes entreprises, cette\u00a0<strong>imprimante laser couleur<\/strong>\u00a0est compacte et \u00e9conomique. Avec une r\u00e9solution d&#8217;impression de\u00a0<strong>600 x 600 ppp<\/strong>, une\u00a0<strong>vitesse d&#8217;impression de 27 ppm\u00a0<\/strong>et<strong>\u00a0<\/strong>l&#8217;impression\u00a0<strong>recto verso manuel<\/strong>, cette imprimante permet d&#8217;ex\u00e9cuter rapidement les t\u00e2ches avec un rendu de qualit\u00e9.\u00a0De plus, avec la connectivit\u00e9 avanc\u00e9e en\u00a0<strong>Gigabit Ethernet\u00a0<\/strong>et\u00a0<strong>Wi-Fi sans fil\u00a0<\/strong>vous pourrez imprimer rapidement depuis n&#8217;importe o\u00f9. Faites passer votre bureau \u00e0 la vitesse sup\u00e9rieure !<\/p>\n<\/section>\n<section>\n<div class=\"desc-image\"><img decoding=\"async\" src=\"https:\/\/media.ldlc.com\/bo\/images\/fiches\/imprimante\/hp\/mfp_m479dw\/hpbloc.jpg\" alt=\"\" \/><\/div>\n<div class=\"desc-text\">\n<h4>CON\u00c7UE POUR FACILITER LE QUOTIDIEN<\/h4>\n<p>Gr\u00e2ce aux\u00a0<strong>couleurs \u00e9clatantes<\/strong>\u00a0offertes par les imprimantes laser couleur professionnelles HP, vous pourrez cr\u00e9er des documents \u00e0 fort impact et visibles. Imprimez des\u00a0<strong>documents couleur de grande qualit\u00e9<\/strong>, page apr\u00e8s page, et effectuez des t\u00e2ches d\u2019impression en toute confiance gr\u00e2ce aux\u00a0<strong>fonctions de s\u00e9curit\u00e9 int\u00e9gr\u00e9es<\/strong>.<\/p>\n<p>Au quotidien, vous appr\u00e9cierez la\u00a0<strong>num\u00e9risation directe<\/strong>\u00a0vers SharePoint, vers des e-mails, une cl\u00e9 USB ou un dossier r\u00e9seau\u00a0ainsi que l&#8217;impression homog\u00e8ne sur des supports vari\u00e9s y compris au format A5. Toujours pr\u00eate \u00e0 vous servir, cette imprimante sort rapidement de l&#8217;\u00e9tat de veille et imprime plus rapidement votre premi\u00e8re page, en\u00a0<strong>11.3 secondes\u00a0<\/strong>seulement.<\/p>\n<\/div>\n<\/section>\n<section>\n<h4>CARACT\u00c9RISTIQUES PRINCIPALES :<\/h4>\n<ul>\n<li><strong>Imprimante laser\u00a0couleur professionnelle 4-en-1<\/strong><\/li>\n<li>Recto-verso manuel A4<\/li>\n<li>Fonctions de s\u00e9curit\u00e9 int\u00e9gr\u00e9es<\/li>\n<li>Num\u00e9risation vers SharePoint, e-mail, USB et vers dossiers r\u00e9seau<\/li>\n<li><strong>Multifonctions\u00a0 : impression, num\u00e9risation, copie, t\u00e9l\u00e9copie<\/strong><\/li>\n<li>Impression de qualit\u00e9 professionnelle rapide avec vitesse d\u2019impression de\u00a0<strong>27\u00a0ppm<\/strong><\/li>\n<li><strong>Num\u00e9risation recto-verso<\/strong><\/li>\n<li><strong>\u00c9cran couleur tactile de 10.9 cm<\/strong><\/li>\n<li>Volume de page mensuel recommand\u00e9\u00a0: jusqu&#8217;\u00e0 4 000 pages<\/li>\n<li>Connexions : USB 2.0, USB host, Gigabit Ethernet, Wi-Fi Dual Band, Bluetooth Low Energy<\/li>\n<li>4 toners \u00e9chantillons LaserJet pr\u00e9install\u00e9s (noir, cyan, magenta, jaune)<\/li>\n<li>Capacit\u00e9 du bac papier : bac universel de 50 feuilles, bac d&#8217;entr\u00e9e de 250 feuilles<\/li>\n<li>Dimensions : 416 x 461\u00a0x 400 mm<\/li>\n<\/ul>\n<h3><a href=\"https:\/\/digistar.ma\/wp-content\/uploads\/2023\/07\/HP-Color-LaserJet-Pro-M479-Imprimante-Multifonction-Laser-Series.pdf\">FICHE TECHNIQUE ICI<\/a><\/h3>\n<\/section>\n","protected":false},"excerpt":{"rendered":"<p>Impression, copie, scan, fax et e-mail<br \/>\nVitesse d&#8217;impression noir: 27 pages par minute (norme ISO)<br \/>\nVitesse d&#8217;impression couleur: 27 pages par minute (norme ISO)<br \/>\nQualit\u00e9 d&#8217;impression noire: Jusqu&#8217;\u00e0 38 400 x 600 ppp<br \/>\nQualit\u00e9 d&#8217;impression couleur: Jusqu&#8217;\u00e0 38 400 x \u00a0600 ppp<br \/>\nVolume de pages mensuel recommand\u00e9: 750 \u00e0 4000 pages<br \/>\nImpression recto\/verso: Manuelle (prise en charge des pilotes fournie)<br \/>\nFonctionne avec: HP 415A, HP 415X<br \/>\nConnectivit\u00e9: 1 Port USB 2.0 haut d\u00e9bit<br \/>\n1 Port h\u00f4te USB \u00e0 l&#8217;arri\u00e8re<br \/>\n1 Port sans fil 802.11b\/g\/n\/2.4\/5 GHz radio Wi-Fi<br \/>\nPort r\u00e9seau Gigabit Ethernet 10\/100\/1000 Base-TX int\u00e9gr\u00e9<\/p>\n","protected":false},"featured_media":6659,"comment_status":"open","ping_status":"closed","template":"","meta":{"_acf_changed":false,"_monsterinsights_skip_tracking":false,"_monsterinsights_sitenote_active":false,"_monsterinsights_sitenote_note":"","_monsterinsights_sitenote_category":0,"_uf_show_specific_survey":0,"_uf_disable_surveys":false,"_joinchat":[]},"product_brand":[],"product_cat":[15,253,268],"product_tag":[],"class_list":{"0":"post-6658","1":"product","2":"type-product","3":"status-publish","4":"has-post-thumbnail","6":"product_cat-imprimante-scanner","7":"product_cat-imprimante","8":"product_cat-multifonction-laser-couleur","10":"first","11":"instock","12":"sale","13":"shipping-taxable","14":"purchasable","15":"product-type-simple"},"acf":[],"jetpack_sharing_enabled":true,"_links":{"self":[{"href":"https:\/\/digistar.ma\/index.php?rest_route=\/wp\/v2\/product\/6658","targetHints":{"allow":["GET"]}}],"collection":[{"href":"https:\/\/digistar.ma\/index.php?rest_route=\/wp\/v2\/product"}],"about":[{"href":"https:\/\/digistar.ma\/index.php?rest_route=\/wp\/v2\/types\/product"}],"replies":[{"embeddable":true,"href":"https:\/\/digistar.ma\/index.php?rest_route=%2Fwp%2Fv2%2Fcomments&post=6658"}],"version-history":[{"count":1,"href":"https:\/\/digistar.ma\/index.php?rest_route=\/wp\/v2\/product\/6658\/revisions"}],"predecessor-version":[{"id":6663,"href":"https:\/\/digistar.ma\/index.php?rest_route=\/wp\/v2\/product\/6658\/revisions\/6663"}],"wp:featuredmedia":[{"embeddable":true,"href":"https:\/\/digistar.ma\/index.php?rest_route=\/wp\/v2\/media\/6659"}],"wp:attachment":[{"href":"https:\/\/digistar.ma\/index.php?rest_route=%2Fwp%2Fv2%2Fmedia&parent=6658"}],"wp:term":[{"taxonomy":"product_brand","embeddable":true,"href":"https:\/\/digistar.ma\/index.php?rest_route=%2Fwp%2Fv2%2Fproduct_brand&post=6658"},{"taxonomy":"product_cat","embeddable":true,"href":"https:\/\/digistar.ma\/index.php?rest_route=%2Fwp%2Fv2%2Fproduct_cat&post=6658"},{"taxonomy":"product_tag","embeddable":true,"href":"https:\/\/digistar.ma\/index.php?rest_route=%2Fwp%2Fv2%2Fproduct_tag&post=6658"}],"curies":[{"name":"wp","href":"https:\/\/api.w.org\/{rel}","templated":true}]}}