{"id":6687,"date":"2023-07-21T23:38:10","date_gmt":"2023-07-21T23:38:10","guid":{"rendered":"https:\/\/digistar.ma\/?post_type=product&#038;p=6687"},"modified":"2023-07-21T23:38:10","modified_gmt":"2023-07-21T23:38:10","slug":"imprimante-a3-plus-canon-imageprograf-pro-300","status":"publish","type":"product","link":"https:\/\/digistar.ma\/?product=imprimante-a3-plus-canon-imageprograf-pro-300","title":{"rendered":"Imprimante A3 Plus Canon imagePROGRAF PRO-300"},"content":{"rendered":"<p><strong>Imprimante A3 Plus Canon imagePROGRAF PRO-300<\/strong><\/p>\n<p>La technologie d&#8217;impression imagePROGRAF\u00a0PRO, associ\u00e9e \u00e0 un logiciel de qualit\u00e9, garantit un flux d&#8217;impression efficace et pr\u00e9cis. \u00c0 chaque impression.<\/p>\n<h4 class=\"pl-h1 pl-h1--alt pl-push pl-push--mobile--smallest pl-push--tablet--smallest pl-push--desktop--smallest\">LA PERFECTION \u00c0 CHAQUE IMPRESSION.<\/h4>\n<p class=\"pl-text pl-text--medium\">Donnez une nouvelle dimension \u00e0 vos impressions gr\u00e2ce \u00e0 Imprimante A3 Plus Canon imagePROGRAF PRO-300 extr\u00eamement compacte, dot\u00e9e de toutes les qualit\u00e9s de la gamme imagePROGRAF PRO, qui vous permet d&#8217;obtenir des tirages de qualit\u00e9 exceptionnelle.<\/p>\n<h4>Impression de qualit\u00e9 professionnelle sans changement d&#8217;encre<\/h4>\n<p>Nul besoin de changer d&#8217;encre\u00a0: obtenez des r\u00e9sultats professionnels sur une grande vari\u00e9t\u00e9 de supports jusqu&#8217;au format\u00a0A3+ en un temps record.<\/p>\n<h4>Imprimez sans marge sur une grande vari\u00e9t\u00e9 de supports<\/h4>\n<p>R\u00e9alisez des impressions sans marge sur des papiers glac\u00e9s ou beaux-arts et imprimez des images panoramiques dans des formats personnalis\u00e9es jusqu&#8217;\u00e0 990,60\u00a0mm.<\/p>\n<h4>Gamme de couleurs am\u00e9lior\u00e9e pour une profondeur plus intense<\/h4>\n<p>Gr\u00e2ce \u00e0 10\u00a0encres pigment\u00e9es LUCIA\u00a0PRO, l&#8217;imprimante produit des couleurs exceptionnelles et utilise une encre d\u00e9di\u00e9e Chroma\u00a0Optimizer pour r\u00e9duire l&#8217;effet de m\u00e9tam\u00e9risme et offrir des tons pr\u00e9cis.<\/p>\n<h4>\u00c9cran LCD couleur de 7,5\u00a0cm<\/h4>\n<p>Naviguez rapidement dans les menus de Imprimante A3 Plus Canon imagePROGRAF PRO-300 avec un \u00e9cran clair et lumineux qui permet de visualiser instantan\u00e9ment les fonctions de l&#8217;imprimante, les niveaux d&#8217;encre et les param\u00e8tres papier.<\/p>\n<h4><a href=\"https:\/\/www.canon.fr\/printers\/professional-photo-printers\/a3-printers\/imageprograf-pro-300\/specifications\/\" target=\"_blank\" rel=\"noopener\"><strong>FICHE TECHNIQUE ICI<\/strong><\/a><\/h4>\n","protected":false},"excerpt":{"rendered":"<p>Vitesse d&#8217;impression noir: PT-101 : environ 4 min 15 s<br \/>\nVitesse d&#8217;impression couleur: PT-101 : environ 4 min 15 s<br \/>\nQualit\u00e9 d&#8217;impression noire: 4800 x 2400 ppp<br \/>\nQualit\u00e9 d&#8217;impression couleur: 4800 x\u00a02400 ppp<br \/>\nImpression recto\/verso: Manuelle<br \/>\nFonctionne avec: 10 R\u00e9servoirs : 9 couleurs (Jaune, Magenta, Cyan, Rouge, Photo cyan, Photo magenta, Gris, Noir photo, Noir mat) + Chroma Optimizer<br \/>\nConnectivit\u00e9: 1 Port USB B, Wifi<\/p>\n","protected":false},"featured_media":6688,"comment_status":"open","ping_status":"closed","template":"","meta":{"_acf_changed":false,"_monsterinsights_skip_tracking":false,"_monsterinsights_sitenote_active":false,"_monsterinsights_sitenote_note":"","_monsterinsights_sitenote_category":0,"_uf_show_specific_survey":0,"_uf_disable_surveys":false,"_joinchat":[]},"product_brand":[],"product_cat":[15,253,269],"product_tag":[],"class_list":{"0":"post-6687","1":"product","2":"type-product","3":"status-publish","4":"has-post-thumbnail","6":"product_cat-imprimante-scanner","7":"product_cat-imprimante","8":"product_cat-imprimante-jet-dencre","10":"first","11":"instock","12":"sale","13":"shipping-taxable","14":"purchasable","15":"product-type-simple"},"acf":[],"jetpack_sharing_enabled":true,"_links":{"self":[{"href":"https:\/\/digistar.ma\/index.php?rest_route=\/wp\/v2\/product\/6687","targetHints":{"allow":["GET"]}}],"collection":[{"href":"https:\/\/digistar.ma\/index.php?rest_route=\/wp\/v2\/product"}],"about":[{"href":"https:\/\/digistar.ma\/index.php?rest_route=\/wp\/v2\/types\/product"}],"replies":[{"embeddable":true,"href":"https:\/\/digistar.ma\/index.php?rest_route=%2Fwp%2Fv2%2Fcomments&post=6687"}],"version-history":[{"count":1,"href":"https:\/\/digistar.ma\/index.php?rest_route=\/wp\/v2\/product\/6687\/revisions"}],"predecessor-version":[{"id":6694,"href":"https:\/\/digistar.ma\/index.php?rest_route=\/wp\/v2\/product\/6687\/revisions\/6694"}],"wp:featuredmedia":[{"embeddable":true,"href":"https:\/\/digistar.ma\/index.php?rest_route=\/wp\/v2\/media\/6688"}],"wp:attachment":[{"href":"https:\/\/digistar.ma\/index.php?rest_route=%2Fwp%2Fv2%2Fmedia&parent=6687"}],"wp:term":[{"taxonomy":"product_brand","embeddable":true,"href":"https:\/\/digistar.ma\/index.php?rest_route=%2Fwp%2Fv2%2Fproduct_brand&post=6687"},{"taxonomy":"product_cat","embeddable":true,"href":"https:\/\/digistar.ma\/index.php?rest_route=%2Fwp%2Fv2%2Fproduct_cat&post=6687"},{"taxonomy":"product_tag","embeddable":true,"href":"https:\/\/digistar.ma\/index.php?rest_route=%2Fwp%2Fv2%2Fproduct_tag&post=6687"}],"curies":[{"name":"wp","href":"https:\/\/api.w.org\/{rel}","templated":true}]}}