{"id":6695,"date":"2023-07-22T00:02:59","date_gmt":"2023-07-22T00:02:59","guid":{"rendered":"https:\/\/digistar.ma\/?post_type=product&#038;p=6695"},"modified":"2024-11-25T14:15:22","modified_gmt":"2024-11-25T14:15:22","slug":"hp-officejet-202-imprimante-jet-dencre-portable","status":"publish","type":"product","link":"https:\/\/digistar.ma\/?product=hp-officejet-202-imprimante-jet-dencre-portable","title":{"rendered":"HP OfficeJet 202 Imprimante Jet d&#8217;encre Portable"},"content":{"rendered":"<p><strong>HP OfficeJet 202 Imprimante Jet d&#8217;encre Portable\u00a0<\/strong><\/p>\n<p>Connectez votre bureau au monde entier avec une impression portable puissante, sans aucun\u00a0<span class=\"m-text-nowrap\">r\u00e9seau.<\/span>\u00a0Cette imprimante rapide et silencieuse offre plus de pages par cartouche et dispose d&#8217;une batterie offrant une grande\u00a0<span class=\"m-text-nowrap\">autonomie.<\/span><\/p>\n<h3 class=\"h2 c-split-module__title\">Une impression portable ais\u00e9e partout o\u00f9 vous en avez besoin<\/h3>\n<p class=\"h4 c-split-module__description\">Imprimez partout, \u00e0 tout moment. Cette HP OfficeJet 202 Imprimante Jet d&#8217;encre Portable compacte s&#8217;ins\u00e8re dans une mallette ou un sac \u00e0 dos et s&#8217;installe en un clin d&#8217;\u0153il. Imprimez \u00e0 partir de votre ordinateur portable, smartphone ou votre tablette sans vous connecter \u00e0 un <span class=\"m-text-nowrap\">r\u00e9seau.<\/span><\/p>\n<div class=\"c-split-module__image\">\n<div class=\"c-image-container hp-image-1f8a-9b5d with-ratio\"><img decoding=\"async\" class=\"inner-image\" src=\"https:\/\/ssl-product-images.www8-hp.com\/digmedialib\/prodimg\/lowres\/c05045679.png\" alt=\"HP OfficeJet 200 Mobile Printer, Left facing, open, with output\" data-wec-listener-initialized=\"true\" \/><\/div>\n<\/div>\n<div class=\"c-split-module__text\">\n<h3 class=\"h2 c-split-module__title\">Montrez la voie avec l&#8217;impression mobile rapide et facile<\/h3>\n<p class=\"h4 c-split-module__description\">Obtenez des performances exceptionnelles avec des vitesses d&#8217;impression mobile rapides et des cartouches qui vous permettent d&#8217;imprimer plus de pages que les autres cartouches de sa\u00a0<span class=\"m-text-nowrap\">cat\u00e9gorie. <\/span>\u00a0R\u00e9duisez les interruptions avec moins de remplacements de consommables et profitez d&#8217;une autonomie de batterie imbattable.<\/p>\n<h3 class=\"h2 c-split-module__title\">Qualit\u00e9 et fiabilit\u00e9 HP de haut niveau<\/h3>\n<p class=\"h4 c-split-module__description\">Vous pouvez compter sur le design inspir\u00e9 et la qualit\u00e9 durable de la part d&#8217;un leader du domaine de l&#8217;impression. Options d&#8217;alimentation flexibles qui vous permettent de charger dans la voiture, au bureau et \u00e0 la maison. Une performance silencieuse qui r\u00e9duit les interruptions pendant que les encres con\u00e7ues HP produisent des documents \u00e9conomiques de haute qualit\u00e9.<\/p>\n<\/div>\n<h4><a href=\"https:\/\/www.hp.com\/emea_africa-fr\/products\/printers\/product-details\/product-specifications\/9243283\" target=\"_blank\" rel=\"noopener\">FICHE TECHNIQUE ICI<\/a><\/h4>\n","protected":false},"excerpt":{"rendered":"<p>Vitesse d&#8217;impression noir: 20 pages\/min (10 pages\/min en norme ISO) (sur batterie : 9 pages\/min (ISO))<br \/>\nVitesse d&#8217;impression couleur: 19 pages\/min (7 pages\/min en norme ISO) (sur batterie : 6 pages\/min (ISO))<br \/>\nQualit\u00e9 d&#8217;impression noire: Jusqu&#8217;\u00e0 1200 x 1200 DPI (ppp) rendus<br \/>\nQualit\u00e9 d&#8217;impression couleur: Jusqu&#8217;\u00e0 4800 x 1200 DPI (ppp) optimis\u00e9s<br \/>\nVolume de pages mensuel recommand\u00e9: 100 \u00e0 300 pages\/mois<br \/>\nImpression recto\/verso: Manuelle<br \/>\nFonctionne avec: 2 Cartouches (1 noir, 1 couleur : cyan, magenta, jaune)<br \/>\nConnectivit\u00e9: 1 port\u00a0USB 2.0, Wi-Fi 802.11b\/g\/n<br \/>\nEncres fournies avec l&#8217;imprimante: HP 651 Cartouche d&#8217;encre de d\u00e9marrage noir (env. 600 pages) + HP 651 Cartouche d&#8217;encre de d\u00e9marrage trois couleurs (env. 300 pages);<\/p>\n","protected":false},"featured_media":6696,"comment_status":"open","ping_status":"closed","template":"","meta":{"_acf_changed":false,"_monsterinsights_skip_tracking":false,"_monsterinsights_sitenote_active":false,"_monsterinsights_sitenote_note":"","_monsterinsights_sitenote_category":0,"_uf_show_specific_survey":0,"_uf_disable_surveys":false,"_joinchat":[]},"product_brand":[],"product_cat":[15,253,269],"product_tag":[],"class_list":{"0":"post-6695","1":"product","2":"type-product","3":"status-publish","4":"has-post-thumbnail","6":"product_cat-imprimante-scanner","7":"product_cat-imprimante","8":"product_cat-imprimante-jet-dencre","10":"first","11":"onbackorder","12":"sale","13":"shipping-taxable","14":"purchasable","15":"product-type-simple"},"acf":[],"jetpack_sharing_enabled":true,"_links":{"self":[{"href":"https:\/\/digistar.ma\/index.php?rest_route=\/wp\/v2\/product\/6695","targetHints":{"allow":["GET"]}}],"collection":[{"href":"https:\/\/digistar.ma\/index.php?rest_route=\/wp\/v2\/product"}],"about":[{"href":"https:\/\/digistar.ma\/index.php?rest_route=\/wp\/v2\/types\/product"}],"replies":[{"embeddable":true,"href":"https:\/\/digistar.ma\/index.php?rest_route=%2Fwp%2Fv2%2Fcomments&post=6695"}],"version-history":[{"count":3,"href":"https:\/\/digistar.ma\/index.php?rest_route=\/wp\/v2\/product\/6695\/revisions"}],"predecessor-version":[{"id":6703,"href":"https:\/\/digistar.ma\/index.php?rest_route=\/wp\/v2\/product\/6695\/revisions\/6703"}],"wp:featuredmedia":[{"embeddable":true,"href":"https:\/\/digistar.ma\/index.php?rest_route=\/wp\/v2\/media\/6696"}],"wp:attachment":[{"href":"https:\/\/digistar.ma\/index.php?rest_route=%2Fwp%2Fv2%2Fmedia&parent=6695"}],"wp:term":[{"taxonomy":"product_brand","embeddable":true,"href":"https:\/\/digistar.ma\/index.php?rest_route=%2Fwp%2Fv2%2Fproduct_brand&post=6695"},{"taxonomy":"product_cat","embeddable":true,"href":"https:\/\/digistar.ma\/index.php?rest_route=%2Fwp%2Fv2%2Fproduct_cat&post=6695"},{"taxonomy":"product_tag","embeddable":true,"href":"https:\/\/digistar.ma\/index.php?rest_route=%2Fwp%2Fv2%2Fproduct_tag&post=6695"}],"curies":[{"name":"wp","href":"https:\/\/api.w.org\/{rel}","templated":true}]}}