{"id":6715,"date":"2023-07-22T00:53:08","date_gmt":"2023-07-22T00:53:08","guid":{"rendered":"https:\/\/digistar.ma\/?post_type=product&#038;p=6715"},"modified":"2023-07-22T00:54:03","modified_gmt":"2023-07-22T00:54:03","slug":"hp-laserjet-m211dw-imprimante-laser-monochrome","status":"publish","type":"product","link":"https:\/\/digistar.ma\/?product=hp-laserjet-m211dw-imprimante-laser-monochrome","title":{"rendered":"HP LaserJet M211dw Imprimante Laser Monochrome"},"content":{"rendered":"<p><strong>HP LaserJet M211dw Imprimante Laser Monochrome<\/strong><\/p>\n<p>Une imprimante laser monochrome compacte et haute productivit\u00e9 avec l\u2019impression recto-verso la plus rapide de sa cat\u00e9gorie\u00a0<span class=\"m-text-nowrap\">HP <\/span>et l\u2019application HP Smart qui vous fait gagner du\u00a0<span class=\"m-text-nowrap\">temps. <\/span>\u00a0Appuyez-vous sur des connexions plus fiables et une exp\u00e9rience sans\u00a0<span class=\"m-text-nowrap\">souci <\/span>\u00a0et b\u00e9n\u00e9ficiez de la l\u00e9gendaire qualit\u00e9 HP.<\/p>\n<div class=\"c-split-module__image\">\n<div class=\"c-image-container hp-image-b412-fd6d with-ratio\"><img decoding=\"async\" class=\"inner-image\" src=\"https:\/\/ssl-product-images.www8-hp.com\/digmedialib\/prodimg\/lowres\/c07059433.png\" alt=\"HP LaserJet M211dw (Light Basalt) front facing\" \/><\/div>\n<\/div>\n<div class=\"c-split-module__text\">\n<h3 class=\"h2 c-split-module__title\">Travaillez rapidement. Travaillez intelligemment.<\/h3>\n<p class=\"h4 c-split-module__description\">Optimisez la productivit\u00e9 avec la rapidit\u00e9 d\u2019impression\u00a0<span class=\"m-text-nowrap\">recto-verso <\/span>\u00a0et la connectivit\u00e9 Wi-Fi\u2122 \u00e0 r\u00e9initialisation\u00a0<span class=\"m-text-nowrap\">automatique,<\/span>\u00a0r\u00e9unies dans une seule imprimante laser compacte.<\/p>\n<h3 class=\"h2 c-split-module__title\">Rester productif quel que soit l&#8217;endroit<\/h3>\n<p class=\"h4 c-split-module__description\">B\u00e9n\u00e9ficiez d\u2019une num\u00e9risation de haute qualit\u00e9 \u00e0 partir de votre t\u00e9l\u00e9phone &#8211; HP- vous pouvez \u00e9galement imprimer et gagner du temps avec des raccourcis, gr\u00e2ce \u00e0 l\u2019application HP Smart, la meilleure de sa cat\u00e9gorie\u00a0<span class=\"m-text-nowrap\">HP avec HP LaserJet M211dw Imprimante Laser Monochrome .\u00a0<\/span><\/p>\n<h3 class=\"h2 c-split-module__title\">Facile \u00e0 utiliser et \u00e0 configurer<\/h3>\n<p class=\"h4 c-split-module__description\">Achevez ais\u00e9ment vos projets avec une configuration transparente ainsi que des boutons et un \u00e9clairage intelligents con\u00e7us pour une exp\u00e9rience intuitive.<\/p>\n<h4 class=\"c-column-module-feature__title h4\">Impression recto-verso automatique la plus rapide de sa cat\u00e9gorie<\/h4>\n<div class=\"c-column-module-feature__description h5\">\n<p>Encha\u00eenez les documents de plusieurs pages avec l\u2019impression recto- HP-verso la plus rapide de sa cat\u00e9gorie\u00a0<span class=\"m-text-nowrap\">HP.<\/span><\/p>\n<h4 class=\"c-column-module-feature__title h4\">La fiabilit\u00e9 de votre connexion<\/h4>\n<div class=\"c-column-module-feature__description h5\">\n<p>Profitez d&#8217;une meilleure port\u00e9e et de connexions plus rapides et plus fiables gr\u00e2ce au Wi-Fi\u2122 bi-bande avec r\u00e9initialisation\u00a0<span class=\"m-text-nowrap\">automatique.<\/span><\/p>\n<\/div>\n<\/div>\n<\/div>\n","protected":false},"excerpt":{"rendered":"<p>Vitesse d&#8217;impression noir: 29 pages par minute (norme ISO)<br \/>\nQualit\u00e9 d&#8217;impression noire: Jusqu&#8217;\u00e0 600 x 600\u00a0ppp<br \/>\nVolume de\u00a0pages mensuel recommand\u00e9: 200 \u00e0 2 000<br \/>\nImpression recto\/verso: Automatique (standard)<br \/>\nFonctionne avec: 1 Cartouche de toner (noir)<br \/>\nConnectivit\u00e9: 1\u00a0port USB haut d\u00e9bit 2.0\u00a0; 1\u00a0port Fast Ethernet 10\/100Base-TX; 1\u00a0sans-fil bi-bande (2,4\/5,0\u00a0GHz) 802.11 b\/g\/n avec Bluetooth\u00ae Low Energy<\/p>\n","protected":false},"featured_media":6716,"comment_status":"open","ping_status":"closed","template":"","meta":{"_acf_changed":false,"_monsterinsights_skip_tracking":false,"_monsterinsights_sitenote_active":false,"_monsterinsights_sitenote_note":"","_monsterinsights_sitenote_category":0,"_uf_show_specific_survey":0,"_uf_disable_surveys":false,"_joinchat":[]},"product_brand":[],"product_cat":[15,253,270],"product_tag":[],"class_list":{"0":"post-6715","1":"product","2":"type-product","3":"status-publish","4":"has-post-thumbnail","6":"product_cat-imprimante-scanner","7":"product_cat-imprimante","8":"product_cat-imprimante-laser-monochrome","10":"first","11":"instock","12":"sale","13":"shipping-taxable","14":"purchasable","15":"product-type-simple"},"acf":[],"jetpack_sharing_enabled":true,"_links":{"self":[{"href":"https:\/\/digistar.ma\/index.php?rest_route=\/wp\/v2\/product\/6715","targetHints":{"allow":["GET"]}}],"collection":[{"href":"https:\/\/digistar.ma\/index.php?rest_route=\/wp\/v2\/product"}],"about":[{"href":"https:\/\/digistar.ma\/index.php?rest_route=\/wp\/v2\/types\/product"}],"replies":[{"embeddable":true,"href":"https:\/\/digistar.ma\/index.php?rest_route=%2Fwp%2Fv2%2Fcomments&post=6715"}],"version-history":[{"count":1,"href":"https:\/\/digistar.ma\/index.php?rest_route=\/wp\/v2\/product\/6715\/revisions"}],"predecessor-version":[{"id":6719,"href":"https:\/\/digistar.ma\/index.php?rest_route=\/wp\/v2\/product\/6715\/revisions\/6719"}],"wp:featuredmedia":[{"embeddable":true,"href":"https:\/\/digistar.ma\/index.php?rest_route=\/wp\/v2\/media\/6716"}],"wp:attachment":[{"href":"https:\/\/digistar.ma\/index.php?rest_route=%2Fwp%2Fv2%2Fmedia&parent=6715"}],"wp:term":[{"taxonomy":"product_brand","embeddable":true,"href":"https:\/\/digistar.ma\/index.php?rest_route=%2Fwp%2Fv2%2Fproduct_brand&post=6715"},{"taxonomy":"product_cat","embeddable":true,"href":"https:\/\/digistar.ma\/index.php?rest_route=%2Fwp%2Fv2%2Fproduct_cat&post=6715"},{"taxonomy":"product_tag","embeddable":true,"href":"https:\/\/digistar.ma\/index.php?rest_route=%2Fwp%2Fv2%2Fproduct_tag&post=6715"}],"curies":[{"name":"wp","href":"https:\/\/api.w.org\/{rel}","templated":true}]}}