{"id":6720,"date":"2023-07-22T01:15:15","date_gmt":"2023-07-22T01:15:15","guid":{"rendered":"https:\/\/digistar.ma\/?post_type=product&#038;p=6720"},"modified":"2023-07-22T01:16:35","modified_gmt":"2023-07-22T01:16:35","slug":"imprimante-laser-monochrome-hp-laserjet-m111a","status":"publish","type":"product","link":"https:\/\/digistar.ma\/?product=imprimante-laser-monochrome-hp-laserjet-m111a","title":{"rendered":"Imprimante Laser Monochrome HP LaserJet M111a"},"content":{"rendered":"<p><strong>Imprimante Laser Monochrome HP LaserJet M111a<\/strong><\/p>\n<p>La plus petite imprimante LaserJet HP Excellentes performances avec la plus petite imprimante laser HP.<br \/>\nTravaillez sans devoir attendre votre imprimante. Optimisez votre disponibilit\u00e9 avec une vitesse d&#8217;impression allant jusqu&#8217;\u00e0 20 ppm au format A4. Un design intelligent et \u00e9l\u00e9gant, pour une utilisation simple et intuitive.<\/p>\n<p>Imprimante Laser Monochrome HP LaserJet M111a de haute qualit\u00e9 et efficace adapt\u00e9e \u00e0 votre espace et votre budget. B\u00e9n\u00e9ficiez d\u2019une impression rapide avec la plus petite imprimante laser HP, et gagnez du temps avec l\u2019application HP Smart.<br \/>\nVous pouvez compter sur une impression laser de qualit\u00e9 professionnelle et une configuration simple.<\/p>\n<p><strong>Qualit\u00e9 et confort dignes de confiance<\/strong><\/p>\n<p>B\u00e9n\u00e9ficiez d&#8217;une impression toujours d\u2019excellente qualit\u00e9 avec une petite imprimante laser, en utilisant les cartouches de toner HP LaserJet. Configuration facile avec l\u2019application HP Smart. Elle vous guide \u00e9tape par \u00e9tape pour vous connecter sans faille depuis n&#8217;importe quel appareil. Connectez-vous et commencez \u00e0 imprimer. Connectez facilement votre Imprimante Laser Monochrome HP LaserJet M111a \u00e0 votre ordinateur gr\u00e2ce au port USB int\u00e9gr\u00e9. Commencez \u00e0 imprimer instantan\u00e9ment. Les LED simples \u00e0 boutons vous permettent de r\u00e9aliser vos projets rapidement et facilement<\/p>\n<p><strong>CARACTERISTIQUES DE Imprimante Laser Monochrome HP LaserJet M111a<\/strong><\/p>\n<p>Vitesse d\u2019impression noir: 20 pages par minute (norme ISO)<br \/>\nQualit\u00e9 d\u2019impression noire: Jusqu\u2019\u00e0 600 x 600\u00a0ppp<br \/>\nVolume de pages mensuel recommand\u00e9: 100 \u00e0 1000 pages\/mois<br \/>\nImpression recto\/verso: Non<br \/>\nFonctionne avec: 1 (noir)<br \/>\nConnectivit\u00e9: 1 port USB haut d\u00e9bit (compatible USB 2.0)<br \/>\nEncres fournies avec l\u2019imprimante: Toner HP LaserJet noir (rendement : 500 pages)<\/p>\n","protected":false},"excerpt":{"rendered":"<p>Vitesse d&#8217;impression noir: 20 pages par minute (norme ISO)<br \/>\nQualit\u00e9 d&#8217;impression noire: Jusqu&#8217;\u00e0 600 x 600\u00a0ppp<br \/>\nVolume de pages mensuel recommand\u00e9: 100 \u00e0 1000 pages\/mois<br \/>\nImpression recto\/verso: Non<br \/>\nFonctionne avec: 1 (noir)<br \/>\nConnectivit\u00e9: 1 port USB haut d\u00e9bit (compatible USB 2.0)<br \/>\nEncres fournies \u00a0avec l&#8217;imprimante: Toner HP LaserJet noir (rendement : 500 pages)<\/p>\n","protected":false},"featured_media":6721,"comment_status":"open","ping_status":"closed","template":"","meta":{"_acf_changed":false,"_monsterinsights_skip_tracking":false,"_monsterinsights_sitenote_active":false,"_monsterinsights_sitenote_note":"","_monsterinsights_sitenote_category":0,"_uf_show_specific_survey":0,"_uf_disable_surveys":false,"_joinchat":[]},"product_brand":[],"product_cat":[15,253,270,290],"product_tag":[],"class_list":{"0":"post-6720","1":"product","2":"type-product","3":"status-publish","4":"has-post-thumbnail","6":"product_cat-imprimante-scanner","7":"product_cat-imprimante","8":"product_cat-imprimante-laser-monochrome","9":"product_cat-meilleures-ventes","11":"first","12":"instock","13":"sale","14":"shipping-taxable","15":"purchasable","16":"product-type-simple"},"acf":[],"jetpack_sharing_enabled":true,"_links":{"self":[{"href":"https:\/\/digistar.ma\/index.php?rest_route=\/wp\/v2\/product\/6720","targetHints":{"allow":["GET"]}}],"collection":[{"href":"https:\/\/digistar.ma\/index.php?rest_route=\/wp\/v2\/product"}],"about":[{"href":"https:\/\/digistar.ma\/index.php?rest_route=\/wp\/v2\/types\/product"}],"replies":[{"embeddable":true,"href":"https:\/\/digistar.ma\/index.php?rest_route=%2Fwp%2Fv2%2Fcomments&post=6720"}],"version-history":[{"count":1,"href":"https:\/\/digistar.ma\/index.php?rest_route=\/wp\/v2\/product\/6720\/revisions"}],"predecessor-version":[{"id":6725,"href":"https:\/\/digistar.ma\/index.php?rest_route=\/wp\/v2\/product\/6720\/revisions\/6725"}],"wp:featuredmedia":[{"embeddable":true,"href":"https:\/\/digistar.ma\/index.php?rest_route=\/wp\/v2\/media\/6721"}],"wp:attachment":[{"href":"https:\/\/digistar.ma\/index.php?rest_route=%2Fwp%2Fv2%2Fmedia&parent=6720"}],"wp:term":[{"taxonomy":"product_brand","embeddable":true,"href":"https:\/\/digistar.ma\/index.php?rest_route=%2Fwp%2Fv2%2Fproduct_brand&post=6720"},{"taxonomy":"product_cat","embeddable":true,"href":"https:\/\/digistar.ma\/index.php?rest_route=%2Fwp%2Fv2%2Fproduct_cat&post=6720"},{"taxonomy":"product_tag","embeddable":true,"href":"https:\/\/digistar.ma\/index.php?rest_route=%2Fwp%2Fv2%2Fproduct_tag&post=6720"}],"curies":[{"name":"wp","href":"https:\/\/api.w.org\/{rel}","templated":true}]}}