{"id":6728,"date":"2023-07-22T23:34:47","date_gmt":"2023-07-22T23:34:47","guid":{"rendered":"https:\/\/digistar.ma\/?post_type=product&#038;p=6728"},"modified":"2023-07-22T23:34:47","modified_gmt":"2023-07-22T23:34:47","slug":"imprimante-laser-monochrome-hp-laserjet-m211d","status":"publish","type":"product","link":"https:\/\/digistar.ma\/?product=imprimante-laser-monochrome-hp-laserjet-m211d","title":{"rendered":"Imprimante Laser Monochrome HP LaserJet M211d"},"content":{"rendered":"<h4>Imprimante Laser Monochrome HP LaserJet M211d<\/h4>\n<p><span>Une imprimante laser compacte \u00e0 haute productivit\u00e9 avec l&#8217;impression recto verso la plus rapide de sa\u00a0<\/span><span class=\"m-text-nowrap\"><span>cat\u00e9gorie.<\/span> <\/span><span>B\u00e9n\u00e9ficiez d&#8217;une configuration simple avec l&#8217;\u00a0<\/span><span class=\"m-text-nowrap\"><span>application HP Smart qui permet de gagner du temps,<\/span> <\/span><span>une s\u00e9curit\u00e9 renforc\u00e9e et des commandes intuitives.<\/span><\/p>\n<h4>Augmentez la productivit\u00e9 d\u2019une imprimante laser compacte \u2013 obtenez l\u2019impression recto verso la plus rapide de sa cat\u00e9gorie.<\/h4>\n<p>Acc\u00e9l\u00e9rez les documents multipages avec la vitesse d\u2019impression recto verso la plus rapide de sa cat\u00e9gorie.1<\/p>\n<h4>Avec l\u2019application HP Smart, b\u00e9n\u00e9ficiez d\u2019une configuration transparente depuis votre bureau et gagnez du temps avec les raccourcis.<\/h4>\n<p>D\u00e9marrez rapidement gr\u00e2ce \u00e0 une configuration simple qui vous guide \u00e9tape par \u00e9tape. T\u00e9l\u00e9chargez simplement l\u2019application HP Smart, connectez un r\u00e9seau et partagez votre imprimante sur tous vos appareils.<\/p>\n<h4>Comptez sur une qualit\u00e9 laser impressionnante et r\u00e9alisez facilement des projets avec des boutons \u00e0 guidage intelligent pour une exp\u00e9rience intuitive.<\/h4>\n<p>Ce laser \u00e9tonnamment petit offre une qualit\u00e9 exceptionnelle, page apr\u00e8s page.<\/p>\n<h4>Caract\u00e9ristiques de\u00a0 HP LaserJet M211d Imprimante Laser Monochrome<\/h4>\n<p>Vitesse d\u2019impression noir: 29 pages par minute (norme ISO)<br \/>\nQualit\u00e9 d\u2019impression noire: Jusqu\u2019\u00e0 600 x 600\u00a0ppp<br \/>\nVolume de pages mensuel recommand\u00e9: 200 \u00e0 2 000<br \/>\nImpression recto\/verso: Automatique (standard)<br \/>\nFonctionne avec: 1 Cartouche de toner (noir)<br \/>\nConnectivit\u00e9: 1 port USB 2.0 haut d\u00e9bit<\/p>\n","protected":false},"excerpt":{"rendered":"<p>Vitesse d&#8217;impression noir: 29 pages par minute (norme ISO)<br \/>\nQualit\u00e9 d&#8217;impression noire: Jusqu&#8217;\u00e0 600 x 600\u00a0ppp<br \/>\nVolume de pages mensuel recommand\u00e9: 200 \u00e0 2 000<br \/>\nImpression recto\/verso: Automatique (standard)<br \/>\nFonctionne avec: 1 Cartouche de toner (noir)<br \/>\nConnectivit\u00e9: 1 port USB 2.0 haut d\u00e9bit<\/p>\n","protected":false},"featured_media":6729,"comment_status":"open","ping_status":"closed","template":"","meta":{"_acf_changed":false,"_monsterinsights_skip_tracking":false,"_monsterinsights_sitenote_active":false,"_monsterinsights_sitenote_note":"","_monsterinsights_sitenote_category":0,"_uf_show_specific_survey":0,"_uf_disable_surveys":false,"_joinchat":[]},"product_brand":[],"product_cat":[15,253,270],"product_tag":[],"class_list":{"0":"post-6728","1":"product","2":"type-product","3":"status-publish","4":"has-post-thumbnail","6":"product_cat-imprimante-scanner","7":"product_cat-imprimante","8":"product_cat-imprimante-laser-monochrome","10":"first","11":"instock","12":"sale","13":"shipping-taxable","14":"purchasable","15":"product-type-simple"},"acf":[],"jetpack_sharing_enabled":true,"_links":{"self":[{"href":"https:\/\/digistar.ma\/index.php?rest_route=\/wp\/v2\/product\/6728","targetHints":{"allow":["GET"]}}],"collection":[{"href":"https:\/\/digistar.ma\/index.php?rest_route=\/wp\/v2\/product"}],"about":[{"href":"https:\/\/digistar.ma\/index.php?rest_route=\/wp\/v2\/types\/product"}],"replies":[{"embeddable":true,"href":"https:\/\/digistar.ma\/index.php?rest_route=%2Fwp%2Fv2%2Fcomments&post=6728"}],"version-history":[{"count":1,"href":"https:\/\/digistar.ma\/index.php?rest_route=\/wp\/v2\/product\/6728\/revisions"}],"predecessor-version":[{"id":6734,"href":"https:\/\/digistar.ma\/index.php?rest_route=\/wp\/v2\/product\/6728\/revisions\/6734"}],"wp:featuredmedia":[{"embeddable":true,"href":"https:\/\/digistar.ma\/index.php?rest_route=\/wp\/v2\/media\/6729"}],"wp:attachment":[{"href":"https:\/\/digistar.ma\/index.php?rest_route=%2Fwp%2Fv2%2Fmedia&parent=6728"}],"wp:term":[{"taxonomy":"product_brand","embeddable":true,"href":"https:\/\/digistar.ma\/index.php?rest_route=%2Fwp%2Fv2%2Fproduct_brand&post=6728"},{"taxonomy":"product_cat","embeddable":true,"href":"https:\/\/digistar.ma\/index.php?rest_route=%2Fwp%2Fv2%2Fproduct_cat&post=6728"},{"taxonomy":"product_tag","embeddable":true,"href":"https:\/\/digistar.ma\/index.php?rest_route=%2Fwp%2Fv2%2Fproduct_tag&post=6728"}],"curies":[{"name":"wp","href":"https:\/\/api.w.org\/{rel}","templated":true}]}}