{"id":6741,"date":"2023-07-23T11:33:05","date_gmt":"2023-07-23T11:33:05","guid":{"rendered":"https:\/\/digistar.ma\/?post_type=product&#038;p=6741"},"modified":"2025-12-22T12:49:39","modified_gmt":"2025-12-22T12:49:39","slug":"imprimante-laser-monochrome-hp-laser-107a","status":"publish","type":"product","link":"https:\/\/digistar.ma\/?product=imprimante-laser-monochrome-hp-laser-107a","title":{"rendered":"Imprimante Laser Monochrome HP Laser 107a"},"content":{"rendered":"<p><strong>Imprimante Laser Monochrome HP Laser 107a<\/strong><\/p>\n<h4 class=\"h2-master\">La performance laser accessible \u00e0 tous<\/h4>\n<p>B\u00e9n\u00e9ficiez de caract\u00e9ristiques de productivit\u00e9 et de performance d&#8217;impression \u00e0 un prix abordable et obtenez facilement des r\u00e9sultats de haute qualit\u00e9.<\/p>\n<h3 class=\"h2 c-split-module__title\">Con\u00e7ue pour s&#8217;adapter \u00e0 votre espace<\/h3>\n<p class=\"h4 c-split-module__description\">Imprimez facilement et rapidement avec Imprimante Laser Monochrome HP Laser 107a con\u00e7ue pour s&#8217;adapter id\u00e9alement \u00e0 votre espace de travail.<\/p>\n<h3 class=\"h2 c-split-module__title\">Une performance laser \u00e0 un prix abordable<\/h3>\n<p class=\"h4 c-split-module__description\">Obtenez la qualit\u00e9 que vous escomptez, un texte noir et pr\u00e9cis avec cette imprimante abordable.<\/p>\n<section>L&#8217;imprimante\u00a0<strong>HP Laser 107a<\/strong>\u00a0est un mod\u00e8le compact proposant une impression monochrome performante avec un contr\u00f4le simplifi\u00e9. B\u00e9n\u00e9ficiez d&#8217;une vitesse d&#8217;impression de 20 ppm, d&#8217;un recto\/verso manuel et d&#8217;un branchement pratique via USB 2.0.<\/section>\n<section>\n<div class=\"desc-image\"><img decoding=\"async\" src=\"https:\/\/media.ldlc.com\/bo\/images\/fiches\/imprimante\/hp\/laser_107\/laser_monochrome.jpg\" alt=\"\" \/><\/div>\n<div class=\"desc-text\">\n<h2>IMPRESSIONS FIABLES DE QUALIT\u00c9<\/h2>\n<p>Simplicit\u00e9 d&#8217;utilisation et efficacit\u00e9 au quotidien, voici les qualit\u00e9s de l&#8217;imprimante laser HP 107a ! Capable d&#8217;imprimer un document monochrome une premi\u00e8re page en seulement 8.3 secondes, ce mod\u00e8le accompagnera parfaitement vos besoins personnels ou professionnels.<\/p>\n<p>Appr\u00e9ciez une\u00a0<strong>capacit\u00e9 d&#8217;entr\u00e9e de 150 feuilles<\/strong>, un panneau de commande confortable ainsi qu&#8217;une impression de qualit\u00e9 \u00e0 la hauteur de vos attentes. Cette\u00a0<strong>imprimante laser A4<\/strong>\u00a0est\u00a0<strong>compacte<\/strong>\u00a0pour une int\u00e9gration optimale dans votre environnement.<\/p>\n<\/div>\n<\/section>\n<section>\n<h4>CARACT\u00c9RISTIQUES PRINCIPALES <strong>Imprimante Laser Monochrome HP Laser 107a<\/strong><\/h4>\n<ul>\n<li><b>Imprimante laser monochrome A4<\/b><\/li>\n<li>Vitesse d&#8217;impression jusqu&#8217;\u00e0 20 ppm<\/li>\n<li>Recto\/verso manuel<\/li>\n<li>Bac papier d&#8217;entr\u00e9e de\u00a0<strong>150 feuilles<\/strong><\/li>\n<li>Port USB 2.0<\/li>\n<li>Format compact, simplicit\u00e9 d&#8217;installation<\/li>\n<\/ul>\n<\/section>\n","protected":false},"excerpt":{"rendered":"<p>Vitesse d&#8217;impression noir: 20 pages par minute (norme ISO)<br \/>\nQualit\u00e9 d&#8217;impression noire: Jusqu\u2019\u00e0 1 200\u00a0x 1 200 ppp<br \/>\nVolume de pages mensuel recommand\u00e9: 100 \u00e0 1 500<br \/>\nImpression recto\/verso: Manuelle (prise en charge des pilotes fournie)<br \/>\nFonctionne avec: 1 Cartouche de toner (noir)<br \/>\nConnectivit\u00e9: Port USB 2.0 haut d\u00e9bit<\/p>\n","protected":false},"featured_media":6742,"comment_status":"open","ping_status":"closed","template":"","meta":{"_acf_changed":false,"_monsterinsights_skip_tracking":false,"_monsterinsights_sitenote_active":false,"_monsterinsights_sitenote_note":"","_monsterinsights_sitenote_category":0,"_uf_show_specific_survey":0,"_uf_disable_surveys":false,"_joinchat":[]},"product_brand":[],"product_cat":[15,253,270],"product_tag":[],"class_list":{"0":"post-6741","1":"product","2":"type-product","3":"status-publish","4":"has-post-thumbnail","6":"product_cat-imprimante-scanner","7":"product_cat-imprimante","8":"product_cat-imprimante-laser-monochrome","10":"first","11":"outofstock","12":"sale","13":"shipping-taxable","14":"purchasable","15":"product-type-simple"},"acf":[],"jetpack_sharing_enabled":true,"_links":{"self":[{"href":"https:\/\/digistar.ma\/index.php?rest_route=\/wp\/v2\/product\/6741","targetHints":{"allow":["GET"]}}],"collection":[{"href":"https:\/\/digistar.ma\/index.php?rest_route=\/wp\/v2\/product"}],"about":[{"href":"https:\/\/digistar.ma\/index.php?rest_route=\/wp\/v2\/types\/product"}],"replies":[{"embeddable":true,"href":"https:\/\/digistar.ma\/index.php?rest_route=%2Fwp%2Fv2%2Fcomments&post=6741"}],"version-history":[{"count":2,"href":"https:\/\/digistar.ma\/index.php?rest_route=\/wp\/v2\/product\/6741\/revisions"}],"predecessor-version":[{"id":7821,"href":"https:\/\/digistar.ma\/index.php?rest_route=\/wp\/v2\/product\/6741\/revisions\/7821"}],"wp:featuredmedia":[{"embeddable":true,"href":"https:\/\/digistar.ma\/index.php?rest_route=\/wp\/v2\/media\/6742"}],"wp:attachment":[{"href":"https:\/\/digistar.ma\/index.php?rest_route=%2Fwp%2Fv2%2Fmedia&parent=6741"}],"wp:term":[{"taxonomy":"product_brand","embeddable":true,"href":"https:\/\/digistar.ma\/index.php?rest_route=%2Fwp%2Fv2%2Fproduct_brand&post=6741"},{"taxonomy":"product_cat","embeddable":true,"href":"https:\/\/digistar.ma\/index.php?rest_route=%2Fwp%2Fv2%2Fproduct_cat&post=6741"},{"taxonomy":"product_tag","embeddable":true,"href":"https:\/\/digistar.ma\/index.php?rest_route=%2Fwp%2Fv2%2Fproduct_tag&post=6741"}],"curies":[{"name":"wp","href":"https:\/\/api.w.org\/{rel}","templated":true}]}}