{"id":6770,"date":"2023-07-23T12:34:55","date_gmt":"2023-07-23T12:34:55","guid":{"rendered":"https:\/\/digistar.ma\/?post_type=product&#038;p=6770"},"modified":"2023-07-23T12:34:57","modified_gmt":"2023-07-23T12:34:57","slug":"imprimante-laser-monochrome-hp-laserjet-enterprise-m611dn","status":"publish","type":"product","link":"https:\/\/digistar.ma\/?product=imprimante-laser-monochrome-hp-laserjet-enterprise-m611dn","title":{"rendered":"Imprimante Laser Monochrome HP LaserJet Enterprise M611dn"},"content":{"rendered":"<p><strong>Imprimante Laser Monochrome HP LaserJet Enterprise M611dn<\/strong><\/p>\n<h4 class=\"h2-master\">L&#8217;imprimante laser\u00a0performante de HP, au service de votre entreprise<\/h4>\n<section>R\u00e9alisez toutes vos t\u00e2ches quotidiennes simples d&#8217;impression avec l&#8217;<strong>imprimante\u00a0HP LaserJet Enterprise M611dn<\/strong>\u00a0! Con\u00e7ue\u00a0pour les entreprises de 5-15 employ\u00e9s, cette\u00a0imprimante laser monochrome\u00a0est un mod\u00e8le compact\u00a0et \u00e9conomique. Avec une r\u00e9solution d&#8217;impression de\u00a01200 x 1200\u00a0ppp en noir et blanc, une\u00a0vitesse d&#8217;impression rapide de 61 ppm\u00a0et\u00a0l&#8217;impression\u00a0recto verso automatique, elle vous assure\u00a0un rendement de 5000 \u00e0 25000\u00a0pages par mois maximum. Cette imprimante laser HP\u00a0LaserJet Enterprise M611dn est id\u00e9ale pour vous qui souhaitez imprimer rapidement tous vos documents, de mani\u00e8re tr\u00e8s qualitative.<\/p>\n<\/section>\n<section>\n<div class=\"desc-image\"><img decoding=\"async\" src=\"https:\/\/media.ldlc.com\/bo\/images\/fiches\/imprimante\/hp\/laserjet%20entreprise%20m611dn\/m611dn_800_1.jpg\" alt=\"\" \/><\/div>\n<div class=\"desc-text\">\n<h4>POUR OBTENIR LES R\u00c9SULTATS SOUHAIT\u00c9S<\/h4>\n<p>Travaillez efficacement avec une impression de la premi\u00e8re page rapide, depuis le mode veille, sur l&#8217;une des imprimantes HP la plus \u00e9co\u00e9nerg\u00e9tique de sa cat\u00e9gorie. Lancez l&#8217;impression recto verso directement \u00e0 partir de l&#8217;\u00e9cran rotatif graphique couleur (CGD) tactile de 10,92 cm (4,3 pouces).<\/p>\n<ul>\n<li>Imprimez vos documents sans perdre de temps. Imprimez votre\u00a0<strong>premi\u00e8re page en 7.9 secondes\u00a0depuis le mode veille\u00a0<\/strong>qui permet d&#8217;\u00e9conomiser de l&#8217;\u00e9nergie.<\/li>\n<li>Effectuez rapidement vos t\u00e2ches sur diff\u00e9rents supports. Imprimez rapidement des documents recto verso sans pour autant renoncer aux performances de l&#8217;impression recto verso.<\/li>\n<\/ul>\n<\/div>\n<\/section>\n<section class=\"list\">\n<h4>CARACT\u00c9RISTIQUES PRINCIPALES :<\/h4>\n<ul>\n<li>Imprimante laser<\/li>\n<li>Vitesse d&#8217;impression : 61 ppm<\/li>\n<li>Impression recto-verso : jusqu&#8217;\u00e0 50 ppm<\/li>\n<li>Premi\u00e8re impression en moins de 5.1 s en noir et blanc (A4, pr\u00eat)<\/li>\n<li>R\u00e9solution d&#8217;impression jusqu&#8217;\u00e0 1200 x 1200 dpi<\/li>\n<li>M\u00e9moire 512 Mo<\/li>\n<li>Formats : A4, A5, A6, B5, 10 x 15 cm, cartes postales (JIS simple et double), enveloppes (DL, C5, C6, B5)<\/li>\n<li>Avec 1 port p\u00e9riph\u00e9rique USB 2.0 haut d\u00e9bit<\/li>\n<li>Recto\/verso automatique<\/li>\n<li><strong>Entr\u00e9e standard : Bac universel de 100 feuilles + 1 bac\u00a0d&#8217;alimentation de 550 feuilles<\/strong><\/li>\n<li><strong>Sortie standard : Bac de sortie de 250 feuilles<\/strong><\/li>\n<li>\u00c9cran tactile couleur rotatif de 10,9 cm (4.3 pouces)<\/li>\n<li>Interfaces Hi-Speed USB 2.0\u00a0\/ port r\u00e9seau Gigabit\/Fast Ethernet 10\/100\/1000 Base-TX<\/li>\n<li>Fonctionnalit\u00e9 d\u2019impression mobile HP ePrint; Apple AirPrint; Certifi\u00e9 Mopria<\/li>\n<li>Avec 4 cartouches de toner HP LaserJet pr\u00e9install\u00e9es (rendement 5500 pages noires, 3 500 pages cyan, magenta, jaune)<\/li>\n<li>Compatible avec Windows, Mac et Linux<\/li>\n<\/ul>\n<\/section>\n","protected":false},"excerpt":{"rendered":"<p>Vitesse d&#8217;impression noir: 61 pages par minute (norme ISO)<br \/>\nQualit\u00e9 d&#8217;impression noire: Jusqu&#8217;\u00e0 1 200\u00a0x\u00a01 200\u00a0ppp<br \/>\nVolume de pages mensuel recommand\u00e9: 5\u00a0000 \u00e0 25\u00a0000<br \/>\nImpression recto\/verso: Automatique (standard)<br \/>\nFonctionne avec: 1 Toner (noir)<br \/>\nConnectivit\u00e9: 1 port p\u00e9riph\u00e9rique USB 2.0 haut d\u00e9bit;\u00a02\u00a0ports h\u00f4te USB 2.0 haut d\u00e9bit; 1\u00a0port r\u00e9seau Gigabit Ethernet 10\/100\/1000T; 1\u00a0logement d&#8217;int\u00e9gration mat\u00e9rielle<\/p>\n","protected":false},"featured_media":6771,"comment_status":"open","ping_status":"closed","template":"","meta":{"_acf_changed":false,"_monsterinsights_skip_tracking":false,"_monsterinsights_sitenote_active":false,"_monsterinsights_sitenote_note":"","_monsterinsights_sitenote_category":0,"_uf_show_specific_survey":0,"_uf_disable_surveys":false,"_joinchat":[]},"product_brand":[],"product_cat":[15,253,270],"product_tag":[],"class_list":{"0":"post-6770","1":"product","2":"type-product","3":"status-publish","4":"has-post-thumbnail","6":"product_cat-imprimante-scanner","7":"product_cat-imprimante","8":"product_cat-imprimante-laser-monochrome","10":"first","11":"instock","12":"sale","13":"shipping-taxable","14":"purchasable","15":"product-type-simple"},"acf":[],"jetpack_sharing_enabled":true,"_links":{"self":[{"href":"https:\/\/digistar.ma\/index.php?rest_route=\/wp\/v2\/product\/6770","targetHints":{"allow":["GET"]}}],"collection":[{"href":"https:\/\/digistar.ma\/index.php?rest_route=\/wp\/v2\/product"}],"about":[{"href":"https:\/\/digistar.ma\/index.php?rest_route=\/wp\/v2\/types\/product"}],"replies":[{"embeddable":true,"href":"https:\/\/digistar.ma\/index.php?rest_route=%2Fwp%2Fv2%2Fcomments&post=6770"}],"version-history":[{"count":1,"href":"https:\/\/digistar.ma\/index.php?rest_route=\/wp\/v2\/product\/6770\/revisions"}],"predecessor-version":[{"id":6774,"href":"https:\/\/digistar.ma\/index.php?rest_route=\/wp\/v2\/product\/6770\/revisions\/6774"}],"wp:featuredmedia":[{"embeddable":true,"href":"https:\/\/digistar.ma\/index.php?rest_route=\/wp\/v2\/media\/6771"}],"wp:attachment":[{"href":"https:\/\/digistar.ma\/index.php?rest_route=%2Fwp%2Fv2%2Fmedia&parent=6770"}],"wp:term":[{"taxonomy":"product_brand","embeddable":true,"href":"https:\/\/digistar.ma\/index.php?rest_route=%2Fwp%2Fv2%2Fproduct_brand&post=6770"},{"taxonomy":"product_cat","embeddable":true,"href":"https:\/\/digistar.ma\/index.php?rest_route=%2Fwp%2Fv2%2Fproduct_cat&post=6770"},{"taxonomy":"product_tag","embeddable":true,"href":"https:\/\/digistar.ma\/index.php?rest_route=%2Fwp%2Fv2%2Fproduct_tag&post=6770"}],"curies":[{"name":"wp","href":"https:\/\/api.w.org\/{rel}","templated":true}]}}