{"id":6775,"date":"2023-07-23T12:49:31","date_gmt":"2023-07-23T12:49:31","guid":{"rendered":"https:\/\/digistar.ma\/?post_type=product&#038;p=6775"},"modified":"2023-07-23T12:51:18","modified_gmt":"2023-07-23T12:51:18","slug":"imprimante-laser-monochrome-hp-laserjet-enterprise-m507dn","status":"publish","type":"product","link":"https:\/\/digistar.ma\/?product=imprimante-laser-monochrome-hp-laserjet-enterprise-m507dn","title":{"rendered":"Imprimante Laser Monochrome HP LaserJet Enterprise M507dn"},"content":{"rendered":"<p><strong>Imprimante Laser Monochrome HP LaserJet Enterprise M507dn<\/strong><\/p>\n<h4>UNE IMPRIMANTE LASER AU SERVICE DE VOTRE SOCI\u00c9T\u00c9<\/h4>\n<div>R\u00e9alisez toutes vos t\u00e2ches quotidiennes avec l&#8217;imprimante\u00a0<strong>HP LaserJet Enterprise M507dn\u00a0<\/strong>! Id\u00e9ale pour les petites et moyennes entreprises, cette\u00a0<strong>imprimante laser noir et blanc\u00a0<\/strong>est compacte et \u00e9conomique. Avec une r\u00e9solution d&#8217;impression de\u00a0<strong>1200 x 12000 ppp en n<\/strong>oir et blanc, une\u00a0<strong>vitesse d&#8217;impression rapide de 43 ppm\u00a0<\/strong>et<strong>\u00a0<\/strong>l&#8217;impression\u00a0<strong>recto verso automatique<\/strong>, l&#8217;imprimante laser HP LaserJet Enterprise M507dn permet d&#8217;ex\u00e9cuter rapidement les t\u00e2ches pour un rendu de qualit\u00e9.<\/div>\n<div><\/div>\n<div>\n<table border=\"0\" cellspacing=\"1\" cellpadding=\"1\">\n<tbody>\n<tr>\n<td>\n<h4>OBTENEZ LES R\u00c9SULTATS EXIG\u00c9S PAR VOTRE ENTREPRISE<\/h4>\n<div><\/div>\n<div>Travaillez rapidement avec l&#8217;impression de la premi\u00e8re page depuis le mode veille la plus rapide sur <strong>Imprimante Laser Monochrome HP LaserJet Enterprise M507dn<\/strong> la plus \u00e9co\u00e9nerg\u00e9tique de sa cat\u00e9gorie. Lancez l<strong>&#8216;impression recto verso<\/strong>\u00a0directement \u00e0 partir de l&#8217;<strong>\u00e9cran LCD de 2.7&#8243;.<br \/>\n<\/strong><\/div>\n<ul>\n<li>Imprimez vos documents sans perdre de temps. Imprimez votre\u00a0<strong>premi\u00e8re page en 4.9 secondes<\/strong>\u00a0seulement depuis le mode veille qui permet d&#8217;\u00e9conomiser de l&#8217;\u00e9nergie.<\/li>\n<li>Effectuez rapidement vos t\u00e2ches sur diff\u00e9rents supports. Imprimez rapidement des documents recto verso sans pour autant renoncer aux performances de l&#8217;impression recto verso.<\/li>\n<\/ul>\n<\/td>\n<td width=\"450\">\n<div><img decoding=\"async\" src=\"https:\/\/media.ldlc.com\/bo\/images\/fiches\/imprimante\/hp\/laserjet_entreprise_507dn.jpg\" alt=\"\" \/><\/div>\n<\/td>\n<\/tr>\n<\/tbody>\n<\/table>\n<div><\/div>\n<h4>\u00a0CARACT\u00c9RISTIQUES PRINCIPALES :<\/h4>\n<ul>\n<li>Imprimante laser monochrome<\/li>\n<li>Formats : A4, A5, A6, B5, 10 x 15 cm, cartes postales (JIS simple et double), enveloppes (DL, C5, C6, B5)<\/li>\n<li>1 p\u00e9riph\u00e9rique USB 2.0 haut d\u00e9bit ; 2 ports USB 2.0 h\u00f4tes (pour les connexions de tiers) ; Fast Ethernet 10Base-T\/100Base-TX int\u00e9gr\u00e9, Gigabit Ethernet 1000Base-T<\/li>\n<li><strong>Vitesse d&#8217;impression\u00a0<\/strong>: jusqu&#8217;\u00e0\u00a0 43 ppm<\/li>\n<li><strong>Premi\u00e8re page en 5.9 s<\/strong><\/li>\n<li>R\u00e9solution d&#8217;impression : jusqu&#8217;\u00e0 1200 x 1200 ppp<\/li>\n<li>Recto\/verso automatique<\/li>\n<\/ul>\n<h3><a href=\"https:\/\/digistar.ma\/wp-content\/uploads\/2023\/07\/Imprimante-Laser-Monochrome-HP-LaserJet-Enterprise-M507dn.pdf\"><strong>FICHE TECHNIQUE ICI<\/strong><\/a><\/h3>\n<\/div>\n","protected":false},"excerpt":{"rendered":"<p>Vitesse d&#8217;impression noir: Jusqu&#8217;\u00e0 43 ppm (par d\u00e9faut), Jusqu&#8217;\u00e0 50 ppm (HP High Speed)<br \/>\nQualit\u00e9 d&#8217;impression noire: 300 ppp, 600 ppp<br \/>\nVolume de pages mensuel recommand\u00e9: Jusqu&#8217;\u00e0 7500 pages par mois<br \/>\nImpression recto\/verso: Automatique (standard)<br \/>\nFonctionne avec: 1 cartouche de Toner noire<br \/>\nConnectivit\u00e9: 1 port p\u00e9riph\u00e9rique USB 2.0 haut d\u00e9bit, 2 ports USB 2.0 haut d\u00e9bit (h\u00f4te), 1 Gigabit Ethernet , 1 compartiment d&#8217;int\u00e9gration mat\u00e9rielle<\/p>\n","protected":false},"featured_media":6776,"comment_status":"open","ping_status":"closed","template":"","meta":{"_acf_changed":false,"_monsterinsights_skip_tracking":false,"_monsterinsights_sitenote_active":false,"_monsterinsights_sitenote_note":"","_monsterinsights_sitenote_category":0,"_uf_show_specific_survey":0,"_uf_disable_surveys":false,"_joinchat":[]},"product_brand":[],"product_cat":[15,253,270],"product_tag":[],"class_list":{"0":"post-6775","1":"product","2":"type-product","3":"status-publish","4":"has-post-thumbnail","6":"product_cat-imprimante-scanner","7":"product_cat-imprimante","8":"product_cat-imprimante-laser-monochrome","10":"first","11":"instock","12":"sale","13":"shipping-taxable","14":"purchasable","15":"product-type-simple"},"acf":[],"jetpack_sharing_enabled":true,"_links":{"self":[{"href":"https:\/\/digistar.ma\/index.php?rest_route=\/wp\/v2\/product\/6775","targetHints":{"allow":["GET"]}}],"collection":[{"href":"https:\/\/digistar.ma\/index.php?rest_route=\/wp\/v2\/product"}],"about":[{"href":"https:\/\/digistar.ma\/index.php?rest_route=\/wp\/v2\/types\/product"}],"replies":[{"embeddable":true,"href":"https:\/\/digistar.ma\/index.php?rest_route=%2Fwp%2Fv2%2Fcomments&post=6775"}],"version-history":[{"count":1,"href":"https:\/\/digistar.ma\/index.php?rest_route=\/wp\/v2\/product\/6775\/revisions"}],"predecessor-version":[{"id":6784,"href":"https:\/\/digistar.ma\/index.php?rest_route=\/wp\/v2\/product\/6775\/revisions\/6784"}],"wp:featuredmedia":[{"embeddable":true,"href":"https:\/\/digistar.ma\/index.php?rest_route=\/wp\/v2\/media\/6776"}],"wp:attachment":[{"href":"https:\/\/digistar.ma\/index.php?rest_route=%2Fwp%2Fv2%2Fmedia&parent=6775"}],"wp:term":[{"taxonomy":"product_brand","embeddable":true,"href":"https:\/\/digistar.ma\/index.php?rest_route=%2Fwp%2Fv2%2Fproduct_brand&post=6775"},{"taxonomy":"product_cat","embeddable":true,"href":"https:\/\/digistar.ma\/index.php?rest_route=%2Fwp%2Fv2%2Fproduct_cat&post=6775"},{"taxonomy":"product_tag","embeddable":true,"href":"https:\/\/digistar.ma\/index.php?rest_route=%2Fwp%2Fv2%2Fproduct_tag&post=6775"}],"curies":[{"name":"wp","href":"https:\/\/api.w.org\/{rel}","templated":true}]}}