{"id":6804,"date":"2023-07-23T23:28:16","date_gmt":"2023-07-23T23:28:16","guid":{"rendered":"https:\/\/digistar.ma\/?post_type=product&#038;p=6804"},"modified":"2025-03-14T16:06:45","modified_gmt":"2025-03-14T16:06:45","slug":"imprimante-multifonction-laser-monochrome-hp-laserjet-m141w","status":"publish","type":"product","link":"https:\/\/digistar.ma\/?product=imprimante-multifonction-laser-monochrome-hp-laserjet-m141w","title":{"rendered":"Imprimante Multifonction Laser Monochrome HP LaserJet M141w"},"content":{"rendered":"<p><strong>Imprimante Multifonction Laser Monochrome HP LaserJet M141w<\/strong><\/p>\n<p>Une imprimante multifonction laser efficace et de haute qualit\u00e9 qui s\u2019adapte \u00e0 votre espace. Obtenez une impression rapide avec l\u2019imprimante laser la plus compacte au monde dans sa\u00a0<span class=\"m-text-nowrap\">cat\u00e9gorie <\/span>\u00a0ainsi que l\u2019application HP Smart qui vous fait gagner du\u00a0<span class=\"m-text-nowrap\">temps.\u00a0<span class=\"c-footnote-container\"><sup><span class=\"footnote__number\">2<\/span><\/sup>\u00a0<sup><span class=\"footnote__number\">3<\/span><\/sup><\/span><\/span>\u00a0Vous pouvez compter sur une impression laser de qualit\u00e9 professionnelle et une configuration transparente.<\/p>\n<div class=\"c-split-module__image\">\n<div class=\"c-image-container hp-image-3432-1aa5 with-ratio\"><img decoding=\"async\" class=\"inner-image\" src=\"https:\/\/ssl-product-images.www8-hp.com\/digmedialib\/prodimg\/lowres\/c07836459.png\" alt=\"HP LaserJet MFP M141w - Front\" \/><\/div>\n<\/div>\n<div class=\"c-split-module__text\">\n<h3 class=\"h2 c-split-module__title\">L\u2019imprimante multifonction laser la plus compacte au monde dans sa\u00a0<span class=\"m-text-nowrap\">cat\u00e9gorie<\/span><\/h3>\n<p class=\"h4 c-split-module__description\">La plus petite imprimante laser au monde dans sa cat\u00e9gorie vous offre une efficacit\u00e9 et des performances\u00a0<span class=\"m-text-nowrap\">in\u00e9gal\u00e9es. <\/span>\u00a0Imprimez, num\u00e9risez et copiez rapidement, effectuez facilement des copies de carte d\u2019identit\u00e9.<\/p>\n<h3 class=\"h2 c-split-module__title\">La productivit\u00e9 depuis votre t\u00e9l\u00e9phone<\/h3>\n<p class=\"h4 c-split-module__description\">G\u00e9rez parfaitement votre activit\u00e9. Profitez de num\u00e9risations et d\u2019impressions de grande qualit\u00e9 depuis votre t\u00e9l\u00e9phone, et organisez vos documents deux fois plus vite gr\u00e2ce aux raccourcis, avec HP Smart, la meilleure application d\u2019impression de sa\u00a0<span class=\"m-text-nowrap\">cat\u00e9gorie.<\/span><\/p>\n<h3 class=\"h2 c-split-module__title\">Qualit\u00e9 et confort dignes de confiance<\/h3>\n<p class=\"h4 c-split-module__description\">Obtenez la qualit\u00e9 et l\u2019efficacit\u00e9 que vous \u00eates en droit d\u2019attendre d\u2019une imprimante laser. Vous pouvez compter sur la qualit\u00e9 et la fiabilit\u00e9 de la marque HP page apr\u00e8s page, et sur une configuration transparente et une impression\u00a0<span class=\"m-text-nowrap\">facile.<\/span><\/p>\n<h3 class=\"h2 c-split-module__title\">Contribuer \u00e0 pr\u00e9server les ressources sans sacrifier les performances<\/h3>\n<p class=\"h4 c-split-module__description\">\u00c9conomisez l\u2019\u00e9nergie sans compromettre la performance gr\u00e2ce \u00e0 la technologie intelligente HP Auto-On \/ Auto-Off qui laisse votre Imprimante Multifonction Laser Monochrome HP LaserJet M141w allum\u00e9e uniquement lorsqu\u2019elle est <span class=\"m-text-nowrap\">utilis\u00e9e.<\/span><\/p>\n<\/div>\n","protected":false},"excerpt":{"rendered":"<p>Impression, copie, num\u00e9risation<br \/>\nVitesse d&#8217;impression noir: 20 pages par minute (norme ISO)<br \/>\nQualit\u00e9 d&#8217;impression noire: Jusqu&#8217;\u00e0 600 x 600\u00a0ppp<br \/>\nVolume de pages mensuel recommand\u00e9: 100 \u00e0 1000<br \/>\nImpression recto\/verso: Manuelle<br \/>\nFonctionne\u00a0avec: 1 (noir)<br \/>\nConnectivit\u00e9: 1 port USB haut d\u00e9bit (compatible USB 2.0); Wi-Fi radio 802.11b\/g\/n (2,4 GHz) + BLE<\/p>\n","protected":false},"featured_media":6810,"comment_status":"open","ping_status":"closed","template":"","meta":{"_acf_changed":false,"_monsterinsights_skip_tracking":false,"_monsterinsights_sitenote_active":false,"_monsterinsights_sitenote_note":"","_monsterinsights_sitenote_category":0,"_uf_show_specific_survey":0,"_uf_disable_surveys":false,"_joinchat":[]},"product_brand":[],"product_cat":[15,253,290,271],"product_tag":[],"class_list":{"0":"post-6804","1":"product","2":"type-product","3":"status-publish","4":"has-post-thumbnail","6":"product_cat-imprimante-scanner","7":"product_cat-imprimante","8":"product_cat-meilleures-ventes","9":"product_cat-multifonction-laser-monochrome","11":"first","12":"instock","13":"sale","14":"shipping-taxable","15":"purchasable","16":"product-type-simple"},"acf":[],"jetpack_sharing_enabled":true,"_links":{"self":[{"href":"https:\/\/digistar.ma\/index.php?rest_route=\/wp\/v2\/product\/6804","targetHints":{"allow":["GET"]}}],"collection":[{"href":"https:\/\/digistar.ma\/index.php?rest_route=\/wp\/v2\/product"}],"about":[{"href":"https:\/\/digistar.ma\/index.php?rest_route=\/wp\/v2\/types\/product"}],"replies":[{"embeddable":true,"href":"https:\/\/digistar.ma\/index.php?rest_route=%2Fwp%2Fv2%2Fcomments&post=6804"}],"version-history":[{"count":1,"href":"https:\/\/digistar.ma\/index.php?rest_route=\/wp\/v2\/product\/6804\/revisions"}],"predecessor-version":[{"id":6811,"href":"https:\/\/digistar.ma\/index.php?rest_route=\/wp\/v2\/product\/6804\/revisions\/6811"}],"wp:featuredmedia":[{"embeddable":true,"href":"https:\/\/digistar.ma\/index.php?rest_route=\/wp\/v2\/media\/6810"}],"wp:attachment":[{"href":"https:\/\/digistar.ma\/index.php?rest_route=%2Fwp%2Fv2%2Fmedia&parent=6804"}],"wp:term":[{"taxonomy":"product_brand","embeddable":true,"href":"https:\/\/digistar.ma\/index.php?rest_route=%2Fwp%2Fv2%2Fproduct_brand&post=6804"},{"taxonomy":"product_cat","embeddable":true,"href":"https:\/\/digistar.ma\/index.php?rest_route=%2Fwp%2Fv2%2Fproduct_cat&post=6804"},{"taxonomy":"product_tag","embeddable":true,"href":"https:\/\/digistar.ma\/index.php?rest_route=%2Fwp%2Fv2%2Fproduct_tag&post=6804"}],"curies":[{"name":"wp","href":"https:\/\/api.w.org\/{rel}","templated":true}]}}