{"id":6823,"date":"2023-07-24T00:07:13","date_gmt":"2023-07-24T00:07:13","guid":{"rendered":"https:\/\/digistar.ma\/?post_type=product&#038;p=6823"},"modified":"2023-07-24T00:07:14","modified_gmt":"2023-07-24T00:07:14","slug":"imprimante-multifonction-laser-monochrome-hp-laserjet-m236sdn","status":"publish","type":"product","link":"https:\/\/digistar.ma\/?product=imprimante-multifonction-laser-monochrome-hp-laserjet-m236sdn","title":{"rendered":"Imprimante Multifonction Laser Monochrome HP LaserJet M236sdn"},"content":{"rendered":"<p><strong>Imprimante Multifonction Laser Monochrome HP LaserJet M236sdn<\/strong><\/p>\n<p>Une imprimante MFP haute productivit\u00e9 dot\u00e9e de l\u2019impression recto-verso la plus rapide de sa cat\u00e9gorie\u00a0<span class=\"m-text-nowrap\">HP, <\/span>\u00a0un chargeur automatique et l\u2019application HP Smart qui vous fait gagner du\u00a0<span class=\"m-text-nowrap\">temps. <\/span>\u00a0Vous pouvez compter sur une exp\u00e9rience sans tracas avec la configuration simplifi\u00e9e.<\/p>\n<div class=\"c-split-module__image\">\n<div class=\"c-image-container hp-image-abf0-b4cb with-ratio\"><img decoding=\"async\" class=\"inner-image\" src=\"https:\/\/ssl-product-images.www8-hp.com\/digmedialib\/prodimg\/lowres\/c07182521.png\" alt=\"HP LaserJet MFP M236sdn (Light Basalt) front facing\" data-wec-listener-initialized=\"true\" \/><\/div>\n<\/div>\n<div class=\"c-split-module__text\">\n<h3 class=\"h2 c-split-module__title\">Travaillez rapidement. Travaillez intelligemment.<\/h3>\n<p class=\"h4 c-split-module__description\">Augmentez votre productivit\u00e9 gr\u00e2ce \u00e0 l\u2019impression recto-verso la plus rapide de sa cat\u00e9gorie\u00a0<span class=\"m-text-nowrap\">HP <\/span>\u00a0et un chargeur automatique de 40 pages &#8211; le tout sur une Imprimante Multifonction Laser Monochrome HP LaserJet M236sdn\u00a0 compacte.<\/p>\n<h3 class=\"h2 c-split-module__title\">Rester productif quel que soit l&#8217;endroit<\/h3>\n<p class=\"h4 c-split-module__description\">B\u00e9n\u00e9ficiez d\u2019une num\u00e9risation de haute qualit\u00e9 \u00e0 partir de votre t\u00e9l\u00e9phone, et en plus vous pouvez \u00e9galement imprimer et gagner du temps avec des raccourcis, gr\u00e2ce \u00e0 l\u2019application HP Smart, la meilleure de la cat\u00e9gorie\u00a0<span class=\"m-text-nowrap\">HP.\u00a0<\/span><\/p>\n<h3 class=\"h2 c-split-module__title\">Facile \u00e0 utiliser et \u00e0 configurer<\/h3>\n<p class=\"h4 c-split-module__description\">Achevez ais\u00e9ment vos projets avec une configuration transparente ainsi que des boutons et un \u00e9clairage intelligents con\u00e7us pour une exp\u00e9rience intuitive.<\/p>\n<div class=\"c-column-module-feature\">\n<h4 class=\"c-column-module-feature__title h4\">Impression recto-verso automatique la plus rapide de sa cat\u00e9gorie<\/h4>\n<div class=\"c-column-module-feature__description h5\">\n<p>Encha\u00eenez les documents de plusieurs pages avec l&#8217;impression recto-verso la plus rapide de sa cat\u00e9gorie Imprimante Multifonction Laser Monochrome HP LaserJet M236sdn<span class=\"m-text-nowrap\">.<\/span><\/p>\n<\/div>\n<\/div>\n<div class=\"c-column-module-feature\">\n<h4 class=\"c-column-module-feature__title h4\">Taille r\u00e9duite. De grandes performances.<\/h4>\n<div class=\"c-column-module-feature__description h5\">\n<p>Une imprimante LaserJet tellement compacte qu&#8217;elle peut s&#8217;installer quasiment n&#8217;importe o\u00f9.<\/p>\n<h4 class=\"c-column-module-feature__title h4\">Augmentez votre productivit\u00e9<\/h4>\n<div class=\"c-column-module-feature__description h5\">\n<p>Effectuez facilement toutes vos t\u00e2ches avec la num\u00e9risation et la copie automatiques.<\/p>\n<\/div>\n<\/div>\n<\/div>\n<\/div>\n","protected":false},"excerpt":{"rendered":"<p>Impression, copie, num\u00e9risation<br \/>\nVitesse d&#8217;impression noir: 29 pages par minute (norme ISO)<br \/>\nQualit\u00e9 d&#8217;impression noire: Jusqu&#8217;\u00e0 600 x 600\u00a0ppp<br \/>\nVolume de pages mensuel recommand\u00e9: 200 \u00e0 2\u00a0000<br \/>\nImpression recto\/verso: Recto-verso automatique<br \/>\nFonctionne avec: 1 Cartouche de toner (noire)<br \/>\nConnectivit\u00e9: 1 port USB 2.0 haute vitesse ; 1 port Fast Ethernet 10\/100Base-TX<\/p>\n","protected":false},"featured_media":6826,"comment_status":"open","ping_status":"closed","template":"","meta":{"_acf_changed":false,"_monsterinsights_skip_tracking":false,"_monsterinsights_sitenote_active":false,"_monsterinsights_sitenote_note":"","_monsterinsights_sitenote_category":0,"_uf_show_specific_survey":0,"_uf_disable_surveys":false,"_joinchat":[]},"product_brand":[],"product_cat":[15,253,271],"product_tag":[],"class_list":{"0":"post-6823","1":"product","2":"type-product","3":"status-publish","4":"has-post-thumbnail","6":"product_cat-imprimante-scanner","7":"product_cat-imprimante","8":"product_cat-multifonction-laser-monochrome","10":"first","11":"instock","12":"sale","13":"shipping-taxable","14":"purchasable","15":"product-type-simple"},"acf":[],"jetpack_sharing_enabled":true,"_links":{"self":[{"href":"https:\/\/digistar.ma\/index.php?rest_route=\/wp\/v2\/product\/6823","targetHints":{"allow":["GET"]}}],"collection":[{"href":"https:\/\/digistar.ma\/index.php?rest_route=\/wp\/v2\/product"}],"about":[{"href":"https:\/\/digistar.ma\/index.php?rest_route=\/wp\/v2\/types\/product"}],"replies":[{"embeddable":true,"href":"https:\/\/digistar.ma\/index.php?rest_route=%2Fwp%2Fv2%2Fcomments&post=6823"}],"version-history":[{"count":1,"href":"https:\/\/digistar.ma\/index.php?rest_route=\/wp\/v2\/product\/6823\/revisions"}],"predecessor-version":[{"id":6830,"href":"https:\/\/digistar.ma\/index.php?rest_route=\/wp\/v2\/product\/6823\/revisions\/6830"}],"wp:featuredmedia":[{"embeddable":true,"href":"https:\/\/digistar.ma\/index.php?rest_route=\/wp\/v2\/media\/6826"}],"wp:attachment":[{"href":"https:\/\/digistar.ma\/index.php?rest_route=%2Fwp%2Fv2%2Fmedia&parent=6823"}],"wp:term":[{"taxonomy":"product_brand","embeddable":true,"href":"https:\/\/digistar.ma\/index.php?rest_route=%2Fwp%2Fv2%2Fproduct_brand&post=6823"},{"taxonomy":"product_cat","embeddable":true,"href":"https:\/\/digistar.ma\/index.php?rest_route=%2Fwp%2Fv2%2Fproduct_cat&post=6823"},{"taxonomy":"product_tag","embeddable":true,"href":"https:\/\/digistar.ma\/index.php?rest_route=%2Fwp%2Fv2%2Fproduct_tag&post=6823"}],"curies":[{"name":"wp","href":"https:\/\/api.w.org\/{rel}","templated":true}]}}