{"id":6837,"date":"2023-07-24T00:47:09","date_gmt":"2023-07-24T00:47:09","guid":{"rendered":"https:\/\/digistar.ma\/?post_type=product&#038;p=6837"},"modified":"2023-07-24T00:47:10","modified_gmt":"2023-07-24T00:47:10","slug":"hp-laserjet-enterprise-m430f-imprimante-multifonction-laser-monochrome","status":"publish","type":"product","link":"https:\/\/digistar.ma\/?product=hp-laserjet-enterprise-m430f-imprimante-multifonction-laser-monochrome","title":{"rendered":"HP LaserJet Enterprise M430f Imprimante Multifonction Laser Monochrome"},"content":{"rendered":"<p><strong>HP LaserJet Enterprise M430f Imprimante Multifonction Laser Monochrome<\/strong><\/p>\n<h4 class=\"h2-master\">Am\u00e9liorez votre productivit\u00e9 avec HP<\/h4>\n<section>L<strong>&#8216;imprimante\u00a0HP LaserJet\u00a0Enterprise MFP M430f\u00a0<\/strong>sera id\u00e9ale pour les entreprises et PME qui ont besoin d&#8217;une imprimante multifonction\u00a0s\u00e9curis\u00e9e, tr\u00e8s efficace et \u00e9conome en \u00e9nergie. Avec une\u00a0<strong>vitesse d&#8217;impression en noir jusqu&#8217;\u00e0 38 ppm<\/strong>, dot\u00e9e d&#8217;un \u00e9cran 4.3 pouces, de solutions de s\u00e9curit\u00e9 et des performances d&#8217;impression, de num\u00e9risation et de copie pouss\u00e9es, cette imprimante remportera tous les suffrages.<\/p>\n<\/section>\n<section>\n<div class=\"desc-image\"><img decoding=\"async\" src=\"https:\/\/media.ldlc.com\/bo\/images\/fiches\/imprimante\/hp\/laserjet%20entreprise%20mfp%20m480f\/mfp-m480f_800_1.jpg\" alt=\"\" \/><\/div>\n<div class=\"desc-text\">\n<h4>\u00c9COLOGIQUE ET PERFORMANTE<\/h4>\n<p>Cette imprimante multifonction efficace\u00a0<strong>\u00e9conomise l&#8217;\u00e9nergie<\/strong>\u00a0sans pour autant sacrifier la\u00a0<strong>productivit\u00e9<\/strong>. Vous pouvez ainsi effectuer rapidement des t\u00e2ches et optimiser les r\u00e9sultats de l&#8217;entreprise.<\/p>\n<ul>\n<li>Imprimez votre premi\u00e8re page en 6.5 secondes seulement<\/li>\n<li>Ex\u00e9cutez vos t\u00e2ches avec rapidit\u00e9. Imprimez deux c\u00f4t\u00e9s\u00a0jusqu&#8217;\u00e0 38 ppm, et num\u00e9risez les deux c\u00f4t\u00e9s de la page \u00e0 la fois<\/li>\n<li>Faible consommation d&#8217;\u00e9nergie gr\u00e2ce \u00e0 sa conception innovante et sa technologie de toner<\/li>\n<li>Choisissez une capacit\u00e9 350 pages ou 900 pages maximum (avec bac optionnel) pages et imprimez jusqu&#8217;\u00e0 40 pages par minute en A4<\/li>\n<\/ul>\n<\/div>\n<\/section>\n<section>\n<div class=\"desc-text\">\n<h4>IMPRESSION S\u00c9CURIS\u00c9E<\/h4>\n<p>Faites confiance \u00e0 votre imprimante multifonction, du d\u00e9marrage \u00e0 l&#8217;arr\u00eat. B\u00e9n\u00e9ficiez d&#8217;une\u00a0<strong>protection renforc\u00e9e<\/strong>\u00a0pour les p\u00e9riph\u00e9riques, les donn\u00e9es et les documents gr\u00e2ce aux fonctionnalit\u00e9s de s\u00e9curit\u00e9 int\u00e9gr\u00e9es ou en option, tout en g\u00e9rant de mani\u00e8re centralis\u00e9e l&#8217;ensemble de votre parc d&#8217;imprimantes.<\/p>\n<ul>\n<li>Des fonctionnalit\u00e9s int\u00e9gr\u00e9es d\u00e9tectent les menaces de s\u00e9curit\u00e9 et r\u00e9parent votre imprimante multifonction pour la prot\u00e9ger int\u00e9gralement, de la mise en marche \u00e0 l&#8217;arr\u00eat<\/li>\n<li>Prot\u00e9gez les donn\u00e9es sensibles de votre entreprise avec des\u00a0<strong>solutions de s\u00e9curit\u00e9 HP JetAdvantage<\/strong>\u00a0int\u00e9gr\u00e9es et en option<\/li>\n<li>Centralisez la gestion de votre environnement d&#8217;impression avec HP Web Jetadmin, et contribuez \u00e0 l&#8217;efficacit\u00e9 de votre entreprise<\/li>\n<\/ul>\n<\/div>\n<div class=\"desc-image\"><img decoding=\"async\" src=\"https:\/\/media.ldlc.com\/bo\/images\/fiches\/imprimante\/hp\/laserjet%20entreprise%20mfp%20m480f\/mfp-m480f_800_2.jpg\" alt=\"\" \/><\/div>\n<\/section>\n<section>\n<div class=\"desc-image\"><img decoding=\"async\" src=\"https:\/\/media.ldlc.com\/bo\/images\/fiches\/imprimante\/hp\/laserjet%20entreprise%20mfp%20m480f\/mfp-m480f_800_3.jpg\" alt=\"\" \/><\/div>\n<div class=\"desc-text\">\n<h4>OPTIMISEZ VOS FLUX DE TRAVAIL<\/h4>\n<p>Am\u00e9liorer l&#8217;agilit\u00e9 de vos activit\u00e9s en int\u00e9grant le papier aux flux de travail num\u00e9riques. Les applications en option sur les multifonctions optimise les flux de travail, r\u00e9duisent les \u00e9tapes et les erreurs, et r\u00e9pondent \u00e0 d&#8217;autres besoins commerciaux sp\u00e9cifiques. \u00c9conomisez du temps et de l&#8217;argent en am\u00e9liorant l&#8217;efficacit\u00e9 des processus et en soutenant des collaborateurs mobiles qui ont besoin d&#8217;acc\u00e9der \u00e0 des contenus.<\/p>\n<p>Acc\u00e9l\u00e9rez les flux de travail gr\u00e2ce \u00e0 la num\u00e9risation recto verso en un seul passage,\u00a0<strong>jusqu&#8217;\u00e0 46 images par minute (ipm) sur la MFP M430f<\/strong>. Num\u00e9risez des fichiers directement vers Microsoft Office 365 et SharePoint, ainsi que vers des dossiers de courrier \u00e9lectronique, USB et r\u00e9seau..<\/p>\n<\/div>\n<\/section>\n<section>\n<h4>CARACT\u00c9RISTIQUES PRINCIPALES :<\/h4>\n<ul>\n<li>Imprimante multifonction laser A4<\/li>\n<li><strong>3-en-1 : Impression, num\u00e9risation, copie<\/strong><\/li>\n<li>Rect-Verso automatique (impression et num\u00e9risation)<\/li>\n<li>Ports : 1 USB 2.0, 2 ports USB 2.0 (h\u00f4te), 1 Gigabit Ethernet<\/li>\n<li>Bac papier de 100 feuilles + Bac \u00e0 papier de 250 feuilles<\/li>\n<li><strong>Vitesse d&#8217;impression\u00a0<\/strong>: jusqu&#8217;\u00e0 38 ppm (noir) au format A4<\/li>\n<li><strong>Vitesse de num\u00e9risation<\/strong>\u00a0: Jusqu&#8217;\u00e0 29 ppm \/ 46 ipm (noir et blanc), jusqu&#8217;\u00e0 20 ppm \/ 35 ipm (couleur)<\/li>\n<li><strong>Vitesse de copie :<\/strong>\u00a0jusqu&#8217;\u00e0 38 cpm<\/li>\n<li>Sortie de la premi\u00e8re page (A4\/lettre) : en 6,5\/6,3 secondes seulement<\/li>\n<li>Panneau de configuration : \u00e9cran tactile couleur de 10,9 cm (4,3 pouces)<\/li>\n<li>M\u00e9moire 2 Go<\/li>\n<\/ul>\n<\/section>\n<h4><a href=\"https:\/\/www.hp.com\/emea_africa-fr\/products\/printers\/product-details\/product-specifications\/29252398\" target=\"_blank\" rel=\"noopener\">FICHE TECHNIQUE ICI<\/a><\/h4>\n","protected":false},"excerpt":{"rendered":"<p>Impression, copie, scan, fax<br \/>\nVitesse d&#8217;impression noir: 38 pages par minute (norme ISO)<br \/>\nQualit\u00e9 d&#8217;impression noire: Jusqu&#8217;\u00e0 1200 x 1200\u00a0ppp<br \/>\nVolume de pages mensuel recommand\u00e9: 900 \u00e0 4\u00a0800\u00a0pages<br \/>\nImpression recto\/verso: Automatique (par d\u00e9faut)<br \/>\nFonctionne avec: 1 Cartouche de toner (noire)<br \/>\nConnectivit\u00e9: 2 ports h\u00f4te USB 2.0 haut d\u00e9bit; 1 port de p\u00e9riph\u00e9rique USB 2.0 haut d\u00e9bit; 1 port r\u00e9seau Gigabit Ethernet 10\/100\/1000T; 1 port de t\u00e9l\u00e9copie<\/p>\n","protected":false},"featured_media":6838,"comment_status":"open","ping_status":"closed","template":"","meta":{"_acf_changed":false,"_monsterinsights_skip_tracking":false,"_monsterinsights_sitenote_active":false,"_monsterinsights_sitenote_note":"","_monsterinsights_sitenote_category":0,"_uf_show_specific_survey":0,"_uf_disable_surveys":false,"_joinchat":[]},"product_brand":[],"product_cat":[15,253,271],"product_tag":[],"class_list":{"0":"post-6837","1":"product","2":"type-product","3":"status-publish","4":"has-post-thumbnail","6":"product_cat-imprimante-scanner","7":"product_cat-imprimante","8":"product_cat-multifonction-laser-monochrome","10":"first","11":"instock","12":"sale","13":"shipping-taxable","14":"purchasable","15":"product-type-simple"},"acf":[],"jetpack_sharing_enabled":true,"_links":{"self":[{"href":"https:\/\/digistar.ma\/index.php?rest_route=\/wp\/v2\/product\/6837","targetHints":{"allow":["GET"]}}],"collection":[{"href":"https:\/\/digistar.ma\/index.php?rest_route=\/wp\/v2\/product"}],"about":[{"href":"https:\/\/digistar.ma\/index.php?rest_route=\/wp\/v2\/types\/product"}],"replies":[{"embeddable":true,"href":"https:\/\/digistar.ma\/index.php?rest_route=%2Fwp%2Fv2%2Fcomments&post=6837"}],"version-history":[{"count":1,"href":"https:\/\/digistar.ma\/index.php?rest_route=\/wp\/v2\/product\/6837\/revisions"}],"predecessor-version":[{"id":6843,"href":"https:\/\/digistar.ma\/index.php?rest_route=\/wp\/v2\/product\/6837\/revisions\/6843"}],"wp:featuredmedia":[{"embeddable":true,"href":"https:\/\/digistar.ma\/index.php?rest_route=\/wp\/v2\/media\/6838"}],"wp:attachment":[{"href":"https:\/\/digistar.ma\/index.php?rest_route=%2Fwp%2Fv2%2Fmedia&parent=6837"}],"wp:term":[{"taxonomy":"product_brand","embeddable":true,"href":"https:\/\/digistar.ma\/index.php?rest_route=%2Fwp%2Fv2%2Fproduct_brand&post=6837"},{"taxonomy":"product_cat","embeddable":true,"href":"https:\/\/digistar.ma\/index.php?rest_route=%2Fwp%2Fv2%2Fproduct_cat&post=6837"},{"taxonomy":"product_tag","embeddable":true,"href":"https:\/\/digistar.ma\/index.php?rest_route=%2Fwp%2Fv2%2Fproduct_tag&post=6837"}],"curies":[{"name":"wp","href":"https:\/\/api.w.org\/{rel}","templated":true}]}}