{"id":6844,"date":"2023-07-24T01:01:21","date_gmt":"2023-07-24T01:01:21","guid":{"rendered":"https:\/\/digistar.ma\/?post_type=product&#038;p=6844"},"modified":"2026-04-08T22:55:01","modified_gmt":"2026-04-08T22:55:01","slug":"imprimante-multifonction-hp-laserjet-pro-4103fdw","status":"publish","type":"product","link":"https:\/\/digistar.ma\/?product=imprimante-multifonction-hp-laserjet-pro-4103fdw","title":{"rendered":"Imprimante Multifonction HP LaserJet Pro 4103fdw"},"content":{"rendered":"<p><strong>Imprimante Multifonction HP LaserJet Pro 4103fdw<\/strong><\/p>\n<div id=\"selling\">\n<div class=\"block widget block-container block-key-selling-points\">\n<div class=\"block-content grid\">\n<h4><span>Conception compacte avec des performances innovantes.\u00a0Impression recto verso \u00e0 grande vitesse avec num\u00e9risation recto verso jusqu&#8217;\u00e0 42 ppm.\u00a0L&#8217;application HP Smart est activ\u00e9e pour que vous puissiez facilement imprimer et num\u00e9riser \u00e0 partir du cloud, y compris des applications telles que Google Drive\u2122 et Dropbox\u2122.\u00a0<\/span><\/h4>\n<p><span>Aidez votre \u00e9quipe de travail dynamique avec cette imprimante intelligente \u00e0 grande vitesse id\u00e9ale pour jusqu&#8217;\u00e0 10 utilisateurs.<\/span><\/p>\n<h4><span>G\u00e9rez vos imprimantes avec le puissant Web JetAdmin ou connectez vos imprimantes au cloud avec un compte HP.\u00a0Des outils de gestion intuitifs vous aident \u00e0 configurer vos imprimantes, \u00e0 int\u00e9grer des utilisateurs, \u00e0 suivre les niveaux de toner, \u00e0 assurer la s\u00e9curit\u00e9, etc.\u00a0<\/span><\/h4>\n<p><span>Automatisez pour en faire plus.\u00a0Des raccourcis simples permettent \u00e0 vos employ\u00e9s d&#8217;effectuer des t\u00e2ches en plusieurs \u00e9tapes d&#8217;un simple toucher.<\/span><\/p>\n<h4><span>Configurez et g\u00e9rez votre parc d&#8217;imprimantes HP connect\u00e9es au cloud \u00e0 partir d&#8217;un seul panneau de commande Web, Smart Admin.\u00a0Avec des fonctionnalit\u00e9s de connectivit\u00e9 robustes et des outils de gestion intelligents, vos imprimantes seront pr\u00eates quand vous le serez.<\/span><\/h4>\n<p><span>Connectez vos imprimantes HP.\u00a0Des fonctionnalit\u00e9s robustes et des outils intelligents permettent au personnel d&#8217;en faire plus, peu importe o\u00f9 le travail est effectu\u00e9.\u00a0<\/span><\/p>\n<\/div>\n<\/div>\n<\/div>\n<h4 class=\"block processor-operating-ksp \">Caract\u00e9ristiques de Imprimante Multifonction HP LaserJet Pro 4103fdw<\/h4>\n<div>\n<p>Impression, copie, scan, fax<br \/>\nVitesse d&#8217;impression noir: 40\u00a0pages par minute (norme ISO)<br \/>\nQualit\u00e9 d&#8217;impression noire: Lignes fines (1 200 x 1 200 ppp)<br \/>\nVolume de pages mensuel recommand\u00e9: 750 \u00e0 4 000<br \/>\nImpression recto\/verso: Automatique<br \/>\nFonctionne avec: 1\u00a0(noir)<br \/>\nConnectivit\u00e9: 1 port USB 2.0 haut d\u00e9bit ; 1 port h\u00f4te USB \u00e0 l\u2019arri\u00e8re; 1 port USB \u00e0 l\u2019avant; R\u00e9seau Gigabit Ethernet LAN 10\/100\/1000 BASE-T; 802.3az(EEE);\u00a0802.11b\/g\/n \/ 2.4 \/ 5 GHZ Radio Wi-Fi+ BLE<br \/>\nEncres fournies avec l&#8217;imprimante: Toner noir HP LaserJet authentique pr\u00e9install\u00e9<\/p>\n<p><strong>La s\u00e9rie HP LaserJet Pro 4103 remplace la s\u00e9rie HP LaserJet Pro M428.<\/strong><\/p>\n<\/div>\n<div id=\"contenidoIndexado\"><\/div>\n","protected":false},"excerpt":{"rendered":"<p>Impression, copie, scan, fax<br \/>\nVitesse d&#8217;impression noir: 40\u00a0pages par minute (norme ISO)<br \/>\nQualit\u00e9 d&#8217;impression noire: Lignes fines (1 200 x 1 200 ppp)<br \/>\nVolume de pages mensuel recommand\u00e9: 750 \u00e0 4 000<br \/>\nImpression recto\/verso: Automatique<br \/>\nFonctionne avec: 1\u00a0(noir)<br \/>\nConnectivit\u00e9: 1 port USB 2.0 haut d\u00e9bit ; 1 port h\u00f4te USB \u00e0 l\u2019arri\u00e8re; 1 port USB \u00e0 l\u2019avant; R\u00e9seau Gigabit Ethernet LAN 10\/100\/1000 BASE-T; 802.3az(EEE);\u00a0802.11b\/g\/n \/ 2.4 \/ 5 GHZ Radio Wi-Fi+ BLE<br \/>\nEncres fournies avec l&#8217;imprimante: Toner noir HP LaserJet authentique pr\u00e9install\u00e9<\/p>\n<p><strong>La s\u00e9rie HP LaserJet Pro 4103 remplace la s\u00e9rie HP LaserJet Pro M428.<\/strong><\/p>\n","protected":false},"featured_media":6845,"comment_status":"open","ping_status":"closed","template":"","meta":{"_acf_changed":false,"_monsterinsights_skip_tracking":false,"_monsterinsights_sitenote_active":false,"_monsterinsights_sitenote_note":"","_monsterinsights_sitenote_category":0,"_uf_show_specific_survey":0,"_uf_disable_surveys":false,"_joinchat":[]},"product_brand":[],"product_cat":[15,253,290,271],"product_tag":[],"class_list":{"0":"post-6844","1":"product","2":"type-product","3":"status-publish","4":"has-post-thumbnail","6":"product_cat-imprimante-scanner","7":"product_cat-imprimante","8":"product_cat-meilleures-ventes","9":"product_cat-multifonction-laser-monochrome","11":"first","12":"instock","13":"sale","14":"shipping-taxable","15":"purchasable","16":"product-type-simple"},"acf":[],"jetpack_sharing_enabled":true,"_links":{"self":[{"href":"https:\/\/digistar.ma\/index.php?rest_route=\/wp\/v2\/product\/6844","targetHints":{"allow":["GET"]}}],"collection":[{"href":"https:\/\/digistar.ma\/index.php?rest_route=\/wp\/v2\/product"}],"about":[{"href":"https:\/\/digistar.ma\/index.php?rest_route=\/wp\/v2\/types\/product"}],"replies":[{"embeddable":true,"href":"https:\/\/digistar.ma\/index.php?rest_route=%2Fwp%2Fv2%2Fcomments&post=6844"}],"version-history":[{"count":2,"href":"https:\/\/digistar.ma\/index.php?rest_route=\/wp\/v2\/product\/6844\/revisions"}],"predecessor-version":[{"id":6850,"href":"https:\/\/digistar.ma\/index.php?rest_route=\/wp\/v2\/product\/6844\/revisions\/6850"}],"wp:featuredmedia":[{"embeddable":true,"href":"https:\/\/digistar.ma\/index.php?rest_route=\/wp\/v2\/media\/6845"}],"wp:attachment":[{"href":"https:\/\/digistar.ma\/index.php?rest_route=%2Fwp%2Fv2%2Fmedia&parent=6844"}],"wp:term":[{"taxonomy":"product_brand","embeddable":true,"href":"https:\/\/digistar.ma\/index.php?rest_route=%2Fwp%2Fv2%2Fproduct_brand&post=6844"},{"taxonomy":"product_cat","embeddable":true,"href":"https:\/\/digistar.ma\/index.php?rest_route=%2Fwp%2Fv2%2Fproduct_cat&post=6844"},{"taxonomy":"product_tag","embeddable":true,"href":"https:\/\/digistar.ma\/index.php?rest_route=%2Fwp%2Fv2%2Fproduct_tag&post=6844"}],"curies":[{"name":"wp","href":"https:\/\/api.w.org\/{rel}","templated":true}]}}