{"id":6867,"date":"2023-07-24T01:58:18","date_gmt":"2023-07-24T01:58:18","guid":{"rendered":"https:\/\/digistar.ma\/?post_type=product&#038;p=6867"},"modified":"2023-07-24T01:58:18","modified_gmt":"2023-07-24T01:58:18","slug":"imprimante-a4-multifonction-laser-monochrome-canon-imagerunner-1643i-ii","status":"publish","type":"product","link":"https:\/\/digistar.ma\/?product=imprimante-a4-multifonction-laser-monochrome-canon-imagerunner-1643i-ii","title":{"rendered":"Imprimante A4 Multifonction Laser Monochrome Canon imageRUNNER 1643i II"},"content":{"rendered":"<p><strong>Imprimante A4 Multifonction Laser Monochrome Canon imageRUNNER 1643i II<\/strong><\/p>\n<h4 class=\"lfts__content-heading canon-h1--small canon-color--grey-darkest canon-mb-xs\">Canon\u00a0<span class=\"canon-color--black\">S\u00e9rie imageRUNNER 1643 II<\/span><\/h4>\n<p class=\"lfts__content-paragraph canon-paragraph--big canon-mb-xxs canon-color--grey-darkest\">Des appareils multifonctions monochromes A4 tr\u00e8s efficaces avec des capacit\u00e9s de num\u00e9risation ultra-rapides et des options de connectivit\u00e9 avanc\u00e9es.<\/p>\n<div class=\"heading-simple shared-styles__separator-tb-xm canon-bg--grey-lightest\" dir=\"ltr\">\n<div class=\"container\">\n<div class=\"heading-simple__wrapper heading-simple__wrapper--center\">\n<h2 class=\"heading-simple__heading canon-mb-xxs canon-h2--big text-center\">Travaillez plus intelligemment gr\u00e2ce \u00e0 des flux de documents intelligents issus de technologies innovantes<\/h2>\n<div class=\"heading-simple__paragraph canon-paragraph--large canon-mb-xxs text-center\">Optimisez la productivit\u00e9 de votre espace de travail pour une impression et une num\u00e9risation rapides et efficaces, avec des programmes int\u00e9gr\u00e9s et des options de personnalisation avanc\u00e9es.<\/div>\n<\/div>\n<\/div>\n<\/div>\n<div id=\"id_2169829\"><\/div>\n<section class=\"block-flex-multi-text\">\n<div class=\"canon-bg--white\">\n<div class=\"container-large\">\n<div class=\"block-flex-multi-text__wrapper\" dir=\"ltr\">\n<div class=\"block-flex-multi-text__content-wrapper canon-mr-xxs canon-ml-xxs  shared-styles__separator-tb-s\">\n<div class=\"block-flex-multi-text__align shared-styles__separator-tb-xxs\">\n<h2 class=\"block-flex-multi-text__title canon-h1--small canon-mb-xs canon-color--grey-darkest\">Am\u00e9lioration de la productivit\u00e9<\/h2>\n<p class=\"block-flex-multi-text__text canon-paragraph--big canon-mb-xxs canon-color--grey-darkest\">Am\u00e9liorez l&#8217;efficacit\u00e9 du flux de travail gr\u00e2ce \u00e0 une sortie ultra-rapide, une grande capacit\u00e9 d&#8217;alimentation papier et de tr\u00e8s nombreux supports pris en charge.<\/p>\n<\/div>\n<div class=\"block-flex-multi-text__align shared-styles__separator-tb-xxs\">\n<h2 class=\"block-flex-multi-text__title canon-h1--small canon-mb-xs canon-color--grey-darkest\">Contr\u00f4le intuitif<\/h2>\n<p class=\"block-flex-multi-text__text canon-paragraph--big canon-mb-xxs canon-color--grey-darkest\">L&#8217;\u00e9cran tactile couleur simple d&#8217;utilisation permet de personnaliser facilement les t\u00e2ches quotidiennes \u00e0 l&#8217;aide d&#8217;ic\u00f4nes s\u00e9lectionnables \u00e0 l&#8217;\u00e9cran.<\/p>\n<\/div>\n<div class=\"block-flex-multi-text__align shared-styles__separator-tb-xxs\">\n<h2 class=\"block-flex-multi-text__title canon-h1--small canon-mb-xs canon-color--grey-darkest\">Connectivit\u00e9 optimis\u00e9e<\/h2>\n<p class=\"block-flex-multi-text__text canon-paragraph--big canon-mb-xxs canon-color--grey-darkest\">Profitez d&#8217;une suite de solutions de stockage cloud et de connectivit\u00e9 mobile, notamment uniFLOW Online* de Canon pour les flux de num\u00e9risation avanc\u00e9s.<\/p>\n<\/div>\n<\/div>\n<div class=\"block-flex-multi-text__img-wrapper block-flex-multi-text__img-wrapper--border shared-styles__separator-tb-s\"><picture class=\"block-flex-multi-text__img canon-amplience canon-amplience__lazy  \"><source class=\"canon-amplience__image lazy\" srcset=\"\/\/i1.adis.ws\/i\/canon\/imagerunner-1643i-ii-fsl_key-proposition_2b1c3d5ab11a47bd98cfc3977fc4b5d5?$block-multitext-1by1-dt$\" type=\"image\/webp\" media=\"(min-width: 1440px)\" data-srcset=\"\/\/i1.adis.ws\/i\/canon\/imagerunner-1643i-ii-fsl_key-proposition_2b1c3d5ab11a47bd98cfc3977fc4b5d5?$block-multitext-1by1-dt$\" \/><source class=\"canon-amplience__image lazy\" srcset=\"\/\/i1.adis.ws\/i\/canon\/imagerunner-1643i-ii-fsl_key-proposition_2b1c3d5ab11a47bd98cfc3977fc4b5d5?$block-multitext-1by1-dt$\" type=\"image\/webp\" media=\"(min-width: 1200px)\" data-srcset=\"\/\/i1.adis.ws\/i\/canon\/imagerunner-1643i-ii-fsl_key-proposition_2b1c3d5ab11a47bd98cfc3977fc4b5d5?$block-multitext-1by1-dt$\" \/><source class=\"canon-amplience__image lazy\" srcset=\"\/\/i1.adis.ws\/i\/canon\/imagerunner-1643i-ii-fsl_key-proposition_2b1c3d5ab11a47bd98cfc3977fc4b5d5?$block-multitext-1by1-tb$\" type=\"image\/webp\" media=\"(min-width: 769px)\" data-srcset=\"\/\/i1.adis.ws\/i\/canon\/imagerunner-1643i-ii-fsl_key-proposition_2b1c3d5ab11a47bd98cfc3977fc4b5d5?$block-multitext-1by1-tb$\" \/><source class=\"canon-amplience__image lazy\" srcset=\"\/\/i1.adis.ws\/i\/canon\/imagerunner-1643i-ii-fsl_key-proposition_2b1c3d5ab11a47bd98cfc3977fc4b5d5?$block-multitext-1by1-mb$\" type=\"image\/webp\" media=\"(min-width: 0)\" data-srcset=\"\/\/i1.adis.ws\/i\/canon\/imagerunner-1643i-ii-fsl_key-proposition_2b1c3d5ab11a47bd98cfc3977fc4b5d5?$block-multitext-1by1-mb$\" \/><img decoding=\"async\" class=\"canon-amplience__image lazy placeholder--one-by-one entered loaded\" src=\"https:\/\/i1.adis.ws\/i\/canon\/imagerunner-1643i-ii-fsl_key-proposition_2b1c3d5ab11a47bd98cfc3977fc4b5d5?$block-multitext-1by1-dt-jpg$\" srcset=\"\/\/i1.adis.ws\/i\/canon\/imagerunner-1643i-ii-fsl_key-proposition_2b1c3d5ab11a47bd98cfc3977fc4b5d5?$block-multitext-1by1-dt-jpg$\" data-srcset=\"\/\/i1.adis.ws\/i\/canon\/imagerunner-1643i-ii-fsl_key-proposition_2b1c3d5ab11a47bd98cfc3977fc4b5d5?$block-multitext-1by1-dt-jpg$\" data-src=\"\/\/i1.adis.ws\/i\/canon\/imagerunner-1643i-ii-fsl_key-proposition_2b1c3d5ab11a47bd98cfc3977fc4b5d5?$block-multitext-1by1-dt-jpg$\" data-ll-status=\"loaded\" \/><\/picture><\/div>\n<\/div>\n<\/div>\n<\/div>\n<\/section>\n<div id=\"id_2169830\"><\/div>\n<section class=\"block-flex-multi-text\">\n<div class=\"canon-bg--white\">\n<div class=\"container-large\">\n<div class=\"block-flex-multi-text__wrapper\" dir=\"ltr\">\n<div class=\"block-flex-multi-text__content-wrapper canon-mr-xxs canon-ml-xxs block-flex-multi-text__content-wrapper--order shared-styles__separator-tb-s\">\n<div class=\"block-flex-multi-text__align shared-styles__separator-tb-xxs\">\n<h2 class=\"block-flex-multi-text__title canon-h1--small canon-mb-xs canon-color--grey-darkest\">S\u00e9curit\u00e9 \u00e9lev\u00e9e<\/h2>\n<p class=\"block-flex-multi-text__text canon-paragraph--big canon-mb-xxs canon-color--grey-darkest\">Contr\u00f4lez l&#8217;acc\u00e8s \u00e0 l&#8217;appareil et aux documents, tout en assurant la confidentialit\u00e9 de vos fichiers gr\u00e2ce \u00e0 une gamme d&#8217;options avanc\u00e9es de s\u00e9curit\u00e9 et de chiffrement.<\/p>\n<\/div>\n<div class=\"block-flex-multi-text__align shared-styles__separator-tb-xxs\">\n<h2 class=\"block-flex-multi-text__title canon-h1--small canon-mb-xs canon-color--grey-darkest\">Design compact<\/h2>\n<p class=\"block-flex-multi-text__text canon-paragraph--big canon-mb-xxs canon-color--grey-darkest\">Optimis\u00e9 pour les petits bureaux avec un design flexible et peu encombrant.<\/p>\n<\/div>\n<div class=\"block-flex-multi-text__align shared-styles__separator-tb-xxs\">\n<h2 class=\"block-flex-multi-text__title canon-h1--small canon-mb-xs canon-color--grey-darkest\">Politique environnementale<\/h2>\n<p class=\"block-flex-multi-text__text canon-paragraph--big canon-mb-xxs canon-color--grey-darkest\">R\u00e9duisez l&#8217;impact sur l&#8217;environnement gr\u00e2ce aux cartouches tout-en-un recyclables et \u00e0 la technologie de toner avanc\u00e9e \u00e0 faible consommation d&#8217;\u00e9nergie.<\/p>\n<h4><a href=\"https:\/\/digistar.ma\/wp-content\/uploads\/2023\/07\/Imprimante-A4-Multifonction-Laser-Monochrome-Canon-imageRUNNER-1643i-II.pdf\">FICHE TECHNIQUE DE Imprimante A4 Multifonction Laser Monochrome Canon imageRUNNER 1643i II<\/a><\/h4>\n<\/div>\n<\/div>\n<\/div>\n<\/div>\n<\/div>\n<\/section>\n","protected":false},"excerpt":{"rendered":"<p>Impression, copie, num\u00e9risation et envoi<br \/>\nVitesse d&#8217;impression noir: Recto : Jusqu&#8217;\u00e0 43\/43 ppm (A4 norme ISO), Recto verso : Jusqu&#8217;\u00e0 36\/36 ppm (A4\u00a0norme ISO)<br \/>\nQualit\u00e9 d&#8217;impression noire: Jusqu&#8217;\u00e0 1200 \u00d7 1200<br \/>\nImpression recto\/verso: Automatique<br \/>\nFonctionne avec: 1 toner noir<br \/>\nConnectivit\u00e9: 1000Base-T \/ 100Base-TX \/ 10-Base-T, LAN sans fil (IEEE 802.11 b\/g\/n), connexion directe Wi-Fi, 2 ports USB 2.0 (h\u00f4te), 1 port USB 2.0 (p\u00e9riph\u00e9rique)<\/p>\n","protected":false},"featured_media":6868,"comment_status":"open","ping_status":"closed","template":"","meta":{"_acf_changed":false,"_monsterinsights_skip_tracking":false,"_monsterinsights_sitenote_active":false,"_monsterinsights_sitenote_note":"","_monsterinsights_sitenote_category":0,"_uf_show_specific_survey":0,"_uf_disable_surveys":false,"_joinchat":[]},"product_brand":[],"product_cat":[15,253,271],"product_tag":[],"class_list":{"0":"post-6867","1":"product","2":"type-product","3":"status-publish","4":"has-post-thumbnail","6":"product_cat-imprimante-scanner","7":"product_cat-imprimante","8":"product_cat-multifonction-laser-monochrome","10":"first","11":"instock","12":"sale","13":"shipping-taxable","14":"purchasable","15":"product-type-simple"},"acf":[],"jetpack_sharing_enabled":true,"_links":{"self":[{"href":"https:\/\/digistar.ma\/index.php?rest_route=\/wp\/v2\/product\/6867","targetHints":{"allow":["GET"]}}],"collection":[{"href":"https:\/\/digistar.ma\/index.php?rest_route=\/wp\/v2\/product"}],"about":[{"href":"https:\/\/digistar.ma\/index.php?rest_route=\/wp\/v2\/types\/product"}],"replies":[{"embeddable":true,"href":"https:\/\/digistar.ma\/index.php?rest_route=%2Fwp%2Fv2%2Fcomments&post=6867"}],"version-history":[{"count":1,"href":"https:\/\/digistar.ma\/index.php?rest_route=\/wp\/v2\/product\/6867\/revisions"}],"predecessor-version":[{"id":6872,"href":"https:\/\/digistar.ma\/index.php?rest_route=\/wp\/v2\/product\/6867\/revisions\/6872"}],"wp:featuredmedia":[{"embeddable":true,"href":"https:\/\/digistar.ma\/index.php?rest_route=\/wp\/v2\/media\/6868"}],"wp:attachment":[{"href":"https:\/\/digistar.ma\/index.php?rest_route=%2Fwp%2Fv2%2Fmedia&parent=6867"}],"wp:term":[{"taxonomy":"product_brand","embeddable":true,"href":"https:\/\/digistar.ma\/index.php?rest_route=%2Fwp%2Fv2%2Fproduct_brand&post=6867"},{"taxonomy":"product_cat","embeddable":true,"href":"https:\/\/digistar.ma\/index.php?rest_route=%2Fwp%2Fv2%2Fproduct_cat&post=6867"},{"taxonomy":"product_tag","embeddable":true,"href":"https:\/\/digistar.ma\/index.php?rest_route=%2Fwp%2Fv2%2Fproduct_tag&post=6867"}],"curies":[{"name":"wp","href":"https:\/\/api.w.org\/{rel}","templated":true}]}}