{"id":6873,"date":"2023-07-24T09:34:51","date_gmt":"2023-07-24T09:34:51","guid":{"rendered":"https:\/\/digistar.ma\/?post_type=product&#038;p=6873"},"modified":"2023-07-24T09:34:51","modified_gmt":"2023-07-24T09:34:51","slug":"imprimante-laser-monochrome-hp-laserjet-enterprise-flow-m528z","status":"publish","type":"product","link":"https:\/\/digistar.ma\/?product=imprimante-laser-monochrome-hp-laserjet-enterprise-flow-m528z","title":{"rendered":"Imprimante Laser Monochrome HP LaserJet Enterprise Flow M528z"},"content":{"rendered":"<p><strong>Imprimante Laser Monochrome HP LaserJet Enterprise Flow M528z<\/strong><\/p>\n<h4 class=\"h2-master\">Am\u00e9liorez votre productivit\u00e9 avec HP<\/h4>\n<section>L&#8217;imprimante\u00a0<strong>HP LaserJet\u00a0Enterprise MFP M528z<\/strong>\u00a0sera id\u00e9ale pour les entreprises et PME qui ont besoin d&#8217;une imprimante multifonction\u00a0s\u00e9curis\u00e9e, tr\u00e8s efficace et \u00e9conome en \u00e9nergie. Dot\u00e9e d&#8217;un \u00e9cran 8 pouces avec clavier int\u00e9gr\u00e9, de solutions de s\u00e9curit\u00e9 et des performances d&#8217;impression, de num\u00e9risation,\u00a0de copie et de t\u00e9l\u00e9copie\u00a0pouss\u00e9es, cette imprimante remportera tous les suffrages.<\/p>\n<\/section>\n<section>\n<div class=\"desc-image\"><img decoding=\"async\" src=\"https:\/\/media.ldlc.com\/bo\/images\/fiches\/imprimante\/hp\/m528z\/multifonction.jpg\" alt=\"\" \/><\/div>\n<div class=\"desc-text\">\n<h4>\u00c9COLOGIQUE ET PERFORMANTE<\/h4>\n<p>Cette imprimante multifonction efficace\u00a0<strong>\u00e9conomise l&#8217;\u00e9nergie<\/strong>\u00a0sans pour autant sacrifier la\u00a0<strong>productivit\u00e9<\/strong>. Vous pouvez ainsi effectuer rapidement des t\u00e2ches et optimiser les r\u00e9sultats de l&#8217;entreprise.<\/p>\n<ul>\n<li>Imprimez votre premi\u00e8re page en 6 secondes seulement<\/li>\n<li>Ex\u00e9cutez vos t\u00e2ches avec rapidit\u00e9. Imprimez deux c\u00f4t\u00e9s\u00a0jusqu&#8217;\u00e0 34\u00a0ipm, et num\u00e9risez les deux c\u00f4t\u00e9s de la page \u00e0 la fois<\/li>\n<li>Faible consommation d&#8217;\u00e9nergie gr\u00e2ce \u00e0 sa conception innovante et sa technologie de toner<\/li>\n<li>Choisissez une capacit\u00e9 maximum de 2 300 pages et imprimez jusqu&#8217;\u00e0 43 pages par minute en A4<\/li>\n<\/ul>\n<\/div>\n<\/section>\n<section>\n<div class=\"desc-text\">\n<h4>IMPRESSION S\u00c9CURIS\u00c9E<\/h4>\n<p>Faites confiance \u00e0 votre imprimante multifonction, du d\u00e9marrage \u00e0 l&#8217;arr\u00eat. B\u00e9n\u00e9ficiez d&#8217;une\u00a0<strong>protection renforc\u00e9e<\/strong>\u00a0pour les p\u00e9riph\u00e9riques, les donn\u00e9es et les documents gr\u00e2ce aux fonctionnalit\u00e9s de s\u00e9curit\u00e9 int\u00e9gr\u00e9es ou en option, tout en g\u00e9rant de mani\u00e8re centralis\u00e9e l&#8217;ensemble de votre parc d&#8217;imprimantes.<\/p>\n<ul>\n<li>Des fonctionnalit\u00e9s int\u00e9gr\u00e9es d\u00e9tectent les menaces de s\u00e9curit\u00e9 et r\u00e9parent votre imprimante multifonction pour la prot\u00e9ger int\u00e9gralement, de la mise en marche \u00e0 l&#8217;arr\u00eat<\/li>\n<li>Prot\u00e9gez les donn\u00e9es sensibles de votre entreprise avec des\u00a0<strong>solutions de s\u00e9curit\u00e9 HP JetAdvantage<\/strong>\u00a0int\u00e9gr\u00e9es et en option<\/li>\n<li>Centralisez la gestion de votre environnement d&#8217;impression avec HP Web Jetadmin, et contribuez \u00e0 l&#8217;efficacit\u00e9 de votre entreprise<\/li>\n<\/ul>\n<\/div>\n<div class=\"desc-image\"><img decoding=\"async\" src=\"https:\/\/media.ldlc.com\/bo\/images\/fiches\/imprimante\/hp\/m528z\/ecran_clavier.jpg\" alt=\"\" \/><\/div>\n<\/section>\n<section>\n<div class=\"desc-image\"><img decoding=\"async\" src=\"https:\/\/media.ldlc.com\/bo\/images\/fiches\/imprimante\/hp\/m528z\/economies.jpg\" alt=\"\" \/><\/div>\n<div class=\"desc-text\">\n<h4>R\u00c9DUISEZ VOS CO\u00dbTS<\/h4>\n<p>Gr\u00e2ce \u00e0 l&#8217;utilisation de toners, vous r\u00e9duirez significativement vos co\u00fbts. Cette imprimante de derni\u00e8re g\u00e9n\u00e9ration encore plus efficace que les mod\u00e8les pr\u00e9c\u00e9dents est en effet\u00a0\u00e9quip\u00e9e de\u00a0<strong>toners JetIntelligence<\/strong>\u00a0plus compacts et plus denses qui n\u00e9cessitent moins de chaleur pour fondre et donc d&#8217;\u00e9nergie pour fonctionner. Ils permettent \u00e9galement de produire plus d&#8217;impressions par cartouche.<\/p>\n<\/div>\n<\/section>\n<section>\n<h4>CARACT\u00c9RISTIQUES PRINCIPALES :<\/h4>\n<ul>\n<li>Imprimante multifonction laser A4<\/li>\n<li><strong>4-en-1 : impression, num\u00e9risation, copie, t\u00e9l\u00e9copie<\/strong><\/li>\n<li>Rect-Verso automatique (impression et num\u00e9risation)<\/li>\n<li><strong>Vitesse d&#8217;impression\u00a0<\/strong>: jusqu&#8217;\u00e0 43 ppm (noir) au format A4<\/li>\n<li><strong>Vitesse de num\u00e9risation<\/strong>\u00a0: jusqu&#8217;\u00e0 43 ppm<\/li>\n<li><strong>Vitesse de copie :<\/strong>\u00a0jusqu&#8217;\u00e0 43 cpm<\/li>\n<li>Ports : 1 USB 2.0, 2 ports USB 2.0 (h\u00f4te), 1 Gigabit Ethernet<\/li>\n<li>Ecran LCD tactile 20.3 cm (8 pouces)<\/li>\n<li>Clavier int\u00e9gr\u00e9<\/li>\n<li>Bac papier de 250 feuilles<\/li>\n<li>Disque dur 320 Go<\/li>\n<li>Fonctionnalit\u00e9s sans fil Wi-Fi Dual Bandn Wi-Fi Direct\u00a0et Bluetooth Low Energy<\/li>\n<li>Impression mobile Google Cloud Print, Apple AirPrint, HP ePrint, certification Mopria<\/li>\n<\/ul>\n<\/section>\n","protected":false},"excerpt":{"rendered":"<p>Impression, copie, scan, fax<br \/>\nVitesse d&#8217;impression noir: Jusqu&#8217;\u00e0 43 ppm (par d\u00e9faut); Jusqu&#8217;\u00e0 50 ppm (HP High Speed)<br \/>\nQualit\u00e9 d&#8217;impression noire: Jusqu&#8217;\u00e0 1 200\u00a0x\u00a01 200\u00a0ppp<br \/>\nVolume de pages mensuel recommand\u00e9: 2 000 \u00e0 7 500<br \/>\nImpression recto\/verso: Automatique (standard)<br \/>\nFonctionne avec: 1 cartouche noire<br \/>\nConnectivit\u00e9: 1 port p\u00e9riph\u00e9rique USB 2.0 haut d\u00e9bit; 2 ports USB 2.0 \u00a0haut d\u00e9bit (h\u00f4te); 1 Gigabit Ethernet; 1 compartiment d\u2019int\u00e9gration mat\u00e9rielle; 1 port de t\u00e9l\u00e9copie; 1 port Wi-Fi direct 802.11b\/g\/n; 1 Bluetooth faible consommation<\/p>\n","protected":false},"featured_media":6874,"comment_status":"open","ping_status":"closed","template":"","meta":{"_acf_changed":false,"_monsterinsights_skip_tracking":false,"_monsterinsights_sitenote_active":false,"_monsterinsights_sitenote_note":"","_monsterinsights_sitenote_category":0,"_uf_show_specific_survey":0,"_uf_disable_surveys":false,"_joinchat":[]},"product_brand":[],"product_cat":[15,253,271],"product_tag":[],"class_list":{"0":"post-6873","1":"product","2":"type-product","3":"status-publish","4":"has-post-thumbnail","6":"product_cat-imprimante-scanner","7":"product_cat-imprimante","8":"product_cat-multifonction-laser-monochrome","10":"first","11":"instock","12":"sale","13":"shipping-taxable","14":"purchasable","15":"product-type-simple"},"acf":[],"jetpack_sharing_enabled":true,"_links":{"self":[{"href":"https:\/\/digistar.ma\/index.php?rest_route=\/wp\/v2\/product\/6873","targetHints":{"allow":["GET"]}}],"collection":[{"href":"https:\/\/digistar.ma\/index.php?rest_route=\/wp\/v2\/product"}],"about":[{"href":"https:\/\/digistar.ma\/index.php?rest_route=\/wp\/v2\/types\/product"}],"replies":[{"embeddable":true,"href":"https:\/\/digistar.ma\/index.php?rest_route=%2Fwp%2Fv2%2Fcomments&post=6873"}],"version-history":[{"count":1,"href":"https:\/\/digistar.ma\/index.php?rest_route=\/wp\/v2\/product\/6873\/revisions"}],"predecessor-version":[{"id":6878,"href":"https:\/\/digistar.ma\/index.php?rest_route=\/wp\/v2\/product\/6873\/revisions\/6878"}],"wp:featuredmedia":[{"embeddable":true,"href":"https:\/\/digistar.ma\/index.php?rest_route=\/wp\/v2\/media\/6874"}],"wp:attachment":[{"href":"https:\/\/digistar.ma\/index.php?rest_route=%2Fwp%2Fv2%2Fmedia&parent=6873"}],"wp:term":[{"taxonomy":"product_brand","embeddable":true,"href":"https:\/\/digistar.ma\/index.php?rest_route=%2Fwp%2Fv2%2Fproduct_brand&post=6873"},{"taxonomy":"product_cat","embeddable":true,"href":"https:\/\/digistar.ma\/index.php?rest_route=%2Fwp%2Fv2%2Fproduct_cat&post=6873"},{"taxonomy":"product_tag","embeddable":true,"href":"https:\/\/digistar.ma\/index.php?rest_route=%2Fwp%2Fv2%2Fproduct_tag&post=6873"}],"curies":[{"name":"wp","href":"https:\/\/api.w.org\/{rel}","templated":true}]}}