{"id":6879,"date":"2023-07-24T09:53:25","date_gmt":"2023-07-24T09:53:25","guid":{"rendered":"https:\/\/digistar.ma\/?post_type=product&#038;p=6879"},"modified":"2025-10-31T12:20:54","modified_gmt":"2025-10-31T12:20:54","slug":"hp-137fnw-imprimante-multifonction-laser-monochrome","status":"publish","type":"product","link":"https:\/\/digistar.ma\/?product=hp-137fnw-imprimante-multifonction-laser-monochrome","title":{"rendered":"HP 137fnw Imprimante Multifonction Laser Monochrome"},"content":{"rendered":"<p><strong>HP 137fnw Imprimante Multifonction Laser Monochrome<\/strong><\/p>\n<h4 class=\"h2-master\">Une imprimante multifonction\u00a0\u00e0 un prix abordable<\/h4>\n<section>B\u00e9n\u00e9ficiez de la performance d&#8217;une imprimante multifonction productive \u00e0 un prix abordable. Avec la\u00a0<strong>HP Laser 137fnw<\/strong>\u00a0imprimez, num\u00e9risez, copiez et t\u00e9l\u00e9copiez,\u00a0et obtenez facilement des r\u00e9sultats de haute qualit\u00e9. Pourvue d&#8217;une connectivit\u00e9\u00a0<strong>USB 2.0 haut d\u00e9bit, d&#8217;un port r\u00e9seau Fast Ethernet 10\/100Base-TX, et du Wi-Fi,\u00a0<\/strong>elle\u00a0vous permet d&#8217;imprimer et de num\u00e9riser comme bon vous semble et m\u00eame depuis votre t\u00e9l\u00e9phone.<\/p>\n<\/section>\n<section>\n<div class=\"desc-image\"><img decoding=\"async\" src=\"https:\/\/media.ldlc.com\/bo\/images\/fiches\/imprimante\/hp\/hp137fnw\/hp137fnw_800_1.jpg\" alt=\"\" \/><\/div>\n<div class=\"desc-text\">\n<h4>OBTENEZ LA QUALIT\u00c9 QUE VOUS SOUHAITEZ : UN TEXTE NOIR ET PR\u00c9CIS.<\/h4>\n<p>Cette imprimante\u00a0<strong>HP Laser 137fnw<\/strong>\u00a0\u00e9tonnamment compacte offre une qualit\u00e9 d&#8217;impression exceptionnelle, page apr\u00e8s page. Imprimez du texte pr\u00e9cis, des noirs profonds et des graphismes \u00e9clatants. Vous pouvez compter sur une imprimante multifonction laser haute performance \u00e0 un prix abordable.<\/p>\n<p>B\u00e9n\u00e9ficiez d&#8217;une configuration ais\u00e9e pour imprimer et num\u00e9riser depuis de nombreux smartphones et tablettes, gr\u00e2ce \u00e0 l&#8217;application HP Smart. Partagez facilement les ressources : acc\u00e9dez et imprimez gr\u00e2ce au r\u00e9seau Ethernet et sans fil. Connectez votre smartphone ou votre tablette directement \u00e0 votre imprimante et imprimez facilement m\u00eame sans acc\u00e9der \u00e0 un r\u00e9seau.<\/p>\n<\/div>\n<\/section>\n<section>\n<div class=\"desc-text\">\n<h4>IMPRIMEZ FACILEMENT AVEC UNE MULTIFONCTION QUI S&#8217;ADAPTE\u00a0\u00c0 VOTRE ESPACE DE TRAVAIL.<\/h4>\n<p>Vous pouvez installer cette HP 137fnw Imprimante Multifonction Laser Monochrome <strong>\u00a0<\/strong>quasiment partout : elle est petite et compacte. B\u00e9n\u00e9ficiez de vitesses d&#8217;impression allant jusqu&#8217;\u00e0 20 ppm. Gardez les mains libres pour imprimer, num\u00e9riser, copier et t\u00e9l\u00e9copier, gr\u00e2ce au chargeur automatique de documents de 40 pages. Imprimez et t\u00e9l\u00e9copiez facilement et rapidement, directement depuis le panneau de commande..<\/p>\n<\/div>\n<div class=\"desc-image\"><img decoding=\"async\" src=\"https:\/\/media.ldlc.com\/bo\/images\/fiches\/imprimante\/hp\/hp137fnw\/hp137fnw_800_2.jpg\" alt=\"\" \/><\/div>\n<\/section>\n<section class=\"list\">\n<h4>CARACT\u00c9RISTIQUES PRINCIPALES de HP 137fnw Imprimante Multifonction Laser Monochrome<\/h4>\n<ul>\n<li>Tout-en-un Laser noir et blanc<\/li>\n<li>Impression, copie, scan, fax<\/li>\n<li>Formats : A4 ; A5 ; A6 ; B5 ; \u00e9tiquettes ; cartes postales ; enveloppes<\/li>\n<li>Capacit\u00e9 maximale feuilles (entr\u00e9e\/sortie) : Jusqu&#8217;\u00e0 150\/100<\/li>\n<li>Chargeur automatique de documents de 40 pages<\/li>\n<li>Capacit\u00e9 maximale enveloppes\u00a0: Jusqu&#8217;\u00e0 10<\/li>\n<li><strong>Connectivit\u00e9 : Port USB 2.0 haut d\u00e9bit, Port r\u00e9seau Fast Ethernet 10\/100Base-TX, Sans fil 802.11 b\/g\/n<\/strong><\/li>\n<li>Ecran LCD 2 lignes (16 caract\u00e8res par ligne) : 65.5 x 14.8 cm<\/li>\n<li>Impression mobile : Apple AirPrint, Google Cloud Print, Applications mobiles, Certifi\u00e9 Mopria, Impression Wi-Fi Direct<\/li>\n<li>Vitesse d&#8217;impression\u00a0: jusqu&#8217;\u00e0 22 ppm en mode normal<\/li>\n<li>R\u00e9solution d&#8217;impression : Jusqu\u2019\u00e0 1200 x 1200 ppp (optimale), jusqu&#8217;\u00e0 600 x 600 ppp (normale)<\/li>\n<li>R\u00e9solution de num\u00e9risation optimis\u00e9e : jusqu&#8217;\u00e0 4800 x 4800 ppp (optimis\u00e9e),\u00a0jusqu&#8217;\u00e0 600 x 600 ppp (optique)<\/li>\n<li>R\u00e9solution noire de la t\u00e9l\u00e9copie (meilleur) : jusqu&#8217;\u00e0 300 x 300 ppp<\/li>\n<li>Vitesse de num\u00e9risation recto-verso (normal, A4) : jusqu&#8217;\u00e0 15 ipm (monochrome), jusqu&#8217;\u00e0 6 ipm (couleur)<\/li>\n<li>Vitesse de copie (noir, qualit\u00e9 normale, A4) : jusqu&#8217;\u00e0 20 cpm<\/li>\n<li>Vitesse de transmission de la t\u00e9l\u00e9copie : 33,6 kbps<\/li>\n<li>Recto-verso manuel<\/li>\n<\/ul>\n<h3><a href=\"https:\/\/www.hp.com\/emea_africa-fr\/products\/printers\/product-details\/product-specifications\/24494387\" target=\"_blank\" rel=\"noopener\">FICHE TECHNIQUE ICI<\/a><\/h3>\n<\/section>\n","protected":false},"excerpt":{"rendered":"<p>Impression, copie, scan, fax<br \/>\nVitesse d&#8217;impression noir: \u00a020 pages par minute (norme ISO)<br \/>\nQualit\u00e9 d&#8217;impression noire: Jusqu\u2019\u00e0 1 200 x 1 200 ppp<br \/>\nVolume de pages mensuel recommand\u00e9: 100 \u00e0 2 000<br \/>\nImpression recto\/verso: Manuel (avec prise en charge des pilotes)<br \/>\nFonctionne avec: 1 (noir)<br \/>\nConnectivit\u00e9: Port USB 2.0 haut d\u00e9bit; port r\u00e9seau Fast Ethernet 10\/100Base-TX; Sans fil 802.11 b\/g\/n<\/p>\n","protected":false},"featured_media":6880,"comment_status":"open","ping_status":"closed","template":"","meta":{"_acf_changed":false,"_monsterinsights_skip_tracking":false,"_monsterinsights_sitenote_active":false,"_monsterinsights_sitenote_note":"","_monsterinsights_sitenote_category":0,"_uf_show_specific_survey":0,"_uf_disable_surveys":false,"_joinchat":[]},"product_brand":[],"product_cat":[15,253,290,271],"product_tag":[],"class_list":{"0":"post-6879","1":"product","2":"type-product","3":"status-publish","4":"has-post-thumbnail","6":"product_cat-imprimante-scanner","7":"product_cat-imprimante","8":"product_cat-meilleures-ventes","9":"product_cat-multifonction-laser-monochrome","11":"first","12":"instock","13":"sale","14":"shipping-taxable","15":"purchasable","16":"product-type-simple"},"acf":[],"jetpack_sharing_enabled":true,"_links":{"self":[{"href":"https:\/\/digistar.ma\/index.php?rest_route=\/wp\/v2\/product\/6879","targetHints":{"allow":["GET"]}}],"collection":[{"href":"https:\/\/digistar.ma\/index.php?rest_route=\/wp\/v2\/product"}],"about":[{"href":"https:\/\/digistar.ma\/index.php?rest_route=\/wp\/v2\/types\/product"}],"replies":[{"embeddable":true,"href":"https:\/\/digistar.ma\/index.php?rest_route=%2Fwp%2Fv2%2Fcomments&post=6879"}],"version-history":[{"count":1,"href":"https:\/\/digistar.ma\/index.php?rest_route=\/wp\/v2\/product\/6879\/revisions"}],"predecessor-version":[{"id":6885,"href":"https:\/\/digistar.ma\/index.php?rest_route=\/wp\/v2\/product\/6879\/revisions\/6885"}],"wp:featuredmedia":[{"embeddable":true,"href":"https:\/\/digistar.ma\/index.php?rest_route=\/wp\/v2\/media\/6880"}],"wp:attachment":[{"href":"https:\/\/digistar.ma\/index.php?rest_route=%2Fwp%2Fv2%2Fmedia&parent=6879"}],"wp:term":[{"taxonomy":"product_brand","embeddable":true,"href":"https:\/\/digistar.ma\/index.php?rest_route=%2Fwp%2Fv2%2Fproduct_brand&post=6879"},{"taxonomy":"product_cat","embeddable":true,"href":"https:\/\/digistar.ma\/index.php?rest_route=%2Fwp%2Fv2%2Fproduct_cat&post=6879"},{"taxonomy":"product_tag","embeddable":true,"href":"https:\/\/digistar.ma\/index.php?rest_route=%2Fwp%2Fv2%2Fproduct_tag&post=6879"}],"curies":[{"name":"wp","href":"https:\/\/api.w.org\/{rel}","templated":true}]}}