{"id":6886,"date":"2023-07-25T00:29:15","date_gmt":"2023-07-25T00:29:15","guid":{"rendered":"https:\/\/digistar.ma\/?post_type=product&#038;p=6886"},"modified":"2023-07-25T00:29:16","modified_gmt":"2023-07-25T00:29:16","slug":"imprimante-multifonction-laser-monochrome-hp-laserjet-pro-4103dw","status":"publish","type":"product","link":"https:\/\/digistar.ma\/?product=imprimante-multifonction-laser-monochrome-hp-laserjet-pro-4103dw","title":{"rendered":"Imprimante Multifonction Laser Monochrome HP LaserJet Pro 4103dw"},"content":{"rendered":"<p><strong>Imprimante Multifonction Laser Monochrome HP LaserJet Pro 4103dw<\/strong><\/p>\n<p>Cette imprimante est con\u00e7ue pour une productivit\u00e9 maximale avec des vitesses rapides et un mat\u00e9riel fiable, offrant une utilisation quotidienne sans effort o\u00f9 que vous travailliez afin que vous puissiez vous concentrer davantage sur votre entreprise.<\/p>\n<div class=\"c-split-module__image\">\n<div class=\"c-image-container hp-image-116c-cb94 with-ratio\"><img decoding=\"async\" class=\"inner-image\" src=\"https:\/\/ssl-product-images.www8-hp.com\/digmedialib\/prodimg\/lowres\/c08331760.png\" alt=\"HP LaserJet Pro MFP 4103dw (Dark Basalt) Catalog, Front\" \/><\/div>\n<\/div>\n<div class=\"c-split-module__text\">\n<h3 class=\"h2 c-split-module__title\">Performances maximales<\/h3>\n<p class=\"h4 c-split-module__description\">Optimisez les performances de votre bureau avec un contr\u00f4le informatique accru, une vitesse d\u2019impression ultra-rapide, des performances \u00e9lev\u00e9es et la num\u00e9risation.<\/p>\n<h3 class=\"h2 c-split-module__title\">Une productivit\u00e9 maximale.<\/h3>\n<p class=\"h4 c-split-module__description\">Faites-en toujours plus gr\u00e2ce aux fonctions de productivit\u00e9 intelligentes et aux raccourcis, disponibles \u00e0 partir de l\u2019application HP Smart, de n\u2019importe o\u00f9 et \u00e0 tout moment. Connectez et num\u00e9risez directement vers un p\u00e9riph\u00e9rique de stockage \u00e0 l\u2019aide du port USB.<\/p>\n<h3 class=\"h2 c-split-module__title\">Une gestion sans faille.<\/h3>\n<p class=\"h4 c-split-module__description\">Configurez et g\u00e9rez facilement votre parc d\u2019imprimantes HP connect\u00e9es au cloud, o\u00f9 qu\u2019elles se trouvent, \u00e0 l\u2019aide d\u2019un tableau de bord Web unique : Smart Admin. Avec une connectivit\u00e9 fiable et des outils de gestion intelligents, vos imprimantes sont pr\u00eates quand vous\u00a0<span class=\"m-text-nowrap\">l\u2019\u00eates.<\/span><\/p>\n<div class=\"c-column-module-feature\">\n<h4 class=\"c-column-module-feature__title h4\">Solution pour les grandes \u00e9quipes de travail.<\/h4>\n<div class=\"c-column-module-feature__description h5\">\n<p>Soutenez votre \u00e9quipe de travail dynamique avec cette imprimante intelligente rapide, id\u00e9ale jusqu\u2019\u00e0 10 utilisateurs.<\/p>\n<\/div>\n<\/div>\n<div class=\"c-column-module-feature\">\n<h4 class=\"c-column-module-feature__title h4\">Vitesse d\u2019impression de la classe HP Pro<\/h4>\n<div class=\"c-column-module-feature__description h5\">\n<p>Am\u00e9liorez votre flux de travail. La vitesse d\u2019impression de cat\u00e9gorie HP Pro atteint jusqu\u2019\u00e0 42 ppm afin de satisfaire les environnements \u00e0 forte demande.<\/p>\n<\/div>\n<\/div>\n<div class=\"c-column-module-feature\">\n<h4 class=\"c-column-module-feature__title h4\">Num\u00e9risation recto-verso.<\/h4>\n<div class=\"c-column-module-feature__description h5\">\n<p>Num\u00e9risation recto-verso en un seul passage. La num\u00e9risation recto-verso permet \u00e0 vos utilisateurs d\u2019en faire plus en moins de temps avec Imprimante Multifonction Laser Monochrome HP LaserJet Pro 4103dw.<\/p>\n<\/div>\n<\/div>\n<div class=\"c-column-module-feature\">\n<h4 class=\"c-column-module-feature__title h4\">USB portable<\/h4>\n<div class=\"c-column-module-feature__description h5\">\n<p>Aucun PC ni pilote requis. Imprimez ou num\u00e9risez sur place \u00e0 partir de votre cl\u00e9 USB.<\/p>\n<\/div>\n<h4><a href=\"https:\/\/www.hp.com\/emea_africa-fr\/products\/printers\/product-details\/product-specifications\/38347996\" target=\"_blank\" rel=\"noopener\">FICHE TECHNIQUE ICI\u00a0<\/a><\/h4>\n<\/div>\n<\/div>\n","protected":false},"excerpt":{"rendered":"<p>Impression, copie, num\u00e9risation<br \/>\nVitesse d&#8217;impression noir: Jusqu&#8217;\u00e0 40 ppm<br \/>\nQualit\u00e9 d&#8217;impression noire: Lignes fines (1 200 x 1 200 ppp)<br \/>\nVolume de pages mensuel recommand\u00e9: 750 \u00e0 4 000<br \/>\nImpression recto\/verso: Automatique (par d\u00e9faut)<br \/>\nFonctionne avec: 1 (noir)<br \/>\nConnectivit\u00e9: 1 port USB 2.0 haut d\u00e9bit \u00a0; 1 port h\u00f4te USB \u00e0 l\u2019arri\u00e8re; 1 port USB \u00e0 l\u2019avant; R\u00e9seau Gigabit Ethernet 10\/100\/1000BASE-T; 802.3az(EEE); 802.11b\/g\/n\/2.4\/5 GHZ Radio Wi-Fi+ BLE<\/p>\n<p><strong>La s\u00e9rie HP LaserJet Pro 4103 remplace la s\u00e9rie HP LaserJet Pro M428.<\/strong><\/p>\n","protected":false},"featured_media":6887,"comment_status":"open","ping_status":"closed","template":"","meta":{"_acf_changed":false,"_monsterinsights_skip_tracking":false,"_monsterinsights_sitenote_active":false,"_monsterinsights_sitenote_note":"","_monsterinsights_sitenote_category":0,"_uf_show_specific_survey":0,"_uf_disable_surveys":false,"_joinchat":[]},"product_brand":[],"product_cat":[15,253,271],"product_tag":[],"class_list":{"0":"post-6886","1":"product","2":"type-product","3":"status-publish","4":"has-post-thumbnail","6":"product_cat-imprimante-scanner","7":"product_cat-imprimante","8":"product_cat-multifonction-laser-monochrome","10":"first","11":"instock","12":"sale","13":"shipping-taxable","14":"purchasable","15":"product-type-simple"},"acf":[],"jetpack_sharing_enabled":true,"_links":{"self":[{"href":"https:\/\/digistar.ma\/index.php?rest_route=\/wp\/v2\/product\/6886","targetHints":{"allow":["GET"]}}],"collection":[{"href":"https:\/\/digistar.ma\/index.php?rest_route=\/wp\/v2\/product"}],"about":[{"href":"https:\/\/digistar.ma\/index.php?rest_route=\/wp\/v2\/types\/product"}],"replies":[{"embeddable":true,"href":"https:\/\/digistar.ma\/index.php?rest_route=%2Fwp%2Fv2%2Fcomments&post=6886"}],"version-history":[{"count":1,"href":"https:\/\/digistar.ma\/index.php?rest_route=\/wp\/v2\/product\/6886\/revisions"}],"predecessor-version":[{"id":6890,"href":"https:\/\/digistar.ma\/index.php?rest_route=\/wp\/v2\/product\/6886\/revisions\/6890"}],"wp:featuredmedia":[{"embeddable":true,"href":"https:\/\/digistar.ma\/index.php?rest_route=\/wp\/v2\/media\/6887"}],"wp:attachment":[{"href":"https:\/\/digistar.ma\/index.php?rest_route=%2Fwp%2Fv2%2Fmedia&parent=6886"}],"wp:term":[{"taxonomy":"product_brand","embeddable":true,"href":"https:\/\/digistar.ma\/index.php?rest_route=%2Fwp%2Fv2%2Fproduct_brand&post=6886"},{"taxonomy":"product_cat","embeddable":true,"href":"https:\/\/digistar.ma\/index.php?rest_route=%2Fwp%2Fv2%2Fproduct_cat&post=6886"},{"taxonomy":"product_tag","embeddable":true,"href":"https:\/\/digistar.ma\/index.php?rest_route=%2Fwp%2Fv2%2Fproduct_tag&post=6886"}],"curies":[{"name":"wp","href":"https:\/\/api.w.org\/{rel}","templated":true}]}}