{"id":6898,"date":"2023-07-25T01:00:17","date_gmt":"2023-07-25T01:00:17","guid":{"rendered":"https:\/\/digistar.ma\/?post_type=product&#038;p=6898"},"modified":"2026-03-14T15:44:35","modified_gmt":"2026-03-14T15:44:35","slug":"traceur-hp-designjet-t630-36-pouces-5hb11a","status":"publish","type":"product","link":"https:\/\/digistar.ma\/?product=traceur-hp-designjet-t630-36-pouces-5hb11a","title":{"rendered":"Traceur HP DesignJet T630 36 pouces 5HB11A"},"content":{"rendered":"<p><strong>Traceur HP DesignJet T630 36 pouces 5HB11A<\/strong><\/p>\n<section class=\"ProductDetailsPage_productDetailsBannerWrapper__2VwJ7\">\n<div class=\"ProductDescription_productDescription__2iTwQ\">Con\u00e7u pour s\u2019adapter \u00e0 votre entreprise et \u00e0 votre budget sans concession, le traceur grand format le plus facile \u00e0 utiliser au monde. S\u2019adapte \u00e0 votre fa\u00e7on de travailler avec l\u2019impression mobile gr\u00e2ce \u00e0 HP Smart, et offre une extr\u00eame simplicit\u00e9. Envoyez plusieurs fichiers en un seul clic avec HP Click. N\u2019attendez plus pr\u00e8s de l\u2019imprimante avec une performance de 30 secondes par plan A1.<\/div>\n<\/section>\n<div class=\"KeySellingPointsContainer_container__h7h42\">\n<section class=\"ProductKeySellingPoints_root__2LZ6p KeySellingPointsContainer_keySellingPoints__RHxIr\" data-test-hook=\"@hpstellar\/storefront-ui-product-key-selling-points\">\n<div class=\"ProductKeySellingPoints_kspSection__3Fumw\">\n<h4 class=\"ProductKeySellingPoints_title__EfldW\">Extr\u00eame simplicit\u00e9<\/h4>\n<div class=\"ProductKeySellingPoints_description__1LCVX\">Imprimez automatiquement des projets de formats multiples A3 et A0 sans changer manuellement la source des supports avec Traceur HP DesignJet T630 36 pouces 5HB11A. Gagnez du temps avec la soumission de travaux la plus simple au monde. Avec HP Click, vous pouvez envoyer de nombreux fichiers en un seul clic. Imprimez en toute confiance ! Vous obtiendrez les r\u00e9sultats escompt\u00e9s, gr\u00e2ce \u00e0 un pilote intuitif et \u00e0 un aper\u00e7u avant impression d&#8217;une grande fid\u00e9lit\u00e9.<\/div>\n<\/div>\n<div class=\"ProductKeySellingPoints_kspSection__3Fumw\">\n<h4 class=\"ProductKeySellingPoints_title__EfldW\">Correspond \u00e0 votre bureau et \u00e0 votre budget<\/h4>\n<div class=\"ProductKeySellingPoints_description__1LCVX\">\u00c9conomisez de l\u2019espace avec les plus petits traceurs au monde, con\u00e7us pour s\u2019adapter \u00e0 votre bureau, avec notamment un socle int\u00e9gr\u00e9. Utilisez jusqu&#8217;\u00e0 95 % d&#8217;encre en moins pour la maintenance de routine par rapport \u00e0 vos concurrents et obtenez jusqu&#8217;\u00e0 100 pages A1 par mois en plus. Optez pour une conception plus durable, qui r\u00e9duit le CO2e de jusqu&#8217;\u00e0 7,3 tonnes\/an par unit\u00e9 vendue en utilisant jusqu&#8217;\u00e0 30 % de plastique recycl\u00e9.<\/div>\n<\/div>\n<div class=\"ProductKeySellingPoints_kspSection__3Fumw\">\n<h4 class=\"ProductKeySellingPoints_title__EfldW\">Correspond \u00e0 votre fa\u00e7on de travailler<\/h4>\n<div class=\"ProductKeySellingPoints_description__1LCVX\">N&#8217;attendez plus \u00e0 c\u00f4t\u00e9 de l&#8217;imprimante ! Profitez d&#8217;une impression ultra-rapide atteignant une vitesse de pointe de 30 secondes par trac\u00e9 A1. Soyez plus productif &#8211; gagnez du temps de la pr\u00e9paration des travaux \u00e0 l\u2019impression finale en imprimant vos projets jusqu\u2019\u00e0 2 fois plus vite. Imprimez vos travaux et g\u00e9rez votre traceur comme vous l&#8217;entendez, o\u00f9 et quand vous voulez, avec l&#8217;application HP Smart. Obtenez des r\u00e9sultats de haute qualit\u00e9 &#8211; Les encres HP Bright Office fournissent jusqu&#8217;\u00e0 31 % de pr\u00e9cision de ligne en plus et jusqu&#8217;\u00e0 65 % de gamut en plus.<\/div>\n<div><\/div>\n<\/div>\n<h3><a href=\"https:\/\/digistar.ma\/wp-content\/uploads\/2023\/07\/Traceur-HP-DesignJet-T630-36-pouces-5HB11A.pdf\">FICHE TECHNIQUE ICI<\/a><\/h3>\n<\/section>\n<\/div>\n","protected":false},"excerpt":{"rendered":"<p>Fonctions: Impression<br \/>\nTaille: 36&#8243; &#8211; 914 mm<br \/>\nNombre de couleurs: 4<br \/>\nR\u00e9solution d\u2019impression: Jusqu\u2019\u00e0 2400 x 1200 ppp\u00a0optimis\u00e9s<br \/>\nCouleurs: Encre teint\u00e9e (C, M, J), encre pigmentaire (K)<br \/>\nPr\u00e9cision du trac\u00e9: \u00b10,1 %<br \/>\nM\u00e9moire: 1 Go<br \/>\nEthernet, USB 2.0, Wi-Fi<\/p>\n","protected":false},"featured_media":6899,"comment_status":"open","ping_status":"closed","template":"","meta":{"_acf_changed":false,"_monsterinsights_skip_tracking":false,"_monsterinsights_sitenote_active":false,"_monsterinsights_sitenote_note":"","_monsterinsights_sitenote_category":0,"_uf_show_specific_survey":0,"_uf_disable_surveys":false,"_joinchat":[]},"product_brand":[],"product_cat":[15,253,272],"product_tag":[],"class_list":{"0":"post-6898","1":"product","2":"type-product","3":"status-publish","4":"has-post-thumbnail","6":"product_cat-imprimante-scanner","7":"product_cat-imprimante","8":"product_cat-traceur","10":"first","11":"instock","12":"sale","13":"shipping-taxable","14":"purchasable","15":"product-type-simple"},"acf":[],"jetpack_sharing_enabled":true,"_links":{"self":[{"href":"https:\/\/digistar.ma\/index.php?rest_route=\/wp\/v2\/product\/6898","targetHints":{"allow":["GET"]}}],"collection":[{"href":"https:\/\/digistar.ma\/index.php?rest_route=\/wp\/v2\/product"}],"about":[{"href":"https:\/\/digistar.ma\/index.php?rest_route=\/wp\/v2\/types\/product"}],"replies":[{"embeddable":true,"href":"https:\/\/digistar.ma\/index.php?rest_route=%2Fwp%2Fv2%2Fcomments&post=6898"}],"version-history":[{"count":1,"href":"https:\/\/digistar.ma\/index.php?rest_route=\/wp\/v2\/product\/6898\/revisions"}],"predecessor-version":[{"id":6905,"href":"https:\/\/digistar.ma\/index.php?rest_route=\/wp\/v2\/product\/6898\/revisions\/6905"}],"wp:featuredmedia":[{"embeddable":true,"href":"https:\/\/digistar.ma\/index.php?rest_route=\/wp\/v2\/media\/6899"}],"wp:attachment":[{"href":"https:\/\/digistar.ma\/index.php?rest_route=%2Fwp%2Fv2%2Fmedia&parent=6898"}],"wp:term":[{"taxonomy":"product_brand","embeddable":true,"href":"https:\/\/digistar.ma\/index.php?rest_route=%2Fwp%2Fv2%2Fproduct_brand&post=6898"},{"taxonomy":"product_cat","embeddable":true,"href":"https:\/\/digistar.ma\/index.php?rest_route=%2Fwp%2Fv2%2Fproduct_cat&post=6898"},{"taxonomy":"product_tag","embeddable":true,"href":"https:\/\/digistar.ma\/index.php?rest_route=%2Fwp%2Fv2%2Fproduct_tag&post=6898"}],"curies":[{"name":"wp","href":"https:\/\/api.w.org\/{rel}","templated":true}]}}