{"id":6906,"date":"2023-07-25T01:20:25","date_gmt":"2023-07-25T01:20:25","guid":{"rendered":"https:\/\/digistar.ma\/?post_type=product&#038;p=6906"},"modified":"2023-07-25T01:20:25","modified_gmt":"2023-07-25T01:20:25","slug":"traceur-multifonction-hp-designjet-t830-de-36-pouces","status":"publish","type":"product","link":"https:\/\/digistar.ma\/?product=traceur-multifonction-hp-designjet-t830-de-36-pouces","title":{"rendered":"Traceur Multifonction HP DesignJet T830 de 36 pouces"},"content":{"rendered":"<p><strong>Traceur Multifonction HP DesignJet T830 de 36 pouces<\/strong><\/p>\n<section class=\"ProductDetailsPage_productDetailsBannerWrapper__2VwJ7\">\n<div class=\"ProductDescription_productDescription__2iTwQ\">Informez imm\u00e9diatement tous vos partenaires des r\u00e9sultats d&#8217;examen des projets avec Traceur Multifonction HP DesignJet T830 de 36 pouces grand format la plus compacte. Des fonctions d&#8217;impression, num\u00e9risation et copie pratiques et intuitives et la qualit\u00e9 d&#8217;impression HP DesignJet vous aident \u00e0 communiquer efficacement et \u00e0 faire avancer les projets.<\/div>\n<\/section>\n<div class=\"KeySellingPointsContainer_container__h7h42\">\n<section class=\"ProductKeySellingPoints_root__2LZ6p KeySellingPointsContainer_keySellingPoints__RHxIr\" data-test-hook=\"@hpstellar\/storefront-ui-product-key-selling-points\">\n<div class=\"ProductKeySellingPoints_kspSection__3Fumw\">\n<h4 class=\"ProductKeySellingPoints_title__EfldW\">PRATIQUE \u2013 Fonctions d&#8217;impression, num\u00e9risation et copie rapides, souples et intuitives<\/h4>\n<div class=\"ProductKeySellingPoints_description__1LCVX\">Profitez d\u2019une installation facile au bureau, sur le chantier, avec Traceur Multifonction HP DesignJet T830 de 36 pouces de 91 cm la plus compacte . Imprimez facilement des ensembles de travaux et documents PDF avec le logiciel d\u2019impression HP Click. Tout le monde peut imprimer sans probl\u00e8me \u00e0 partir d\u2019un smartphone ou d&#8217;une tablette avec l&#8217;Impression mobile HP . Choisissez parmi une s\u00e9lection de cartouches d&#8217;encre HP de 130 \u00e0 300 ml pour r\u00e9pondre \u00e0 votre volume d&#8217;impression. De l&#8217;encre en grande quantit\u00e9 peut r\u00e9duire les interventions.<\/div>\n<\/div>\n<div class=\"ProductKeySellingPoints_kspSection__3Fumw\">\n<h4 class=\"ProductKeySellingPoints_title__EfldW\">SOLUTION DE CONFIANCE \u2013 qualit\u00e9 et fiabilit\u00e9 HP DesignJet<\/h4>\n<div class=\"ProductKeySellingPoints_description__1LCVX\">Obtenez la qualit\u00e9 d\u2019impression HP DesignJet m\u00eame avec en petit format : imprimez des documents \u00e0 demi-\u00e9chelle via le bac d\u2019alimentation A4\/A3 de 50 feuilles. La technologie de num\u00e9risation intelligente permet de prot\u00e9ger les originaux contre tout dommage lors de la num\u00e9risation et d&#8217;obtenir des couleurs pr\u00e9cises. Conception renforc\u00e9e et embase solide pour un transport et une utilisation ais\u00e9s sur les chantiers. Le support remodel\u00e9 permet de r\u00e9duire C02e jusqu&#8217;\u00e0 197 tonnes\/an par unit\u00e9 vendue.<\/div>\n<\/div>\n<div class=\"ProductKeySellingPoints_kspSection__3Fumw\">\n<h4 class=\"ProductKeySellingPoints_title__EfldW\">COMMUNICATION \u2013 Partagez imm\u00e9diatement les r\u00e9sultats de r\u00e9unions<\/h4>\n<div class=\"ProductKeySellingPoints_description__1LCVX\"><strong>HP DesignJet T830 de 36 pouces <\/strong>Utilisez le scanner int\u00e9gr\u00e9 pour copier et distribuer imm\u00e9diatement des croquis et dessins annot\u00e9s \u00e0 la main \u00e0 vos coll\u00e8gues, clients et partenaires. Reliez facilement votre ordinateur, smartphone ou tablette \u00e0 l\u2019imprimante avec une connexion Wi-Fi Direct. Partagez des dessins imm\u00e9diatement : num\u00e9risation vers e-mail \u00e0 partir du panneau de commande, application HP Smart pour envoyer des e-mails \u00e0 vos contacts et publier sur le cloud. Aucun apprentissage n\u00e9cessaire \u2013 la conception intuitive de l&#8217;\u00e9cran tactile unique vous permet de num\u00e9riser, copier et partager des documents instantan\u00e9ment.<\/div>\n<\/div>\n<\/section>\n<\/div>\n","protected":false},"excerpt":{"rendered":"<p>Le\u00a0<strong>Traceur Multifonction HP T830 A0<\/strong>\u00a0Nouvelle Version\u00a0<strong>F9A30D<\/strong>\u00a0est\u00a0<strong>\u00e9quip\u00e9 d&#8217;un scanner A0<\/strong>\u00a036 pouces 600dpi,<\/p>\n<p>qui vous permet de scanner et imprimer au sein du m\u00eame \u00e9quipement. Compact et pratique le HP Designjet est \u00e9quip\u00e9 d&#8217;un \u00e9cran tactile couleur.<\/p>\n<p>Le Plus du\u00a0<strong>HP T830 A0<\/strong>\u00a0: Impression \u00e0 partir de votre smartphone et par e-mail.<\/p>\n","protected":false},"featured_media":6907,"comment_status":"open","ping_status":"closed","template":"","meta":{"_acf_changed":false,"_monsterinsights_skip_tracking":false,"_monsterinsights_sitenote_active":false,"_monsterinsights_sitenote_note":"","_monsterinsights_sitenote_category":0,"_uf_show_specific_survey":0,"_uf_disable_surveys":false,"_joinchat":[]},"product_brand":[],"product_cat":[15,253,272],"product_tag":[],"class_list":{"0":"post-6906","1":"product","2":"type-product","3":"status-publish","4":"has-post-thumbnail","6":"product_cat-imprimante-scanner","7":"product_cat-imprimante","8":"product_cat-traceur","10":"first","11":"instock","12":"sale","13":"shipping-taxable","14":"purchasable","15":"product-type-simple"},"acf":[],"jetpack_sharing_enabled":true,"_links":{"self":[{"href":"https:\/\/digistar.ma\/index.php?rest_route=\/wp\/v2\/product\/6906","targetHints":{"allow":["GET"]}}],"collection":[{"href":"https:\/\/digistar.ma\/index.php?rest_route=\/wp\/v2\/product"}],"about":[{"href":"https:\/\/digistar.ma\/index.php?rest_route=\/wp\/v2\/types\/product"}],"replies":[{"embeddable":true,"href":"https:\/\/digistar.ma\/index.php?rest_route=%2Fwp%2Fv2%2Fcomments&post=6906"}],"version-history":[{"count":1,"href":"https:\/\/digistar.ma\/index.php?rest_route=\/wp\/v2\/product\/6906\/revisions"}],"predecessor-version":[{"id":6911,"href":"https:\/\/digistar.ma\/index.php?rest_route=\/wp\/v2\/product\/6906\/revisions\/6911"}],"wp:featuredmedia":[{"embeddable":true,"href":"https:\/\/digistar.ma\/index.php?rest_route=\/wp\/v2\/media\/6907"}],"wp:attachment":[{"href":"https:\/\/digistar.ma\/index.php?rest_route=%2Fwp%2Fv2%2Fmedia&parent=6906"}],"wp:term":[{"taxonomy":"product_brand","embeddable":true,"href":"https:\/\/digistar.ma\/index.php?rest_route=%2Fwp%2Fv2%2Fproduct_brand&post=6906"},{"taxonomy":"product_cat","embeddable":true,"href":"https:\/\/digistar.ma\/index.php?rest_route=%2Fwp%2Fv2%2Fproduct_cat&post=6906"},{"taxonomy":"product_tag","embeddable":true,"href":"https:\/\/digistar.ma\/index.php?rest_route=%2Fwp%2Fv2%2Fproduct_tag&post=6906"}],"curies":[{"name":"wp","href":"https:\/\/api.w.org\/{rel}","templated":true}]}}