{"id":6919,"date":"2023-07-25T22:12:04","date_gmt":"2023-07-25T22:12:04","guid":{"rendered":"https:\/\/digistar.ma\/?post_type=product&#038;p=6919"},"modified":"2026-03-24T09:28:41","modified_gmt":"2026-03-24T09:28:41","slug":"ramette-de-papier-blanc-target-professional-a4","status":"publish","type":"product","link":"https:\/\/digistar.ma\/?product=ramette-de-papier-blanc-target-professional-a4","title":{"rendered":"RAMETTE DE PAPIER BLANC TARGET PROFESSIONAL A4"},"content":{"rendered":"<p><strong>RAMETTE DE PAPIER BLANC TARGET PROFESSIONAL A4<\/strong><\/p>\n<p>Papier blanc \u00e9conomique format A4, 75 g\/m\u00b2, un expert en performance, con\u00e7u pour la production de documents intensives, meilleur rendu d\u2019impression . Enti\u00e8rement recyclable et biod\u00e9gradable r\u00e9pondant aux exigences de la norme ISO 9706:1994.<\/p>\n<ul>\n<li>Le Papier reprographique Target offre des performances incomparables<\/li>\n<li>\u00a0Grande stabilit\u00e9 de feuille pour un bon rapport qualit\u00e9 prix<\/li>\n<li>Blancheur \u00e9clatante<\/li>\n<li>Tr\u00e8s bonne opacit\u00e9<\/li>\n<li>Tr\u00e8s bon passage machine<\/li>\n<li>Garanti pour imprimantes laser et jet d\u2019encre et copieur grande vitesse<\/li>\n<li><\/li>\n<li>\n<table id=\"product-attribute-specs-table\" class=\"data table additional-attributes\" width=\"432\">\n<tbody>\n<tr>\n<th class=\"col label\" scope=\"row\">R\u00e9f<\/th>\n<td class=\"col data\" data-th=\"R\u00e9f\">PRB111<\/td>\n<\/tr>\n<tr>\n<th class=\"col label\" scope=\"row\">Ref Frns<\/th>\n<td class=\"col data\" data-th=\"Ref Frns\">PRB111<\/td>\n<\/tr>\n<tr>\n<th class=\"col label\" scope=\"row\">Marque<\/th>\n<td class=\"col data\" data-th=\"Marque\">Target professional<\/td>\n<\/tr>\n<tr>\n<th class=\"col label\" scope=\"row\">Format<\/th>\n<td class=\"col data\" data-th=\"Format\">A4<\/td>\n<\/tr>\n<tr>\n<th class=\"col label\" scope=\"row\">Ecologique<\/th>\n<td class=\"col data\" data-th=\"Ecologique\">Oui<\/td>\n<\/tr>\n<tr>\n<th class=\"col label\" scope=\"row\">Nombre de Feuilles<\/th>\n<td class=\"col data\" data-th=\"Nombre de Feuilles\">500<\/td>\n<\/tr>\n<tr>\n<th class=\"col label\" scope=\"row\">Grammage<\/th>\n<td class=\"col data\" data-th=\"Grammage\">75 g\/m\u00b2<\/td>\n<\/tr>\n<tr>\n<th class=\"col label\" scope=\"row\">Couleur<\/th>\n<td class=\"col data\" data-th=\"Couleur\">Blanc<\/td>\n<\/tr>\n<\/tbody>\n<\/table>\n<\/li>\n<\/ul>\n<p>&nbsp;<\/p>\n<p>&nbsp;<\/p>\n","protected":false},"excerpt":{"rendered":"<p>Size : A4<br \/>\nGrammage : 75G<br \/>\nNombre de papier : 500 feuilles<\/p>\n","protected":false},"featured_media":6920,"comment_status":"open","ping_status":"closed","template":"","meta":{"_acf_changed":false,"_monsterinsights_skip_tracking":false,"_monsterinsights_sitenote_active":false,"_monsterinsights_sitenote_note":"","_monsterinsights_sitenote_category":0,"_uf_show_specific_survey":0,"_uf_disable_surveys":false,"_joinchat":[]},"product_brand":[],"product_cat":[249,238],"product_tag":[],"class_list":{"0":"post-6919","1":"product","2":"type-product","3":"status-publish","4":"has-post-thumbnail","6":"product_cat-papier","7":"product_cat-consommables","9":"first","10":"outofstock","11":"sale","12":"shipping-taxable","13":"purchasable","14":"product-type-simple"},"acf":[],"jetpack_sharing_enabled":true,"_links":{"self":[{"href":"https:\/\/digistar.ma\/index.php?rest_route=\/wp\/v2\/product\/6919","targetHints":{"allow":["GET"]}}],"collection":[{"href":"https:\/\/digistar.ma\/index.php?rest_route=\/wp\/v2\/product"}],"about":[{"href":"https:\/\/digistar.ma\/index.php?rest_route=\/wp\/v2\/types\/product"}],"replies":[{"embeddable":true,"href":"https:\/\/digistar.ma\/index.php?rest_route=%2Fwp%2Fv2%2Fcomments&post=6919"}],"version-history":[{"count":1,"href":"https:\/\/digistar.ma\/index.php?rest_route=\/wp\/v2\/product\/6919\/revisions"}],"predecessor-version":[{"id":6922,"href":"https:\/\/digistar.ma\/index.php?rest_route=\/wp\/v2\/product\/6919\/revisions\/6922"}],"wp:featuredmedia":[{"embeddable":true,"href":"https:\/\/digistar.ma\/index.php?rest_route=\/wp\/v2\/media\/6920"}],"wp:attachment":[{"href":"https:\/\/digistar.ma\/index.php?rest_route=%2Fwp%2Fv2%2Fmedia&parent=6919"}],"wp:term":[{"taxonomy":"product_brand","embeddable":true,"href":"https:\/\/digistar.ma\/index.php?rest_route=%2Fwp%2Fv2%2Fproduct_brand&post=6919"},{"taxonomy":"product_cat","embeddable":true,"href":"https:\/\/digistar.ma\/index.php?rest_route=%2Fwp%2Fv2%2Fproduct_cat&post=6919"},{"taxonomy":"product_tag","embeddable":true,"href":"https:\/\/digistar.ma\/index.php?rest_route=%2Fwp%2Fv2%2Fproduct_tag&post=6919"}],"curies":[{"name":"wp","href":"https:\/\/api.w.org\/{rel}","templated":true}]}}