{"id":6923,"date":"2023-07-25T23:13:06","date_gmt":"2023-07-25T23:13:06","guid":{"rendered":"https:\/\/digistar.ma\/?post_type=product&#038;p=6923"},"modified":"2025-03-14T15:42:19","modified_gmt":"2025-03-14T15:42:19","slug":"epson-ecotank-m3170-imprimante-monochrome-a-reservoirs-rechargeables","status":"publish","type":"product","link":"https:\/\/digistar.ma\/?product=epson-ecotank-m3170-imprimante-monochrome-a-reservoirs-rechargeables","title":{"rendered":"Epson EcoTank M3170 Imprimante monochrome \u00e0 r\u00e9servoirs rechargeables"},"content":{"rendered":"<h3>Epson EcoTank M3170 Imprimante monochrome \u00e0 r\u00e9servoirs rechargeables<\/h3>\n<h2 class=\"h2-master\">Une imprimante monochrome compl\u00e8te et intuitive<\/h2>\n<section>Gagnez en fiabilit\u00e9 et en temps tout en r\u00e9alisant des \u00e9conomies gr\u00e2ce \u00e0 l&#8217;<strong>imprimante multifonction monochrome Epson EcoTank M3170<\/strong>\u00a0! Gr\u00e2ce \u00e0 elle,\u00a0<strong>imprimez, num\u00e9risez, copiez et faxez\u00a0<\/strong>tout en b\u00e9n\u00e9ficiant d\u2019une autonomie pouvant atteindre 11 000 pages avec l\u2019encre fournie d\u00e8s l\u2019achat, d\u2019une garantie de trois ans et de la connectivit\u00e9\u00a0<strong>Ethernet, Wi-Fi et USB<\/strong>.<\/section>\n<section><\/section>\n<section>Ce mod\u00e8le robuste, rapide et \u00e9conome fonctionne avec un syst\u00e8me de r\u00e9servoir d&#8217;encre rechargeable qui vous fera \u00e9conomiser de l&#8217;argent au fil des ann\u00e9es. Pratique, intuitive,\u00a0elle dispose d&#8217;un bac papier de 250 feuilles ainsi que de la fonction recto-verso automatique.\u00a0Un \u00e9cran couleur tactile est \u00e9galement pr\u00e9sent pour r\u00e9aliser facilement l&#8217;ensemble de vos t\u00e2ches quotidiennes.<\/section>\n<section><\/section>\n<section><\/section>\n<section>\n<div class=\"desc-image\"><img fetchpriority=\"high\" decoding=\"async\" class=\"alignnone  wp-image-14321\" src=\"https:\/\/digistar.ma\/wp-content\/uploads\/2023\/07\/c11cg92404-ecotank-m3170-4en1-wifi-300x300.jpeg\" alt=\"Epson EcoTank M3170 Imprimante monochrome \u00e0 r\u00e9servoirs rechargeables\" width=\"291\" height=\"291\" srcset=\"https:\/\/digistar.ma\/wp-content\/uploads\/2023\/07\/c11cg92404-ecotank-m3170-4en1-wifi-300x300.jpeg 300w, https:\/\/digistar.ma\/wp-content\/uploads\/2023\/07\/c11cg92404-ecotank-m3170-4en1-wifi-150x150.jpeg 150w, https:\/\/digistar.ma\/wp-content\/uploads\/2023\/07\/c11cg92404-ecotank-m3170-4en1-wifi-768x768.jpeg 768w, https:\/\/digistar.ma\/wp-content\/uploads\/2023\/07\/c11cg92404-ecotank-m3170-4en1-wifi-600x600.jpeg 600w, https:\/\/digistar.ma\/wp-content\/uploads\/2023\/07\/c11cg92404-ecotank-m3170-4en1-wifi-100x100.jpeg 100w, https:\/\/digistar.ma\/wp-content\/uploads\/2023\/07\/c11cg92404-ecotank-m3170-4en1-wifi.jpeg 800w\" sizes=\"(max-width: 291px) 100vw, 291px\" \/><\/div>\n<div class=\"desc-text\">\n<h2>ULTRA \u00c9CONOMIQUE<\/h2>\n<p>Ne perdez pas de temps \u00e0 changer de consommable : gr\u00e2ce au\u00a0syst\u00e8me de r\u00e9servoir d\u2019encre, le remplissage est un jeu d\u2019enfant. L\u2019impression est rapide, sans temps de pr\u00e9chauffage et la vitesse d\u2019impression peut atteindre jusqu\u2019\u00e0 20 ppm.<\/p>\n<p>R\u00e9duisez votre consommation d\u2019\u00e9nergie et vos frais g\u00e9n\u00e9raux avec une imprimante monochrome EcoTank. Elle permet d\u2019\u00e9conomiser jusqu&#8217;\u00e0 95% de consommation \u00e9lectrique par rapport aux imprimantes laser monochromes.<\/p>\n<\/div>\n<\/section>\n<section class=\"list\">\n<h4>CARACT\u00c9RISTIQUES PRINCIPALES DE Epson EcoTank M3170 Imprimante monochrome \u00e0 r\u00e9servoirs rechargeables<\/h4>\n<ul>\n<li>Imprimante jet d&#8217;encre multifonction monochrome<\/li>\n<li>Impression A4<\/li>\n<li>Multifonction\u00a0: impression, num\u00e9risation, copie, t\u00e9l\u00e9copie<\/li>\n<li>R\u00e9servoir d\u2019encre \u00e9conomique\u00a0: livr\u00e9 avec une grande quantit\u00e9 d\u2019encre<\/li>\n<li>Fiabilit\u00e9 et robustesse jour apr\u00e8s jour<\/li>\n<li>R\u00e9duisez votre consommation d&#8217;\u00e9nergie : \u00e9conomisez jusqu&#8217;\u00e0 95% de consommation \u00e9lectrique<\/li>\n<li>Impression de qualit\u00e9 professionnelle rapide avec vitesse d\u2019impression de 20 ppm sans temps de pr\u00e9chauffage<\/li>\n<li>T\u00eate d&#8217;impression PrecisionCore<\/li>\n<li>\u00c9cran couleur tactile 6.1 cm<\/li>\n<li>Chargeur automatique de documents : 35 pages<\/li>\n<li>Connexion : USB, Ethernet, Wi-Fi et Wi-Fi Direct<\/li>\n<li>Services d&#8217;impression mobile et via le cloud : Epson Connect (iPrint, Email Print, Remote Print Driver, Scan-to-Cloud), Apple AirPrint, Google Cloud Print<\/li>\n<li>Dimensions : 375 x 347 x 346 mm<\/li>\n<li>Poids : 7.3 kg<\/li>\n<\/ul>\n<\/section>\n","protected":false},"excerpt":{"rendered":"<p>Impression, Num\u00e9risation, Copie, T\u00e9l\u00e9copie<br \/>\nLivr\u00e9e avec encre noire jusqu&#8217;\u00e0 11000 \u00a0pages<br \/>\nVitesse d&#8217;impression noir: 39 pages\/min (20 pages\/min en norme ISO)<br \/>\nQualit\u00e9 d&#8217;impression noire: 1.200 x 2.400 DPI (ppp)<br \/>\nImpression recto\/verso: Automatique<br \/>\nFonctionne avec: 1 r\u00e9servoir d&#8217;encre noire<br \/>\nConnectivit\u00e9: USB, Ethernet, Wi-Fi, Wi-Fi Direct<\/p>\n","protected":false},"featured_media":6924,"comment_status":"open","ping_status":"closed","template":"","meta":{"_acf_changed":false,"_monsterinsights_skip_tracking":false,"_monsterinsights_sitenote_active":false,"_monsterinsights_sitenote_note":"","_monsterinsights_sitenote_category":0,"_uf_show_specific_survey":0,"_uf_disable_surveys":false,"_joinchat":[]},"product_brand":[],"product_cat":[15,380,253,265,290,266],"product_tag":[],"class_list":{"0":"post-6923","1":"product","2":"type-product","3":"status-publish","4":"has-post-thumbnail","6":"product_cat-imprimante-scanner","7":"product_cat-epson","8":"product_cat-imprimante","9":"product_cat-imprimante-a-reservoirs-rechargeables","10":"product_cat-meilleures-ventes","11":"product_cat-multifonction-jet-dencre","13":"first","14":"instock","15":"sale","16":"shipping-taxable","17":"purchasable","18":"product-type-simple"},"acf":[],"jetpack_sharing_enabled":true,"_links":{"self":[{"href":"https:\/\/digistar.ma\/index.php?rest_route=\/wp\/v2\/product\/6923","targetHints":{"allow":["GET"]}}],"collection":[{"href":"https:\/\/digistar.ma\/index.php?rest_route=\/wp\/v2\/product"}],"about":[{"href":"https:\/\/digistar.ma\/index.php?rest_route=\/wp\/v2\/types\/product"}],"replies":[{"embeddable":true,"href":"https:\/\/digistar.ma\/index.php?rest_route=%2Fwp%2Fv2%2Fcomments&post=6923"}],"version-history":[{"count":6,"href":"https:\/\/digistar.ma\/index.php?rest_route=\/wp\/v2\/product\/6923\/revisions"}],"predecessor-version":[{"id":14322,"href":"https:\/\/digistar.ma\/index.php?rest_route=\/wp\/v2\/product\/6923\/revisions\/14322"}],"wp:featuredmedia":[{"embeddable":true,"href":"https:\/\/digistar.ma\/index.php?rest_route=\/wp\/v2\/media\/6924"}],"wp:attachment":[{"href":"https:\/\/digistar.ma\/index.php?rest_route=%2Fwp%2Fv2%2Fmedia&parent=6923"}],"wp:term":[{"taxonomy":"product_brand","embeddable":true,"href":"https:\/\/digistar.ma\/index.php?rest_route=%2Fwp%2Fv2%2Fproduct_brand&post=6923"},{"taxonomy":"product_cat","embeddable":true,"href":"https:\/\/digistar.ma\/index.php?rest_route=%2Fwp%2Fv2%2Fproduct_cat&post=6923"},{"taxonomy":"product_tag","embeddable":true,"href":"https:\/\/digistar.ma\/index.php?rest_route=%2Fwp%2Fv2%2Fproduct_tag&post=6923"}],"curies":[{"name":"wp","href":"https:\/\/api.w.org\/{rel}","templated":true}]}}