{"id":6932,"date":"2023-07-25T23:33:11","date_gmt":"2023-07-25T23:33:11","guid":{"rendered":"https:\/\/digistar.ma\/?post_type=product&#038;p=6932"},"modified":"2023-07-25T23:33:12","modified_gmt":"2023-07-25T23:33:12","slug":"traceur-canon-imageprograf-tm-300-36-pouces","status":"publish","type":"product","link":"https:\/\/digistar.ma\/?product=traceur-canon-imageprograf-tm-300-36-pouces","title":{"rendered":"Traceur Canon imagePROGRAF TM-300 36 pouces"},"content":{"rendered":"<p><strong>Traceur Canon imagePROGRAF TM-300 36 pouces<\/strong><\/p>\n<p>Profitez d&#8217;impressions de haute qualit\u00e9 avec une imprimante \u00e0 jet d&#8217;encre de 36\u00a0pouces<\/p>\n<section class=\"pl-anchor-tabs--section pl-spacer pl-spacer--cut-bottom pl-spacer--cut-h pl-spacer--in--large pl-bg pl-bg--gray-lightest\">\n<div class=\"container\">\n<div class=\"row pl-push pl-push--mobile--smallest pl-push--tablet--smallest pl-push--desktop--smallest\">\n<div class=\"col-xs-12 col-md-10 col-md-offset-1 col-lg-8 col-lg-offset-2 pl-lockup text-center \">\n<h2 class=\"pl-h1 pl-h1--alt pl-spacer--in--smallest pl-spacer--cut-top pl-spacer--cut-h\">Productivit\u00e9 et silence\u00a0: red\u00e9couvrez l&#8217;impression de bureau<\/h2>\n<p class=\"pl-text pl-text--medium\">L&#8217;imagePROGRAF\u00a0TM-300 est 60\u00a0% plus silencieuse et s&#8217;int\u00e8gre en toute discr\u00e9tion \u00e0 n&#8217;importe quel environnement de travail. M\u00eame sur du papier ordinaire, le syst\u00e8me d&#8217;encres pigment\u00e9es Lucia\u00a0TD offre une qualit\u00e9 d&#8217;impression exceptionnelle. L&#8217;impression continue am\u00e9liore quant \u00e0 elle la productivit\u00e9.<\/p>\n<p><a class=\"pl-link pl-link--animated pl-link--animated--fwd pl-link--animated--fwd--circle\" href=\"https:\/\/canon.a.bigcontent.io\/v1\/static\/636736363952380465HM-imageprograf-tm-300-en\" target=\"_blank\" rel=\"noopener\" data-tealiumevent=\"Generic Link (default)\" data-tealiumeventmetadata=\"T\u00e9l\u00e9charger la brochure (PDF)\">T\u00e9l\u00e9charger la brochure (PDF)\u00a0<i><\/i><\/a><\/p>\n<\/div>\n<\/div>\n<\/div>\n<\/section>\n<section class=\"f-b2b-product-page-continuous-halfpage pl-bg pl-bg--gray-lightest\">\n<div class=\"container\">\n<div class=\"row\">\n<div class=\"col-md-6 f-b2b-product-page-continuous-halfpage__text-column pull-right\">\n<div class=\"row col-md-offset-2 col-xs-offset-1 f-b2b-product-page-continuous-halfpage__text-row\">\n<div class=\"col-md-10 col-xs-10 f-b2b-product-page-continuous-halfpage__text-box\">\n<h2 class=\"pl-h2 f-b2b-product-page-continuous-halfpage__text-box--header \">Pigmentation profonde<\/h2>\n<p class=\"pl-text pl-text--medium f-b2b-product-page-continuous-halfpage__paragraph\">Impression de haute pr\u00e9cision pour la CAO et la production de posters gr\u00e2ce au syst\u00e8me d&#8217;encre 5\u00a0couleurs Lucia\u00a0TD unique de Canon.<\/p>\n<\/div>\n<div class=\"col-md-10 col-xs-10 f-b2b-product-page-continuous-halfpage__text-box\">\n<h2 class=\"pl-h2 f-b2b-product-page-continuous-halfpage__text-box--header \">Imprimez plus vite<\/h2>\n<p class=\"pl-text pl-text--medium f-b2b-product-page-continuous-halfpage__paragraph\">Am\u00e9liorez votre productivit\u00e9 en b\u00e9n\u00e9ficiant d&#8217;impressions plus rapides gr\u00e2ce \u00e0 une t\u00eate d&#8217;impression optimis\u00e9e de 1,07\u00a0pouces \u00e0 6\u00a0canaux.<\/p>\n<\/div>\n<div class=\"col-md-10 col-xs-10 f-b2b-product-page-continuous-halfpage__text-box\">\n<h2 class=\"pl-h2 f-b2b-product-page-continuous-halfpage__text-box--header \">Fonctionnement silencieux<\/h2>\n<p class=\"pl-text pl-text--medium f-b2b-product-page-continuous-halfpage__paragraph\">Gr\u00e2ce \u00e0 une d\u00e9coupe plus nette, des vibrations r\u00e9duites et des ventilateurs humides, le bruit de fonctionnement est r\u00e9duit de 60 %.<\/p>\n<\/div>\n<div class=\"col-md-10 col-xs-10 f-b2b-product-page-continuous-halfpage__text-box\">\n<h2 class=\"pl-h2 f-b2b-product-page-continuous-halfpage__text-box--header \">Suite logicielle<\/h2>\n<p class=\"pl-text pl-text--medium f-b2b-product-page-continuous-halfpage__paragraph\">Direct Print &amp; Share, PosterArtist Lite et Free Layout Plus prennent en charge les applications de CAO et la production de posters.<\/p>\n<h3>Sp\u00e9cifications de Traceur Canon imagePROGRAF TM-300 36 pouces<\/h3>\n<\/div>\n<p>Fonctions: Impression<br \/>\nTaille: 36&#8243; &#8211; 914 mm<br \/>\nNombre de couleurs: 5 couleurs<br \/>\nR\u00e9solution d\u2019impression: 2400 \u00d7 1200 ppp<br \/>\nCouleurs: Encres pigment\u00e9es : Noir, Noir mat, Cyan, Magenta, Jaune<br \/>\nPr\u00e9cision du trac\u00e9: \u00b10,1 % maximum<br \/>\nM\u00e9moire: 2 Go<br \/>\nUSB B, Ethernet, Wi-Fi<\/p>\n<\/div>\n<\/div>\n<\/div>\n<\/div>\n<\/section>\n","protected":false},"excerpt":{"rendered":"<p>Fonctions: Impression<br \/>\nTaille: 36&#8243; &#8211; 914 mm<br \/>\nNombre de couleurs: 5 couleurs<br \/>\nR\u00e9solution d\u2019impression: 2400 \u00d7 1200 ppp<br \/>\nCouleurs: Encres pigment\u00e9es : Noir, Noir mat, Cyan, Magenta, Jaune<br \/>\nPr\u00e9cision du trac\u00e9: \u00b10,1 % maximum<br \/>\nM\u00e9moire: 2 Go<br \/>\nUSB B, Ethernet, Wi-Fi<\/p>\n","protected":false},"featured_media":6933,"comment_status":"open","ping_status":"closed","template":"","meta":{"_acf_changed":false,"_monsterinsights_skip_tracking":false,"_monsterinsights_sitenote_active":false,"_monsterinsights_sitenote_note":"","_monsterinsights_sitenote_category":0,"_uf_show_specific_survey":0,"_uf_disable_surveys":false,"_joinchat":[]},"product_brand":[],"product_cat":[15,253,272],"product_tag":[],"class_list":{"0":"post-6932","1":"product","2":"type-product","3":"status-publish","4":"has-post-thumbnail","6":"product_cat-imprimante-scanner","7":"product_cat-imprimante","8":"product_cat-traceur","10":"first","11":"instock","12":"sale","13":"shipping-taxable","14":"purchasable","15":"product-type-simple"},"acf":[],"jetpack_sharing_enabled":true,"_links":{"self":[{"href":"https:\/\/digistar.ma\/index.php?rest_route=\/wp\/v2\/product\/6932","targetHints":{"allow":["GET"]}}],"collection":[{"href":"https:\/\/digistar.ma\/index.php?rest_route=\/wp\/v2\/product"}],"about":[{"href":"https:\/\/digistar.ma\/index.php?rest_route=\/wp\/v2\/types\/product"}],"replies":[{"embeddable":true,"href":"https:\/\/digistar.ma\/index.php?rest_route=%2Fwp%2Fv2%2Fcomments&post=6932"}],"version-history":[{"count":1,"href":"https:\/\/digistar.ma\/index.php?rest_route=\/wp\/v2\/product\/6932\/revisions"}],"predecessor-version":[{"id":6939,"href":"https:\/\/digistar.ma\/index.php?rest_route=\/wp\/v2\/product\/6932\/revisions\/6939"}],"wp:featuredmedia":[{"embeddable":true,"href":"https:\/\/digistar.ma\/index.php?rest_route=\/wp\/v2\/media\/6933"}],"wp:attachment":[{"href":"https:\/\/digistar.ma\/index.php?rest_route=%2Fwp%2Fv2%2Fmedia&parent=6932"}],"wp:term":[{"taxonomy":"product_brand","embeddable":true,"href":"https:\/\/digistar.ma\/index.php?rest_route=%2Fwp%2Fv2%2Fproduct_brand&post=6932"},{"taxonomy":"product_cat","embeddable":true,"href":"https:\/\/digistar.ma\/index.php?rest_route=%2Fwp%2Fv2%2Fproduct_cat&post=6932"},{"taxonomy":"product_tag","embeddable":true,"href":"https:\/\/digistar.ma\/index.php?rest_route=%2Fwp%2Fv2%2Fproduct_tag&post=6932"}],"curies":[{"name":"wp","href":"https:\/\/api.w.org\/{rel}","templated":true}]}}