{"id":6946,"date":"2023-07-28T00:03:39","date_gmt":"2023-07-28T00:03:39","guid":{"rendered":"https:\/\/digistar.ma\/?post_type=product&#038;p=6946"},"modified":"2023-07-28T00:03:40","modified_gmt":"2023-07-28T00:03:40","slug":"traceur-hp-designjet-t230-24-pouces-5hb07a","status":"publish","type":"product","link":"https:\/\/digistar.ma\/?product=traceur-hp-designjet-t230-24-pouces-5hb07a","title":{"rendered":"Traceur HP DesignJet T230 24 pouces (5HB07A)"},"content":{"rendered":"<p><strong>Traceur HP DesignJet T230 24 pouces (5HB07A)<\/strong><\/p>\n<p>La HP Designjet T230 est une petite imprimante A1 conviviale. Ce traceur de 24 pouces imprime \u00e0 une vitesse allant jusqu\u2019\u00e0 35 secondes par A1. Id\u00e9al pour imprimer des dessins au trait et des remplissages de zone, entre autres.<\/p>\n<h4><strong>Imprimez avec HP Designjet T230<\/strong><\/h4>\n<p>L\u2019imprimante HP Designjet T230 utilise des encres HP Bright Office en combinaison avec une t\u00eate d\u2019impression ultra-efficace. Gr\u00e2ce \u00e0 cette combinaison, vos lignes sont imprim\u00e9es jusqu\u2019\u00e0 31% plus pr\u00e9cis\u00e9ment et le T230 imprime avec une gamme de couleurs jusqu\u2019\u00e0 65% plus \u00e9lev\u00e9e.<\/p>\n<p>Gr\u00e2ce \u00e0 la t\u00eate d\u2019impression \u00e9conomique, jusqu\u2019\u00e0 95% d\u2019encre en moins est utilis\u00e9e lors du rin\u00e7age de la t\u00eate d\u2019impression. Cette \u00e9conomie d\u2019encre vous permet d\u2019imprimer jusqu\u2019\u00e0 100 pages A1 suppl\u00e9mentaires par jeu d\u2019encre.<\/p>\n<p>L\u2019impression elle-m\u00eame est facile et rapide \u00e0 faire via le PC. Cela vous permet d\u2019imprimer directement \u00e0 partir du PC via la connexion r\u00e9seau. Ou depuis votre ordinateur portable, tablette ou mobile via WiFi. Avec l\u2019aide du logiciel HP Click et du logiciel HP Smart App, vous pouvez facilement imprimer tous vos projets.<\/p>\n<h4><strong>Les caract\u00e9ristiques du HP Designjet T230:<\/strong><\/h4>\n<p>La T230 est une imprimante 24 pouces. Cela signifie que vous pouvez charger des rouleaux de papier jusqu\u2019\u00e0 24 pouces (610 mm) dans la machine. 610 mm est \u00e9galement la largeur maximale que vous pouvez imprimer, vous pouvez donc faire une impression au format A1 maximum. Le T230 effectue cette impression \u00e0 une vitesse allant jusqu\u2019\u00e0 35 secondes par A1. Ce sont jusqu\u2019\u00e0 60 impressions A1 par heure. L\u2019imprimante fait cela avec une pr\u00e9cision de ligne \u00e9lev\u00e9e et une gamme de couleurs tr\u00e8s large.<\/p>\n<p>Vous pouvez \u00e9galement imprimer des feuilles A4 et A3 avec l\u2019imprimante. Vous pouvez basculer facilement et automatiquement entre les rouleaux et les feuilles de papier \u00e0 l\u2019aide du chargeur automatique. Ce chargeur automatique est disponible s\u00e9par\u00e9ment en tant qu\u2019accessoire.<\/p>\n<h4><strong>Convient \u00e0:<\/strong><\/h4>\n<p>Convient pour l\u2019impression de dessins techniques, de dessins au trait, de remplissages, de rendus, d\u2019images de bureau et de pr\u00e9sentations.<\/p>\n<h4><strong>Durabilit\u00e9<\/strong><\/h4>\n<p>L\u2019imprimante HP Designjet T230 de 24 pouces A1 est plus durable car elle est fabriqu\u00e9e \u00e0 partir de mat\u00e9riaux contenant jusqu\u2019\u00e0 30% de plastique recycl\u00e9. Cela r\u00e9duit les \u00e9missions de CO2e de 7,3 tonnes \/ an par unit\u00e9 vendue. De plus, la machine est certifi\u00e9e EPEAT GOLD or pour un impact r\u00e9duit sur l\u2019environnement et la machine est \u00e9conome en \u00e9nergie selon les directives ENERGY STAR.<\/p>\n<h4><strong>Installation<\/strong><\/h4>\n<p>L\u2019installation de HP Designjet T230 est facile \u00e0 faire vous-m\u00eame. Cela fonctionne de la m\u00eame mani\u00e8re qu\u2019avec une imprimante standard. Gardez \u00e0 l\u2019esprit que tous les ordinateurs et environnements r\u00e9seau ne sont pas identiques.<\/p>\n","protected":false},"excerpt":{"rendered":"<p>Fonctions: Impression<br \/>\nTaille: \u00a0610 mm<br \/>\nNombre de couleurs: 4 (C, M, J, noir)<br \/>\nR\u00e9solution d\u2019impression: Jusqu\u2019\u00e0 2400 x 1200 ppp optimis\u00e9s<br \/>\nCouleurs: Encre teint\u00e9e (C, M, J), encre pigmentaire (K)<br \/>\nPr\u00e9cision du trac\u00e9: \u00b10,1 %<br \/>\nM\u00e9moire: 512 Mo<br \/>\nEthernet, USB 2.0, Wi-Fi<\/p>\n","protected":false},"featured_media":6947,"comment_status":"open","ping_status":"closed","template":"","meta":{"_acf_changed":false,"_monsterinsights_skip_tracking":false,"_monsterinsights_sitenote_active":false,"_monsterinsights_sitenote_note":"","_monsterinsights_sitenote_category":0,"_uf_show_specific_survey":0,"_uf_disable_surveys":false,"_joinchat":[]},"product_brand":[],"product_cat":[15,253,272],"product_tag":[],"class_list":{"0":"post-6946","1":"product","2":"type-product","3":"status-publish","4":"has-post-thumbnail","6":"product_cat-imprimante-scanner","7":"product_cat-imprimante","8":"product_cat-traceur","10":"first","11":"instock","12":"sale","13":"shipping-taxable","14":"purchasable","15":"product-type-simple"},"acf":[],"jetpack_sharing_enabled":true,"_links":{"self":[{"href":"https:\/\/digistar.ma\/index.php?rest_route=\/wp\/v2\/product\/6946","targetHints":{"allow":["GET"]}}],"collection":[{"href":"https:\/\/digistar.ma\/index.php?rest_route=\/wp\/v2\/product"}],"about":[{"href":"https:\/\/digistar.ma\/index.php?rest_route=\/wp\/v2\/types\/product"}],"replies":[{"embeddable":true,"href":"https:\/\/digistar.ma\/index.php?rest_route=%2Fwp%2Fv2%2Fcomments&post=6946"}],"version-history":[{"count":1,"href":"https:\/\/digistar.ma\/index.php?rest_route=\/wp\/v2\/product\/6946\/revisions"}],"predecessor-version":[{"id":6951,"href":"https:\/\/digistar.ma\/index.php?rest_route=\/wp\/v2\/product\/6946\/revisions\/6951"}],"wp:featuredmedia":[{"embeddable":true,"href":"https:\/\/digistar.ma\/index.php?rest_route=\/wp\/v2\/media\/6947"}],"wp:attachment":[{"href":"https:\/\/digistar.ma\/index.php?rest_route=%2Fwp%2Fv2%2Fmedia&parent=6946"}],"wp:term":[{"taxonomy":"product_brand","embeddable":true,"href":"https:\/\/digistar.ma\/index.php?rest_route=%2Fwp%2Fv2%2Fproduct_brand&post=6946"},{"taxonomy":"product_cat","embeddable":true,"href":"https:\/\/digistar.ma\/index.php?rest_route=%2Fwp%2Fv2%2Fproduct_cat&post=6946"},{"taxonomy":"product_tag","embeddable":true,"href":"https:\/\/digistar.ma\/index.php?rest_route=%2Fwp%2Fv2%2Fproduct_tag&post=6946"}],"curies":[{"name":"wp","href":"https:\/\/api.w.org\/{rel}","templated":true}]}}