{"id":6952,"date":"2023-07-28T00:12:02","date_gmt":"2023-07-28T00:12:02","guid":{"rendered":"https:\/\/digistar.ma\/?post_type=product&#038;p=6952"},"modified":"2023-07-28T00:13:27","modified_gmt":"2023-07-28T00:13:27","slug":"traceur-hp-designjet-t1600-36-pouces-3ek10a","status":"publish","type":"product","link":"https:\/\/digistar.ma\/?product=traceur-hp-designjet-t1600-36-pouces-3ek10a","title":{"rendered":"Traceur HP DesignJet T1600 36 pouces (3EK10A)"},"content":{"rendered":"<p><strong>Traceur HP DesignJet T1600 36 pouces (3EK10A)<\/strong><\/p>\n<h3>HP Designjet Traceur T1600 Haut de gamme<\/h3>\n<ul>\n<li>Adoptez un style de travail intelligent avec une impression PDF facile \u00e0 l\u2019aide du logiciel HP Click. Renforcez vos effectifs.<\/li>\n<li>Imprimez et partagez facilement des t\u00e2ches depuis le cloud avec votre appareil mobile et l\u2019application HP Smart.<\/li>\n<li>Convient \u00e0 votre environnement de travail avec une empreinte la plus compacte et un fonctionnement plus silencieux, avec jusqu\u2019\u00e0 87% de bruit en moins.<\/li>\n<\/ul>\n<h3>LIB\u00c9RER LES PERFORMANCES &#8211; <strong>Traceur HP DesignJet T1600 36 pouces (3EK10A)<\/strong><\/h3>\n<ul>\n<li>Pr\u00e9sentez la polyvalence de la conception, des trait lin\u00e9aires pr\u00e9cis aux rendus 3D aux couleurs vives, avec les encres HPBright Office.<\/li>\n<li>Proposez la plus grande pr\u00e9cision et affichez les d\u00e9tails les plus fins avec le moteur d&#8217;impression Adobe PDF.<\/li>\n<li>Respectez les d\u00e9lais avec la vitesse la plus rapide (180D\/h) et l&#8217;option double rouleau.<\/li>\n<li>Augmentez votre productivit\u00e9 avec l&#8217;empileur int\u00e9gr\u00e9 d&#8217;une capacit\u00e9 100 pages.<\/li>\n<\/ul>\n<h3>HP T1600 &#8211; L&#8217;imprimante grand format la plus s\u00e9curis\u00e9e au monde<\/h3>\n<ul>\n<li>Protection r\u00e9seau optimale avec fonctionnalit\u00e9s telles que HP Secure Boot et liste blanche<\/li>\n<li>Contr\u00f4lez qui acc\u00e8de \u00e0 l&#8217;imprimante et \u00e0 ses documents confidentiels avec une authentification utilisateur s\u00e9curis\u00e9e.<\/li>\n<li>Prot\u00e9gez votre flotte avec HP JetAdvantage Security Manager.<\/li>\n<\/ul>\n","protected":false},"excerpt":{"rendered":"<p>Fonctions: Impression<br \/>\nTaille: 36&#8243; &#8211; 914 mm<br \/>\nNombre de couleurs: 6 (C, M, Y, G, pK, mK)<br \/>\nR\u00e9solution d\u2019impression: Jusqu\u2019\u00e0 2400 x 1200 ppp optimis\u00e9s<br \/>\nCouleurs: Encre couleur teint\u00e9e (C, M, Y, pK, G), Encre pigment\u00e9e (mK)<br \/>\nPr\u00e9cision du trac\u00e9: \u00b1 0,1%<br \/>\nM\u00e9moire: 128 \u00a0Go<br \/>\nEthernet, Impression directe depuis une cl\u00e9 USB<\/p>\n","protected":false},"featured_media":6953,"comment_status":"open","ping_status":"closed","template":"","meta":{"_acf_changed":false,"_monsterinsights_skip_tracking":false,"_monsterinsights_sitenote_active":false,"_monsterinsights_sitenote_note":"","_monsterinsights_sitenote_category":0,"_uf_show_specific_survey":0,"_uf_disable_surveys":false,"_joinchat":[]},"product_brand":[],"product_cat":[15,253,272],"product_tag":[],"class_list":{"0":"post-6952","1":"product","2":"type-product","3":"status-publish","4":"has-post-thumbnail","6":"product_cat-imprimante-scanner","7":"product_cat-imprimante","8":"product_cat-traceur","10":"first","11":"instock","12":"sale","13":"shipping-taxable","14":"purchasable","15":"product-type-simple"},"acf":[],"jetpack_sharing_enabled":true,"_links":{"self":[{"href":"https:\/\/digistar.ma\/index.php?rest_route=\/wp\/v2\/product\/6952","targetHints":{"allow":["GET"]}}],"collection":[{"href":"https:\/\/digistar.ma\/index.php?rest_route=\/wp\/v2\/product"}],"about":[{"href":"https:\/\/digistar.ma\/index.php?rest_route=\/wp\/v2\/types\/product"}],"replies":[{"embeddable":true,"href":"https:\/\/digistar.ma\/index.php?rest_route=%2Fwp%2Fv2%2Fcomments&post=6952"}],"version-history":[{"count":1,"href":"https:\/\/digistar.ma\/index.php?rest_route=\/wp\/v2\/product\/6952\/revisions"}],"predecessor-version":[{"id":6958,"href":"https:\/\/digistar.ma\/index.php?rest_route=\/wp\/v2\/product\/6952\/revisions\/6958"}],"wp:featuredmedia":[{"embeddable":true,"href":"https:\/\/digistar.ma\/index.php?rest_route=\/wp\/v2\/media\/6953"}],"wp:attachment":[{"href":"https:\/\/digistar.ma\/index.php?rest_route=%2Fwp%2Fv2%2Fmedia&parent=6952"}],"wp:term":[{"taxonomy":"product_brand","embeddable":true,"href":"https:\/\/digistar.ma\/index.php?rest_route=%2Fwp%2Fv2%2Fproduct_brand&post=6952"},{"taxonomy":"product_cat","embeddable":true,"href":"https:\/\/digistar.ma\/index.php?rest_route=%2Fwp%2Fv2%2Fproduct_cat&post=6952"},{"taxonomy":"product_tag","embeddable":true,"href":"https:\/\/digistar.ma\/index.php?rest_route=%2Fwp%2Fv2%2Fproduct_tag&post=6952"}],"curies":[{"name":"wp","href":"https:\/\/api.w.org\/{rel}","templated":true}]}}