{"id":6959,"date":"2023-07-28T00:28:05","date_gmt":"2023-07-28T00:28:05","guid":{"rendered":"https:\/\/digistar.ma\/?post_type=product&#038;p=6959"},"modified":"2023-07-28T00:28:05","modified_gmt":"2023-07-28T00:28:05","slug":"traceur-hp-designjet-t1700-44-pouces-w6b55a","status":"publish","type":"product","link":"https:\/\/digistar.ma\/?product=traceur-hp-designjet-t1700-44-pouces-w6b55a","title":{"rendered":"Traceur HP DesignJet T1700 44 pouces (W6B55A)"},"content":{"rendered":"<p><strong>Traceur HP DesignJet T1700 44 pouces (W6B55A)<\/strong><\/p>\n<h3>S\u00c9CURIS\u00c9 : prot\u00e9gez votre travail et vos informations<\/h3>\n<ul>\n<li>Prot\u00e9gez les imprimantes et les donn\u00e9es contre tout acc\u00e8s non autoris\u00e9 gr\u00e2ce \u00e0 HP Secure Boot, une liste blanche, un disque dur crypt\u00e9, entre autres.<\/li>\n<li>Prot\u00e9gez vos documents et pr\u00e9servez la confidentialit\u00e9 avec des solutions d\u2019authentification comme l\u2019impression par PIN et les lecteurs de carte.<\/li>\n<li>S\u00e9curisez vos imprimantes avec HP JetAdvantage Security Manager; g\u00e9rez \u00e0 distance votre parc avec HP Web Jetadmin.<\/li>\n<li>Contr\u00f4lez et optimisez les co\u00fbts d\u2019impression avec des solutions de comptabilit\u00e9 ou avec votre revendeur via HP Partner Link.<\/li>\n<\/ul>\n<h3>EFFICACE : plus aucun PC bloqu\u00e9<\/h3>\n<ul>\n<li>Les pilotes Adobe PDF 2 lib\u00e8rent votre ordinateur imm\u00e9diatement apr\u00e8s l\u2019envoi pour impression, m\u00eame avec les fichiers les plus complexes.<\/li>\n<li>Aucune interruption : les options \u00e0 double rouleau r\u00e9duisent les changements de rouleaux; les deux rouleaux doublent la capacit\u00e9 et facilitent le changement de type de papier.<\/li>\n<li>Traitez des fichiers complexes : puissante architecture de traitement, 128 Go de m\u00e9moire 5, disque dur 500 Go \u00e0 116 pages A1\/(D) par heure.<\/li>\n<li>Imprimez facilement des ensembles de travaux et documents PDF avec le logiciel d\u2019impression HP Click.<\/li>\n<\/ul>\n<h3>PR\u00c9CISE : prenez de meilleures d\u00e9cisions avec des couleurs pr\u00e9cises<\/h3>\n<ul>\n<li>Obtenez des couleurs vives et des images d\u2019une qualit\u00e9 exceptionnelle, m\u00eame sur des papiers ordinaires, avec les encres HP Bright Office.<\/li>\n<li>Reproduisez des transparents, des couches, des palettes de couleurs et des d\u00e9grad\u00e9s avec Adobe PDF Print Engine int\u00e9gr\u00e9.<\/li>\n<li>Les profils personnalis\u00e9s reproduisent des nuances de couleurs distinctes; les encres couleur\/gris\/noir photo cr\u00e9ent des couleurs douces et des tons sombres.<\/li>\n<li>Affichage pr\u00e9cis des donn\u00e9es : les t\u00eates d\u2019impression haute densit\u00e9 fournissent 2400 buses par pouce, pour une pr\u00e9cision du trait de 0,1 %.<\/li>\n<\/ul>\n","protected":false},"excerpt":{"rendered":"<p>Fonctions: Impression<br \/>\nTaille: 1118 mm<br \/>\nNombre de couleurs: 6 (cyan, magenta, jaune, noir photo,\u00a0\u00a0noir mat, gris)<br \/>\nR\u00e9solution d\u2019impression: Jusqu\u2019\u00e0 2400 x 1200 ppp optimis\u00e9s<br \/>\nCouleurs: Encre couleur teint\u00e9e (C, M, J, NP, G); Encre pigmentaire (NM)<br \/>\nPr\u00e9cision du trac\u00e9: \u00b1 0,1%<br \/>\nM\u00e9moire: 128 Go<br \/>\nEthernet, USB 2.0<\/p>\n","protected":false},"featured_media":6960,"comment_status":"open","ping_status":"closed","template":"","meta":{"_acf_changed":false,"_monsterinsights_skip_tracking":false,"_monsterinsights_sitenote_active":false,"_monsterinsights_sitenote_note":"","_monsterinsights_sitenote_category":0,"_uf_show_specific_survey":0,"_uf_disable_surveys":false,"_joinchat":[]},"product_brand":[],"product_cat":[15,253,272],"product_tag":[],"class_list":{"0":"post-6959","1":"product","2":"type-product","3":"status-publish","4":"has-post-thumbnail","6":"product_cat-imprimante-scanner","7":"product_cat-imprimante","8":"product_cat-traceur","10":"first","11":"instock","12":"sale","13":"shipping-taxable","14":"purchasable","15":"product-type-simple"},"acf":[],"jetpack_sharing_enabled":true,"_links":{"self":[{"href":"https:\/\/digistar.ma\/index.php?rest_route=\/wp\/v2\/product\/6959","targetHints":{"allow":["GET"]}}],"collection":[{"href":"https:\/\/digistar.ma\/index.php?rest_route=\/wp\/v2\/product"}],"about":[{"href":"https:\/\/digistar.ma\/index.php?rest_route=\/wp\/v2\/types\/product"}],"replies":[{"embeddable":true,"href":"https:\/\/digistar.ma\/index.php?rest_route=%2Fwp%2Fv2%2Fcomments&post=6959"}],"version-history":[{"count":1,"href":"https:\/\/digistar.ma\/index.php?rest_route=\/wp\/v2\/product\/6959\/revisions"}],"predecessor-version":[{"id":6970,"href":"https:\/\/digistar.ma\/index.php?rest_route=\/wp\/v2\/product\/6959\/revisions\/6970"}],"wp:featuredmedia":[{"embeddable":true,"href":"https:\/\/digistar.ma\/index.php?rest_route=\/wp\/v2\/media\/6960"}],"wp:attachment":[{"href":"https:\/\/digistar.ma\/index.php?rest_route=%2Fwp%2Fv2%2Fmedia&parent=6959"}],"wp:term":[{"taxonomy":"product_brand","embeddable":true,"href":"https:\/\/digistar.ma\/index.php?rest_route=%2Fwp%2Fv2%2Fproduct_brand&post=6959"},{"taxonomy":"product_cat","embeddable":true,"href":"https:\/\/digistar.ma\/index.php?rest_route=%2Fwp%2Fv2%2Fproduct_cat&post=6959"},{"taxonomy":"product_tag","embeddable":true,"href":"https:\/\/digistar.ma\/index.php?rest_route=%2Fwp%2Fv2%2Fproduct_tag&post=6959"}],"curies":[{"name":"wp","href":"https:\/\/api.w.org\/{rel}","templated":true}]}}