{"id":6971,"date":"2023-07-28T00:41:08","date_gmt":"2023-07-28T00:41:08","guid":{"rendered":"https:\/\/digistar.ma\/?post_type=product&#038;p=6971"},"modified":"2023-12-27T15:39:28","modified_gmt":"2023-12-27T15:39:28","slug":"imprimante-matricielle-a-impact-epson-lx-350","status":"publish","type":"product","link":"https:\/\/digistar.ma\/?product=imprimante-matricielle-a-impact-epson-lx-350","title":{"rendered":"Imprimante matricielle \u00e0 impact Epson LX-350"},"content":{"rendered":"<p><strong>Imprimante matricielle \u00e0 impact Epson LX-350<\/strong><\/p>\n<p><strong>Imprimante matricielle compacte<br \/>\n<\/strong><br \/>\nL<strong>&#8216;Epson LX-350<\/strong>\u00a0est tr\u00e8s fiable et poss\u00e8de un temps de bon fonctionnement moyen, sans intervention, de 10 000 heures. Elle est id\u00e9ale pour les applications de front-office et de back-office n\u00e9cessitant un papier continu ou plusieurs articles de papeterie.<\/p>\n<ul>\n<li><strong>Grande fiabilit\u00e9 :<\/strong>\u00a0Temps moyen de bon fonctionnement sans intervention de 10000h<\/li>\n<li><strong>\u00c9conomies d&#8217;\u00e9nergie :<\/strong>\u00a01,1 W en veille, 27 W en impression<\/li>\n<li><strong>\u00c9conomique :<\/strong>\u00a0Autonomie du ruban de 4 millions de caract\u00e8res<\/li>\n<li><strong>Int\u00e9gration simplifi\u00e9e :<\/strong>\u00a0Interfaces Parall\u00e8le, S\u00e9rie et USB<\/li>\n<li><strong>Conception compacte :<\/strong>\u00a0Facile \u00e0 placer sur un bureau<\/li>\n<\/ul>\n<p>La\u00a0<strong>LX-350<\/strong>\u00a0est une imprimante tr\u00e8s \u00e9conomique qui permet de r\u00e9duire les co\u00fbts d&#8217;exploitation gr\u00e2ce \u00e0 son ruban disposant d&#8217;une longue dur\u00e9e de vie (<em>4 millions de caract\u00e8res<\/em>) et sa faible consommation \u00e9lectrique. La LX-350 n&#8217;utilise que 1,1 W en veille et 27 W en impression. Elle est donc certifi\u00e9e ENERGY STAR pour son excellente efficacit\u00e9 \u00e9nerg\u00e9tique.<\/p>\n<p>Facile \u00e0 int\u00e9grer, la\u00a0<strong>LX-350<\/strong>\u00a0poss\u00e8de des interfaces Parall\u00e8le, S\u00e9rie et USB en s\u00e9rie et trouvera facilement une place sur un bureau gr\u00e2ce \u00e0 sa conception compacte et \u00e0 son syst\u00e8me de gestion des c\u00e2bles.<\/p>\n<p><strong>Caract\u00e9ristiques techniques\u00a0<\/strong><\/p>\n<ul>\n<li><strong>Mode d&#8217;impression :\u00a0<\/strong>\u00a0Matricielle \u00e0 impact<\/li>\n<li><strong>Nombre d&#8217;aiguilles :\u00a0<\/strong>\u00a09 aiguilles<\/li>\n<li><strong>Nombre des colonnes :\u00a0<\/strong>\u00a080 Colonnes<\/li>\n<li><strong>Vitesse d\u2019impression :\u00a0<\/strong>\u00a0HighSpeed-Draft: 10 cpi: 347 caract\u00e8res par s, 12 cpi: 357 caract\u00e8res par s, Draft: 10 cpi: 260 caract\u00e8res par s, 12 cpi: 312 caract\u00e8res par s, NLQ: 10 cpi: 65 caract\u00e8res par s, 12 cpi: 78 caract\u00e8res par s<\/li>\n<li><strong>Perforations :\u00a0<\/strong>4 plus un original<\/li>\n<li><strong>Connexions :\u00a0<\/strong>\u00a0Parall\u00e8le bidirectionnel, Parall\u00e8le, USB 2.0 type A, USB 2.0 type B<\/li>\n<\/ul>\n","protected":false},"excerpt":{"rendered":"<p>L&#8217;imprimante matricielle \u00e0 impact Epson LX-350 offre une impression rapide et fiable gr\u00e2ce \u00e0 ses 9 aiguilles et ses 80 colonnes. Avec une vitesse \u00a0d&#8217;impression impressionnante, vous pouvez obtenir jusqu&#8217;\u00e0 357 caract\u00e8res par seconde en mode HighSpeed-Draft. Son interface parall\u00e8le bidirectionnelle et ses ports USB 2.0 A et B assurent une connectivit\u00e9 facile. B\u00e9n\u00e9ficiez d&#8217;une qualit\u00e9 d&#8217;impression exceptionnelle pour tous vos besoins professionnels.<\/p>\n","protected":false},"featured_media":6972,"comment_status":"open","ping_status":"closed","template":"","meta":{"_acf_changed":false,"_monsterinsights_skip_tracking":false,"_monsterinsights_sitenote_active":false,"_monsterinsights_sitenote_note":"","_monsterinsights_sitenote_category":0,"_uf_show_specific_survey":0,"_uf_disable_surveys":false,"_joinchat":[]},"product_brand":[],"product_cat":[253,380,15,273],"product_tag":[],"class_list":{"0":"post-6971","1":"product","2":"type-product","3":"status-publish","4":"has-post-thumbnail","6":"product_cat-imprimante","7":"product_cat-epson","8":"product_cat-imprimante-scanner","9":"product_cat-imprimante-matricielle","11":"first","12":"instock","13":"sale","14":"shipping-taxable","15":"purchasable","16":"product-type-simple"},"acf":[],"jetpack_sharing_enabled":true,"_links":{"self":[{"href":"https:\/\/digistar.ma\/index.php?rest_route=\/wp\/v2\/product\/6971","targetHints":{"allow":["GET"]}}],"collection":[{"href":"https:\/\/digistar.ma\/index.php?rest_route=\/wp\/v2\/product"}],"about":[{"href":"https:\/\/digistar.ma\/index.php?rest_route=\/wp\/v2\/types\/product"}],"replies":[{"embeddable":true,"href":"https:\/\/digistar.ma\/index.php?rest_route=%2Fwp%2Fv2%2Fcomments&post=6971"}],"version-history":[{"count":1,"href":"https:\/\/digistar.ma\/index.php?rest_route=\/wp\/v2\/product\/6971\/revisions"}],"predecessor-version":[{"id":6975,"href":"https:\/\/digistar.ma\/index.php?rest_route=\/wp\/v2\/product\/6971\/revisions\/6975"}],"wp:featuredmedia":[{"embeddable":true,"href":"https:\/\/digistar.ma\/index.php?rest_route=\/wp\/v2\/media\/6972"}],"wp:attachment":[{"href":"https:\/\/digistar.ma\/index.php?rest_route=%2Fwp%2Fv2%2Fmedia&parent=6971"}],"wp:term":[{"taxonomy":"product_brand","embeddable":true,"href":"https:\/\/digistar.ma\/index.php?rest_route=%2Fwp%2Fv2%2Fproduct_brand&post=6971"},{"taxonomy":"product_cat","embeddable":true,"href":"https:\/\/digistar.ma\/index.php?rest_route=%2Fwp%2Fv2%2Fproduct_cat&post=6971"},{"taxonomy":"product_tag","embeddable":true,"href":"https:\/\/digistar.ma\/index.php?rest_route=%2Fwp%2Fv2%2Fproduct_tag&post=6971"}],"curies":[{"name":"wp","href":"https:\/\/api.w.org\/{rel}","templated":true}]}}