{"id":6989,"date":"2023-07-28T01:22:12","date_gmt":"2023-07-28T01:22:12","guid":{"rendered":"https:\/\/digistar.ma\/?post_type=product&#038;p=6989"},"modified":"2023-12-27T15:39:27","modified_gmt":"2023-12-27T15:39:27","slug":"imprimante-matricielle-a-impact-epson-lq-780n","status":"publish","type":"product","link":"https:\/\/digistar.ma\/?product=imprimante-matricielle-a-impact-epson-lq-780n","title":{"rendered":"Imprimante matricielle \u00e0 impact Epson LQ-780N"},"content":{"rendered":"<p><strong>Imprimante matricielle \u00e0 impact Epson LQ-780N<\/strong><\/p>\n<div class=\"product-summary__headline\">Imprimante matricielle 24\u00a0aiguilles<\/div>\n<div class=\"product-summary__secondary-information\">\n<div class=\"product-summary__description\">Impression matricielle rapide et fiable avec l\u2019Epson LQ-780N. Sa nature robuste et son design moderne s&#8217;int\u00e8grent parfaitement \u00e0 tout environnement.<\/div>\n<div class=\"product-summary__intro\">Con\u00e7ue dans une optique de productivit\u00e9, la LQ-780N est une imprimante matricielle extr\u00eamement fiable dont le ruban b\u00e9n\u00e9ficie d\u2019une autonomie impressionnante. Rapide et compacte, elle est \u00e9galement robuste. Son design moderne permet une int\u00e9gration sans effort dans n\u2019importe quel environnement de travail, qu\u2019il s\u2019agisse d\u2019un bureau ou d\u2019un entrep\u00f4t.<\/div>\n<div>\n<p>Impression rapide\u00a0:<\/p>\n<p>Imprimez rapidement et de mani\u00e8re plus productive. La LQ-780N imprime l\u2019original et six\u00a0copies, et elle est capable d\u2019imprimer \u00e0 une vitesse remarquable pouvant atteindre 487\u00a0cpp (10\u00a0cpi) en utilisant les polices r\u00e9sidentes.<\/p>\n<p>Autonomie de ruban \u00e9lev\u00e9e\u00a0:<\/p>\n<p>Dans un environnement de travail exigeant et en constante \u00e9volution, il est essentiel de disposer d\u2019une autonomie de ruban \u00e9lev\u00e9e. Avec une capacit\u00e9 de 10\u00a0millions de caract\u00e8res par ruban, le mod\u00e8le LQ-780N se distingue sur le march\u00e9 des imprimantes \u00e0 plat. \u00c9conomique, il offre des longs cycles d\u2019impression avant le remplacement du ruban, des faibles co\u00fbts d\u2019exploitation et un co\u00fbt total de possession inf\u00e9rieur.<\/p>\n<p>Fiabilit\u00e9\u00a0:<\/p>\n<p>Fiable et durable, ce mod\u00e8le assure aux utilisateurs un temps moyen de bon fonctionnement sans intervention de 20\u00a0000\u00a0heures. Le ch\u00e2ssis robuste peut r\u00e9sister \u00e0 des conditions d\u2019humidit\u00e9 et de chaleur \u00e9lev\u00e9es, et le r\u00e9glage automatique de l\u2019\u00e9paisseur du papier rend l\u2019utilisation de la LQ-780N intuitive. La productivit\u00e9 augmente et la maintenance est r\u00e9duite, des caract\u00e9ristiques essentielles pour la production de grandes quantit\u00e9s de documents et de donn\u00e9es.<\/p>\n<p>Design qualitatif\u00a0:<\/p>\n<p>Cette imprimante compacte et robuste a \u00e9t\u00e9 con\u00e7ue pour s\u2019adapter \u00e0 votre bureau. Avec son ch\u00e2ssis moderne, noir et blanc, elle s\u2019int\u00e8gre parfaitement aux environnements de bureau et d\u2019entrep\u00f4t.<\/p>\n<h3><a href=\"https:\/\/digistar.ma\/wp-content\/uploads\/2023\/07\/epson-lq-780n-datasheet.pdf\">FICHE TECHNIQUE ICI<\/a><\/h3>\n<\/div>\n<\/div>\n","protected":false},"excerpt":{"rendered":"<p>L&#8217;imprimante matricielle \u00e0 impact Epson LQ-780N offre une technologie d&#8217;impression fiable et rapide gr\u00e2ce \u00e0 ses 24 aiguilles. Imprimez rapidement jusqu&#8217;\u00e0 487 caract\u00e8res par seconde en mode brouillon. Les codes-barres, les polices de caract\u00e8res et les connexions USB, parall\u00e8le et \u00a0Ethernet offrent une grande flexibilit\u00e9. G\u00e9rez diff\u00e9rents formats de papier avec facilit\u00e9. \u00c9conomique avec une consommation d&#8217;\u00e9nergie de 46 W. Cette imprimante r\u00e9sistante offre une dur\u00e9e de vie de t\u00eate d&#8217;impression de 400 millions d&#8217;impacts par aiguille. Simplifiez vos t\u00e2ches d&#8217;impression avec cette imprimante Epson performante.<\/p>\n","protected":false},"featured_media":6991,"comment_status":"open","ping_status":"closed","template":"","meta":{"_acf_changed":false,"_monsterinsights_skip_tracking":false,"_monsterinsights_sitenote_active":false,"_monsterinsights_sitenote_note":"","_monsterinsights_sitenote_category":0,"_uf_show_specific_survey":0,"_uf_disable_surveys":false,"_joinchat":[]},"product_brand":[],"product_cat":[253,380,15,273,290],"product_tag":[],"class_list":{"0":"post-6989","1":"product","2":"type-product","3":"status-publish","4":"has-post-thumbnail","6":"product_cat-imprimante","7":"product_cat-epson","8":"product_cat-imprimante-scanner","9":"product_cat-imprimante-matricielle","10":"product_cat-meilleures-ventes","12":"first","13":"instock","14":"sale","15":"shipping-taxable","16":"purchasable","17":"product-type-simple"},"acf":[],"jetpack_sharing_enabled":true,"_links":{"self":[{"href":"https:\/\/digistar.ma\/index.php?rest_route=\/wp\/v2\/product\/6989","targetHints":{"allow":["GET"]}}],"collection":[{"href":"https:\/\/digistar.ma\/index.php?rest_route=\/wp\/v2\/product"}],"about":[{"href":"https:\/\/digistar.ma\/index.php?rest_route=\/wp\/v2\/types\/product"}],"replies":[{"embeddable":true,"href":"https:\/\/digistar.ma\/index.php?rest_route=%2Fwp%2Fv2%2Fcomments&post=6989"}],"version-history":[{"count":1,"href":"https:\/\/digistar.ma\/index.php?rest_route=\/wp\/v2\/product\/6989\/revisions"}],"predecessor-version":[{"id":6995,"href":"https:\/\/digistar.ma\/index.php?rest_route=\/wp\/v2\/product\/6989\/revisions\/6995"}],"wp:featuredmedia":[{"embeddable":true,"href":"https:\/\/digistar.ma\/index.php?rest_route=\/wp\/v2\/media\/6991"}],"wp:attachment":[{"href":"https:\/\/digistar.ma\/index.php?rest_route=%2Fwp%2Fv2%2Fmedia&parent=6989"}],"wp:term":[{"taxonomy":"product_brand","embeddable":true,"href":"https:\/\/digistar.ma\/index.php?rest_route=%2Fwp%2Fv2%2Fproduct_brand&post=6989"},{"taxonomy":"product_cat","embeddable":true,"href":"https:\/\/digistar.ma\/index.php?rest_route=%2Fwp%2Fv2%2Fproduct_cat&post=6989"},{"taxonomy":"product_tag","embeddable":true,"href":"https:\/\/digistar.ma\/index.php?rest_route=%2Fwp%2Fv2%2Fproduct_tag&post=6989"}],"curies":[{"name":"wp","href":"https:\/\/api.w.org\/{rel}","templated":true}]}}