{"id":7005,"date":"2023-07-28T11:51:54","date_gmt":"2023-07-28T11:51:54","guid":{"rendered":"https:\/\/digistar.ma\/?post_type=product&#038;p=7005"},"modified":"2023-12-27T15:35:24","modified_gmt":"2023-12-27T15:35:24","slug":"imprimante-matricielle-a-impact-epson-lq2090ii","status":"publish","type":"product","link":"https:\/\/digistar.ma\/?product=imprimante-matricielle-a-impact-epson-lq2090ii","title":{"rendered":"Imprimante matricielle \u00e0 impact Epson LQ2090II"},"content":{"rendered":"<p><strong>Imprimante matricielle \u00e0 impact Epson LQ2090II<\/strong><\/p>\n<div class=\"product-summary__headline\">Imprimante matricielle \u00e0 impact<\/div>\n<div class=\"product-summary__secondary-information\">\n<div class=\"product-summary__description\">Imprimante matricielle \u00e0 impact 24\u00a0aiguilles, 136\u00a0colonnes rapide offrant une fiabilit\u00e9 exceptionnelle et un tr\u00e8s faible co\u00fbt global de possession.<\/div>\n<div class=\"product-summary__intro\">Le mod\u00e8le LQ-2090II est une imprimante matricielle \u00e0 impact grands volumes, con\u00e7ue pour offrir une impression rapide et fiable. Remplacez vos imprimantes matricielles \u00e0 impact existantes par notre dernier mod\u00e8le, d\u00e9sormais certifi\u00e9 Energy\u00a0Star et offrant un tr\u00e8s faible co\u00fbt global de possession.<\/div>\n<div>\n<div class=\"product-overview__section\">\n<div class=\"product-overview__section-content\">\n<div class=\"product-overview__description product-overview__description--neon\">\n<div>\n<div class=\"heading1\">\n<h4>Grande vitesse d\u2019impression<\/h4>\n<p>L\u2019imprimante LQ-2090II offre un mode d\u2019impression tr\u00e8s haute vitesse de 550\u00a0caract\u00e8res par seconde \u00e0 10\u00a0caract\u00e8res par pouce, ce qui fait une r\u00e9elle diff\u00e9rence quand il est question de hauts volumes d\u2019impression, tels que des rapports de stock, d\u2019importants lots de factures ou des documents de transport.<\/p>\n<\/div>\n<div class=\"heading2\">\n<h4>Fiabilit\u00e9 accrue<\/h4>\n<p>La technologie matricielle \u00e0 impact d\u2019Epson est d\u00e9j\u00e0 avanc\u00e9e et tr\u00e8s fiable. Forte de ces avantages, la nouvelle imprimante am\u00e9liore le temps moyen de bon fonctionnement sans intervention (TMBF) de 25\u00a0%. Elle atteint ainsi 25\u00a0000\u00a0heures d\u2019autonomie, ce qui est parfait dans le cadre d\u2019un fonctionnement dans des conditions difficiles ou lorsqu\u2019une maintenance r\u00e9guli\u00e8re n\u2019est pas facile \u00e0 mettre en place.<\/p>\n<\/div>\n<div class=\"heading3\">\n<h4>Consommables identiques<\/h4>\n<p>Imprimante matricielle \u00e0 impact Epson LQ2090II utilise les m\u00eames rubans que les mod\u00e8les existants. Vous pouvez donc mettre au go\u00fbt du jour votre parc de mat\u00e9riels, tout en continuant \u00e0 utiliser vos rubans en stock.<\/p>\n<\/div>\n<\/div>\n<\/div>\n<\/div>\n<\/div>\n<div class=\"product-overview__section product-overview__section--features\">\n<h3 class=\"product-overview__section-title\">Principales caract\u00e9ristiques<\/h3>\n<div class=\"product-overview__section-content\">\n<div class=\"product-overview__features\">\n<div class=\"blockdown description\">\n<ul class=\"features\">\n<li><strong>Grande vitesse d\u2019impression<\/strong>\u00a0Mode d\u2019impression tr\u00e8s haute vitesse de 550\u00a0caract\u00e8res par seconde \u00e0 10\u00a0caract\u00e8res par pouce<\/li>\n<li><strong>Fiabilit\u00e9 accrue<\/strong>\u00a0Temps moyen de bon fonctionnement sans intervention (TMBF) de 25\u00a0000\u00a0heures<\/li>\n<li><strong>Impression polyvalente<\/strong>\u00a0Imprimante matricielle \u00e0 impact 24\u00a0aiguilles, 136\u00a0colonnes<\/li>\n<li><strong>Nombre sup\u00e9rieur d\u2019exemplaires<\/strong>\u00a0D\u00e9sormais, exemplaire original\u00a0+\u00a0six\u00a0copies<\/li>\n<li><strong>Consommables identiques<\/strong>\u00a0Utilise les m\u00eames rubans que les mod\u00e8les existants<\/li>\n<\/ul>\n<\/div>\n<\/div>\n<\/div>\n<\/div>\n<\/div>\n<\/div>\n","protected":false},"excerpt":{"rendered":"<p>Grande vitesse d\u2019impression: Mode d\u2019impression tr\u00e8s haute vitesse de 550 caract\u00e8res par seconde \u00e0 10 caract\u00e8res par pouce<br \/>\nFiabilit\u00e9 accrue: Temps moyen de bon fonctionnement\u00a0sans intervention (TMBF) de 25 000 heures<br \/>\nImpression polyvalente: Imprimante matricielle \u00e0 impact 24 aiguilles, 136 colonnes<br \/>\nNombre sup\u00e9rieur d\u2019exemplaires: D\u00e9sormais, exemplaire original + six copies<br \/>\nConsommables identiques: Utilise les m\u00eames rubans que les mod\u00e8les existants<\/p>\n","protected":false},"featured_media":7007,"comment_status":"open","ping_status":"closed","template":"","meta":{"_acf_changed":false,"_monsterinsights_skip_tracking":false,"_monsterinsights_sitenote_active":false,"_monsterinsights_sitenote_note":"","_monsterinsights_sitenote_category":0,"_uf_show_specific_survey":0,"_uf_disable_surveys":false,"_joinchat":[]},"product_brand":[],"product_cat":[15,380,253,273],"product_tag":[],"class_list":{"0":"post-7005","1":"product","2":"type-product","3":"status-publish","4":"has-post-thumbnail","6":"product_cat-imprimante-scanner","7":"product_cat-epson","8":"product_cat-imprimante","9":"product_cat-imprimante-matricielle","11":"first","12":"instock","13":"sale","14":"shipping-taxable","15":"purchasable","16":"product-type-simple"},"acf":[],"jetpack_sharing_enabled":true,"_links":{"self":[{"href":"https:\/\/digistar.ma\/index.php?rest_route=\/wp\/v2\/product\/7005","targetHints":{"allow":["GET"]}}],"collection":[{"href":"https:\/\/digistar.ma\/index.php?rest_route=\/wp\/v2\/product"}],"about":[{"href":"https:\/\/digistar.ma\/index.php?rest_route=\/wp\/v2\/types\/product"}],"replies":[{"embeddable":true,"href":"https:\/\/digistar.ma\/index.php?rest_route=%2Fwp%2Fv2%2Fcomments&post=7005"}],"version-history":[{"count":1,"href":"https:\/\/digistar.ma\/index.php?rest_route=\/wp\/v2\/product\/7005\/revisions"}],"predecessor-version":[{"id":7011,"href":"https:\/\/digistar.ma\/index.php?rest_route=\/wp\/v2\/product\/7005\/revisions\/7011"}],"wp:featuredmedia":[{"embeddable":true,"href":"https:\/\/digistar.ma\/index.php?rest_route=\/wp\/v2\/media\/7007"}],"wp:attachment":[{"href":"https:\/\/digistar.ma\/index.php?rest_route=%2Fwp%2Fv2%2Fmedia&parent=7005"}],"wp:term":[{"taxonomy":"product_brand","embeddable":true,"href":"https:\/\/digistar.ma\/index.php?rest_route=%2Fwp%2Fv2%2Fproduct_brand&post=7005"},{"taxonomy":"product_cat","embeddable":true,"href":"https:\/\/digistar.ma\/index.php?rest_route=%2Fwp%2Fv2%2Fproduct_cat&post=7005"},{"taxonomy":"product_tag","embeddable":true,"href":"https:\/\/digistar.ma\/index.php?rest_route=%2Fwp%2Fv2%2Fproduct_tag&post=7005"}],"curies":[{"name":"wp","href":"https:\/\/api.w.org\/{rel}","templated":true}]}}