{"id":7019,"date":"2023-07-28T12:37:47","date_gmt":"2023-07-28T12:37:47","guid":{"rendered":"https:\/\/digistar.ma\/?post_type=product&#038;p=7019"},"modified":"2023-12-27T15:33:42","modified_gmt":"2023-12-27T15:33:42","slug":"imprimante-matricielle-a-impact-epson-lq-2190","status":"publish","type":"product","link":"https:\/\/digistar.ma\/?product=imprimante-matricielle-a-impact-epson-lq-2190","title":{"rendered":"Imprimante matricielle \u00e0 impact Epson LQ-2190"},"content":{"rendered":"<p><strong>Imprimante matricielle \u00e0 impact Epson LQ-2190<\/strong><\/p>\n<div class=\"product-summary__description\">La nouvelle imprimante matricielle \u00e0 impact 24 aiguilles, 136 colonnes, rapide et fiable pour les gros volumes d&#8217;impression<\/div>\n<div class=\"product-summary__intro\"><\/div>\n<div>\n<div class=\"product-overview__section\">\n<div class=\"product-overview__section-content\">\n<div class=\"product-overview__description product-overview__description--neon\">\n<div>\n<p>Rapide, fiable et \u00e9conomique, l&#8217;Epson LQ-2190 est une solution d&#8217;impression polyvalente qui permet d&#8217;imprimer d&#8217;importants volumes. Particul\u00e8rement \u00e9conomique, elle est id\u00e9ale pour l&#8217;impression de factures, de listing, d&#8217;\u00e9tiquettes, de documents en multi-copies&#8230;<\/p>\n<p>Fiabilit\u00e9 et vitesse: Cette imprimante 24\u00a0aiguilles, 136 colonnes prend en charge de gros travaux d&#8217;impression en toute simplicit\u00e9. Vous pouvez compter sur des r\u00e9sultats de qualit\u00e9 professionnelle sur des supports vari\u00e9s et avec une grande vitesse d&#8217;impression de 576\u00a0cps (\u00e0 12\u00a0cpi). Avec une dur\u00e9e de vie de la t\u00eate d&#8217;impression de 400 millions d&#8217;impacts par aiguille et un temps moyen de bon fonctionnement sans intervention de 20 000 heures, elle est extr\u00eamement robuste et parfaitement adapt\u00e9e aux gros volumes d&#8217;impression.<\/p>\n<p>Confort d&#8217;utilisation: La LQ-2190 offre un large choix d&#8217;alimentations papier (par le haut, le bas, l&#8217;avant ou l&#8217;arri\u00e8re, avec tracteur tirant ou poussant, papier rouleau) afin de s&#8217;adapter au mieux \u00e0 votre espace de travail, tout en vous offrant le plus grand confort d&#8217;utilisation. De plus, avec ses interfaces USB et Parall\u00e8le en standard et R\u00e9seau et S\u00e9rie en option, elle s&#8217;int\u00e8gre \u00e0 merveille dans votre envrionnement informatique.<\/p>\n<p>Economie: Son ruban, d&#8217;une dur\u00e9e de vie de 15\u00a0millions de caract\u00e8res, permet de r\u00e9duire les co\u00fbts d&#8217;exploitation de l&#8217;imprimante.<\/p>\n<\/div>\n<\/div>\n<\/div>\n<\/div>\n<div class=\"product-overview__section product-overview__section--features\">\n<h3 class=\"product-overview__section-title\">Principales caract\u00e9ristiques<\/h3>\n<div class=\"product-overview__section-content\">\n<div class=\"product-overview__features\">\n<div class=\"blockdown description\">\n<ul class=\"features\">\n<li>Impression rapide et fiable &#8211; B\u00e9n\u00e9ficiez de la qualit\u00e9 d&#8217;impression d&#8217;une imprimante 24\u00a0aiguilles jusqu&#8217;au format A3 et d&#8217;une haute vitesse de 576\u00a0cps<\/li>\n<li>Flexibilit\u00e9 multicopie &#8211; Jusqu&#8217;\u00e0 6\u00a0exemplaires imprim\u00e9s (1\u00a0original + 5\u00a0copies)<\/li>\n<li>Gestion du papier &#8211; Choisissez entre une alimentation papier par le haut, le bas, l&#8217;avant ou l&#8217;arri\u00e8re<\/li>\n<li>Print Speed Enhancer &#8211; Pour l&#8217;impression plus rapide de polices non int\u00e9gr\u00e9es \u00e0 l&#8217;imprimante sous environnement Windows<\/li>\n<li>Connexion facile &#8211; Interfaces USB et Parall\u00e8le en standard, Ethernet et S\u00e9rie en option<\/li>\n<\/ul>\n<h3><a href=\"https:\/\/digistar.ma\/wp-content\/uploads\/2023\/07\/lq-2190.lq-2190-datasheet-2.pdf\">FICHE TECHNIQUE ICI<\/a><\/h3>\n<\/div>\n<\/div>\n<\/div>\n<\/div>\n<\/div>\n","protected":false},"excerpt":{"rendered":"<p>Acc\u00e9l\u00e9rez vos impressions avec l&#8217;imprimante matricielle \u00e0 impact Epson LQ-2190. Dot\u00e9e de 24 aiguilles et 136 colonnes, elle offre une vitesse d&#8217;impression impressionnante : jusqu&#8217;\u00e0 576 caract\u00e8res par seconde en mode HighSpeed-Draft. Compatible avec Windows 7, Vista et Windows XP, cette imprimante polyvalente\u00a0est \u00e9quip\u00e9e d&#8217;une connectivit\u00e9 USB et Parall\u00e8le. L\u00e9g\u00e8re et performante, elle vous offre une efficacit\u00e9 optimale au quotidien.<\/p>\n","protected":false},"featured_media":7023,"comment_status":"open","ping_status":"closed","template":"","meta":{"_acf_changed":false,"_monsterinsights_skip_tracking":false,"_monsterinsights_sitenote_active":false,"_monsterinsights_sitenote_note":"","_monsterinsights_sitenote_category":0,"_uf_show_specific_survey":0,"_uf_disable_surveys":false,"_joinchat":[]},"product_brand":[],"product_cat":[15,380,253,273],"product_tag":[],"class_list":{"0":"post-7019","1":"product","2":"type-product","3":"status-publish","4":"has-post-thumbnail","6":"product_cat-imprimante-scanner","7":"product_cat-epson","8":"product_cat-imprimante","9":"product_cat-imprimante-matricielle","11":"first","12":"instock","13":"sale","14":"shipping-taxable","15":"purchasable","16":"product-type-simple"},"acf":[],"jetpack_sharing_enabled":true,"_links":{"self":[{"href":"https:\/\/digistar.ma\/index.php?rest_route=\/wp\/v2\/product\/7019","targetHints":{"allow":["GET"]}}],"collection":[{"href":"https:\/\/digistar.ma\/index.php?rest_route=\/wp\/v2\/product"}],"about":[{"href":"https:\/\/digistar.ma\/index.php?rest_route=\/wp\/v2\/types\/product"}],"replies":[{"embeddable":true,"href":"https:\/\/digistar.ma\/index.php?rest_route=%2Fwp%2Fv2%2Fcomments&post=7019"}],"version-history":[{"count":1,"href":"https:\/\/digistar.ma\/index.php?rest_route=\/wp\/v2\/product\/7019\/revisions"}],"predecessor-version":[{"id":7028,"href":"https:\/\/digistar.ma\/index.php?rest_route=\/wp\/v2\/product\/7019\/revisions\/7028"}],"wp:featuredmedia":[{"embeddable":true,"href":"https:\/\/digistar.ma\/index.php?rest_route=\/wp\/v2\/media\/7023"}],"wp:attachment":[{"href":"https:\/\/digistar.ma\/index.php?rest_route=%2Fwp%2Fv2%2Fmedia&parent=7019"}],"wp:term":[{"taxonomy":"product_brand","embeddable":true,"href":"https:\/\/digistar.ma\/index.php?rest_route=%2Fwp%2Fv2%2Fproduct_brand&post=7019"},{"taxonomy":"product_cat","embeddable":true,"href":"https:\/\/digistar.ma\/index.php?rest_route=%2Fwp%2Fv2%2Fproduct_cat&post=7019"},{"taxonomy":"product_tag","embeddable":true,"href":"https:\/\/digistar.ma\/index.php?rest_route=%2Fwp%2Fv2%2Fproduct_tag&post=7019"}],"curies":[{"name":"wp","href":"https:\/\/api.w.org\/{rel}","templated":true}]}}