{"id":7029,"date":"2023-07-28T13:16:29","date_gmt":"2023-07-28T13:16:29","guid":{"rendered":"https:\/\/digistar.ma\/?post_type=product&#038;p=7029"},"modified":"2026-02-14T13:50:09","modified_gmt":"2026-02-14T13:50:09","slug":"etiqueteuse-portable-brother-pt-e110vp-azerty","status":"publish","type":"product","link":"https:\/\/digistar.ma\/?product=etiqueteuse-portable-brother-pt-e110vp-azerty","title":{"rendered":"Etiqueteuse portable Brother PT-E110VP &#8211; AZERTY"},"content":{"rendered":"<p><strong>Etiqueteuse portable Brother PT-E110VP &#8211; AZERTY<\/strong><\/p>\n<h4>POUR UN \u00c9TIQUETAGE PROFESSIONNEL<\/h4>\n<div><strong>Etiqueteuse portable Brother PT-E110VP &#8211; AZERTY <\/strong>est une imprimante portable et compacte qui cr\u00e9e des \u00e9tiquettes durables jusqu&#8217;\u00e0 12 mm de large dans de nombreuses combinaisons de couleurs. Les \u00e9tiquettes P-touch seront parfaites pour une identification rapide et facile pour c\u00e2bles, plaques frontales, prises, interrupteurs et autres composants.<\/div>\n<div><\/div>\n<table border=\"0\" width=\"100%\" cellspacing=\"1\" cellpadding=\"1\">\n<tbody>\n<tr>\n<td>\n<h4>LE KIT D&#8217;\u00c9TIQUETAGE COMPLET<\/h4>\n<div>\n<p>La PT-E110VP comprend tout ce dont vous avez besoin pour commencer \u00e0 cr\u00e9er et imprimer imm\u00e9diatement des \u00e9tiquettes. Ce pack d&#8217;\u00e9tiquetage comprend \u00e9galement un adaptateur secteur et une cassette ruban TZe Flexible-ID de 9 mm, et ce dans un coffre portable et durable.Les quatre touches d\u00e9di\u00e9es sur la PT-E110VP vous donnent acc\u00e8s aux fonctions d&#8217;\u00e9tiquetage sp\u00e9cifiquement d\u00e9velopp\u00e9es pour l&#8217;enroulement et la signalisation de c\u00e2bles, et l&#8217;impression de plusieurs \u00e9tiquettes avec des num\u00e9ros s\u00e9quentiels. Cela rend la cr\u00e9ation d&#8217;\u00e9tiquettes rapide et efficace.<\/p>\n<\/div>\n<\/td>\n<td width=\"450\"><img fetchpriority=\"high\" decoding=\"async\" class=\"alignnone wp-image-14073\" src=\"https:\/\/digistar.ma\/wp-content\/uploads\/2023\/07\/Etiqueteuse-portable-Brother-PT-E110VP-AZERTY-4-300x200.jpg\" alt=\"Etiqueteuse portable Brother PT-E110VP - AZERTY\" width=\"378\" height=\"252\" srcset=\"https:\/\/digistar.ma\/wp-content\/uploads\/2023\/07\/Etiqueteuse-portable-Brother-PT-E110VP-AZERTY-4-300x200.jpg 300w, https:\/\/digistar.ma\/wp-content\/uploads\/2023\/07\/Etiqueteuse-portable-Brother-PT-E110VP-AZERTY-4-768x512.jpg 768w, https:\/\/digistar.ma\/wp-content\/uploads\/2023\/07\/Etiqueteuse-portable-Brother-PT-E110VP-AZERTY-4-600x400.jpg 600w, https:\/\/digistar.ma\/wp-content\/uploads\/2023\/07\/Etiqueteuse-portable-Brother-PT-E110VP-AZERTY-4.jpg 960w\" sizes=\"(max-width: 378px) 100vw, 378px\" \/><\/td>\n<\/tr>\n<\/tbody>\n<\/table>\n<p>Cr\u00e9ez des \u00e9tiquettes de qualit\u00e9 professionnelle rapidement et facilement avec l&#8217;\u00e9tiqueteuse portable Brother PT-E110VP. Imprimez des \u00e9tiquettes jusqu&#8217;\u00e0 12 mm de largeur \u00e0 une vitesse impressionnante de 20 mm\/sec. B\u00e9n\u00e9ficiez d&#8217;une police vari\u00e9e, de 200 symboles et de 2 cadres pour une personnalisation optimale. Les tailles de ruban lamin\u00e9 TZe de 3,5, 6, 9 et 12 mm assurent une grande flexibilit\u00e9.<\/p>\n<p>Profitez des touches raccourci pour le texte et les applications industrielles. Le pack comprend un ruban TZe FX221 9 mm x 8 m Noir\/Blanc, une mallette de transport et un adaptateur secteur. Avec l&#8217;adh\u00e9sif sp\u00e9cial \u00a0du ruban, vos \u00e9tiquettes r\u00e9sisteront longtemps.<\/p>\n<h4>CARACT\u00c9RISTIQUES PRINCIPALES<\/h4>\n<ul>\n<li>Cr\u00e9ez des \u00e9tiquettes durables jusqu\u2019\u00e0 12 mm de large (3.5, 6, 9, 12 mm)<\/li>\n<li>Fonctions d\u2019application d\u00e9di\u00e9es<\/li>\n<li>200 symboles, y compris \u00e9lectriques, AV, datacom<\/li>\n<li>Coupe-ruban int\u00e9gr\u00e9 pour des \u00e9tiquettes pr\u00e9cises<\/li>\n<li>Comprend adaptateur AC, ruban et coffre de transport pratique<\/li>\n<li>Fonctionne avec 6 x AAA (LR03\/HR03) non fournies<\/li>\n<\/ul>\n","protected":false},"excerpt":{"rendered":"<ul>\n<li>Cr\u00e9ez des \u00e9tiquettes durables jusqu\u2019\u00e0 12 mm de large (3.5, 6, 9, 12 mm)<\/li>\n<li>Fonctions d\u2019application d\u00e9di\u00e9es<\/li>\n<li>200 symboles, y compris \u00e9lectriques, AV, datacom<\/li>\n<li>Coupe-ruban int\u00e9gr\u00e9 pour des \u00e9tiquettes pr\u00e9cises<\/li>\n<li>Comprend adaptateur AC, ruban et coffre de transport pratique<\/li>\n<li>Fonctionne avec 6 x AAA (LR03\/HR03) non fournies<\/li>\n<\/ul>\n","protected":false},"featured_media":7030,"comment_status":"open","ping_status":"closed","template":"","meta":{"_acf_changed":false,"_monsterinsights_skip_tracking":false,"_monsterinsights_sitenote_active":false,"_monsterinsights_sitenote_note":"","_monsterinsights_sitenote_category":0,"_uf_show_specific_survey":0,"_uf_disable_surveys":false,"_joinchat":[]},"product_brand":[],"product_cat":[15,292,253],"product_tag":[],"class_list":{"0":"post-7029","1":"product","2":"type-product","3":"status-publish","4":"has-post-thumbnail","6":"product_cat-imprimante-scanner","7":"product_cat-etiqueteuse-imprimante-de-tickets","8":"product_cat-imprimante","10":"first","11":"outofstock","12":"sale","13":"shipping-taxable","14":"purchasable","15":"product-type-simple"},"acf":[],"jetpack_sharing_enabled":true,"_links":{"self":[{"href":"https:\/\/digistar.ma\/index.php?rest_route=\/wp\/v2\/product\/7029","targetHints":{"allow":["GET"]}}],"collection":[{"href":"https:\/\/digistar.ma\/index.php?rest_route=\/wp\/v2\/product"}],"about":[{"href":"https:\/\/digistar.ma\/index.php?rest_route=\/wp\/v2\/types\/product"}],"replies":[{"embeddable":true,"href":"https:\/\/digistar.ma\/index.php?rest_route=%2Fwp%2Fv2%2Fcomments&post=7029"}],"version-history":[{"count":5,"href":"https:\/\/digistar.ma\/index.php?rest_route=\/wp\/v2\/product\/7029\/revisions"}],"predecessor-version":[{"id":14075,"href":"https:\/\/digistar.ma\/index.php?rest_route=\/wp\/v2\/product\/7029\/revisions\/14075"}],"wp:featuredmedia":[{"embeddable":true,"href":"https:\/\/digistar.ma\/index.php?rest_route=\/wp\/v2\/media\/7030"}],"wp:attachment":[{"href":"https:\/\/digistar.ma\/index.php?rest_route=%2Fwp%2Fv2%2Fmedia&parent=7029"}],"wp:term":[{"taxonomy":"product_brand","embeddable":true,"href":"https:\/\/digistar.ma\/index.php?rest_route=%2Fwp%2Fv2%2Fproduct_brand&post=7029"},{"taxonomy":"product_cat","embeddable":true,"href":"https:\/\/digistar.ma\/index.php?rest_route=%2Fwp%2Fv2%2Fproduct_cat&post=7029"},{"taxonomy":"product_tag","embeddable":true,"href":"https:\/\/digistar.ma\/index.php?rest_route=%2Fwp%2Fv2%2Fproduct_tag&post=7029"}],"curies":[{"name":"wp","href":"https:\/\/api.w.org\/{rel}","templated":true}]}}