{"id":7035,"date":"2023-07-28T13:56:11","date_gmt":"2023-07-28T13:56:11","guid":{"rendered":"https:\/\/digistar.ma\/?post_type=product&#038;p=7035"},"modified":"2023-12-27T15:32:35","modified_gmt":"2023-12-27T15:32:35","slug":"imprimante-de-tickets-pos-epson-tm-t20iii-011-usb-serie","status":"publish","type":"product","link":"https:\/\/digistar.ma\/?product=imprimante-de-tickets-pos-epson-tm-t20iii-011-usb-serie","title":{"rendered":"Imprimante de tickets POS EPSON TM-T20III (011) USB + S\u00e9rie"},"content":{"rendered":"<p><strong>Imprimante de tickets POS EPSON TM-T20III (011) USB + S\u00e9rie<\/strong><\/p>\n<p><strong>Une imprimane thermique \u00e9conomique et \u00e9cologique<\/strong><\/p>\n<p>De par sa rapidit\u00e9 d\u2019impression, sa grande fiabilit\u00e9 et son fonctionnement \u00e9conomique, l&#8217;imprimante\u00a0<strong>Epson TM-TM-T20II\u00a0<\/strong>certifi\u00e9e ENERGY STAR est id\u00e9ale pour les commerces de petite taille et sp\u00e9cialis\u00e9s, l\u2019h\u00f4tellerie et les supermarch\u00e9s.<\/p>\n<p><strong>Abordable<\/strong><br \/>\nCe mod\u00e8le facile \u00e0 utiliser et pr\u00e9sentant une<strong>\u00a0largeur de papier de 80 mm\u00a0<\/strong>est l&#8217;imprimante de tickets Epson la plus abordable. Sa fonction de r\u00e9duction de papier automatique r\u00e9duit les marges sup\u00e9rieure et inf\u00e9rieure, le saut de ligne et la hauteur des codes-barres, pour plus de flexibilit\u00e9. Elle permet \u00e9galement de surveiller et de contr\u00f4ler la quantit\u00e9 de papier utilis\u00e9e. Les co\u00fbts de papier sont minimis\u00e9s par l\u2019impression du logo sup\u00e9rieur du ticket suivant avant la coupe du ticket en cours, de sorte que la marge sup\u00e9rieure soit encore r\u00e9duite de 12 mm.<\/p>\n<p><strong>Fiable<\/strong><br \/>\nAvec un temps moyen de bon fonctionnement sans intervention de\u00a0<strong>360 000 heures\u00a0<\/strong>et une\u00a0<strong>dur\u00e9e de vie de 15 millions de lignes<\/strong>, le mod\u00e8le <strong>Imprimante de tickets POS EPSON TM-T20III (011) USB + S\u00e9rie<\/strong> offre une grande fiabilit\u00e9 dans les environnements d\u2019impression les plus intensifs.<\/p>\n<p><strong>Polyvalente<\/strong><br \/>\nL\u2019imprimante TM-T20II poss\u00e8de une interface USB int\u00e9gr\u00e9e et se d\u00e9cline en deux mod\u00e8les : 1) USB + s\u00e9rie, 2) USB + Ethernet. Ce mod\u00e8le est donc un investissement \u00e0 long terme car vous pouvez changer de connectivit\u00e9 \u00e0 tout moment.<\/p>\n<p><strong>Rapide<\/strong><br \/>\nLa vitesse d\u2019impression de\u00a0<strong>200 mm\/s<\/strong>\u00a0vous permet de gagner du temps, ce qui est parfait pour \u00e9viter les longues files d\u2019attente, et le prix d\u2019achat et les co\u00fbts de fonctionnement comp\u00e9titifs vous permettent d\u2019\u00e9conomiser.<\/p>\n<p><strong>Caract\u00e9ristiques principales :<\/strong><\/p>\n<ul>\n<li>Jeu de caract\u00e8res: 95 alphanum\u00e9riques, 18 internationaux, 128 x 43 graphiques<\/li>\n<li>Jeu de caract\u00e8res d\u2019imprimerie : ANK<\/li>\n<li>Caract\u00e8res par pouce : 22,6 cpp \/ 16,9 cpp<\/li>\n<li>Densit\u00e9 de points : 203 DPI (ppp) x 203 DPI (ppp)<\/li>\n<li>Impression couleur : Noir<\/li>\n<li>Caract\u00e8res d\u2019imprimerie : Texte (y compris symbole de l\u2019Euro), Graphique, Code-barres<\/li>\n<li>Largeur de papier 80 mm, 48 \/ 64<\/li>\n<li><strong>Interface USB 2.0 + S\u00e9rie<\/strong><\/li>\n<li>Kit de fixation murale fourni<\/li>\n<li>Vitesse d&#8217;impression :\u00a0<strong>200 mm par seconde<\/strong><\/li>\n<li>M\u00e9moire cache de 4 Ko<\/li>\n<li>Alimentation 24 V int\u00e9gr\u00e9e<\/li>\n<li>Imprimante\u00a0\u00e9conomique, certifi\u00e9e Energy Star<\/li>\n<li>Coloris : Dark Grey<\/li>\n<\/ul>\n","protected":false},"excerpt":{"rendered":"<p>Optimisez votre point de vente avec l&#8217;imprimante de tickets POS EPSON \u00a0TM-T20III (011). Cette solution \u00e9conomique offre des vitesses d\u2019impression \u00e9lev\u00e9es et une fiabilit\u00e9 exceptionnelle. Id\u00e9ale pour les petites entreprises, l&#8217;h\u00f4tellerie et les supermarch\u00e9s, cette imprimante thermique POS abordable garantit une efficacit\u00e9 accrue. Livr\u00e9e avec c\u00e2ble USB, adaptateur secteur et papier en rouleaux. Modernisez votre syst\u00e8me de caisse d\u00e8s aujourd&#8217;hui !<\/p>\n","protected":false},"featured_media":7036,"comment_status":"open","ping_status":"closed","template":"","meta":{"_acf_changed":false,"_monsterinsights_skip_tracking":false,"_monsterinsights_sitenote_active":false,"_monsterinsights_sitenote_note":"","_monsterinsights_sitenote_category":0,"_uf_show_specific_survey":0,"_uf_disable_surveys":false,"_joinchat":[]},"product_brand":[],"product_cat":[15,380,292,253],"product_tag":[],"class_list":{"0":"post-7035","1":"product","2":"type-product","3":"status-publish","4":"has-post-thumbnail","6":"product_cat-imprimante-scanner","7":"product_cat-epson","8":"product_cat-etiqueteuse-imprimante-de-tickets","9":"product_cat-imprimante","11":"first","12":"instock","13":"sale","14":"shipping-taxable","15":"purchasable","16":"product-type-simple"},"acf":[],"jetpack_sharing_enabled":true,"_links":{"self":[{"href":"https:\/\/digistar.ma\/index.php?rest_route=\/wp\/v2\/product\/7035","targetHints":{"allow":["GET"]}}],"collection":[{"href":"https:\/\/digistar.ma\/index.php?rest_route=\/wp\/v2\/product"}],"about":[{"href":"https:\/\/digistar.ma\/index.php?rest_route=\/wp\/v2\/types\/product"}],"replies":[{"embeddable":true,"href":"https:\/\/digistar.ma\/index.php?rest_route=%2Fwp%2Fv2%2Fcomments&post=7035"}],"version-history":[{"count":4,"href":"https:\/\/digistar.ma\/index.php?rest_route=\/wp\/v2\/product\/7035\/revisions"}],"predecessor-version":[{"id":7043,"href":"https:\/\/digistar.ma\/index.php?rest_route=\/wp\/v2\/product\/7035\/revisions\/7043"}],"wp:featuredmedia":[{"embeddable":true,"href":"https:\/\/digistar.ma\/index.php?rest_route=\/wp\/v2\/media\/7036"}],"wp:attachment":[{"href":"https:\/\/digistar.ma\/index.php?rest_route=%2Fwp%2Fv2%2Fmedia&parent=7035"}],"wp:term":[{"taxonomy":"product_brand","embeddable":true,"href":"https:\/\/digistar.ma\/index.php?rest_route=%2Fwp%2Fv2%2Fproduct_brand&post=7035"},{"taxonomy":"product_cat","embeddable":true,"href":"https:\/\/digistar.ma\/index.php?rest_route=%2Fwp%2Fv2%2Fproduct_cat&post=7035"},{"taxonomy":"product_tag","embeddable":true,"href":"https:\/\/digistar.ma\/index.php?rest_route=%2Fwp%2Fv2%2Fproduct_tag&post=7035"}],"curies":[{"name":"wp","href":"https:\/\/api.w.org\/{rel}","templated":true}]}}