{"id":7045,"date":"2023-07-28T23:57:07","date_gmt":"2023-07-28T23:57:07","guid":{"rendered":"https:\/\/digistar.ma\/?post_type=product&#038;p=7045"},"modified":"2023-12-27T15:30:46","modified_gmt":"2023-12-27T15:30:46","slug":"imprimante-de-tickets-epson-tm-t88vii","status":"publish","type":"product","link":"https:\/\/digistar.ma\/?product=imprimante-de-tickets-epson-tm-t88vii","title":{"rendered":"Imprimante de tickets Epson TM-T88VII"},"content":{"rendered":"<p><strong>Imprimante de tickets Epson TM-T88VII<\/strong><\/p>\n<div class=\"product-summary__headline\">Imprimante de tickets haute vitesse Imprimante de tickets Epson TM-T88VII (112) (C31CJ57112)<\/div>\n<div class=\"product-summary__secondary-information\">\n<div class=\"product-summary__description\">Imprimantes de tickets \u00e0 la pointe du march\u00e9, hautes performances, \u00e9cologiques et d\u2019une fiabilit\u00e9 \u00e9prouv\u00e9e<\/div>\n<div class=\"product-summary__intro\">La TM-T88VII fait partie de notre nouvelle gamme d\u2019imprimantes de tickets hautes performances. Elle propose toute une s\u00e9rie d\u2019am\u00e9liorations en mati\u00e8re de design, de connectivit\u00e9 et de facilit\u00e9 d\u2019utilisation pour am\u00e9liorer l\u2019exp\u00e9rience utilisateur.<\/div>\n<div>\n<div class=\"product-overview__section\">\n<div class=\"product-overview__section-content\">\n<div class=\"product-overview__description product-overview__description--neon\">\n<div>\n<div class=\"heading1\">\n<h4>Performances \u00e9lev\u00e9es et fiables<\/h4>\n<p>\u00c9vitez les temps d\u2019arr\u00eat en choisissant un mat\u00e9riel fiable et \u00e9prouv\u00e9 provenant du leader sur le march\u00e91. Des vitesses d\u2019impression \u00e9lev\u00e9es (500\u00a0mm\/s) et des tickets imprim\u00e9s lisibles et de haute qualit\u00e9 garantiront la satisfaction des clients.<\/p>\n<\/div>\n<div class=\"heading2\">\n<h4>R\u00e9trocompatible<\/h4>\n<p>La TM-T88VII est enti\u00e8rement compatible avec les logiciels\u00a0T88V et T88VI existants. Il n\u2019y a donc pas de co\u00fbts on\u00e9reux associ\u00e9s \u00e0 l\u2019\u00e9volution de l\u2019infrastructure commerciale. En outre, son empreinte au sol est identique \u00e0 celle des mod\u00e8les pr\u00e9c\u00e9dents\u00a0: il n\u2019y a donc aucun co\u00fbt suppl\u00e9mentaire li\u00e9 au changement des comptoirs\/caisses.<\/p>\n<\/div>\n<div class=\"heading3\">\n<h4>Respect de l\u2019environnement<\/h4>\n<p>Avec son niveau sonore plus faible, sa basse consommation \u00e9lectrique et son alimentation \u00e9lectrique plus petite et plus efficace, la TM-T88VII a un impact environnemental r\u00e9duit. L\u2019imprimante est d\u00e9sormais compatible avec un papier plus \u00e9cologique, sans ph\u00e9nol.<\/p>\n<\/div>\n<\/div>\n<\/div>\n<\/div>\n<\/div>\n<div class=\"product-overview__section product-overview__section--features\">\n<h3 class=\"product-overview__section-title\">Principales caract\u00e9ristiques<\/h3>\n<div class=\"product-overview__section-content\">\n<div class=\"product-overview__features\">\n<div class=\"blockdown description\">\n<ul class=\"features\">\n<li><strong>Mat\u00e9riel fiable<\/strong>\u00a0Soutenu par notre qualit\u00e9 de construction \u00e9prouv\u00e9e et fiable<\/li>\n<li><strong>Hautes performances<\/strong>\u00a0Vitesse d\u2019impression max. 500\u00a0mm\/s<\/li>\n<li><strong>Options de connectivit\u00e9 et d\u2019interface<\/strong>\u00a0USB, Ethernet, h\u00f4te USB en standard\u00a0; s\u00e9rie, alimentation USB, options<\/li>\n<li><strong>R\u00e9trocompatible<\/strong>\u00a0Enti\u00e8rement compatible avec les logiciels\u00a0T88V et T88VI existants<\/li>\n<li><strong>Impact environnemental r\u00e9duit<\/strong>\u00a0Faible consommation \u00e9lectrique, prise en charge de papier sans ph\u00e9nol<\/li>\n<\/ul>\n<h3><a href=\"https:\/\/digistar.ma\/wp-content\/uploads\/2023\/07\/epson-tm-t88vii-112-usb-ethernet-serial-ps-black-datasheet.pdf\">FICHE TECHNIQUE ICI<\/a><\/h3>\n<\/div>\n<\/div>\n<\/div>\n<\/div>\n<\/div>\n<\/div>\n","protected":false},"excerpt":{"rendered":"<p>Dot\u00e9e d&#8217;une qualit\u00e9 de construction \u00e9prouv\u00e9e et fiable, cette imprimante vous offre des performances exceptionnelles avec une vitesse d&#8217;impression maximale de 500 mm\/s. Gr\u00e2ce \u00e0 ses options de\u00a0connectivit\u00e9 et d&#8217;interface vari\u00e9es, incluant USB, Ethernet et h\u00f4te USB en standard, vous pourrez facilement l&#8217;int\u00e9grer \u00e0 votre syst\u00e8me existant. De plus, sa r\u00e9trocompatibilit\u00e9 avec les logiciels T88V et T88VI vous garantit une transition en douceur. Choisissez cet appareil respectueux de l&#8217;environnement et augmentez votre efficacit\u00e9 sans compromettre la durabilit\u00e9.<\/p>\n","protected":false},"featured_media":7046,"comment_status":"open","ping_status":"closed","template":"","meta":{"_acf_changed":false,"_monsterinsights_skip_tracking":false,"_monsterinsights_sitenote_active":false,"_monsterinsights_sitenote_note":"","_monsterinsights_sitenote_category":0,"_uf_show_specific_survey":0,"_uf_disable_surveys":false,"_joinchat":[]},"product_brand":[],"product_cat":[15,380,292,253,290],"product_tag":[],"class_list":{"0":"post-7045","1":"product","2":"type-product","3":"status-publish","4":"has-post-thumbnail","6":"product_cat-imprimante-scanner","7":"product_cat-epson","8":"product_cat-etiqueteuse-imprimante-de-tickets","9":"product_cat-imprimante","10":"product_cat-meilleures-ventes","12":"first","13":"instock","14":"sale","15":"shipping-taxable","16":"purchasable","17":"product-type-simple"},"acf":[],"jetpack_sharing_enabled":true,"_links":{"self":[{"href":"https:\/\/digistar.ma\/index.php?rest_route=\/wp\/v2\/product\/7045","targetHints":{"allow":["GET"]}}],"collection":[{"href":"https:\/\/digistar.ma\/index.php?rest_route=\/wp\/v2\/product"}],"about":[{"href":"https:\/\/digistar.ma\/index.php?rest_route=\/wp\/v2\/types\/product"}],"replies":[{"embeddable":true,"href":"https:\/\/digistar.ma\/index.php?rest_route=%2Fwp%2Fv2%2Fcomments&post=7045"}],"version-history":[{"count":1,"href":"https:\/\/digistar.ma\/index.php?rest_route=\/wp\/v2\/product\/7045\/revisions"}],"predecessor-version":[{"id":7053,"href":"https:\/\/digistar.ma\/index.php?rest_route=\/wp\/v2\/product\/7045\/revisions\/7053"}],"wp:featuredmedia":[{"embeddable":true,"href":"https:\/\/digistar.ma\/index.php?rest_route=\/wp\/v2\/media\/7046"}],"wp:attachment":[{"href":"https:\/\/digistar.ma\/index.php?rest_route=%2Fwp%2Fv2%2Fmedia&parent=7045"}],"wp:term":[{"taxonomy":"product_brand","embeddable":true,"href":"https:\/\/digistar.ma\/index.php?rest_route=%2Fwp%2Fv2%2Fproduct_brand&post=7045"},{"taxonomy":"product_cat","embeddable":true,"href":"https:\/\/digistar.ma\/index.php?rest_route=%2Fwp%2Fv2%2Fproduct_cat&post=7045"},{"taxonomy":"product_tag","embeddable":true,"href":"https:\/\/digistar.ma\/index.php?rest_route=%2Fwp%2Fv2%2Fproduct_tag&post=7045"}],"curies":[{"name":"wp","href":"https:\/\/api.w.org\/{rel}","templated":true}]}}