{"id":7054,"date":"2023-07-29T17:07:07","date_gmt":"2023-07-29T17:07:07","guid":{"rendered":"https:\/\/digistar.ma\/?post_type=product&#038;p=7054"},"modified":"2026-03-30T16:20:20","modified_gmt":"2026-03-30T16:20:20","slug":"imprimante-thermique-de-tickets-pos-epson-tm-t20iii-012","status":"publish","type":"product","link":"https:\/\/digistar.ma\/?product=imprimante-thermique-de-tickets-pos-epson-tm-t20iii-012","title":{"rendered":"Imprimante Thermique de tickets POS Epson TM-T20III (012)"},"content":{"rendered":"<p><strong>Imprimante Thermique de tickets POS Epson TM-T20III (012)<\/strong><\/p>\n<div class=\"product-summary__description\">Cette imprimante thermique de tickets POS d\u2019entr\u00e9e de gamme offre une solution POS \u00e9conomique avec des vitesses d\u2019impression \u00e9lev\u00e9es et des caract\u00e9ristiques \u00e9conomiques.<\/div>\n<div class=\"product-summary__intro\">Ses vitesses d\u2019impression \u00e9lev\u00e9es, sa grande fiabilit\u00e9 et son fonctionnement \u00e9conomique en font une imprimante id\u00e9ale pour les commerces de petite taille et sp\u00e9cialis\u00e9s, l\u2019h\u00f4tellerie et les supermarch\u00e9s.<\/div>\n<div>\n<div class=\"product-overview__section\">\n<div class=\"product-overview__section-content\">\n<div class=\"product-overview__description product-overview__description--neon\">\n<div>\n<div class=\"heading1\">\n<h4>Abordable<\/h4>\n<p>Ce mod\u00e8le Imprimante Thermique de tickets POS Epson TM-T20III (012) facile \u00e0 utiliser et pr\u00e9sentant une largeur de papier de 80 mm est notre imprimante de tickets POS la plus abordable. Sa fonction de r\u00e9duction de papier automatique r\u00e9duit les marges sup\u00e9rieure et inf\u00e9rieure, le saut de ligne et la hauteur des codes-barres, pour plus de flexibilit\u00e9. Elle permet \u00e9galement de surveiller et de contr\u00f4ler la quantit\u00e9 de papier utilis\u00e9. Les co\u00fbts de papier sont minimis\u00e9s par l\u2019impression du logo sup\u00e9rieur du ticket suivant avant la coupe du ticket en cours, de sorte que la marge sup\u00e9rieure est encore r\u00e9duite de 12 mm.<\/p>\n<\/div>\n<div class=\"heading2\">\n<h4>Fiable<\/h4>\n<p>Avec un temps moyen de bon fonctionnement sans intervention (MTBF) de 360\u00a0000\u00a0heures et une dur\u00e9e de vie de 15\u00a0millions de lignes, vous pouvez compter sur la TM-T20III dans les environnements \u00e0 volume d\u2019impression \u00e9lev\u00e9.<\/p>\n<\/div>\n<div class=\"heading3\">\n<h4>Flexible<\/h4>\n<p>La TM-T20III a une interface USB int\u00e9gr\u00e9e. Vous avez le choix entre deux mod\u00e8les : 1) USB + s\u00e9rie, 2) Ethernet. Imprimante Thermique de tickets POS Epson TM-T20III (012) est donc un investissement \u00e0 long terme, car vous pouvez changer de connectivit\u00e9 \u00e0 tout moment.<\/p>\n<\/div>\n<div class=\"heading4\">\n<h4>Rapide<\/h4>\n<p>La vitesse d\u2019impression de 250\u00a0mm\/s vous permet de gagner du temps, ce qui est parfait pour \u00e9viter les longues files d\u2019attente. Son prix d\u2019achat et ses co\u00fbts de fonctionnement comp\u00e9titifs vous permettent de faire des \u00e9conomies.<\/p>\n<\/div>\n<\/div>\n<\/div>\n<\/div>\n<\/div>\n<div class=\"product-overview__section product-overview__section--features\">\n<h3 class=\"product-overview__section-title\">Principales caract\u00e9ristiques<\/h3>\n<div class=\"product-overview__section-content\">\n<div class=\"product-overview__features\">\n<div class=\"blockdown description\">\n<ul class=\"features\">\n<li><strong>\u00c9conomique<\/strong>\u00a0Fonction de r\u00e9duction de papier automatique<\/li>\n<li><strong>Fiabilit\u00e9<\/strong>\u00a0Dur\u00e9e de vie du m\u00e9canisme\u00a0: 15\u00a0millions de lignes<\/li>\n<li><strong>Vitesse d\u2019impression \u00e9lev\u00e9e<\/strong>\u00a0Vitesse d\u2019impression de 250mm\/s<\/li>\n<li><strong>Connectivit\u00e9 flexible<\/strong>\u00a0Deux mod\u00e8les\u00a0: 1) USB + s\u00e9rie\u00a0; 2) Ethernet<\/li>\n<li><strong>Tranquillit\u00e9 d\u2019esprit<\/strong>\u00a0Epson est le premier fabricant d\u2019imprimantes POS en Europe<\/li>\n<\/ul>\n<h3><a href=\"https:\/\/digistar.ma\/wp-content\/uploads\/2023\/07\/epson-tm-t20iii-012-ethernet-ps-blk-eu-datasheet.pdf\">FICHE TECHNIQUE ICI<\/a><\/h3>\n<\/div>\n<\/div>\n<\/div>\n<\/div>\n<\/div>\n","protected":false},"excerpt":{"rendered":"<p>Optimisez votre exp\u00e9rience d&#8217;impression avec notre solution \u00e9conomique et fiable. Dot\u00e9e d&#8217;une fonction de r\u00e9duction de papier automatique, elle offre une dur\u00e9e de vie de m\u00e9canisme exceptionnelle de 15 millions de lignes. Profitez d&#8217;une vitesse d&#8217;impression \u00e9lev\u00e9e de 250mm\/s et d&#8217;une connectivit\u00e9 pratique via USB et Ethernet. Avec Epson, le premier fabricant d&#8217;imprimantes POS en Europe, \u00a0b\u00e9n\u00e9ficiez d&#8217;une tranquillit\u00e9 d&#8217;esprit totale.<\/p>\n","protected":false},"featured_media":7055,"comment_status":"open","ping_status":"closed","template":"","meta":{"_acf_changed":false,"_monsterinsights_skip_tracking":false,"_monsterinsights_sitenote_active":false,"_monsterinsights_sitenote_note":"","_monsterinsights_sitenote_category":0,"_uf_show_specific_survey":0,"_uf_disable_surveys":false,"_joinchat":[]},"product_brand":[],"product_cat":[15,380,292,253],"product_tag":[],"class_list":{"0":"post-7054","1":"product","2":"type-product","3":"status-publish","4":"has-post-thumbnail","6":"product_cat-imprimante-scanner","7":"product_cat-epson","8":"product_cat-etiqueteuse-imprimante-de-tickets","9":"product_cat-imprimante","11":"first","12":"instock","13":"sale","14":"shipping-taxable","15":"purchasable","16":"product-type-simple"},"acf":[],"jetpack_sharing_enabled":true,"_links":{"self":[{"href":"https:\/\/digistar.ma\/index.php?rest_route=\/wp\/v2\/product\/7054","targetHints":{"allow":["GET"]}}],"collection":[{"href":"https:\/\/digistar.ma\/index.php?rest_route=\/wp\/v2\/product"}],"about":[{"href":"https:\/\/digistar.ma\/index.php?rest_route=\/wp\/v2\/types\/product"}],"replies":[{"embeddable":true,"href":"https:\/\/digistar.ma\/index.php?rest_route=%2Fwp%2Fv2%2Fcomments&post=7054"}],"version-history":[{"count":4,"href":"https:\/\/digistar.ma\/index.php?rest_route=\/wp\/v2\/product\/7054\/revisions"}],"predecessor-version":[{"id":7063,"href":"https:\/\/digistar.ma\/index.php?rest_route=\/wp\/v2\/product\/7054\/revisions\/7063"}],"wp:featuredmedia":[{"embeddable":true,"href":"https:\/\/digistar.ma\/index.php?rest_route=\/wp\/v2\/media\/7055"}],"wp:attachment":[{"href":"https:\/\/digistar.ma\/index.php?rest_route=%2Fwp%2Fv2%2Fmedia&parent=7054"}],"wp:term":[{"taxonomy":"product_brand","embeddable":true,"href":"https:\/\/digistar.ma\/index.php?rest_route=%2Fwp%2Fv2%2Fproduct_brand&post=7054"},{"taxonomy":"product_cat","embeddable":true,"href":"https:\/\/digistar.ma\/index.php?rest_route=%2Fwp%2Fv2%2Fproduct_cat&post=7054"},{"taxonomy":"product_tag","embeddable":true,"href":"https:\/\/digistar.ma\/index.php?rest_route=%2Fwp%2Fv2%2Fproduct_tag&post=7054"}],"curies":[{"name":"wp","href":"https:\/\/api.w.org\/{rel}","templated":true}]}}