{"id":7064,"date":"2023-07-29T17:33:51","date_gmt":"2023-07-29T17:33:51","guid":{"rendered":"https:\/\/digistar.ma\/?post_type=product&#038;p=7064"},"modified":"2023-07-29T17:36:19","modified_gmt":"2023-07-29T17:36:19","slug":"imprimante-detiquettes-professionnelle-brother-ql-700","status":"publish","type":"product","link":"https:\/\/digistar.ma\/?product=imprimante-detiquettes-professionnelle-brother-ql-700","title":{"rendered":"Imprimante d&#8217;\u00e9tiquettes professionnelle Brother QL-700"},"content":{"rendered":"<h4>Imprimante d&#8217;\u00e9tiquettes professionnelle Brother QL-700<\/h4>\n<h4 class=\"h2-master\">Une imprimante sur-mesure<\/h4>\n<section>La\u00a0<strong>QL-700<\/strong>\u00a0de\u00a0<strong>Brother<\/strong>\u00a0est une<strong>\u00a0imprimante d&#8217;\u00e9tiquettes connectable en USB<\/strong>\u00a0permettant de cr\u00e9er des \u00e9tiquettes sur-mesure \u00e0 l&#8217;aide du logiciel d&#8217;\u00e9dition gratuit P-touch Editor. Elle utilise les rouleaux DK en version continue ou encore au format \u00e9tiquettes pr\u00e9-d\u00e9coup\u00e9s.<\/section>\n<section>\n<div class=\"desc-image\"><img decoding=\"async\" src=\"https:\/\/media.ldlc.com\/bo\/images\/fiches\/imprimante\/brother\/ql-700\/ql700_800_1.jpg\" alt=\"\" \/><\/div>\n<div class=\"desc-text\">\n<h4>ORGANISEZ VOTRE\u00a0ENTREPRISE AVEC SIMPLICIT\u00c9<\/h4>\n<p>Simplifiez votre organisation au bureau\u00a0en utilisant l&#8217;\u00e9tiqueteuse QL-700 qui propose une fonction in\u00e9dite appel\u00e9e &#8220;PnP&#8221; (Plus and \u00a0Play). Plus besoin d&#8217;installer de logiciel ou de pilote sur votre ordinateur, gr\u00e2ce au logiciel de conception d\u2019\u00e9tiquettes P-touch Editor Lite int\u00e9gr\u00e9. Renforcez votre organisation en entreprise en cr\u00e9ant des \u00e9tiquettes de qualit\u00e9 pour votre\u00a0classement, votre\u00a0signalisation, vos\u00a0fichiers confidentiels\u00a0ou encore, vos\u00a0courriers urgents.<\/p>\n<p>L&#8217;\u00e9tiqueteuse QL-700 utilise les rouleaux DK qui permettent de\u00a0cr\u00e9er une grande vari\u00e9t\u00e9 d&#8217;\u00e9tiquettes\u00a0allant de 12 \u00e0 62 mm de largeur et jusqu&#8217;\u00e0 1 m\u00e8tre de longueur ! Chaque rouleau est livr\u00e9 sur son mandrin qui s\u2019ins\u00e8re simplement dans la bonne position dans l\u2019imprimante pour une\u00a0utilisation simple et intuitive.<\/p>\n<\/div>\n<\/section>\n<section>\n<div class=\"desc-text\">\n<h4>ALLIEZ RAPIDIT\u00c9 ET EFFICACIT\u00c9<\/h4>\n<p>Gagnez en efficacit\u00e9\u00a0et en rapidit\u00e9 avec la QL-700 qui imprime 93 \u00e9tiquettes en 1 minute (soit 150 mm\/seconde). Gr\u00e2ce \u00e0 la d\u00e9coupe automatique ainsi qu&#8217;\u00e0 la r\u00e9solution d&#8217;impression jusqu&#8217;\u00e0 300 x 600 DPI, vous obtiendrez des\u00a0\u00e9tiquettes de haute qualit\u00e9\u00a0avec du texte et des graphiques.\u00a0Cr\u00e9ez un\u00a0environnement de travail efficace\u00a0et\u00a0structur\u00e9 en\u00a0augmentant votre productivit\u00e9.<\/p>\n<p>Personnalisez vos \u00e9tiquettes\u00a0en toute simplicit\u00e9 avec la QL-700 puisque vous pouvez int\u00e9grer jusqu&#8217;\u00e0 10 formats d&#8217;image diff\u00e9rent, utiliser jusqu&#8217;\u00e0 11 styles de police diff\u00e9rent et 10 cadres d\u00e9coratifs. La QL-700 est l&#8217;imprimante d&#8217;\u00e9tiquette id\u00e9ale pour la\u00a0cr\u00e9ation de vos codes-barres.<\/p>\n<\/div>\n<\/section>\n<h3><a href=\"https:\/\/www.brother.fr\/services-et-supports\/ql-700\/downloads\" target=\"_blank\" rel=\"noopener\">T\u00e9l\u00e9chargements et pilotes pour QL-700 ICI<\/a><\/h3>\n","protected":false},"excerpt":{"rendered":"<ul>\n<li>Simple d\u2019utilisation : imprime des \u00e9tiquettes sans n\u00e9cessiter de pilotes gr\u00e2ce au logiciel de conception d\u2019\u00e9tiquettes P-touch Editor Lite int\u00e9gr\u00e9<\/li>\n<li>Rapide : imprime jusqu\u2019\u00e0 93 \u00e9tiquettes par minute (\u00e9tiquettes d\u2019adresse standard)<\/li>\n<li>Polyvalente &#8211; cr\u00e9e des \u00e9tiquettes allant jusqu\u2019\u00e0 62 mm de large et des panneaux jusqu\u2019\u00e0 1 m de long<\/li>\n<li>Haute qualit\u00e9 &#8211; r\u00e9solution d\u2019impression jusqu\u2019\u00e0 300 x 600 dpi<\/li>\n<li>Imprime des rubans DK de 12 mm, 17 mm, 24 mm, 29 mm, 38 mm, 58 mm et 62 mm de large<\/li>\n<li>Inclus : 1 rouleau DK (100 \u00e9tiquettes), 1 rouleau DK (6 mm continu), adaptateur et c\u00e2ble USB<\/li>\n<\/ul>\n","protected":false},"featured_media":7068,"comment_status":"open","ping_status":"closed","template":"","meta":{"_acf_changed":false,"_monsterinsights_skip_tracking":false,"_monsterinsights_sitenote_active":false,"_monsterinsights_sitenote_note":"","_monsterinsights_sitenote_category":0,"_uf_show_specific_survey":0,"_uf_disable_surveys":false,"_joinchat":[]},"product_brand":[],"product_cat":[15,292,253,290],"product_tag":[],"class_list":{"0":"post-7064","1":"product","2":"type-product","3":"status-publish","4":"has-post-thumbnail","6":"product_cat-imprimante-scanner","7":"product_cat-etiqueteuse-imprimante-de-tickets","8":"product_cat-imprimante","9":"product_cat-meilleures-ventes","11":"first","12":"instock","13":"sale","14":"shipping-taxable","15":"purchasable","16":"product-type-simple"},"acf":[],"jetpack_sharing_enabled":true,"_links":{"self":[{"href":"https:\/\/digistar.ma\/index.php?rest_route=\/wp\/v2\/product\/7064","targetHints":{"allow":["GET"]}}],"collection":[{"href":"https:\/\/digistar.ma\/index.php?rest_route=\/wp\/v2\/product"}],"about":[{"href":"https:\/\/digistar.ma\/index.php?rest_route=\/wp\/v2\/types\/product"}],"replies":[{"embeddable":true,"href":"https:\/\/digistar.ma\/index.php?rest_route=%2Fwp%2Fv2%2Fcomments&post=7064"}],"version-history":[{"count":2,"href":"https:\/\/digistar.ma\/index.php?rest_route=\/wp\/v2\/product\/7064\/revisions"}],"predecessor-version":[{"id":7070,"href":"https:\/\/digistar.ma\/index.php?rest_route=\/wp\/v2\/product\/7064\/revisions\/7070"}],"wp:featuredmedia":[{"embeddable":true,"href":"https:\/\/digistar.ma\/index.php?rest_route=\/wp\/v2\/media\/7068"}],"wp:attachment":[{"href":"https:\/\/digistar.ma\/index.php?rest_route=%2Fwp%2Fv2%2Fmedia&parent=7064"}],"wp:term":[{"taxonomy":"product_brand","embeddable":true,"href":"https:\/\/digistar.ma\/index.php?rest_route=%2Fwp%2Fv2%2Fproduct_brand&post=7064"},{"taxonomy":"product_cat","embeddable":true,"href":"https:\/\/digistar.ma\/index.php?rest_route=%2Fwp%2Fv2%2Fproduct_cat&post=7064"},{"taxonomy":"product_tag","embeddable":true,"href":"https:\/\/digistar.ma\/index.php?rest_route=%2Fwp%2Fv2%2Fproduct_tag&post=7064"}],"curies":[{"name":"wp","href":"https:\/\/api.w.org\/{rel}","templated":true}]}}