{"id":7134,"date":"2023-07-29T21:51:50","date_gmt":"2023-07-29T21:51:50","guid":{"rendered":"https:\/\/digistar.ma\/?post_type=product&#038;p=7134"},"modified":"2023-12-27T15:27:52","modified_gmt":"2023-12-27T15:27:52","slug":"imprimante-pos-hybride-epson-tm-h6000v-204p1","status":"publish","type":"product","link":"https:\/\/digistar.ma\/?product=imprimante-pos-hybride-epson-tm-h6000v-204p1","title":{"rendered":"Imprimante POS hybride EPSON TM-H6000V-204P1"},"content":{"rendered":"<p><strong>Imprimante POS hybride EPSON TM-H6000V-204P1<\/strong><\/p>\n<div class=\"product-summary__description\">En proposant l\u2019impression de tickets et re\u00e7us, et le traitement des ch\u00e8ques en une seule unit\u00e9, cette imprimante POS offre toute une gamme de fonctions et un faible co\u00fbt total de possession<\/div>\n<div class=\"product-summary__intro\">Cette imprimante point de vente est capable d\u2019imprimer des tickets et des re\u00e7us, mais aussi de traiter les ch\u00e8ques. Fiable, elle affiche des options de connexion tr\u00e8s \u00e9tendues et un co\u00fbt total de possession tr\u00e8s faible. Elle est parfaite pour les entreprises qui doivent traiter les ch\u00e8ques en point de vente, mais aussi imprimer des tickets avec la m\u00eame unit\u00e9.<\/div>\n<div>\n<div class=\"product-overview__section\">\n<div class=\"product-overview__section-content\">\n<div class=\"product-overview__description product-overview__description--neon\">\n<div>\n<div class=\"heading1\">\n<h4>Une plus grande productivit\u00e9<\/h4>\n<p>Id\u00e9ale pour les environnements actifs, l\u2019imprimante TM-H6000V propose une s\u00e9lection de fonctions permettant aux entreprises d\u2019am\u00e9liorer leur efficacit\u00e9 g\u00e9n\u00e9rale. Elle imprime \u00e0 des vitesses atteignant 350\u00a0mm\/s\u00b9, elle traite rapidement les ch\u00e8ques et elle est dot\u00e9e d\u2019un massicot automatique tr\u00e8s efficace.<\/p>\n<\/div>\n<div class=\"heading2\">\n<h4>Fiabilit\u00e9 et efficacit\u00e9<\/h4>\n<p>Dans les environnements tr\u00e8s r\u00e9actifs, il est vital de minimiser les temps d\u2019arr\u00eat. L\u2019imprimante TM-H6000V est une solution fiable, l\u2019imprimante thermique peut produire 200\u00a0km de tickets et le massicot automatique permet de r\u00e9aliser trois millions de d\u00e9coupes.<\/p>\n<\/div>\n<div class=\"heading3\">\n<h4>Nombreuses options de connexion<\/h4>\n<p>L\u2019imprimante TM-H6000V est con\u00e7ue pour g\u00e9rer facilement tous les types de solutions POS. Sa flexibilit\u00e9 lui permet de s\u2019adapter aux demandes des environnements modernes de vente au d\u00e9tail, gr\u00e2ce notamment \u00e0 Server Direct Print (SDP), pour afficher et imprimer des donn\u00e9es provenant de serveurs externes, et \u00e0 de multiples interfaces pour la coexistence entre tablette et PC.<\/p>\n<\/div>\n<div class=\"heading4\">\n<h4>Ne laissez pas passer les tendances du march\u00e9 POS<\/h4>\n<p>Vous cherchez une imprimante \u00e9volutive, simple d\u2019utilisation et rapide \u00e0 installer\u00a0? Les fonctions ePOS-Print et ePOS-display, mais aussi l\u2019\u00e9tiquetage NFC vous permettent d\u2019int\u00e9grer de nouvelles fonctionnalit\u00e9s sur le point de vente et d\u2019installer rapidement l\u2019imprimante POS \u00e0 l\u2019aide d\u2019une tablette.<\/p>\n<\/div>\n<\/div>\n<\/div>\n<\/div>\n<\/div>\n<div class=\"product-overview__section product-overview__section--features\">\n<h3 class=\"product-overview__section-title\">Principales caract\u00e9ristiques<\/h3>\n<div class=\"product-overview__section-content\">\n<div class=\"product-overview__features\">\n<div class=\"blockdown description\">\n<ul class=\"features\">\n<li><strong>Imprimante point de vente hybride<\/strong>\u00a0Peut imprimer des tickets et des re\u00e7us, mais aussi traiter des ch\u00e8ques<\/li>\n<li><strong>Am\u00e9liore l\u2019efficacit\u00e9<\/strong>\u00a0Vitesse d\u2019impression \u00e9lev\u00e9e jusqu\u2019\u00e0 350\u00a0mm\/s\u00b9, traitement rapide des ch\u00e8ques et massicot automatique<\/li>\n<li><strong>Connectivit\u00e9 flexible<\/strong>\u00a0USB et Ethernet int\u00e9gr\u00e9s sur tous les mod\u00e8les<\/li>\n<li><strong>Un investissement pour l\u2019avenir<\/strong>\u00a0ePOS-Print, ePOS-display et NFC<\/li>\n<li><strong>Une valeur in\u00e9gal\u00e9e<\/strong>\u00a0Faible co\u00fbt total de possession<\/li>\n<\/ul>\n<h3><a href=\"https:\/\/digistar.ma\/wp-content\/uploads\/2023\/07\/Imprimante-POS-hybride-EPSON-TM-H6000V-204P1-Brochure-Digistar-Maroc.pdf\">Imprimantes POS hybride EPSON ICI<\/a><\/h3>\n<\/div>\n<\/div>\n<\/div>\n<\/div>\n<\/div>\n","protected":false},"excerpt":{"rendered":"<ul class=\"features\">\n<li><strong>Imprimante point de vente hybride<\/strong>\u00a0Peut imprimer des tickets et des re\u00e7us, mais aussi traiter des ch\u00e8ques<\/li>\n<li><strong>Am\u00e9liore l\u2019efficacit\u00e9<\/strong>\u00a0Vitesse d\u2019impression \u00e9lev\u00e9e jusqu\u2019\u00e0 350\u00a0mm\/s\u00b9, traitement rapide des ch\u00e8ques et massicot automatique<\/li>\n<li><strong>Connectivit\u00e9 flexible<\/strong>\u00a0USB et Ethernet int\u00e9gr\u00e9s sur tous les mod\u00e8les<\/li>\n<li><strong>Un investissement pour l\u2019avenir<\/strong>\u00a0ePOS-Print, ePOS-display et NFC<\/li>\n<li><strong>Une valeur in\u00e9gal\u00e9e<\/strong>\u00a0Faible co\u00fbt total de possession<\/li>\n<\/ul>\n","protected":false},"featured_media":7135,"comment_status":"open","ping_status":"closed","template":"","meta":{"_acf_changed":false,"_monsterinsights_skip_tracking":false,"_monsterinsights_sitenote_active":false,"_monsterinsights_sitenote_note":"","_monsterinsights_sitenote_category":0,"_uf_show_specific_survey":0,"_uf_disable_surveys":false,"_joinchat":[]},"product_brand":[],"product_cat":[15,380,292,253],"product_tag":[],"class_list":{"0":"post-7134","1":"product","2":"type-product","3":"status-publish","4":"has-post-thumbnail","6":"product_cat-imprimante-scanner","7":"product_cat-epson","8":"product_cat-etiqueteuse-imprimante-de-tickets","9":"product_cat-imprimante","11":"first","12":"instock","13":"shipping-taxable","14":"product-type-simple"},"acf":[],"jetpack_sharing_enabled":true,"_links":{"self":[{"href":"https:\/\/digistar.ma\/index.php?rest_route=\/wp\/v2\/product\/7134","targetHints":{"allow":["GET"]}}],"collection":[{"href":"https:\/\/digistar.ma\/index.php?rest_route=\/wp\/v2\/product"}],"about":[{"href":"https:\/\/digistar.ma\/index.php?rest_route=\/wp\/v2\/types\/product"}],"replies":[{"embeddable":true,"href":"https:\/\/digistar.ma\/index.php?rest_route=%2Fwp%2Fv2%2Fcomments&post=7134"}],"version-history":[{"count":1,"href":"https:\/\/digistar.ma\/index.php?rest_route=\/wp\/v2\/product\/7134\/revisions"}],"predecessor-version":[{"id":7141,"href":"https:\/\/digistar.ma\/index.php?rest_route=\/wp\/v2\/product\/7134\/revisions\/7141"}],"wp:featuredmedia":[{"embeddable":true,"href":"https:\/\/digistar.ma\/index.php?rest_route=\/wp\/v2\/media\/7135"}],"wp:attachment":[{"href":"https:\/\/digistar.ma\/index.php?rest_route=%2Fwp%2Fv2%2Fmedia&parent=7134"}],"wp:term":[{"taxonomy":"product_brand","embeddable":true,"href":"https:\/\/digistar.ma\/index.php?rest_route=%2Fwp%2Fv2%2Fproduct_brand&post=7134"},{"taxonomy":"product_cat","embeddable":true,"href":"https:\/\/digistar.ma\/index.php?rest_route=%2Fwp%2Fv2%2Fproduct_cat&post=7134"},{"taxonomy":"product_tag","embeddable":true,"href":"https:\/\/digistar.ma\/index.php?rest_route=%2Fwp%2Fv2%2Fproduct_tag&post=7134"}],"curies":[{"name":"wp","href":"https:\/\/api.w.org\/{rel}","templated":true}]}}