{"id":7146,"date":"2023-07-29T22:40:49","date_gmt":"2023-07-29T22:40:49","guid":{"rendered":"https:\/\/digistar.ma\/?post_type=product&#038;p=7146"},"modified":"2023-07-29T22:40:49","modified_gmt":"2023-07-29T22:40:49","slug":"etiqueteuse-portable-brother-pt-m95-azerty","status":"publish","type":"product","link":"https:\/\/digistar.ma\/?product=etiqueteuse-portable-brother-pt-m95-azerty","title":{"rendered":"Etiqueteuse portable Brother PT-M95 &#8211; AZERTY"},"content":{"rendered":"<p><strong>Etiqueteuse portable Brother PT-M95 &#8211; AZERTY<\/strong><\/p>\n<h2>CR\u00c9ER DES \u00c9TIQUETTES DURABLES EN UN INSTANT<\/h2>\n<p>Con\u00e7ue dans le but de simplifier votre organisation avec une touche de cr\u00e9ativit\u00e9 et un usage simplifi\u00e9, la\u00a0<strong>PT-M95<\/strong>\u00a0offre une utilisation \u00e0 la port\u00e9e de tous, elle est la solution id\u00e9ale pour vous accompagner dans votre vie quotidienne. Malgr\u00e9 sa taille, ce mod\u00e8le est dot\u00e9 de nombreuse fonctionnalit\u00e9s, qui vous permettront de r\u00e9aliser des \u00e9tiquettes r\u00e9sistantes pour une parfaite organisation \u00e0 domicile.<\/p>\n<p>Compacte, l\u00e9g\u00e8re et portable, cette \u00e9tiqueteuse est facile \u00e0 utilis\u00e9e et vous permettra de cr\u00e9er une grande vari\u00e9t\u00e9 d&#8217;\u00e9tiquettes pour diff\u00e9rentier vos outils de jardinage, ustensiles de cuisine, Tupperware, pots de fleurs, bo\u00eetes aux lettres, v\u00eatements etc.<\/p>\n<table border=\"0\" width=\"100%\" cellspacing=\"1\" cellpadding=\"1\">\n<tbody>\n<tr>\n<td>\n<h2>L&#8217;OUTIL INDISPENSABLE POUR GARDER VOTRE BUREAU ORGANIS\u00c9<\/h2>\n<div>\nTr\u00e8s l\u00e9g\u00e8re et avec une prise en main intuitive, la PT-M95 est parfaite pour une utilisation \u00e0 domicile. Elle est dot\u00e9e de<strong>\u00a0multiple fonctionnalit\u00e9s<\/strong>\u00a0vous permettant aussi bien un \u00e9tiquetage cr\u00e9atif ou professionnel. \u00c9tiquetez vos documents, ustensiles de cuisine, fournitures au garage etc. avec simplicit\u00e9.<\/p>\n<p>Le mode d\u00e9co de la PT-M95 est\u00a0<strong>simple \u00e0 utiliser<\/strong>\u00a0et permet la cr\u00e9ation d\u2019\u00e9tiquettes originales et ludiques. Choisissez votre mod\u00e8le, tapez votre texte et imprimez des \u00e9tiquettes \u00e0 votre image.<\/p>\n<p>Les rubans M de Brother sont disponibles\u00a0<strong>en 9 et 12 mm de largeur avec un large choix de couleu<\/strong>r. Con\u00e7ues pour r\u00e9pondre \u00e0 vos attentes, ces \u00e9tiquettes s\u2019ins\u00e8rent parfaitement dans votre environnement de travail ou \u00e0 domicile.<\/div>\n<\/td>\n<td width=\"450\"><img decoding=\"async\" src=\"https:\/\/media.ldlc.com\/bo\/images\/fiches\/imprimante\/brother\/pt-m95\/texte1.jpg\" alt=\"\" \/><\/td>\n<\/tr>\n<\/tbody>\n<\/table>\n<p>&nbsp;<\/p>\n<h2>CARACT\u00c9RISTIQUES PRINCIPALES :<\/h2>\n<p>&nbsp;<\/p>\n<ul>\n<li>Imprime\u00a0<strong>jusqu&#8217;\u00e0 12 mm de largeur (compatible 9 mm)<\/strong><\/li>\n<li>Type de d\u00e9coupe : Compl\u00e8te<\/li>\n<li>\u00c9cran : LCD<\/li>\n<li>Taille de l\u2019\u00e9cran : 12 characters x 1 line<\/li>\n<li>Emplacements m\u00e9moire : 3<\/li>\n<li>Technologie : Transfert thermique<\/li>\n<li>Polices : 7 polices diff\u00e9rentes<\/li>\n<li>Cadres : 9<\/li>\n<li>Symboles : 210<\/li>\n<li>Styles de texte : Normal, Bold, Outline, Shadow, Italic, Italic &amp; Bold, Italic &amp; Outline<\/li>\n<li>Impression verticale et horizontale<\/li>\n<li>Fonctionne avec 4 piles AAA (LR03)<\/li>\n<\/ul>\n","protected":false},"excerpt":{"rendered":"<p>Cr\u00e9ez des \u00e9tiquettes professionnelles et bien organis\u00e9es avec l&#8217;\u00e9tiqueteuse portable Brother PT-M95 &#8211; AZERTY. Compacte, l\u00e9g\u00e8re et facile \u00e0 utiliser, elle vous accompagnera partout. Cette \u00e9tiqueteuse polyvalente vous permet d&#8217;imprimer des \u00e9tiquettes jusqu&#8217;\u00e0 12mm de large avec une vitesse d&#8217;impression de 7,5mm\/sec. Personnalisez vos \u00e9tiquettes avec une police, 210 symboles et 9 cadres disponibles. Simplifiez votre vie quotidienne \u00a0en diff\u00e9renciant facilement vos outils gr\u00e2ce \u00e0 cet outil pratique.<\/p>\n","protected":false},"featured_media":7147,"comment_status":"open","ping_status":"closed","template":"","meta":{"_acf_changed":false,"_monsterinsights_skip_tracking":false,"_monsterinsights_sitenote_active":false,"_monsterinsights_sitenote_note":"","_monsterinsights_sitenote_category":0,"_uf_show_specific_survey":0,"_uf_disable_surveys":false,"_joinchat":[]},"product_brand":[],"product_cat":[15,292,253],"product_tag":[],"class_list":{"0":"post-7146","1":"product","2":"type-product","3":"status-publish","4":"has-post-thumbnail","6":"product_cat-imprimante-scanner","7":"product_cat-etiqueteuse-imprimante-de-tickets","8":"product_cat-imprimante","10":"first","11":"instock","12":"sale","13":"shipping-taxable","14":"purchasable","15":"product-type-simple"},"acf":[],"jetpack_sharing_enabled":true,"_links":{"self":[{"href":"https:\/\/digistar.ma\/index.php?rest_route=\/wp\/v2\/product\/7146","targetHints":{"allow":["GET"]}}],"collection":[{"href":"https:\/\/digistar.ma\/index.php?rest_route=\/wp\/v2\/product"}],"about":[{"href":"https:\/\/digistar.ma\/index.php?rest_route=\/wp\/v2\/types\/product"}],"replies":[{"embeddable":true,"href":"https:\/\/digistar.ma\/index.php?rest_route=%2Fwp%2Fv2%2Fcomments&post=7146"}],"version-history":[{"count":1,"href":"https:\/\/digistar.ma\/index.php?rest_route=\/wp\/v2\/product\/7146\/revisions"}],"predecessor-version":[{"id":7150,"href":"https:\/\/digistar.ma\/index.php?rest_route=\/wp\/v2\/product\/7146\/revisions\/7150"}],"wp:featuredmedia":[{"embeddable":true,"href":"https:\/\/digistar.ma\/index.php?rest_route=\/wp\/v2\/media\/7147"}],"wp:attachment":[{"href":"https:\/\/digistar.ma\/index.php?rest_route=%2Fwp%2Fv2%2Fmedia&parent=7146"}],"wp:term":[{"taxonomy":"product_brand","embeddable":true,"href":"https:\/\/digistar.ma\/index.php?rest_route=%2Fwp%2Fv2%2Fproduct_brand&post=7146"},{"taxonomy":"product_cat","embeddable":true,"href":"https:\/\/digistar.ma\/index.php?rest_route=%2Fwp%2Fv2%2Fproduct_cat&post=7146"},{"taxonomy":"product_tag","embeddable":true,"href":"https:\/\/digistar.ma\/index.php?rest_route=%2Fwp%2Fv2%2Fproduct_tag&post=7146"}],"curies":[{"name":"wp","href":"https:\/\/api.w.org\/{rel}","templated":true}]}}