{"id":7151,"date":"2023-07-29T23:39:06","date_gmt":"2023-07-29T23:39:06","guid":{"rendered":"https:\/\/digistar.ma\/?post_type=product&#038;p=7151"},"modified":"2026-03-27T09:05:27","modified_gmt":"2026-03-27T09:05:27","slug":"hp-gt52-jaune-bouteille-dencre-dorigine-m0h56ae","status":"publish","type":"product","link":"https:\/\/digistar.ma\/?product=hp-gt52-jaune-bouteille-dencre-dorigine-m0h56ae","title":{"rendered":"HP GT52 Jaune Bouteille d&#8217;encre d&#8217;origine (M0H56AE)"},"content":{"rendered":"<h3><strong>HP GT52 Jaune Bouteille d&#8217;encre d&#8217;origine (M0H56AE)<\/strong><\/h3>\n<p>Recharge d&#8217;encre <strong>HP GT52 Jaune<\/strong>. Imprimez des milliers de pages avec cette bouteille d&#8217;encre. Remplissez le r\u00e9servoir jaune de la derni\u00e8re g\u00e9n\u00e9ration d&#8217;imprimantes HP Smart tank, Ink Tank et Deskjet GT S\u00e9ries. Sa contenance de 70ml vous permettra d&#8217;imprimer\u00a0<strong>jusqu&#8217;\u00e0 8000 pages<\/strong>\u00a0en jaune \u00e0 un taux de couverture de 5%.<\/p>\n<h3>Soyez fier de vos impressions<\/h3>\n<p>Vous pouvez compter sur l\u2019encre <strong>HP GT52 Jaune<\/strong> authentique pour r\u00e9pondre \u00e0 vos attentes, etc.<\/p>\n<h3>Pour un usage personnel ou professionnel<\/h3>\n<p>B\u00e9n\u00e9ficiez de couleurs vives et des noirs nets pour exprimer vos id\u00e9es avec l\u2019encre HP authentique.<\/p>\n<h3>Photos et documents r\u00e9sistants \u00e0 la d\u00e9coloration<\/h3>\n<p><strong>HP GT52 Jaune Bouteille d&#8217;encre d&#8217;origine (M0H56AE)\u00a0<\/strong> Choisissez l\u2019encre HP authentique de qualit\u00e9 sup\u00e9rieure pour conserver vos documents et vos souvenirs importants.<\/p>\n<h3>Les bouteilles d\u2019encre HP GT52 fonctionnent avec\u00a0:<\/h3>\n<p><b>HP DeskJet GT:<\/b>\u00a05810, GT 5820<br \/>\n<b>HP Ink Tank:<\/b>\u00a0115, 315, 319, 415, 419<br \/>\n<b>HP Smart Tank:<\/b> 500, 513, 515, 516, 519, 530, 615 &#8230;.<\/p>\n<h4>Sp\u00e9cifications de HP GT52 Jaune Bouteille d&#8217;encre d&#8217;origine (M0H56AE)<\/h4>\n<p>Couleur(s): Jaune<\/p>\n<p>Original 100% HP<\/p>\n<p>Capacit\u00e9 d&#8217;impression: ~8 000 pages<br \/>\nVolume fourni par les cartouches: 70 ml<br \/>\nTechnologie d&#8217;impression: Impression jet d&#8217;encre thermique\u00a0HP<br \/>\nType d&#8217;encre: Teint\u00e9e<br \/>\nPoids: 0,1 kg<\/p>\n<p>M0H56AE<\/p>\n<p>&nbsp;<\/p>\n","protected":false},"excerpt":{"rendered":"<p>Couleur(s): Jaune<br \/>\nCapacit\u00e9 d&#8217;impression: ~8 000 pages<br \/>\nVolume fourni par les cartouches: 70 ml<br \/>\nTechnologie d&#8217;impression: Impression jet d&#8217;encre thermique\u00a0HP<br \/>\nType d&#8217;encre: Teint\u00e9e<br \/>\nPoids: 0,1 kg<\/p>\n","protected":false},"featured_media":7153,"comment_status":"open","ping_status":"closed","template":"","meta":{"_acf_changed":false,"_monsterinsights_skip_tracking":false,"_monsterinsights_sitenote_active":false,"_monsterinsights_sitenote_note":"","_monsterinsights_sitenote_category":0,"_uf_show_specific_survey":0,"_uf_disable_surveys":false,"_joinchat":[]},"product_brand":[],"product_cat":[15,251,238],"product_tag":[],"class_list":{"0":"post-7151","1":"product","2":"type-product","3":"status-publish","4":"has-post-thumbnail","6":"product_cat-imprimante-scanner","7":"product_cat-bouteille-dencre","8":"product_cat-consommables","10":"first","11":"outofstock","12":"sale","13":"shipping-taxable","14":"purchasable","15":"product-type-simple"},"acf":[],"jetpack_sharing_enabled":true,"_links":{"self":[{"href":"https:\/\/digistar.ma\/index.php?rest_route=\/wp\/v2\/product\/7151","targetHints":{"allow":["GET"]}}],"collection":[{"href":"https:\/\/digistar.ma\/index.php?rest_route=\/wp\/v2\/product"}],"about":[{"href":"https:\/\/digistar.ma\/index.php?rest_route=\/wp\/v2\/types\/product"}],"replies":[{"embeddable":true,"href":"https:\/\/digistar.ma\/index.php?rest_route=%2Fwp%2Fv2%2Fcomments&post=7151"}],"version-history":[{"count":3,"href":"https:\/\/digistar.ma\/index.php?rest_route=\/wp\/v2\/product\/7151\/revisions"}],"predecessor-version":[{"id":7158,"href":"https:\/\/digistar.ma\/index.php?rest_route=\/wp\/v2\/product\/7151\/revisions\/7158"}],"wp:featuredmedia":[{"embeddable":true,"href":"https:\/\/digistar.ma\/index.php?rest_route=\/wp\/v2\/media\/7153"}],"wp:attachment":[{"href":"https:\/\/digistar.ma\/index.php?rest_route=%2Fwp%2Fv2%2Fmedia&parent=7151"}],"wp:term":[{"taxonomy":"product_brand","embeddable":true,"href":"https:\/\/digistar.ma\/index.php?rest_route=%2Fwp%2Fv2%2Fproduct_brand&post=7151"},{"taxonomy":"product_cat","embeddable":true,"href":"https:\/\/digistar.ma\/index.php?rest_route=%2Fwp%2Fv2%2Fproduct_cat&post=7151"},{"taxonomy":"product_tag","embeddable":true,"href":"https:\/\/digistar.ma\/index.php?rest_route=%2Fwp%2Fv2%2Fproduct_tag&post=7151"}],"curies":[{"name":"wp","href":"https:\/\/api.w.org\/{rel}","templated":true}]}}