{"id":7160,"date":"2023-07-30T00:13:53","date_gmt":"2023-07-30T00:13:53","guid":{"rendered":"https:\/\/digistar.ma\/?post_type=product&#038;p=7160"},"modified":"2023-07-30T00:46:55","modified_gmt":"2023-07-30T00:46:55","slug":"hp-gt52-magenta-bouteille-dencre-dorigine-m0h55ae","status":"publish","type":"product","link":"https:\/\/digistar.ma\/?product=hp-gt52-magenta-bouteille-dencre-dorigine-m0h55ae","title":{"rendered":"HP GT52 Magenta Bouteille d&#8217;encre d&#8217;origine (M0H55AE)"},"content":{"rendered":"<p><strong>HP GT52 Magenta Bouteille d&#8217;encre d&#8217;origine (M0H55AE)<\/strong><\/p>\n<p>Recharge d\u2019encre <strong>HP GT52 Magenta<\/strong>. Imprimez des milliers de pages avec cette bouteille d\u2019encre. Remplissez le r\u00e9servoir jaune de la derni\u00e8re g\u00e9n\u00e9ration d\u2019imprimantes HP Smart tank, Ink Tank et Deskjet GT S\u00e9ries. Sa contenance de 70ml vous permettra d\u2019imprimer\u00a0<strong>jusqu\u2019\u00e0 8000 pages<\/strong> en Magenta \u00e0 un taux de couverture de 5%.<\/p>\n<h3>Soyez fier de vos impressions<\/h3>\n<p>Vous pouvez compter sur l\u2019encre <strong>HP GT52 Magenta<\/strong>\u00a0authentique pour r\u00e9pondre \u00e0 vos attentes, etc.<\/p>\n<h3>Pour un usage personnel ou professionnel<\/h3>\n<p>B\u00e9n\u00e9ficiez de couleurs vives et des noirs nets pour exprimer vos id\u00e9es avec l\u2019encre HP authentique.<\/p>\n<h3>Photos et documents r\u00e9sistants \u00e0 la d\u00e9coloration<\/h3>\n<p><strong>HP GT52 Magenta Bouteille d&#8217;encre d&#8217;origine (M0H55AE) <\/strong>\u00a0Choisissez l\u2019encre HP authentique de qualit\u00e9 sup\u00e9rieure pour conserver vos documents et vos souvenirs importants.<\/p>\n<h3>Les bouteilles d\u2019encre HP GT52 fonctionnent avec\u00a0:<\/h3>\n<p><b>HP DeskJet GT:<\/b>\u00a05810, GT 5820<br \/>\n<b>HP Ink Tank:<\/b>\u00a0115, 315, 319, 415, 419<br \/>\n<b>HP Smart Tank:<\/b>\u00a0500, 513, 515, 516, 519, 530, 615 \u2026.<\/p>\n<h4>Sp\u00e9cifications de HP GT52 Magenta Bouteille d&#8217;encre d&#8217;origine (M0H55AE)<\/h4>\n<p>Couleur(s): Magenta<\/p>\n<p>Original 100% HP<\/p>\n<p>Capacit\u00e9 d\u2019impression: ~8 000 pages<br \/>\nVolume fourni par les cartouches: 70 ml<br \/>\nTechnologie d\u2019impression: Impression jet d\u2019encre thermique\u00a0HP<br \/>\nType d\u2019encre: Teint\u00e9e<br \/>\nPoids: 0,1 kg<\/p>\n<p>M0H55AE<\/p>\n","protected":false},"excerpt":{"rendered":"<p>Couleur(s): Magenta<br \/>\nCapacit\u00e9 d&#8217;impression: ~8 000 pages<br \/>\nVolume fourni \u00a0par les cartouches: 70 ml<br \/>\nTechnologie d&#8217;impression: Impression jet d&#8217;encre thermique HP<br \/>\nType d&#8217;encre: Teint\u00e9e<br \/>\nPoids: 0,1 kg<\/p>\n","protected":false},"featured_media":7161,"comment_status":"open","ping_status":"closed","template":"","meta":{"_acf_changed":false,"_monsterinsights_skip_tracking":false,"_monsterinsights_sitenote_active":false,"_monsterinsights_sitenote_note":"","_monsterinsights_sitenote_category":0,"_uf_show_specific_survey":0,"_uf_disable_surveys":false,"_joinchat":[]},"product_brand":[],"product_cat":[15,251,238],"product_tag":[],"class_list":{"0":"post-7160","1":"product","2":"type-product","3":"status-publish","4":"has-post-thumbnail","6":"product_cat-imprimante-scanner","7":"product_cat-bouteille-dencre","8":"product_cat-consommables","10":"first","11":"instock","12":"sale","13":"shipping-taxable","14":"purchasable","15":"product-type-simple"},"acf":[],"jetpack_sharing_enabled":true,"_links":{"self":[{"href":"https:\/\/digistar.ma\/index.php?rest_route=\/wp\/v2\/product\/7160","targetHints":{"allow":["GET"]}}],"collection":[{"href":"https:\/\/digistar.ma\/index.php?rest_route=\/wp\/v2\/product"}],"about":[{"href":"https:\/\/digistar.ma\/index.php?rest_route=\/wp\/v2\/types\/product"}],"replies":[{"embeddable":true,"href":"https:\/\/digistar.ma\/index.php?rest_route=%2Fwp%2Fv2%2Fcomments&post=7160"}],"version-history":[{"count":2,"href":"https:\/\/digistar.ma\/index.php?rest_route=\/wp\/v2\/product\/7160\/revisions"}],"predecessor-version":[{"id":7182,"href":"https:\/\/digistar.ma\/index.php?rest_route=\/wp\/v2\/product\/7160\/revisions\/7182"}],"wp:featuredmedia":[{"embeddable":true,"href":"https:\/\/digistar.ma\/index.php?rest_route=\/wp\/v2\/media\/7161"}],"wp:attachment":[{"href":"https:\/\/digistar.ma\/index.php?rest_route=%2Fwp%2Fv2%2Fmedia&parent=7160"}],"wp:term":[{"taxonomy":"product_brand","embeddable":true,"href":"https:\/\/digistar.ma\/index.php?rest_route=%2Fwp%2Fv2%2Fproduct_brand&post=7160"},{"taxonomy":"product_cat","embeddable":true,"href":"https:\/\/digistar.ma\/index.php?rest_route=%2Fwp%2Fv2%2Fproduct_cat&post=7160"},{"taxonomy":"product_tag","embeddable":true,"href":"https:\/\/digistar.ma\/index.php?rest_route=%2Fwp%2Fv2%2Fproduct_tag&post=7160"}],"curies":[{"name":"wp","href":"https:\/\/api.w.org\/{rel}","templated":true}]}}