{"id":7174,"date":"2023-07-30T00:42:48","date_gmt":"2023-07-30T00:42:48","guid":{"rendered":"https:\/\/digistar.ma\/?post_type=product&#038;p=7174"},"modified":"2023-07-30T00:43:07","modified_gmt":"2023-07-30T00:43:07","slug":"hp-gt53xl-noir-bouteille-dencre-grande-capacite-dorigine-1vv21ae","status":"publish","type":"product","link":"https:\/\/digistar.ma\/?product=hp-gt53xl-noir-bouteille-dencre-grande-capacite-dorigine-1vv21ae","title":{"rendered":"HP GT53XL Noir Bouteille d&#8217;encre grande capacit\u00e9 d&#8217;origine (1VV21AE)"},"content":{"rendered":"<p><strong>HP GT53XL Noir Bouteille d&#8217;encre grande capacit\u00e9 d&#8217;origine (1VV21AE)<\/strong><\/p>\n<p>Recharge d&#8217;encre HP GT53XL Noir . Imprimez des milliers de pages avec cette bouteille d&#8217;encre. Remplissez le r\u00e9servoir jaune de la derni\u00e8re g\u00e9n\u00e9ration d&#8217;imprimantes HP Smart tank, Ink Tank et Deskjet GT S\u00e9ries. Sa contenance de 135ml vous permettra d&#8217;imprimer <strong>jusqu&#8217;\u00e0 6000 pages<\/strong> en noir \u00e0 un taux de couverture de 5%.<\/p>\n<h3>Soyez fier de vos impressions<\/h3>\n<p>Vous pouvez compter sur l\u2019encre HP GT53XL Noir \u00a0authentique pour r\u00e9pondre \u00e0 vos attentes, etc.<\/p>\n<h3>Pour un usage personnel ou professionnel<\/h3>\n<p>B\u00e9n\u00e9ficiez de couleurs vives et des noirs nets pour exprimer vos id\u00e9es avec l\u2019encre HP authentique.<\/p>\n<h3>Photos et documents r\u00e9sistants \u00e0 la d\u00e9coloration<\/h3>\n<p>HP GT53XL Noir Bouteille d&#8217;encre grande capacit\u00e9 d&#8217;origine (1VV21AE) Choisissez l\u2019encre HP authentique de qualit\u00e9 sup\u00e9rieure pour conserver vos documents et vos souvenirs importants.<\/p>\n<h3>Les bouteilles d\u2019encre HP GT52 fonctionnent avec\u00a0:<\/h3>\n<p><b>HP DeskJet GT:<\/b>\u00a05810, GT 5820<br \/>\n<b>HP Ink Tank:<\/b>\u00a0115, 315, 319, 415, 419<br \/>\n<b>HP Smart Tank:<\/b> 500, 513, 515, 516, 519, 530, 615 &#8230;.<\/p>\n<h4>Sp\u00e9cifications de HP GT53XL Noir Bouteille d&#8217;encre grande capacit\u00e9 d&#8217;origine (1VV21AE)<\/h4>\n<p>Original 100% HP<\/p>\n<p>Couleur(s): Noir<br \/>\nCapacit\u00e9 d&#8217;impression: ~6 000 \u00a0pages<br \/>\nTechnologie d&#8217;impression: Impression jet d&#8217;encre thermique HP<br \/>\nType d&#8217;encre: Pigmentaire HP Vivid<br \/>\nPoids: 0,17 kg<\/p>\n<p>1VV21AE<\/p>\n","protected":false},"excerpt":{"rendered":"<p>Couleur(s): Noir<br \/>\nCapacit\u00e9 d&#8217;impression: ~6 000 \u00a0pages<br \/>\nTechnologie d&#8217;impression: Impression jet d&#8217;encre thermique HP<br \/>\nType d&#8217;encre: Pigmentaire HP Vivid<br \/>\nPoids: 0,17 kg<\/p>\n","protected":false},"featured_media":7176,"comment_status":"open","ping_status":"closed","template":"","meta":{"_acf_changed":false,"_monsterinsights_skip_tracking":false,"_monsterinsights_sitenote_active":false,"_monsterinsights_sitenote_note":"","_monsterinsights_sitenote_category":0,"_uf_show_specific_survey":0,"_uf_disable_surveys":false,"_joinchat":[]},"product_brand":[],"product_cat":[15,251,238,253],"product_tag":[],"class_list":{"0":"post-7174","1":"product","2":"type-product","3":"status-publish","4":"has-post-thumbnail","6":"product_cat-imprimante-scanner","7":"product_cat-bouteille-dencre","8":"product_cat-consommables","9":"product_cat-imprimante","11":"first","12":"instock","13":"sale","14":"shipping-taxable","15":"purchasable","16":"product-type-simple"},"acf":[],"jetpack_sharing_enabled":true,"_links":{"self":[{"href":"https:\/\/digistar.ma\/index.php?rest_route=\/wp\/v2\/product\/7174","targetHints":{"allow":["GET"]}}],"collection":[{"href":"https:\/\/digistar.ma\/index.php?rest_route=\/wp\/v2\/product"}],"about":[{"href":"https:\/\/digistar.ma\/index.php?rest_route=\/wp\/v2\/types\/product"}],"replies":[{"embeddable":true,"href":"https:\/\/digistar.ma\/index.php?rest_route=%2Fwp%2Fv2%2Fcomments&post=7174"}],"version-history":[{"count":2,"href":"https:\/\/digistar.ma\/index.php?rest_route=\/wp\/v2\/product\/7174\/revisions"}],"predecessor-version":[{"id":7184,"href":"https:\/\/digistar.ma\/index.php?rest_route=\/wp\/v2\/product\/7174\/revisions\/7184"}],"wp:featuredmedia":[{"embeddable":true,"href":"https:\/\/digistar.ma\/index.php?rest_route=\/wp\/v2\/media\/7176"}],"wp:attachment":[{"href":"https:\/\/digistar.ma\/index.php?rest_route=%2Fwp%2Fv2%2Fmedia&parent=7174"}],"wp:term":[{"taxonomy":"product_brand","embeddable":true,"href":"https:\/\/digistar.ma\/index.php?rest_route=%2Fwp%2Fv2%2Fproduct_brand&post=7174"},{"taxonomy":"product_cat","embeddable":true,"href":"https:\/\/digistar.ma\/index.php?rest_route=%2Fwp%2Fv2%2Fproduct_cat&post=7174"},{"taxonomy":"product_tag","embeddable":true,"href":"https:\/\/digistar.ma\/index.php?rest_route=%2Fwp%2Fv2%2Fproduct_tag&post=7174"}],"curies":[{"name":"wp","href":"https:\/\/api.w.org\/{rel}","templated":true}]}}