{"id":7194,"date":"2023-07-30T01:25:39","date_gmt":"2023-07-30T01:25:39","guid":{"rendered":"https:\/\/digistar.ma\/?post_type=product&#038;p=7194"},"modified":"2023-12-27T15:19:36","modified_gmt":"2023-12-27T15:19:36","slug":"bouteille-dencre-103-noir-epson-ecotank-dorigine-c13t00s14a","status":"publish","type":"product","link":"https:\/\/digistar.ma\/?product=bouteille-dencre-103-noir-epson-ecotank-dorigine-c13t00s14a","title":{"rendered":"Bouteille d&#8217;encre 103 Noir Epson EcoTank d&#8217;origine (C13T00S14A)"},"content":{"rendered":"<p><strong>Bouteille d&#8217;encre 103 Noir Epson EcoTank d&#8217;origine (C13T00S14A)<\/strong><\/p>\n<p>Recharge d&#8217;encre\u00a0<strong>Epson Ecotank 103 noire<\/strong>. Cette bouteille d&#8217;encre\u00a0<strong>Epson C13T00S14A<\/strong> vous permettra de remplir le r\u00e9servoir noir de la derni\u00e8re g\u00e9n\u00e9ration d&#8217;imprimantes Epson EcoTank L1100 Series, L3100 Series et L3110 Series.<\/p>\n<p>Sa contenance de 65ml vous permettra d&#8217;imprimer <strong>jusqu&#8217;\u00e0 4500 pages<\/strong>\u00a0en noir \u00e0 un taux de couverture de 5%.<\/p>\n<p>D\u00e9couvrez l\u2019impression en toute s\u00e9r\u00e9nit\u00e9 avec l\u2019encre s\u00e9rie\u00a0103 quatre couleurs. Elle est con\u00e7ue pour vous offrir une solution facile \u00e0 utiliser, \u00e0 un co\u00fbt ultra faible et qui permet des recharges simples pour vos impressions quotidiennes.<\/p>\n<p>Avec un kit d\u2019encre, vous pouvez produire des milliers de pages sans avoir \u00e0 changer une cartouche. Lorsque le temps d\u2019une recharge est enfin venu, elle se fait facilement et sans difficult\u00e9 gr\u00e2ce aux bouteilles compl\u00e8tement repens\u00e9es.<\/p>\n<div class=\"ccs-cc-inline-features-block ccs-cc-inline-single-feature\">\n<div class=\"ccs-cc-inline-feature\" data-type=\"text\">\n<div class=\"ccs-cc-inline-feature-content ccs-cc-inline-feature-description\">\n<h3><b>Pour des impressions au quotidien<\/b><\/h3>\n<p>Que vous imprimiez des devoirs scolaires ou des billets d\u2019avion, cette s\u00e9rie comprenant quatre encres couleur \u00e0 base de colorants offre une solution fiable et sans difficult\u00e9. Optez pour Bouteille d&#8217;encre 103 Noir Epson EcoTank d&#8217;origine (C13T00S14A)<\/p>\n<\/div>\n<\/div>\n<\/div>\n<div class=\"ccs-cc-inline-features-block ccs-cc-inline-single-feature\">\n<div class=\"ccs-cc-inline-feature\" data-type=\"text\">\n<div class=\"ccs-cc-inline-feature-content ccs-cc-inline-feature-description\">\n<h3><b>Con\u00e7ues sp\u00e9cialement pour \u00eatre faciles \u00e0 utiliser<\/b><\/h3>\n<p>Bouteille d&#8217;encre 103 Noir Epson EcoTank d&#8217;origine (C13T00S14A) plus faciles \u00e0 utiliser que jamais gr\u00e2ce \u00e0 leur conception de nouvelle g\u00e9n\u00e9ration. Les bouteilles compl\u00e8tement repens\u00e9es permettent des recharges faciles et sont dot\u00e9es de d\u00e9trompeurs pour ne plus se tromper de couleur en remplissant le r\u00e9servoir.<\/p>\n<\/div>\n<\/div>\n<\/div>\n<div class=\"ccs-cc-inline-features-block ccs-cc-inline-single-feature\">\n<div class=\"ccs-cc-inline-feature\" data-type=\"text\">\n<div class=\"ccs-cc-inline-feature-content ccs-cc-inline-feature-description\">\n<h3><b>L\u2019article d\u2019origine<\/b><\/h3>\n<p>R\u00e9alisez des impressions fiables et sans difficult\u00e9 avec les encres d\u2019origine Epson. Nous r\u00e9alisons de lourds investissements en Recherche et D\u00e9veloppement et en usines de fabrication high-tech, et nous soumettons nos produits \u00e0 des tests rigoureux pour vous offrir une qualit\u00e9 exceptionnelle.<\/p>\n<\/div>\n<\/div>\n<\/div>\n<p><label class=\"label\">Imprimantes compatibles\u00a0<\/label><\/p>\n<p>Epson Ecotank L1100 Series , Epson Ecotank L1110 , Epson Ecotank L1200 Series , Epson Ecotank L1210 , Epson Ecotank L1250 , Epson Ecotank L3100 Series , Epson Ecotank L3101 , Epson Ecotank L3110 Series , Epson Ecotank L3111 ,<\/p>\n<p>Epson Ecotank L3116 , Epson Ecotank L3150 , Epson Ecotank L3151 , Epson Ecotank L3156 , Epson Ecotank L3160 , Epson Ecotank L3200 Series , Epson Ecotank L3210 , Epson Ecotank L3211 ,<\/p>\n<p>Epson Ecotank L3250 , Epson Ecotank L3251 , Epson Ecotank L3256 , Epson Ecotank L3260 , Epson Ecotank L3266 , Epson Ecotank L5190 , Epson Ecotank L5200 Series , Epson Ecotank L5290 , Epson Ecotank L5296<\/p>\n<p>&nbsp;<\/p>\n","protected":false},"excerpt":{"rendered":"<p><label class=\"label\">Imprimantes compatibles\u00a0<\/label><\/p>\n<p>Epson Ecotank L1100 Series , Epson Ecotank L1110 , Epson Ecotank L1200 Series , Epson Ecotank L1210 , Epson Ecotank L1250 , Epson Ecotank L3100 Series , Epson Ecotank L3101 , Epson Ecotank L3110 Series ,<\/p>\n<p>Epson Ecotank L3111 , Epson Ecotank L3116 , Epson Ecotank L3150 , Epson Ecotank L3151 , Epson Ecotank L3156 , Epson Ecotank L3160 , Epson Ecotank L3200 Series , Epson Ecotank L3210 , Epson Ecotank L3211 , Epson Ecotank L3250 ,<\/p>\n<p>Epson Ecotank L3251 , Epson Ecotank L3256 , Epson Ecotank L3260 , Epson Ecotank L3266 , Epson Ecotank L5190 , Epson Ecotank L5200 Series , Epson Ecotank L5290 , Epson Ecotank L5296<\/p>\n","protected":false},"featured_media":7195,"comment_status":"open","ping_status":"closed","template":"","meta":{"_acf_changed":false,"_monsterinsights_skip_tracking":false,"_monsterinsights_sitenote_active":false,"_monsterinsights_sitenote_note":"","_monsterinsights_sitenote_category":0,"_uf_show_specific_survey":0,"_uf_disable_surveys":false,"_joinchat":[]},"product_brand":[],"product_cat":[15,251,238,380],"product_tag":[],"class_list":{"0":"post-7194","1":"product","2":"type-product","3":"status-publish","4":"has-post-thumbnail","6":"product_cat-imprimante-scanner","7":"product_cat-bouteille-dencre","8":"product_cat-consommables","9":"product_cat-epson","11":"first","12":"instock","13":"sale","14":"shipping-taxable","15":"purchasable","16":"product-type-simple"},"acf":[],"jetpack_sharing_enabled":true,"_links":{"self":[{"href":"https:\/\/digistar.ma\/index.php?rest_route=\/wp\/v2\/product\/7194","targetHints":{"allow":["GET"]}}],"collection":[{"href":"https:\/\/digistar.ma\/index.php?rest_route=\/wp\/v2\/product"}],"about":[{"href":"https:\/\/digistar.ma\/index.php?rest_route=\/wp\/v2\/types\/product"}],"replies":[{"embeddable":true,"href":"https:\/\/digistar.ma\/index.php?rest_route=%2Fwp%2Fv2%2Fcomments&post=7194"}],"version-history":[{"count":8,"href":"https:\/\/digistar.ma\/index.php?rest_route=\/wp\/v2\/product\/7194\/revisions"}],"predecessor-version":[{"id":7227,"href":"https:\/\/digistar.ma\/index.php?rest_route=\/wp\/v2\/product\/7194\/revisions\/7227"}],"wp:featuredmedia":[{"embeddable":true,"href":"https:\/\/digistar.ma\/index.php?rest_route=\/wp\/v2\/media\/7195"}],"wp:attachment":[{"href":"https:\/\/digistar.ma\/index.php?rest_route=%2Fwp%2Fv2%2Fmedia&parent=7194"}],"wp:term":[{"taxonomy":"product_brand","embeddable":true,"href":"https:\/\/digistar.ma\/index.php?rest_route=%2Fwp%2Fv2%2Fproduct_brand&post=7194"},{"taxonomy":"product_cat","embeddable":true,"href":"https:\/\/digistar.ma\/index.php?rest_route=%2Fwp%2Fv2%2Fproduct_cat&post=7194"},{"taxonomy":"product_tag","embeddable":true,"href":"https:\/\/digistar.ma\/index.php?rest_route=%2Fwp%2Fv2%2Fproduct_tag&post=7194"}],"curies":[{"name":"wp","href":"https:\/\/api.w.org\/{rel}","templated":true}]}}