{"id":7233,"date":"2023-07-30T13:18:13","date_gmt":"2023-07-30T13:18:13","guid":{"rendered":"https:\/\/digistar.ma\/?post_type=product&#038;p=7233"},"modified":"2024-09-13T17:18:00","modified_gmt":"2024-09-13T17:18:00","slug":"pack-bouteille-dencre-103-epson-ecotank-dorigine","status":"publish","type":"product","link":"https:\/\/digistar.ma\/?product=pack-bouteille-dencre-103-epson-ecotank-dorigine","title":{"rendered":"PACK Bouteille d\u2019encre 103 Epson EcoTank d\u2019origine"},"content":{"rendered":"<p><strong>PACK Bouteille d\u2019encre 103 Epson EcoTank d\u2019origine <\/strong><\/p>\n<div class=\"product-summary__secondary-information\">\n<div class=\"product-summary__intro\">D\u00e9couvrez l\u2019impression en toute s\u00e9r\u00e9nit\u00e9 avec l\u2019encre s\u00e9rie\u00a0103 quatre couleurs. Elle est con\u00e7ue pour vous offrir une solution facile \u00e0 utiliser, \u00e0 un co\u00fbt ultra faible et qui permet des recharges simples pour vos impressions quotidiennes. Avec un kit d\u2019encre, vous pouvez produire des milliers de pages sans avoir \u00e0 changer une cartouche. Lorsque le temps d\u2019une recharge est enfin venu, elle se fait facilement et sans difficult\u00e9 gr\u00e2ce aux bouteilles compl\u00e8tement repens\u00e9es.<\/div>\n<div>\n<div class=\"heading1\">\n<h4>Pour des impressions au quotidien<\/h4>\n<p>Que vous imprimiez des devoirs scolaires ou des billets d\u2019avion, cette s\u00e9rie comprenant quatre encres couleur \u00e0 base de colorants offre une solution fiable et sans difficult\u00e9.<\/p>\n<\/div>\n<div class=\"heading2\">\n<h4>R\u00e9duisez le co\u00fbt de l\u2019encre<\/h4>\n<p>Vous recherchez une solution d\u2019impression ultra \u00e9conomique\u00a0? D\u00e8s le premier kit d\u2019encre fourni avec l\u2019imprimante, vous pouvez \u00e9conomiser en moyenne 90\u00a0% sur le co\u00fbt de l\u2019encre<sup>2<\/sup>. En plus d\u2019\u00eatre abordable, un seul kit permet d\u2019imprimer un nombre de pages impressionnant\u00a0: jusqu\u2019\u00e0 4\u00a0500\u00a0pages en noir et 7\u00a0500\u00a0en couleur<sup>1<\/sup>.<\/p>\n<\/div>\n<div class=\"heading3\">\n<h4>Con\u00e7ues sp\u00e9cialement pour \u00eatre faciles \u00e0 utiliser<\/h4>\n<p>PACK Bouteille d\u2019encre 103 Epson EcoTank d\u2019origine sont plus faciles \u00e0 utiliser que jamais gr\u00e2ce \u00e0 leur conception de nouvelle g\u00e9n\u00e9ration. Les bouteilles compl\u00e8tement repens\u00e9es permettent des recharges faciles et sont dot\u00e9es de d\u00e9trompeurs pour ne plus se tromper de couleur en remplissant le r\u00e9servoir.<\/p>\n<\/div>\n<div class=\"heading4\">\n<h4>L\u2019article d\u2019origine<\/h4>\n<p>R\u00e9alisez des impressions fiables et sans difficult\u00e9 avec les encres d\u2019origine Epson. Nous r\u00e9alisons de lourds investissements en Recherche et D\u00e9veloppement et en usines de fabrication high-tech, et nous soumettons nos produits \u00e0 des tests rigoureux pour vous offrir une qualit\u00e9 exceptionnelle.<\/p>\n<\/div>\n<\/div>\n<\/div>\n","protected":false},"excerpt":{"rendered":"<p><label class=\"label\">Imprimantes compatibles\u00a0<\/label><\/p>\n<p>Epson Ecotank L1100 Series , Epson Ecotank L1110 , Epson Ecotank L1200 Series , Epson Ecotank L1210 , Epson Ecotank L1250 , Epson Ecotank L3100 Series , Epson Ecotank L3101 , Epson Ecotank L3110 Series ,<\/p>\n<p>Epson Ecotank L3111 , Epson Ecotank L3116 , Epson Ecotank L3150 , Epson Ecotank L3151 , Epson Ecotank L3156 , Epson Ecotank L3160 , Epson Ecotank L3200 Series , Epson Ecotank L3210 , Epson Ecotank L3211 , Epson Ecotank L3250 ,<\/p>\n<p>Epson Ecotank L3251 , Epson Ecotank L3256 , Epson Ecotank L3260 , Epson Ecotank L3266 , Epson Ecotank L5190 , Epson Ecotank L5200 Series , Epson Ecotank L5290 , Epson Ecotank L5296<\/p>\n","protected":false},"featured_media":7236,"comment_status":"open","ping_status":"closed","template":"","meta":{"_acf_changed":false,"_monsterinsights_skip_tracking":false,"_monsterinsights_sitenote_active":false,"_monsterinsights_sitenote_note":"","_monsterinsights_sitenote_category":0,"_uf_show_specific_survey":0,"_uf_disable_surveys":false,"_joinchat":[]},"product_brand":[],"product_cat":[15,251,238,380],"product_tag":[],"class_list":{"0":"post-7233","1":"product","2":"type-product","3":"status-publish","4":"has-post-thumbnail","6":"product_cat-imprimante-scanner","7":"product_cat-bouteille-dencre","8":"product_cat-consommables","9":"product_cat-epson","11":"first","12":"instock","13":"sale","14":"shipping-taxable","15":"purchasable","16":"product-type-simple"},"acf":[],"jetpack_sharing_enabled":true,"_links":{"self":[{"href":"https:\/\/digistar.ma\/index.php?rest_route=\/wp\/v2\/product\/7233","targetHints":{"allow":["GET"]}}],"collection":[{"href":"https:\/\/digistar.ma\/index.php?rest_route=\/wp\/v2\/product"}],"about":[{"href":"https:\/\/digistar.ma\/index.php?rest_route=\/wp\/v2\/types\/product"}],"replies":[{"embeddable":true,"href":"https:\/\/digistar.ma\/index.php?rest_route=%2Fwp%2Fv2%2Fcomments&post=7233"}],"version-history":[{"count":1,"href":"https:\/\/digistar.ma\/index.php?rest_route=\/wp\/v2\/product\/7233\/revisions"}],"predecessor-version":[{"id":7237,"href":"https:\/\/digistar.ma\/index.php?rest_route=\/wp\/v2\/product\/7233\/revisions\/7237"}],"wp:featuredmedia":[{"embeddable":true,"href":"https:\/\/digistar.ma\/index.php?rest_route=\/wp\/v2\/media\/7236"}],"wp:attachment":[{"href":"https:\/\/digistar.ma\/index.php?rest_route=%2Fwp%2Fv2%2Fmedia&parent=7233"}],"wp:term":[{"taxonomy":"product_brand","embeddable":true,"href":"https:\/\/digistar.ma\/index.php?rest_route=%2Fwp%2Fv2%2Fproduct_brand&post=7233"},{"taxonomy":"product_cat","embeddable":true,"href":"https:\/\/digistar.ma\/index.php?rest_route=%2Fwp%2Fv2%2Fproduct_cat&post=7233"},{"taxonomy":"product_tag","embeddable":true,"href":"https:\/\/digistar.ma\/index.php?rest_route=%2Fwp%2Fv2%2Fproduct_tag&post=7233"}],"curies":[{"name":"wp","href":"https:\/\/api.w.org\/{rel}","templated":true}]}}