{"id":7300,"date":"2023-08-02T08:59:55","date_gmt":"2023-08-02T08:59:55","guid":{"rendered":"https:\/\/digistar.ma\/?post_type=product&#038;p=7300"},"modified":"2023-08-02T09:02:52","modified_gmt":"2023-08-02T09:02:52","slug":"canon-gi-490-m-magenta-bouteille-dencre-dorigine-0665c001ab","status":"publish","type":"product","link":"https:\/\/digistar.ma\/?product=canon-gi-490-m-magenta-bouteille-dencre-dorigine-0665c001ab","title":{"rendered":"Canon GI-490 M Magenta Bouteille d&#8217;encre d&#8217;origine (0665C001AB)"},"content":{"rendered":"<p><strong>Canon GI-490 M Magenta Bouteille d&#8217;encre d&#8217;origine (0665C001AB)<\/strong><\/p>\n<p>Recharge d&#8217;encre\u00a0<strong>Canon GI-490 M magenta pigment\u00e9e<\/strong>. Cette bouteille\u00a0<strong>Canon 0665C001<\/strong>\u00a0vous permettra de\u00a0<strong>remplir le r\u00e9servoir magenta pigment\u00e9<\/strong>\u00a0des nouvelles imprimantes sans cartouches Canon Pixma G1400, G2200, G2400, G3200 et G3400. Sa contenance en\u00a0<strong>encre de 70ml<\/strong>\u00a0vous permettra d&#8217;imprimer\u00a0<strong>environ 7000 pages<\/strong>\u00a0\u00e0 un taux de couverture de 5%.<\/p>\n<p>La bouteille d&#8217;encre Canon GI-490 offre de superbes impressions couleur m\u00eame sur du papier ordinaire.\u00a0Il fait ressortir des couleurs plus vives et vives avec chaque impression.\u00a0L&#8217;encre reste fid\u00e8le \u00e0 sa couleur pour fournir des solutions d&#8217;impression professionnelles ou domestiques et en vrac.\u00a0Il a des impressions en noir et blanc neutre et tonique pour \u00e9viter le m\u00e9tam\u00e9risme.<\/p>\n<p>Encre de haute qualit\u00e9<br \/>\nUtilisez cette encre de qualit\u00e9 sup\u00e9rieure dans les imprimantes Canon PIXMA s\u00e9rie G telles que G1400, G2400 et G3400 &#8230;. L&#8217;encre de la cartouche couleur est pratique pour obtenir un rendement plus \u00e9lev\u00e9 avec une qualit\u00e9 constante. Il peut g\u00e9n\u00e9rer environ 7000 pages en une seule bouteille pour aider \u00e0 r\u00e9duire consid\u00e9rablement le co\u00fbt par page. La couleur \u00e0 base de colorant a une dur\u00e9e de vie prolong\u00e9e et ne s&#8217;estompe pas. L&#8217;encre est conforme \u00e0 la norme ISO \/ CEI.<\/p>\n<p><strong>Canon GI-490 M Magenta Bouteille d&#8217;encre d&#8217;origine (0665C001AB)\u00a0 : Imprimantes compatibles\u00a0<\/strong><\/p>\n<p>Canon Pixma G1400 , Canon Pixma G1411 , Canon Pixma G2200 , Canon Pixma G2400 , Canon Pixma G2411 , Canon Pixma G3200 , Canon Pixma G3400 , Canon Pixma G3411 , Canon Pixma G3410 , Canon Pixma G2410<\/p>\n<p>&nbsp;<\/p>\n","protected":false},"excerpt":{"rendered":"<p><strong>Imprimantes compatibles :<\/strong><\/p>\n<p>Canon Pixma G1400 , Canon Pixma G1411 , Canon Pixma G2200 , Canon Pixma G2400 , Canon Pixma G2411 , Canon Pixma G3200 , Canon Pixma G3400 , Canon Pixma G3411 , Canon Pixma G3410 , Canon Pixma G2410<\/p>\n","protected":false},"featured_media":7301,"comment_status":"open","ping_status":"closed","template":"","meta":{"_acf_changed":false,"_monsterinsights_skip_tracking":false,"_monsterinsights_sitenote_active":false,"_monsterinsights_sitenote_note":"","_monsterinsights_sitenote_category":0,"_uf_show_specific_survey":0,"_uf_disable_surveys":false,"_joinchat":[]},"product_brand":[],"product_cat":[15,251,238],"product_tag":[],"class_list":{"0":"post-7300","1":"product","2":"type-product","3":"status-publish","4":"has-post-thumbnail","6":"product_cat-imprimante-scanner","7":"product_cat-bouteille-dencre","8":"product_cat-consommables","10":"first","11":"instock","12":"sale","13":"shipping-taxable","14":"purchasable","15":"product-type-simple"},"acf":[],"jetpack_sharing_enabled":true,"_links":{"self":[{"href":"https:\/\/digistar.ma\/index.php?rest_route=\/wp\/v2\/product\/7300","targetHints":{"allow":["GET"]}}],"collection":[{"href":"https:\/\/digistar.ma\/index.php?rest_route=\/wp\/v2\/product"}],"about":[{"href":"https:\/\/digistar.ma\/index.php?rest_route=\/wp\/v2\/types\/product"}],"replies":[{"embeddable":true,"href":"https:\/\/digistar.ma\/index.php?rest_route=%2Fwp%2Fv2%2Fcomments&post=7300"}],"version-history":[{"count":3,"href":"https:\/\/digistar.ma\/index.php?rest_route=\/wp\/v2\/product\/7300\/revisions"}],"predecessor-version":[{"id":7308,"href":"https:\/\/digistar.ma\/index.php?rest_route=\/wp\/v2\/product\/7300\/revisions\/7308"}],"wp:featuredmedia":[{"embeddable":true,"href":"https:\/\/digistar.ma\/index.php?rest_route=\/wp\/v2\/media\/7301"}],"wp:attachment":[{"href":"https:\/\/digistar.ma\/index.php?rest_route=%2Fwp%2Fv2%2Fmedia&parent=7300"}],"wp:term":[{"taxonomy":"product_brand","embeddable":true,"href":"https:\/\/digistar.ma\/index.php?rest_route=%2Fwp%2Fv2%2Fproduct_brand&post=7300"},{"taxonomy":"product_cat","embeddable":true,"href":"https:\/\/digistar.ma\/index.php?rest_route=%2Fwp%2Fv2%2Fproduct_cat&post=7300"},{"taxonomy":"product_tag","embeddable":true,"href":"https:\/\/digistar.ma\/index.php?rest_route=%2Fwp%2Fv2%2Fproduct_tag&post=7300"}],"curies":[{"name":"wp","href":"https:\/\/api.w.org\/{rel}","templated":true}]}}